{"id":1476,"date":"2018-03-13T12:08:15","date_gmt":"2018-03-13T11:08:15","guid":{"rendered":"https:\/\/www.hsu-hh.de\/epu\/?page_id=1476"},"modified":"2025-08-05T15:13:25","modified_gmt":"2025-08-05T13:13:25","slug":"publications","status":"publish","type":"page","link":"https:\/\/www.hsu-hh.de\/epu\/en\/team\/wendt\/publications","title":{"rendered":"Publications"},"content":{"rendered":"<h2><strong>Peer-refereed journal contributions<\/strong><\/h2>\n<p>K\u00e4hler, S. T., Wendt, M., Luna-Rodriguez, A., &amp; Jacobsen, T. (accepted). Probing instructed but unnecessary switches of attentional strategy. <em>Psychological Research.<\/em><\/p>\n<p>Duehnen, I. M., Vogel, S., Alexander, N., Muehlhan, M., L\u00f6w, A., Jacobsen, T., &amp; Wendt, M. (2024). Flexible processing of distractor stimuli under stress. <em>Scientific Reports, 14, <\/em>10824<em>. <\/em><a href=\"https:\/\/www.nature.com\/articles\/s41598-024-61162-8.pdf\" target=\"_blank\" rel=\"noopener\">[full text]<\/a> <a href=\"https:\/\/doi.org\/10.1038\/s41598-024-61162-8\" target=\"_blank\" rel=\"noopener\">[doi]<\/a><\/p>\n<p>K\u00e4hler, S. T., Wendt, M., D\u00fchnen I. M., Luna-Rodriguez, A., &amp; Jacobsen, T. (2024). Preparation and persistence of deploying attention to locations or stimulus structures: Evidence from intermixed probe trials.\u00a0<em>Acta Psychologica<\/em>,<em>\u00a0245,<\/em>\u00a0104205.\u00a0<a href=\"https:\/\/pdf.sciencedirectassets.com\/272045\/1-s2.0-S0001691824X00037\/1-s2.0-S0001691824000829\/main.pdf?X-Amz-Security-Token=IQoJb3JpZ2luX2VjEMr%2F%2F%2F%2F%2F%2F%2F%2F%2F%2FwEaCXVzLWVhc3QtMSJIMEYCIQDHFdYbo%2BkPJjP%2FBYAC9AquXAVAZXPKt02PItcTT2h7BAIhAMx97Vk3bnwhLyYRac04AgzaGrhUMtbonTLUCAkRK%2BpMKrwFCNP%2F%2F%2F%2F%2F%2F%2F%2F%2F%2FwEQBRoMMDU5MDAzNTQ2ODY1IgyoFHFXPu4KOU0lC58qkAXGFfv2Uozmk%2Fdvq3ggB%2BItoHATzQspVHeEopwe4NF4oPkgzSZsZmURVY5qf61MLvYDmA6Yl7zYnkhNGWsvM3auVSTuWQiATdgu2qhgCadmw8vF%2BZZvq4ZdrqAxB9yC6jFQsMfcwPDKF%2BMiEjDW1HoSej7JVGyHNJLdx7IZ6qNnJTd%2BBOV6bpymPARlPbd%2F%2B0xYK1emi3UGR74wi8iZQAVZNAJAWazV2S%2BsMHmeRm7CFTrUDfZZ4c0HP0YRlGeZftHrpfvkiLOQwkk6di4nh074iN0HhKkinv14lIkdmkoglphTkpFGlWYrZYJqHmyC5jNIIcmGngWcsDnEfTfMh%2BkKEWzbD21obRcBxahAPrK0QUm3uHpb%2BDWBgxkKMlUb9GCtGW%2FKRvr6LtP16evSBjKIBf20Vm53hgFk4U0sOfS1Xk0qYOmWoLtUh%2FpKky33%2B%2F6SpLELm%2BPCiFf%2BbNXepTryn2xlQQYIslCQeZC%2FQXSMr%2BlI%2FjwxgcnY6iHhIEkVU%2BOSQVZrORTCfmkPUNPW%2FH7UhE1spYF3lHUSxHDeQ65rprE8RMKtxK4fKWXZU31H0%2By%2BYXPtSYTVguyfQrnCKw6XdSahWNYOM9fNp0xog8eN8J63kUx0kBT2a0Zyr%2BqTF3w6vdOfQH7jTh028LXUsFGXnwF10yv9zFIjpF4ilCJ6YpELuky0oAsrmCDQuGSJhT5CNkUr6aVH4TIPyHXNw3WhV4VkHEPeJvoPKmpZOJFo1I1ecaoW9IWfLaZP%2FbV19%2BiGKiG6jV02zuat5wgYT%2FSS8D7Ih70SInLK4DPG2burMQcl%2FIQCz4%2FrY5NcGghYZ1fTArZh%2FiDmIaZir7QUhYMY5%2BdSfEtr4yL%2FwL4qbaRnjjDWj%2BCvBjqwAZD%2FHDoQQ42zOF2SHtj%2FdS5b1utzBjTzOCa0fa0WG8ZPFfJboXtIL4e5bgVIGKizUVuGwfa7KA23Xft9K%2FpuzQA%2FL5DWHI0BPJuqmwt0PaNCo3DBC407vsdSNNSLrwhdThTLmGYeSUVMFWkGTiolxVIECK%2Fq%2Br1U9fawArfs9dSu5Mxn7exyyRmISKgMDN5tYXFQ%2FZVRUmpd%2FBfK%2F1uoTTefFSQ2HBR93TkBnTwjEzJb&amp;X-Amz-Algorithm=AWS4-HMAC-SHA256&amp;X-Amz-Date=20240318T095233Z&amp;X-Amz-SignedHeaders=host&amp;X-Amz-Expires=300&amp;X-Amz-Credential=ASIAQ3PHCVTY7GNPXQ7J%2F20240318%2Fus-east-1%2Fs3%2Faws4_request&amp;X-Amz-Signature=524dbcb709c101b76d37dcb62eb914e14fd67c2df63474663b1b6c2a2a86b4d7&amp;hash=42b23346db494d20e95bb89e2f2b99eac814a209d0472b829d978534604fb681&amp;host=68042c943591013ac2b2430a89b270f6af2c76d8dfd086a07176afe7c76c2c61&amp;pii=S0001691824000829&amp;tid=spdf-3c36840a-8133-417f-81a9-ab23a94ed5b6&amp;sid=617e206285efa0405a8879a-10b9a6c6bfccgxrqb&amp;type=client&amp;tsoh=d3d3LnNjaWVuY2VkaXJlY3QuY29t&amp;ua=1e075a52595456575f01&amp;rr=8664549faf3f417b&amp;cc=de\" target=\"_blank\" rel=\"noopener\">[full text]<\/a>\u00a0<a href=\"https:\/\/doi.org\/10.1016\/j.actpsy.2024.104205\" target=\"_blank\" rel=\"noopener\">[doi]<\/a><\/p>\n<p>Tomat, M., Wendt, M., &amp; Jacobsen, T. (2023). Attentional adjustment in priming tasks: control strategies depend on context. <em>Cognitive Processing, 24, <\/em>1-23. <a href=\"https:\/\/link.springer.com\/article\/10.1007\/s10339-022-01117-x\" target=\"_blank\" rel=\"noopener\">[full text]<\/a> <a href=\"https:\/\/doi.org\/10.1007\/s10339-022-01117-x\" target=\"_blank\" rel=\"noopener\">[doi]<\/a><\/p>\n<p>Sprengel, M., Tomat, M., Wendt, M., Knoth, S., &amp; Jacobsen, T. (2022). Dissociating selectivity adjustments from temporal learning\u2013introducing the context-dependent proportion congruency effect. <em>PLOS ONE, 17<\/em>(12), e0276611. <a href=\"https:\/\/journals.plos.org\/plosone\/article?id=10.1371\/journal.pone.0276611\" target=\"_blank\" rel=\"noopener\">[full text]<\/a><a href=\"https:\/\/doi.org\/10.1371\/journal.pone.0276611\" target=\"_blank\" rel=\"noopener\"> [doi]<\/a> <a href=\"https:\/\/doi.org\/10.23668\/psycharchives.5697\" target=\"_blank\" rel=\"noopener\">[data]<\/a><\/p>\n<p>Sprengel, M., Wendt, M., Hosang, T. J., &amp; Jacobsen, T. (2023). A system for describing mechanisms underlying the congruency sequence effect or the proportion congruency effect. <em>New Ideas in Psychology<\/em><em>, 68<\/em>, 100980<em>.\u00a0<\/em><a href=\"https:\/\/www.hsu-hh.de\/epu\/wp-content\/uploads\/sites\/766\/2022\/09\/A_system_for_describing_mechanisms_underlying_the_CSE_or_PCE.pdf\">[full text]<\/a> <a href=\"https:\/\/doi.org\/10.1016\/j.newideapsych.2022.100980\" rel=\"nofollow\">[doi]<\/a><\/p>\n<p>Jost, K., Wendt, M., Luna-Rodriguez, A. &amp; Jacobsen, T. (2022). Electrophysiological correlates of proportion congruency manipulation in a temporal flanker task. <em>Psychophysiology, 59<\/em>(11), e14092. <a href=\"https:\/\/onlinelibrary.wiley.com\/doi\/epdf\/10.1111\/psyp.14092\" target=\"_blank\" rel=\"noopener\">[full text] <\/a><a href=\"https:\/\/pubmed.ncbi.nlm.nih.gov\/35569101\/\" target=\"_blank\" rel=\"noopener\">[abstract] <\/a><a href=\"https:\/\/doi.org\/10.1111\/psyp.14092\" target=\"_blank\" rel=\"noopener\">[doi]<\/a><\/p>\n<p>Tomat, M., Wendt, M., Luna-Rodriguez, A., &amp; Jacobsen, T. (2021). Adjustments of selective attention to response conflict \u2013 controlling for perceptual conflict, target-distractor identity, and congruency level sequence pertaining to the congruency sequence effect. <em>Attention, Perception, &amp; Psychophysics, 83<\/em>(6), 2531\u20132550. <a href=\"https:\/\/link.springer.com\/content\/pdf\/10.3758\/s13414-021-02294-1.pdf\" target=\"_blank\" rel=\"noopener\">[full text]<\/a><a href=\"https:\/\/pubmed.ncbi.nlm.nih.gov\/33948882\/\" target=\"_blank\" rel=\"noopener\"> [abstract]<\/a><a href=\"https:\/\/doi.org\/10.3758\/s13414-021-02294-1\" target=\"_blank\" rel=\"noopener\"> [doi]<\/a><\/p>\n<p>K\u00e4hler, S. T., Jacobsen, T., Klein, S., &amp; Wendt, M. (2020). Anticipatory Defocusing of Attention and Contextual Response Priming but no Role of Aesthetic Appreciation in Simple Symmetry Judgments when Switching between Tasks. <em>Symmetry<\/em>, <em>12<\/em>(4)<em>,<\/em> 577. <a href=\"https:\/\/www.mdpi.com\/2073-8994\/12\/4\/577\/htm\" target=\"_blank\" rel=\"noopener noreferrer\">[full text]<\/a> <a href=\"https:\/\/doi.org\/10.3390\/sym12040577\" target=\"_blank\" rel=\"noopener noreferrer\">[doi]<\/a><\/p>\n<p>Strobach, T., Wendt, M., Tomat, M., Luna-Rodriguez, A., &amp; Jacobsen, T. (2020). No evidence for the reduction of task competition and attentional adjustment during task-switching practice. <em>Acta Psychologica<\/em>, <em>204<\/em>, 103036. <a href=\"https:\/\/openhsu.ub.hsu-hh.de\/bitstream\/10.24405\/14261\/1\/openHSU_14261.pdf\" target=\"_blank\" rel=\"noopener\">[full text]<\/a> <a href=\"https:\/\/pubmed.ncbi.nlm.nih.gov\/32086004\/\" target=\"_blank\" rel=\"noopener noreferrer\">[abstract]<\/a> <a href=\"https:\/\/doi.org\/10.1016\/j.actpsy.2020.103036\" target=\"_blank\" rel=\"noopener noreferrer\">[doi]<\/a><\/p>\n<p><span id=\"cls-response\" class=\"cls-response\">Gillich, I. M., Jacobsen, T., Tomat, M., &amp; Wendt, M. (2019). Independent control processes? Evidence for concurrent distractor inhibition and attentional usage of distractor information. <em>Acta Psychologica<\/em>, <em>198<\/em>, 102879. <\/span><span id=\"cls-response\" class=\"cls-response\"><a href=\"https:\/\/openhsu.ub.hsu-hh.de\/bitstream\/10.24405\/14260\/1\/openHSU_14260.pdf\" target=\"_blank\" rel=\"noopener\">[full text]<\/a> <a href=\"https:\/\/www.ncbi.nlm.nih.gov\/pubmed\/31301574\" target=\"_blank\" rel=\"noopener noreferrer\">[abstract]<\/a> <a href=\"https:\/\/doi.org\/10.1016\/j.actpsy.2019.102879\" target=\"_blank\" rel=\"noopener noreferrer\">[doi]<\/a><\/span><\/p>\n<p>L\u00f6w, A., Frey, J. D., Gorzka, R., Engers, A., Wendt, M., H\u00f6llmer, H., &amp; Jacobsen, T. (accepted). Multi-feature Mismatch Negativity in patients with Post-Traumatic Stress Disorder. <em>Clinical EEG and Neuroscience. <\/em><a href=\"https:\/\/www.ncbi.nlm.nih.gov\/pubmed\/30497295\" target=\"_blank\" rel=\"noopener noreferrer\">[abstract]<\/a> <a href=\"https:\/\/doi.org\/10.1177\/1550059418814976\" target=\"_blank\" rel=\"noopener noreferrer\">[doi]<\/a><\/p>\n<p>Tomat, M., Wendt, M., Luna-Rodriguez, A., Sprengel, M., &amp; Jacobsen, T. (2020). Target-distractor congruency: sequential effects in a temporal flanker task. <em>Psychological Research, 84<\/em>(2), 292-301. <a href=\"https:\/\/pubmed.ncbi.nlm.nih.gov\/30083838\/\" target=\"_blank\" rel=\"noopener noreferrer\">[abstract] <\/a><a href=\"https:\/\/link.springer.com\/article\/10.1007%2Fs00426-018-1061-0\" target=\"_blank\" rel=\"noopener noreferrer\">[doi]<\/a><\/p>\n<p>Jost, K., Wendt, M., Luna-Rodriguez, A., L\u00f6w, A., &amp; Jacobsen, T. (2019). The time course of distractor-based response activation with predictable and unpredictable target onset. <em>Psychological Research, 83<\/em>(2), 297-307. <a href=\"https:\/\/www.ncbi.nlm.nih.gov\/pubmed\/30712104\" target=\"_blank\" rel=\"noopener noreferrer\">[abstract] <\/a><a href=\"https:\/\/doi.org\/10.1007\/s00426-019-01149-7\" target=\"_blank\" rel=\"noopener noreferrer\">[doi]<\/a><\/p>\n<p>Luna-Rodriguez, A., Wendt, M., Kerner auch Koerner, J., Gawrilow, C., &amp; Jacobsen, T. (2018). Selective impairment of attentional set shifting in adults with ADHD. <em>Behavioral and Brain Functions, 14:18. <\/em><a href=\"https:\/\/behavioralandbrainfunctions.biomedcentral.com\/track\/pdf\/10.1186\/s12993-018-0150-y\" target=\"_blank\" rel=\"noopener noreferrer\">[full text] <\/a><a href=\"https:\/\/www.ncbi.nlm.nih.gov\/pubmed\/30414619\" target=\"_blank\" rel=\"noopener noreferrer\">[abstract]<\/a> <a href=\"https:\/\/doi.org\/10.1186\/s12993-018-0150-y\" target=\"_blank\" rel=\"noopener noreferrer\">[doi]<\/a><\/p>\n<p>Wendt, M., Luna-Rodriguez, A., &amp; Jacobsen, T. (2018). Shifting the set of stimulus selection when switching between tasks. <em>Psychological Research, 82<\/em>(1), 134-145<em>. <\/em><a href=\"https:\/\/www.ncbi.nlm.nih.gov\/pubmed\/28752317\" target=\"_blank\" rel=\"noopener noreferrer\">[abstract]<\/a> <a href=\"http:\/\/doi.org\/10.1007\/s00426-017-0890-6\" target=\"_blank\" rel=\"noopener noreferrer\">[doi] <\/a><\/p>\n<p>Wendt, M., Klein, S., &amp; Strobach, T. (2017). More than attentional tuning &#8211; investigating the mechanisms underlying practice gains and preparation in task switching. <em>Frontiers in Psychology, 8:682.<\/em> <a href=\"https:\/\/pubmed.ncbi.nlm.nih.gov\/28539893\/\" target=\"_blank\" rel=\"noopener noreferrer\">[abstract] <\/a><a href=\"http:\/\/doi.org\/10.3389\/fpsyg.2017.00682\" target=\"_blank\" rel=\"noopener noreferrer\">[doi]<\/a><\/p>\n<p>Wendt, M., K\u00e4hler, S. T., Luna-Rodriguez, A., &amp; Jacobsen, T. (2017). Adoption of task-specific sets of visual attention. <em>Frontiers in Psychology, 8:687. <\/em><a href=\"http:\/\/journal.frontiersin.org\/article\/10.3389\/fpsyg.2017.00687\/abstract\" target=\"_blank\" rel=\"noopener noreferrer\">[full text]<\/a> <a href=\"https:\/\/pubmed.ncbi.nlm.nih.gov\/28536543\/\" target=\"_blank\" rel=\"noopener noreferrer\">[abstract] <\/a><a href=\"http:\/\/doi.org\/10.3389\/fpsyg.2017.00687\" target=\"_blank\" rel=\"noopener noreferrer\">[doi]<\/a><\/p>\n<p>Frey, J. D., Wendt, M., L\u00f6w, A., M\u00f6ller, S., Z\u00f6lzer, U., &amp; Jacobsen, T. (2017). Changes in room acoustics elicit a mismatch negativity in the absence of overall interaural intensity differences. <em>Neuroscience Letters,<\/em> <em>640, <\/em>13-20. <a href=\"https:\/\/www.ncbi.nlm.nih.gov\/pubmed\/28043833\" rel='nofollow'>[abstract] <\/a><a href=\"http:\/\/doi.org\/10.1016\/j.neulet.2016.11.063\" rel='nofollow'>[doi] <\/a><\/p>\n<p>Jost, K., Wendt, M., Luna-Rodriguez, A., L\u00f6w, A., &amp; Jacobsen, T. (2017). Strategic control over extent and timing of distractor-based response activation. <em>Journal of Experimental Psychology: Learning, Memory, and Cognition, 43<\/em>(2), 326-333. <a href=\"https:\/\/www.ncbi.nlm.nih.gov\/pubmed\/27732019\" target=\"_blank\" rel=\"noopener noreferrer\">[abstract]<\/a> <a href=\"http:\/\/doi.org\/10.1037\/xlm0000326\" target=\"_blank\" rel=\"noopener noreferrer\">[doi]<\/a><\/p>\n<p>Frey, J.D., Wendt, M., &amp; Jacobsen, T. (2015). Automatic detection of unattended changes in room acoustics. <em>Neuroscience Letters, 584<\/em>, 162-167.<a href=\"http:\/\/www.ncbi.nlm.nih.gov\/pubmed\/25301567\" rel='nofollow'> [abstract] <\/a><a href=\"http:\/\/dx.doi.org\/10.1016\/j.neulet.2014.09.050\" rel='nofollow'>[doi] <\/a><\/p>\n<p>Wendt, M., Luna-Rodriguez, A., &amp; Jacobsen, T. (2014). Utility-based early modulation of processing distracting stimulus information. <em>The<\/em> <em>Journal of Neuroscience,<\/em> <em>34<\/em>(50)<em>, <\/em>16720-16725. <a href=\"http:\/\/www.ncbi.nlm.nih.gov\/pubmed\/25505324\" rel='nofollow'>[abstract] <\/a><a href=\"http:\/\/dx.doi.org\/10.1523\/JNEUROSCI.0754-14.2014\" rel='nofollow'>[doi] <\/a><\/p>\n<p>Wendt, M., Luna-Rodriguez, A., &amp; Jacobsen, T. (2014). Sequential modulation of distractor-interference produced by semantic generalization of stimulus features. <em>Frontiers in Psychology, 5, <\/em>1271. <a href=\"http:\/\/journal.frontiersin.org\/Journal\/10.3389\/fpsyg.2014.01271\/full\" rel='nofollow'>[full text] <\/a><a href=\"http:\/\/journal.frontiersin.org\/Journal\/10.3389\/fpsyg.2014.01271\/abstract\" rel='nofollow'>[abstract] <\/a><a href=\"http:\/\/dx.doi.org\/10.3389\/fpsyg.2014.01271\" rel='nofollow'>[doi] <\/a><\/p>\n<p>Wendt, M., Garling, M., Luna-Rodriguez, A., &amp; Jacobsen, T. (2014). Exploring conflict- and target-related movement of visual attention. <em>Quarterly Journal of Experimental Psychology<\/em>, <em>67<\/em>(6)<em>,<\/em> 1053-1073. <a href=\"http:\/\/journals.sagepub.com\/doi\/full\/10.1080\/17470218.2013.840005\" target=\"_blank\" rel=\"noopener noreferrer\">[full text]\u00a0<\/a><a href=\"http:\/\/journals.sagepub.com\/doi\/full\/10.1080\/17470218.2013.840005#abstract\" target=\"_blank\" rel=\"noopener noreferrer\">[abstract]<\/a> <a href=\"http:\/\/journals.sagepub.com\/doi\/full\/10.1080\/17470218.2013.840005\" target=\"_blank\" rel=\"noopener noreferrer\">[doi]<\/a><\/p>\n<p>Wendt, M., Kiesel, A., Geringswald, F., Purmann, S., &amp; Fischer, R. (2014). Attentional adjustment to conflict strength: Evidence from the effects of manipulating flanker-target SOA on response times and prestimulus pupil size. <em>Experimental Psychology, 61, <\/em>55-67.<\/p>\n<p>Merkt, J., Singmann, H., Bodenburg, S., Goossens-Merkt, H., Kappes, A., Wendt, M., &amp; Gawrilow, C. (2013). Flanker performance in female college students with ADHD&#8211;a diffusion model analysis. <em>ADHD Attention Deficit and Hyperactivity Disorders<\/em>, <em>5, <\/em>321-341.<\/p>\n<p>Kappes, A., Wendt, M., Reinelt, T., &amp; Oettingen, G. (2013). Mental contrasting changes the meaning of reality. <em>Journal of Experimental Social Psychology, 49<\/em>(5), 797-810.<\/p>\n<p>May, M., &amp; Wendt, M. (2013). Visual perspective taking and laterality decisions: Problems and possible solutions. <em>Frontiers in Human Neuroscience, 7,<\/em> 549.<a href=\"http:\/\/www.frontiersin.org\/Human_Neuroscience\/10.3389\/fnhum.2013.00549\/full#h1\" rel='nofollow'>[full text] <\/a><a href=\"http:\/\/www.frontiersin.org\/human_neuroscience\/10.3389\/fnhum.2013.00549\/abstract\" rel='nofollow'>[abstract] <\/a><\/p>\n<p>Wendt, M.*, Kiesel, A.*, Mathew, H., Luna-Rodriguez, A., &amp; Jacobsen, T. (2013). Irrelevant stimulus processing when switching between tasks, <em>Zeitschrift f\u00fcr Psychologie\/Journal of Psychology,<\/em> <em>221<\/em>(1), 41-50. (* shared first autorship)<\/p>\n<p>Wendt, M., Luna-Rodriguez, A., Kiesel, A., &amp; Jacobsen, T. (2013). Conflict adjustment devoid of perceptual selection. <em>Acta Psychologica, 144<\/em>(1), 31\u201339. <a href=\"https:\/\/openhsu.ub.hsu-hh.de\/bitstream\/10.24405\/14259\/1\/openHSU_14259.pdf\" target=\"_blank\" rel=\"noopener\">[full text]<\/a> <a href=\"http:\/\/www.ncbi.nlm.nih.gov\/pubmed\/23743343\" target=\"_blank\" rel=\"noopener noreferrer\">[abstract]<\/a> <a href=\"https:\/\/doi.org\/10.1016\/j.actpsy.2013.04.019\" target=\"_blank\" rel=\"noopener noreferrer\">[doi]<\/a><\/p>\n<p>Wendt, M., Luna-Rodriguez, A., Reisenauer, R., Jacobsen, T. &amp; Dreisbach, G. (2012). Sequential modulation of cue use in the task switching paradigm. <em>Frontiers in Psychology, 3, <\/em>287<em>.<\/em><a href=\"http:\/\/www.ncbi.nlm.nih.gov\/pmc\/articles\/PMC3415689\/?tool=pubmed\" rel='nofollow'>\u00a0[full text] <\/a><a href=\"http:\/\/www.ncbi.nlm.nih.gov\/pubmed\/22908004\" rel='nofollow'>[abstract] <\/a><\/p>\n<p>May, M., &amp; Wendt, M. (2012). Separating imagined spatial transformations and spatial compatibility effects in the own body transformation task. <em>Cognitive Processing,<\/em> <em>13<\/em>(1), 257-260. <a href=\"http:\/\/www.ncbi.nlm.nih.gov\/pubmed\/22806652\" rel='nofollow'>[abstract] <\/a><\/p>\n<p>Wendt, M., Luna-Rodriguez, A. &amp; Jacobsen, T. (2012). Conflict-induced perceptual filtering. <em>Journal of Experimental Psychology: Human Perception and Performance, 38<\/em>(3), 675-686. <a href=\"http:\/\/www.ncbi.nlm.nih.gov\/pubmed\/22004199\" rel='nofollow'>[abstract] <\/a><\/p>\n<p>Wendt, M., &amp; Kiesel, A. (2011). Conflict adaptation in time: Foreperiods as contextual cues for attentional adjustment. <em>Psychonomic Bulletin &amp; Review,<\/em> <em>18<\/em>(5), 910-916.<\/p>\n<p>Gawrilow, C., Merkt, J., Bodenburg, S., Goossens-Merkt, H., &amp; Wendt, M. (2011). Multitasking in adults with ADHD. <em>ADHD Attention Deficit and Hyperactivity Disorders,<\/em> <em>3, <\/em>253-264.<\/p>\n<p>Purmann, S., Badde, S., Luna-Rodriguez, A., &amp; Wendt, M. (2011). Adaptation to frequent conflict in the Eriksen flanker task: An ERP study. <em>Journal of Psychophysiology, 25,<\/em> 50-59.<\/p>\n<p>Kiesel, A., Steinhauser, M., Wendt, M., Falkenstein, M., Jost, K., Philipp, A. M., &amp; Koch, I. (2010). Control and interference in task switching &#8211; A review. <em>Psychological Bulletin, 136,<\/em> 849-847.<\/p>\n<p>Wendt, M., &amp; Luna-Rodriguez, A. (2009). Conflict-frequency affects flanker interference: role of stimulus-ensemble-specific practice and flanker-response contingencies. <em>Experimental Psychology, 56, <\/em>206-217.<\/p>\n<p>Purmann, S., Badde, S., &amp; Wendt, M. (2009). Adjustments to recent and frequent conflict reflect two distinguishable mechansims. <em>Psychonomic Bulletin &amp; Review, 16,<\/em> 350-355.<\/p>\n<p>Vietze, I., &amp; Wendt, M. (2009). Context-specificity of conflict frequency-dependent control. <em>The Quarterly Journal of Experimental Psychology, 62, <\/em>1391-1400.<\/p>\n<p>Wendt, M., &amp; Kiesel, A. (2008). The impact of stimulus-specific practice and task instructions on response congruency effects between tasks. <em>Psychological Research, 72,<\/em> 425-432.<\/p>\n<p>Moritz, S., Wendt, M., Jelinek, L., Ruhe, C., &amp; Arzola, G. M. (2008). No disadvantage for the processing of global visual features in obsessive-compulsive disorder. <em>Journal of the International Neuropsychological Society, 14,<\/em> 1-5.<\/p>\n<p>Wendt, M., Kluwe, R. H., &amp; Vietze, I. (2008). Location-specific vs. hemisphere-specific adaptation of processing selectivity. <em>Psychonomic Bulletin &amp; Review, 15,<\/em> 135-140.<\/p>\n<p>Wendt, M., Heldmann, M., M\u00fcnte, T. F., &amp; Kluwe, R. H. (2007). Disentangling sequential effects of stimulus- and response-related conflict and stimulus-response repetition using brain potentials. <em>Journal of Cognitive Neuroscience, 19,<\/em> 1104-1112.<\/p>\n<p>Wendt, M., Vietze, I., &amp; Kluwe, R. (2007). Visual field X response hand interactions and level priming in the processing of laterally presented hierarchical stimuli. <em>Brain and Cognition, 63, <\/em>1-12.<\/p>\n<p>Kiesel, A., Wendt, M., &amp; Peters, A. (2007). Task switching: On the origin of response congruency effects. <em>Psychological Research, 71, <\/em>117-125.<\/p>\n<p>Wendt, M., Kluwe, R. H., &amp; Peters, A. (2006). Sequential modulations of interference evoked by processing task-irrelevant stimulus features. <em>Journal of Experimental Psychology: Human Perception and Performance, 32,<\/em> 644-667.<\/p>\n<p>Moritz, S., &amp; Wendt, M. (2006). Processing of local and global visual features in obsessive-compulsive disorder. <em>Journal of the International Neuropsychological Society, 12, <\/em>566-569.<\/p>\n<p>Moritz, S., H\u00fcbner, M., &amp; Kluwe, R. H. (2004). Task switching and backward inhibition in obsessive-compulsive disorder. <em>Journal of Clinical and Experimental Neuropsychology, 26,<\/em> 677-683.<\/p>\n<p>H\u00fcbner, M., Kluwe, R. H., Luna-Rodriguez, A., &amp; Peters, A. (2004). Response selection difficulty and asymmetrical costs of switching between tasks and stimuli: no evidence for an exogenous component of task-set reconfiguration. <em>Journal of Experimental Psychology: Human Perception and Performance, 30,<\/em> 1043-1063.<\/p>\n<p>H\u00fcbner, M., Kluwe, R. H., Luna-Rodriguez, A., &amp; Peters, A. (2004). Task preparation and stimulus-evoked competition. <em>Acta Psychologica, 115,<\/em> 211-234.<\/p>\n<p>H\u00fcbner, M., Dreisbach, G., Haider, H., &amp; Kluwe, R. H. (2003). Backward inhibition as a means of sequential task-set control: evidence for reduction of task competition. <em>Journal of Experimental Psychology: Learning, Memory, and Cognition, 29, <\/em>289-297.<\/p>\n<h2><strong>Monographs<\/strong><\/h2>\n<p>Wendt, M. (2013). <em>Allgemeine Psychologie &#8211; Wahrnehmung.<\/em> G\u00f6ttingen: Hogrefe.<\/p>\n<p>H\u00fcbner, M. (2002). <em>Sequentielle Selektion zielspezifischer Handlungsbereitschaften.<\/em> Marburg: Tectum.<\/p>\n<h2><strong>Published Proceedings<\/strong><\/h2>\n<p>Luna-Rodriguez, A., H\u00fcbner, M., Peters, A., &amp; Kluwe, R. H. (2003). A cellular automata model of the origins of neural synchronization. In F. Detje, D. D\u00f6rner, &amp; H. Schaub (Eds.), <em>The logic of cognitive systems. Proceedings of the fifth international conference on cognitive modeling <\/em>(pp. 159-163). Bamberg: Universit\u00e4tsverlag Bamberg.<\/p>\n<p>H\u00fcbner, M., Dreisbach, G., Haider, H. &amp; Kluwe, R. H. (2001). Sequentielle Inhibition von Task-Sets. In A. Zimmer, K. Lange, K.-H. B\u00e4uml, R. Scheuchenpflug, R. Loose, O. Tucha, R. Findl &amp; C. Schneider (<abbr title=\"Herausgeber\">Hrsg.<\/abbr>), <em>TeaP 2001 CD-Rom<\/em> (S. 254-260). Regensburg: Universit\u00e4tsbibliothek.<\/p>\n","protected":false},"excerpt":{"rendered":"<p>Peer-refereed journal contributions K\u00e4hler, S. T., Wendt, M., Luna-Rodriguez, A., &amp; Jacobsen, T. (accepted). Probing instructed but unnecessary switches of attentional strategy. Psychological Research. Duehnen, I. M., Vogel, S., Alexander, [&hellip;]<\/p>\n","protected":false},"author":147,"featured_media":0,"parent":1472,"menu_order":0,"comment_status":"closed","ping_status":"closed","template":"","meta":{"footnotes":""},"categories":[211],"tags":[],"class_list":["post-1476","page","type-page","status-publish","hentry","category-forschung-en"],"_links":{"self":[{"href":"https:\/\/www.hsu-hh.de\/epu\/wp-json\/wp\/v2\/pages\/1476","targetHints":{"allow":["GET"]}}],"collection":[{"href":"https:\/\/www.hsu-hh.de\/epu\/wp-json\/wp\/v2\/pages"}],"about":[{"href":"https:\/\/www.hsu-hh.de\/epu\/wp-json\/wp\/v2\/types\/page"}],"author":[{"embeddable":true,"href":"https:\/\/www.hsu-hh.de\/epu\/wp-json\/wp\/v2\/users\/147"}],"replies":[{"embeddable":true,"href":"https:\/\/www.hsu-hh.de\/epu\/wp-json\/wp\/v2\/comments?post=1476"}],"version-history":[{"count":67,"href":"https:\/\/www.hsu-hh.de\/epu\/wp-json\/wp\/v2\/pages\/1476\/revisions"}],"predecessor-version":[{"id":7196,"href":"https:\/\/www.hsu-hh.de\/epu\/wp-json\/wp\/v2\/pages\/1476\/revisions\/7196"}],"up":[{"embeddable":true,"href":"https:\/\/www.hsu-hh.de\/epu\/wp-json\/wp\/v2\/pages\/1472"}],"wp:attachment":[{"href":"https:\/\/www.hsu-hh.de\/epu\/wp-json\/wp\/v2\/media?parent=1476"}],"wp:term":[{"taxonomy":"category","embeddable":true,"href":"https:\/\/www.hsu-hh.de\/epu\/wp-json\/wp\/v2\/categories?post=1476"},{"taxonomy":"post_tag","embeddable":true,"href":"https:\/\/www.hsu-hh.de\/epu\/wp-json\/wp\/v2\/tags?post=1476"}],"curies":[{"name":"wp","href":"https:\/\/api.w.org\/{rel}","templated":true}]}}