{"id":1446,"date":"2018-03-13T11:57:08","date_gmt":"2018-03-13T10:57:08","guid":{"rendered":"https:\/\/www.hsu-hh.de\/epu\/?page_id=1446"},"modified":"2018-05-08T09:56:57","modified_gmt":"2018-05-08T07:56:57","slug":"cv","status":"publish","type":"page","link":"https:\/\/www.hsu-hh.de\/epu\/en\/team\/duehnen\/cv","title":{"rendered":"Curriculum Vitae"},"content":{"rendered":"<table class=\"no_color\">\n<tbody>\n<tr>\n<td>1988<\/td>\n<td>born in Hasel\u00fcnne<\/td>\n<\/tr>\n<tr>\n<td>2008<\/td>\n<td>Bacalaureat (Allgemeine Hochschulreife)<\/td>\n<\/tr>\n<tr>\n<td>2009-2010<\/td>\n<td>Studies in occupational therapy (Ergotherapie) at the Hogeschool van Arnhem en Nijmegen, in Nijmegen<\/td>\n<\/tr>\n<tr>\n<td>2010-2013<\/td>\n<td>Bachelorstudium of Biological at the Carl von Ossietzky University Oldenburg<br \/>\nThema der Bachelorarbeit: \u201e\u00dcber den Zusammenhang von Depression und Faserintegrit\u00e4t vom pr\u00e4frontalen Kortex zum Hypothalamus bei Patienten mit Multipler Sklerose.\u201c<\/td>\n<\/tr>\n<tr>\n<td>2013-2016<\/td>\n<td>Masterstudium Neurocognitive Psychology at the Carl von Ossietzky Universiy Oldenburg<br \/>\nThema der Masterarbeit: \u201eWorking memory capacity as a predictor for solving the Cocktail Party problem: A combined EEG-fMRI study.\u201d<\/td>\n<\/tr>\n<tr>\n<td>2013-2016<\/td>\n<td>Research assistant (Wissenschaftliche Hilfskraf) at the Department of Psychology, Biological Psychology at the Carl von Ossietzky University Oldenburg<\/td>\n<\/tr>\n<tr>\n<td>since July<br \/>\n2017<\/td>\n<td>Researcher \/ lecturer (Wissenschaftliche Mitarbeiterin) at the research project \u201eFlexible learning under stress: neurocognitive mechanism and clinical implications.\u201c at Experimental Psychology Unit (Allgemeine und Biologische Psychologie) at the Helmut Schmidt University\/University of the Federal Armed Forces Hamburg<\/td>\n<\/tr>\n<\/tbody>\n<\/table>\n","protected":false},"excerpt":{"rendered":"<p>1988 born in Hasel\u00fcnne 2008 Bacalaureat (Allgemeine Hochschulreife) 2009-2010 Studies in occupational therapy (Ergotherapie) at the Hogeschool van Arnhem en Nijmegen, in Nijmegen 2010-2013 Bachelorstudium of Biological at the Carl [&hellip;]<\/p>\n","protected":false},"author":147,"featured_media":0,"parent":1444,"menu_order":0,"comment_status":"closed","ping_status":"closed","template":"","meta":{"footnotes":""},"categories":[],"tags":[],"class_list":["post-1446","page","type-page","status-publish","hentry"],"_links":{"self":[{"href":"https:\/\/www.hsu-hh.de\/epu\/wp-json\/wp\/v2\/pages\/1446","targetHints":{"allow":["GET"]}}],"collection":[{"href":"https:\/\/www.hsu-hh.de\/epu\/wp-json\/wp\/v2\/pages"}],"about":[{"href":"https:\/\/www.hsu-hh.de\/epu\/wp-json\/wp\/v2\/types\/page"}],"author":[{"embeddable":true,"href":"https:\/\/www.hsu-hh.de\/epu\/wp-json\/wp\/v2\/users\/147"}],"replies":[{"embeddable":true,"href":"https:\/\/www.hsu-hh.de\/epu\/wp-json\/wp\/v2\/comments?post=1446"}],"version-history":[{"count":11,"href":"https:\/\/www.hsu-hh.de\/epu\/wp-json\/wp\/v2\/pages\/1446\/revisions"}],"predecessor-version":[{"id":1857,"href":"https:\/\/www.hsu-hh.de\/epu\/wp-json\/wp\/v2\/pages\/1446\/revisions\/1857"}],"up":[{"embeddable":true,"href":"https:\/\/www.hsu-hh.de\/epu\/wp-json\/wp\/v2\/pages\/1444"}],"wp:attachment":[{"href":"https:\/\/www.hsu-hh.de\/epu\/wp-json\/wp\/v2\/media?parent=1446"}],"wp:term":[{"taxonomy":"category","embeddable":true,"href":"https:\/\/www.hsu-hh.de\/epu\/wp-json\/wp\/v2\/categories?post=1446"},{"taxonomy":"post_tag","embeddable":true,"href":"https:\/\/www.hsu-hh.de\/epu\/wp-json\/wp\/v2\/tags?post=1446"}],"curies":[{"name":"wp","href":"https:\/\/api.w.org\/{rel}","templated":true}]}}