{"id":1264,"date":"2018-02-02T15:29:51","date_gmt":"2018-02-02T14:29:51","guid":{"rendered":"https:\/\/www.hsu-hh.de\/epu\/?page_id=1264"},"modified":"2018-03-16T14:16:51","modified_gmt":"2018-03-16T13:16:51","slug":"cv","status":"publish","type":"page","link":"https:\/\/www.hsu-hh.de\/epu\/en\/team\/kluwe\/cv","title":{"rendered":"Curriculum Vitae"},"content":{"rendered":"<div id=\"contentblock\">\n<table bgcolor=\"#ffffff\">\n<tbody>\n<tr>\n<td colspan=\"2\" width=\"801\" height=\"5\">\n<div class=\"clearfix\"><strong>Biography Education<\/strong><\/div>\n<\/td>\n<\/tr>\n<tr>\n<td width=\"92\" height=\"5\">\n<div class=\"clearfix\">1964-1968<\/div>\n<\/td>\n<td width=\"709\" height=\"5\">\n<div class=\"clearfix\">University of Bayreuth<\/div>\n<\/td>\n<\/tr>\n<tr>\n<td width=\"92\" height=\"5\">\n<div class=\"clearfix\">1968-1970<\/div>\n<\/td>\n<td width=\"709\" height=\"5\">\n<div class=\"clearfix\">University of Erlangen-N\u00fcrnberg<\/div>\n<\/td>\n<\/tr>\n<tr>\n<td width=\"92\" height=\"5\">\n<div class=\"clearfix\">1970-1971<\/div>\n<\/td>\n<td width=\"709\" height=\"5\">\n<div class=\"clearfix\">University of Trier<\/div>\n<\/td>\n<\/tr>\n<tr>\n<td width=\"92\" height=\"5\">\n<div class=\"clearfix\">1971-1972<\/div>\n<\/td>\n<td width=\"709\" height=\"5\">\n<div class=\"clearfix\">Doctoral Fellowship University of Trier (Graduiertenf\u00f6rderung)<\/div>\n<\/td>\n<\/tr>\n<tr>\n<td width=\"92\" height=\"5\">\n<div class=\"clearfix\"><strong>Degrees<\/strong><\/div>\n<\/td>\n<td width=\"709\" height=\"5\">\n<div class=\"clearfix\"><\/div>\n<\/td>\n<\/tr>\n<tr>\n<td width=\"92\" height=\"5\">\n<div class=\"clearfix\">1968<\/div>\n<\/td>\n<td width=\"709\" height=\"5\">\n<div class=\"clearfix\">1. Pr\u00fcfung f\u00fcr das Lehramt an Primarschulen<\/div>\n<\/td>\n<\/tr>\n<tr>\n<td width=\"92\" height=\"5\">\n<div class=\"clearfix\">1970<\/div>\n<\/td>\n<td width=\"709\" height=\"5\">\n<div class=\"clearfix\">Vordiplom (Psychology) University of Erlangen-N\u00fcrnberg<\/div>\n<\/td>\n<\/tr>\n<tr>\n<td width=\"92\" height=\"5\">\n<div class=\"clearfix\">1971<\/div>\n<\/td>\n<td width=\"709\" height=\"5\">\n<div class=\"clearfix\">Diploma in Psychology University of Trier<\/div>\n<\/td>\n<\/tr>\n<tr>\n<td width=\"92\" height=\"5\">\n<div class=\"clearfix\">1975<\/div>\n<\/td>\n<td width=\"709\" height=\"5\">\n<div class=\"clearfix\"><abbr title=\"Doktor\">Dr.<\/abbr> phil. University of Trier<\/div>\n<\/td>\n<\/tr>\n<tr>\n<td width=\"92\" height=\"5\">\n<div class=\"clearfix\">1981<\/div>\n<\/td>\n<td width=\"709\" height=\"5\">\n<div class=\"clearfix\"><abbr title=\"Doktor\">Dr.<\/abbr> <abbr title=\"habilitatus\">habil.<\/abbr> Ludwig-Maximilian-University of Munich (venia legendi Psychology)<\/div>\n<\/td>\n<\/tr>\n<tr>\n<td width=\"92\" height=\"5\">\n<div class=\"clearfix\"><strong>Honors<\/strong><\/div>\n<\/td>\n<td width=\"709\" height=\"5\">\n<div class=\"clearfix\"><\/div>\n<\/td>\n<\/tr>\n<tr>\n<td width=\"92\" height=\"5\">\n<div class=\"clearfix\">1991<\/div>\n<\/td>\n<td width=\"709\" height=\"5\">\n<div class=\"clearfix\">Professor \u00a7 17<a href=\"https:\/\/www.pb.uni-hamburg.de\/\" target=\"_blank\" rel=\"noopener\"> University of Hamburg,\u00a0\u00a0<\/a> Faculty of Psychology<\/div>\n<\/td>\n<\/tr>\n<tr>\n<td width=\"92\" height=\"5\">\n<div class=\"clearfix\"><strong>Fellowships<\/strong><\/div>\n<\/td>\n<td width=\"709\" height=\"5\">\n<div class=\"clearfix\"><\/div>\n<\/td>\n<\/tr>\n<tr>\n<td width=\"92\" height=\"5\">\n<div class=\"clearfix\">1978-1979<\/div>\n<\/td>\n<td width=\"709\" height=\"5\">\n<div class=\"clearfix\">Research Fellow Stanford University, Department of Psychology<\/div>\n<\/td>\n<\/tr>\n<tr>\n<td width=\"92\" height=\"5\">\n<div class=\"clearfix\">1989<\/div>\n<\/td>\n<td width=\"709\" height=\"5\">\n<div class=\"clearfix\">Visiting Professor Oxford University, Department of Psychology, Fellow Wolfson College<\/div>\n<\/td>\n<\/tr>\n<tr>\n<td width=\"92\" height=\"5\">\n<div class=\"clearfix\">2002<\/div>\n<\/td>\n<td width=\"709\" height=\"5\">\n<div class=\"clearfix\">Nato Expert Visit Award , Schewtschenko University of Kiev<\/div>\n<\/td>\n<\/tr>\n<tr>\n<td width=\"92\" height=\"5\">\n<div class=\"clearfix\"><strong>Positions<\/strong><\/div>\n<\/td>\n<td width=\"709\" height=\"5\">\n<div class=\"clearfix\"><\/div>\n<\/td>\n<\/tr>\n<tr>\n<td width=\"92\" height=\"5\">\n<div class=\"clearfix\">1986-1988<\/div>\n<\/td>\n<td width=\"709\" height=\"5\">\n<div class=\"clearfix\">Member Board of the <a href=\"http:\/\/www.dgps.de\/\" target=\"_blank\" rel=\"noopener\">German Psychological Society\u00a0\u00a0<\/a> (Secretary General)<\/div>\n<\/td>\n<\/tr>\n<tr>\n<td width=\"92\" height=\"5\">\n<div class=\"clearfix\">1990-1991<\/div>\n<\/td>\n<td width=\"709\" height=\"5\">\n<div class=\"clearfix\">Member and Chairman of the Standing Committee for Education and Advanced Education in Psychology of the Federation of German Psychological Associations<\/div>\n<\/td>\n<\/tr>\n<tr>\n<td width=\"92\" height=\"5\">\n<div class=\"clearfix\">1991-1992<\/div>\n<\/td>\n<td width=\"709\" height=\"5\">\n<div class=\"clearfix\">Member and Chairman of the Committee for Education of the German Psychological Society<\/div>\n<\/td>\n<\/tr>\n<tr>\n<td width=\"92\" height=\"5\">\n<div class=\"clearfix\">1998-2000<\/div>\n<\/td>\n<td width=\"709\" height=\"5\">\n<div class=\"clearfix\">President of the German Psychological Society<\/div>\n<\/td>\n<\/tr>\n<tr>\n<td width=\"92\" height=\"5\">\n<div class=\"clearfix\">1999<\/div>\n<\/td>\n<td width=\"709\" height=\"5\">\n<div class=\"clearfix\">Chairman of the Federation of German Psychological Associations<\/div>\n<\/td>\n<\/tr>\n<tr>\n<td width=\"92\" height=\"5\">\n<div class=\"clearfix\">2002<\/div>\n<\/td>\n<td width=\"709\" height=\"5\">\n<div class=\"clearfix\">Chairman Committee Life time award<\/div>\n<\/td>\n<\/tr>\n<tr>\n<td width=\"92\" height=\"5\">\n<div class=\"clearfix\">2002<\/div>\n<\/td>\n<td width=\"709\" height=\"5\">\n<div class=\"clearfix\">Chairman Election Committee Board of the German Psychological Society<\/div>\n<\/td>\n<\/tr>\n<tr>\n<td width=\"92\" height=\"5\">\n<div class=\"clearfix\">2008<\/div>\n<\/td>\n<td width=\"709\" height=\"5\">\n<div class=\"clearfix\">Chairman Election Committee Board of the German Psychological Society<\/div>\n<\/td>\n<\/tr>\n<tr valign=\"top\">\n<td colspan=\"2\" width=\"801\" height=\"5\">\n<div class=\"clearfix\"><strong>Scientific Boards \/ Commissions<\/strong><\/div>\n<\/td>\n<\/tr>\n<tr valign=\"top\">\n<td width=\"92\" height=\"5\">\n<div class=\"clearfix\">1985-1999<\/div>\n<\/td>\n<td width=\"709\" height=\"5\">\n<div class=\"clearfix\">Member and Vice Chairman of Board of External Scientific Advisors of Max-Planck-Institute for Psychological Research Munich<\/div>\n<\/td>\n<\/tr>\n<tr valign=\"top\">\n<td width=\"92\" height=\"5\">\n<div class=\"clearfix\">1990-1999<\/div>\n<\/td>\n<td width=\"709\" height=\"5\">\n<div class=\"clearfix\">Doctoral Program for Cognitive Science University of Hamburg<\/div>\n<\/td>\n<\/tr>\n<tr valign=\"top\">\n<td width=\"92\" height=\"5\">\n<div class=\"clearfix\">1991-1992<\/div>\n<\/td>\n<td width=\"709\" height=\"5\">\n<div class=\"clearfix\">Appointment by the Secretary of Cultural Affairs Mecklenburg-Vorpommern as Member of the Board of External Reviewers for Education \/ Psychology<\/div>\n<\/td>\n<\/tr>\n<tr valign=\"top\">\n<td width=\"92\" height=\"5\">\n<div class=\"clearfix\">1992<\/div>\n<\/td>\n<td width=\"709\" height=\"5\">\n<div class=\"clearfix\">Appointment by the Secretary of Cultural Affairs Mecklenburg-Vorpommern as Member of the Appointments Committee<\/div>\n<\/td>\n<\/tr>\n<tr>\n<td width=\"92\">\n<div class=\"clearfix\">1998-1999<\/div>\n<\/td>\n<td width=\"709\">\n<div class=\"clearfix\">Elected reviewer German Research Society (DFG)<\/div>\n<\/td>\n<\/tr>\n<tr>\n<td width=\"92\">\n<div class=\"clearfix\">1992-1993<\/div>\n<\/td>\n<td width=\"709\">\n<div class=\"clearfix\">Member Commission on Structures for Psychology University of Potsdam<\/div>\n<\/td>\n<\/tr>\n<tr>\n<td width=\"92\">\n<div class=\"clearfix\">2000<\/div>\n<\/td>\n<td width=\"709\">\n<div class=\"clearfix\">Member Commission of Experts for Psychology Berlin<\/div>\n<\/td>\n<\/tr>\n<tr>\n<td width=\"92\">\n<div class=\"clearfix\">2002<\/div>\n<\/td>\n<td width=\"709\">\n<div class=\"clearfix\">Member Board of External Scientific Advisors of Msc Program Cognitive Science University of Osnabr\u00fcck<\/div>\n<\/td>\n<\/tr>\n<tr>\n<td width=\"92\">\n<div class=\"clearfix\">2002<\/div>\n<\/td>\n<td width=\"709\">\n<div class=\"clearfix\">Member and Chairman of Board of External Scientific Advisors for the Evaluation of the Institute for Psychology, Humboldt University Berlin<\/div>\n<\/td>\n<\/tr>\n<tr>\n<td width=\"92\">\n<div class=\"clearfix\">2003<\/div>\n<\/td>\n<td width=\"709\">\n<div class=\"clearfix\">Member of Board of External Scientific Advisors for the Evaluation of the Institute for Psychology Saarland University Saarbruecken<\/div>\n<\/td>\n<\/tr>\n<tr>\n<td width=\"92\">\n<div class=\"clearfix\">Since 2003<\/div>\n<\/td>\n<td width=\"709\">\n<div class=\"clearfix\">Scientific Advisor German Israeli for Scientific Research and Development<\/div>\n<\/td>\n<\/tr>\n<tr>\n<td width=\"92\">\n<div class=\"clearfix\">2003-2008<\/div>\n<\/td>\n<td width=\"709\">\n<div class=\"clearfix\">Chairman <a href=\"http:\/\/www.wilhelm-wundt-gesellschaft.de\/\" target=\"_blank\" rel=\"noopener\">Wilhelm-Wundt Society\u00a0 <\/a><\/div>\n<\/td>\n<\/tr>\n<tr>\n<td width=\"92\">\n<div class=\"clearfix\">2008<\/div>\n<\/td>\n<td width=\"709\">\n<div class=\"clearfix\">Member Board of External Scientific Advisors for the Evaluation of the Institute for Psychology University of M\u00fcnster<\/div>\n<\/td>\n<\/tr>\n<\/tbody>\n<\/table>\n<\/div>\n","protected":false},"excerpt":{"rendered":"<p>Biography Education 1964-1968 University of Bayreuth 1968-1970 University of Erlangen-N\u00fcrnberg 1970-1971 University of Trier 1971-1972 Doctoral Fellowship University of Trier (Graduiertenf\u00f6rderung) Degrees 1968 1. Pr\u00fcfung f\u00fcr das Lehramt an Primarschulen [&hellip;]<\/p>\n","protected":false},"author":147,"featured_media":0,"parent":1262,"menu_order":0,"comment_status":"closed","ping_status":"closed","template":"","meta":{"footnotes":""},"categories":[],"tags":[],"class_list":["post-1264","page","type-page","status-publish","hentry"],"_links":{"self":[{"href":"https:\/\/www.hsu-hh.de\/epu\/wp-json\/wp\/v2\/pages\/1264","targetHints":{"allow":["GET"]}}],"collection":[{"href":"https:\/\/www.hsu-hh.de\/epu\/wp-json\/wp\/v2\/pages"}],"about":[{"href":"https:\/\/www.hsu-hh.de\/epu\/wp-json\/wp\/v2\/types\/page"}],"author":[{"embeddable":true,"href":"https:\/\/www.hsu-hh.de\/epu\/wp-json\/wp\/v2\/users\/147"}],"replies":[{"embeddable":true,"href":"https:\/\/www.hsu-hh.de\/epu\/wp-json\/wp\/v2\/comments?post=1264"}],"version-history":[{"count":1,"href":"https:\/\/www.hsu-hh.de\/epu\/wp-json\/wp\/v2\/pages\/1264\/revisions"}],"predecessor-version":[{"id":1266,"href":"https:\/\/www.hsu-hh.de\/epu\/wp-json\/wp\/v2\/pages\/1264\/revisions\/1266"}],"up":[{"embeddable":true,"href":"https:\/\/www.hsu-hh.de\/epu\/wp-json\/wp\/v2\/pages\/1262"}],"wp:attachment":[{"href":"https:\/\/www.hsu-hh.de\/epu\/wp-json\/wp\/v2\/media?parent=1264"}],"wp:term":[{"taxonomy":"category","embeddable":true,"href":"https:\/\/www.hsu-hh.de\/epu\/wp-json\/wp\/v2\/categories?post=1264"},{"taxonomy":"post_tag","embeddable":true,"href":"https:\/\/www.hsu-hh.de\/epu\/wp-json\/wp\/v2\/tags?post=1264"}],"curies":[{"name":"wp","href":"https:\/\/api.w.org\/{rel}","templated":true}]}}