{"id":968,"date":"2024-07-23T14:46:11","date_gmt":"2024-07-23T12:46:11","guid":{"rendered":"https:\/\/www.hsu-hh.de\/emt\/?page_id=968"},"modified":"2025-07-30T09:03:49","modified_gmt":"2025-07-30T07:03:49","slug":"emt-im-web-und-in-den-medien","status":"publish","type":"page","link":"https:\/\/www.hsu-hh.de\/emt\/emt-im-web-und-in-den-medien","title":{"rendered":"eMT im Web und in den Medien"},"content":{"rendered":"\n<hr class=\"wp-block-separator has-alpha-channel-opacity\" \/>\n\n\n\n<ul class=\"wp-block-list\">\n<li><strong>Wieder Vorf\u00e4lle \u00fcber Kaserne: Warum darf die Bundeswehr illegale Drohnen nicht abschie\u00dfen?<\/strong><br>Merkur.de, Dominik G\u00f6ttler, 29.07.2025 <br><a href=\"https:\/\/www.merkur.de\/bayern\/wieder-vorfaelle-ueber-kaserne-warum-darf-die-bundeswehr-illegale-drohnen-nicht-abschiessen-93856207.html\" rel='nofollow'>https:\/\/www.merkur.de\/bayern\/wieder-vorfaelle-ueber-kaserne-warum-darf-die-bundeswehr-illegale-drohnen-nicht-abschiessen-93856207.html<\/a><br><br><\/li>\n\n\n\n<li><strong>Wie wir uns gegen Drohnenangriffe sch\u00fctzen k\u00f6nnen  <\/strong><br>ZDF nano, 10.07.2025<br><a href=\"https:\/\/www.youtube.com\/watch?v=k6mrOYMEh_g&amp;list=PLdPrKDvwrog6TaY2ecEdm3dl_QJrhgrrJ&amp;index=2\" rel='nofollow'>https:\/\/www.youtube.com\/watch?v=k6mrOYMEh_g&amp;list=PLdPrKDvwrog6TaY2ecEdm3dl_QJrhgrrJ&amp;index=2<\/a><br><br><\/li>\n\n\n\n<li><strong>Wie Spionagedrohnen abgewehrt werden k\u00f6nnten<\/strong><br>hamburg.de, 07.2025<br><a href=\"https:\/\/www.hamburg.de\/leben-in-hamburg\/ausbildung-studium\/science-made-in-hamburg\/ein-falke-fuer-die-sicherheit-1078076\" rel='nofollow'>https:\/\/www.hamburg.de\/leben-in-hamburg\/ausbildung-studium\/science-made-in-hamburg\/ein-falke-fuer-die-sicherheit-1078076<\/a><br><br><\/li>\n\n\n\n<li><strong>Drohnenabwehr; Ein Falke f\u00fcr die Sicherheit<\/strong><br>Artikel auf tagesschau.de<strong>, <\/strong>18.06.2025<br><a href=\"https:\/\/www.tagesschau.de\/wissen\/technologie\/drohnen-spionage-abwehr-100.html\" rel='nofollow'>https:\/\/www.tagesschau.de\/wissen\/technologie\/drohnen-spionage-abwehr-100.html<\/a><br><br><\/li>\n\n\n\n<li><strong>Abwehr von Drohnen &#8211; Deshalb muss sich Deutschland wappnen<\/strong> <br>BR Podcast; Jan Kerckhoff, Stefan Geier; Ausstrahlung am 16.6.2025<br><a href=\"https:\/\/www.br.de\/mediathek\/podcast\/iq-wissenschaft-und-forschung\/abwehr-von-drohnen-deshalb-muss-sich-deutschland-wappnen\/2107528\" rel='nofollow'>https:\/\/www.br.de\/mediathek\/podcast\/iq-wissenschaft-und-forschung\/abwehr-von-drohnen-deshalb-muss-sich-deutschland-wappnen\/2107528<\/a><br><br><\/li>\n\n\n\n<li><strong>Da ist was im Anflug<\/strong><br>J\u00f6rg Diehl, Matthias Gebauer, Marina Kormbaki, Paul-Anton Kr\u00fcger, Marcel Rosenbach<br>Spiegel Nr. 25, 14.06.2025, S. 28 &#8211; S. 31.<br><br><\/li>\n\n\n\n<li><strong>Drohnen \u00fcber Norddeutschland: Kritische Infrastruktur im Visier?<\/strong><br>NDR, D\u00f6rte Petsch und Lennart Richter, 26.02.2025<br><a href=\"https:\/\/www.ndr.de\/fernsehen\/sendungen\/panorama3\/meldungen\/Drohnen-ueber-Norddeutschland-Kritische-Infrastruktur-im-Visier,drohnen442.html\" rel='nofollow'>https:\/\/www.ndr.de\/fernsehen\/sendungen\/panorama3\/meldungen\/Drohnen-ueber-Norddeutschland-Kritische-Infrastruktur-im-Visier,drohnen442.html<\/a><br><br><\/li>\n\n\n\n<li><strong>Spionageverdacht: Drohnen \u00fcber kritischer Infrastruktur<\/strong><br>Video, 27.02.2025<br><a href=\"https:\/\/www.ardmediathek.de\/video\/ndr-info\/spionageverdacht-drohnen-ueber-kritischer-infrastruktur\/ndr\/Y3JpZDovL25kci5kZS9jZGZhNjZiOS0yNDdkLTQ3YTgtOWE4My02MzMyYmQ0YWRiOWM\" rel='nofollow'>https:\/\/www.ardmediathek.de\/video\/ndr-info\/spionageverdacht-drohnen-ueber-kritischer-infrastruktur\/ndr\/Y3JpZDovL25kci5kZS9jZGZhNjZiOS0yNDdkLTQ3YTgtOWE4My02MzMyYmQ0YWRiOWM<\/a><br><br><\/li>\n\n\n\n<li><strong>Die Gefahren von &#8222;illegal operierenden Drohnen&#8220;<\/strong> <br>WDR 5 Morgenecho &#8211; Radio Interview. 24.08.2024. <br><a href=\"https:\/\/www1.wdr.de\/mediathek\/audio\/wdr5\/wdr5-morgenecho-interview\/audio-die-gefahren-von-illegal-operierenden-drohnen-100.html\" rel='nofollow'>https:\/\/www1.wdr.de\/mediathek\/audio\/wdr5\/wdr5-morgenecho-interview\/audio-die-gefahren-von-illegal-operierenden-drohnen-100.html<\/a><br><br><a href=\"https:\/\/www.ardaudiothek.de\/episode\/wdr-5-morgenecho-interview\/die-gefahren-von-illegal-operierenden-drohnen\/wdr-5\/13664283\/\" rel='nofollow'>https:\/\/www.ardaudiothek.de\/episode\/wdr-5-morgenecho-interview\/die-gefahren-von-illegal-operierenden-drohnen\/wdr-5\/13664283\/<\/a><br><br><\/li>\n\n\n\n<li><strong>Wie gut ist Deutschland gegen Drohnen gesch\u00fctzt?<\/strong> <br>FAZ, Gregor Grosse, 23.04.2024<br><a href=\"https:\/\/www.faz.net\/aktuell\/politik\/inland\/wie-gut-ist-deutschland-gegen-drohnen-geschuetzt-19670985.html\" rel='nofollow'>https:\/\/www.faz.net\/aktuell\/politik\/inland\/wie-gut-ist-deutschland-gegen-drohnen-geschuetzt-19670985.html<\/a><br><br><\/li>\n\n\n\n<li><strong>Spionage? Drohnen \u00fcber Brunsb\u00fcttel besch\u00e4ftigen Politik und Polizei<\/strong><br>NDR, 26.08.2024<br><a href=\"https:\/\/www.ndr.de\/nachrichten\/schleswig-holstein\/Spionage-Drohnen-ueber-Brunsbuettel-beschaeftigen-Politik-und-Polizei,drohnen398.html\" rel='nofollow'>https:\/\/www.ndr.de\/nachrichten\/schleswig-holstein\/Spionage-Drohnen-ueber-Brunsbuettel-beschaeftigen-Politik-und-Polizei,drohnen398.html<\/a><br><br><\/li>\n\n\n\n<li><strong>Drohnenexperte zu Bildern aus Brunsb\u00fcttel<\/strong><br>NDR, 27.08.2024<br><a href=\"https:\/\/www.ndr.de\/nachrichten\/schleswig-holstein\/Drohnenexperte-zu-Bildern-aus-Brunsbuettel,regionheidenews1174.html\" rel='nofollow'>https:\/\/www.ndr.de\/nachrichten\/schleswig-holstein\/Drohnenexperte-zu-Bildern-aus-Brunsbuettel,regionheidenews1174.html<\/a><br><br><\/li>\n\n\n\n<li><strong>Fehlender Schutz &#8211; Flugsicherheit durch Drohnen bedroht<\/strong><br>Tagesschau.de, David Meil\u00e4nder und Gottlob Schober, SWR, 05.11.2024<br><a href=\"https:\/\/www.tagesschau.de\/inland\/gesellschaft\/drohnen-flughafen-102.html\" rel='nofollow'>https:\/\/www.tagesschau.de\/inland\/gesellschaft\/drohnen-flughafen-102.html<\/a><br><br><\/li>\n\n\n\n<li><strong>Drohnen-Vorf\u00e4lle an Flugh\u00e4fen: Flugsicherung stellt Arbeiten an Detektionssystem ein<\/strong> &#8211; Das Erste, Report Mainz (05.11.2024)<br><a href=\"https:\/\/www.daserste.de\/information\/politik-weltgeschehen\/report-mainz\/sendung\/2024\/PM-Drohnen-Flugsicherheit-100.html\" rel='nofollow'>https:\/\/www.daserste.de\/information\/politik-weltgeschehen\/report-mainz\/sendung\/2024\/PM-Drohnen-Flugsicherheit-100.html<\/a><br><br><\/li>\n\n\n\n<li><strong>\u201eUniversity Partnerships for Secure Mobile Networks\u201c<\/strong> &#8211; Better Security for 5G Campus Networks <br>in Rohde &amp; Schwarz News 228\/2024, Page 25<br><a href=\"https:\/\/www.rohde-schwarz.com\/de\/unternehmen\/news-und-presse\/news-magazine\/ausgabe-detailseite_229360.html\" rel='nofollow'>https:\/\/www.rohde-schwarz.com\/de\/unternehmen\/news-und-presse\/news-magazine\/ausgabe-detailseite_229360.html<\/a><br><br> <\/li>\n\n\n\n<li><strong>Die Drohnengefahr w\u00e4chst \u2013 wir brauchen dringend einen Plan dagegen<\/strong>: stern.de, Falk Steiner (06.10.2024)<br><a href=\"https:\/\/www.stern.de\/politik\/deutschland\/drohnengefahr-waechst---und-deutschland-fehlt-ein-abwehrplan-35113034.html\" rel='nofollow'>https:\/\/www.stern.de\/politik\/deutschland\/drohnengefahr-waechst&#8212;und-deutschland-fehlt-ein-abwehrplan-35113034.html<\/a><br><br><\/li>\n\n\n\n<li><strong>Wie gut ist Deutschland gegen Drohnen gesch\u00fctzt?<\/strong> Frankfurter Allgemeine, Gregor Grosse (23.04.2024) <br><a href=\"https:\/\/www.faz.net\/aktuell\/politik\/inland\/wie-gut-ist-deutschland-gegen-drohnen-geschuetzt-19670985.html\" rel='nofollow'>https:\/\/www.faz.net\/aktuell\/politik\/inland\/wie-gut-ist-deutschland-gegen-drohnen-geschuetzt-19670985.html<\/a><br><br><\/li>\n\n\n\n<li><strong>5G-Standalone-Netz f\u00fcr Universit\u00e4t der Bundeswehr Hamburg<\/strong> (27.11.2023)<br><a href=\"https:\/\/www.telekom.com\/de\/medien\/medieninformationen\/detail\/5g-standalone-netz-fuer-universitaet-der-bundeswehr-hamburg-1053400\" rel='nofollow'>https:\/\/www.telekom.com\/de\/medien\/medieninformationen\/detail\/5g-standalone-netz-fuer-universitaet-der-bundeswehr-hamburg-1053400<\/a><br><br><\/li>\n\n\n\n<li><strong>5G-Standalone Netz f\u00fcr die Bundeswehr-Uni<\/strong> (28.11.2023)<br><a href=\"https:\/\/www.teltarif.de\/bundeswehr-hochschule-campusnetz-5g-ericsson-telekom\/news\/93830.html\" rel='nofollow'>https:\/\/www.teltarif.de\/bundeswehr-hochschule-campusnetz-5g-ericsson-telekom\/news\/93830.html<\/a><br><br><\/li>\n\n\n\n<li><strong>t-online:<\/strong> Drohnenabwehr &#8222;Falke&#8220; vorgestellt (01.02.2023) Sat1 Video. <br><a href=\"https:\/\/www.t-online.de\/tv\/nachrichten\/politik\/id_100121596\/drohnenabwehr-falke-vorgestellt-.html\" rel='nofollow'>https:\/\/www.t-online.de\/tv\/nachrichten\/politik\/id_100121596\/drohnenabwehr-falke-vorgestellt-.html<\/a><br><br><\/li>\n\n\n\n<li><strong>Elektroniknet.de:<\/strong> Drohne holt Drohne im Netz vom Himmel (01.02.2023).<br><a href=\"https:\/\/www.elektroniknet.de\/messen-testen\/drohne-holt-drohne-im-netz-von-himmel.201780.html\" rel='nofollow'>https:\/\/www.elektroniknet.de\/messen-testen\/drohne-holt-drohne-im-netz-von-himmel.201780.html<\/a><br><br><\/li>\n\n\n\n<li style=\"font-size:18px\"><strong>3 Sat:<\/strong> voraussichtlich \u201eNano\u201c 18:30 Uhr 01.02.2023<br><br><\/li>\n\n\n\n<li style=\"font-size:18px\"><strong>Sat.1:<\/strong> Sat.1 Regional Nachrichten Drohnenangriffe: Bundeswehruniversit\u00e4t Hamburg stellt Abwehrdrohne vor (31.01.2023).<br><a href=\"https:\/\/www.sat1regional.de\/drohnenangriffe-bundeswehruniversitaet-hamburg-stellt-abwehrdrohne-vor\/\" rel='nofollow'>https:\/\/www.sat1regional.de\/drohnenangriffe-bundeswehruniversitaet-hamburg-stellt-abwehrdrohne-vor\/<\/a><br><br><\/li>\n\n\n\n<li style=\"font-size:18px\"><strong>RTL:<\/strong> RTL Nord Nachrichten nur im Fernsehen gesendet (31.01.2023 18:00)<br><br><\/li>\n\n\n\n<li style=\"font-size:18px\"><strong>Hamburger Abendblatt:<\/strong> \u201eFalke\u201c f\u00e4ngt Drohnen mit Netz: Abwehrsystem f\u00fcr Flugh\u00e4fen (31.01.2023) dpa. <br><a href=\"https:\/\/www.abendblatt.de\/hamburg\/article237507441\/Schutz-von-Flughaefen-Abwehrdrohne-wird-praesentiert.html\" rel='nofollow'>https:\/\/www.abendblatt.de\/hamburg\/article237507441\/Schutz-von-Flughaefen-Abwehrdrohne-wird-praesentiert.html<\/a> <br>Mit Youtubevideo: <a href=\"https:\/\/www.youtube.com\/watch?v=Wdx8Qb1UJlY\" rel='nofollow'>https:\/\/www.youtube.com\/watch?v=Wdx8Qb1UJlY<\/a> <br>Und hinter einer Paywall: \u201eFalke\u201c holt Drohne vom Himmel \u2013 bald auch am Airport? <br><a href=\"https:\/\/www.abendblatt.de\/wirtschaft\/article237514283\/flughafen-hamburg-abfangdrohne-falke-drohnensichtung-sperrung.html\" rel='nofollow'>https:\/\/www.abendblatt.de\/wirtschaft\/article237514283\/flughafen-hamburg-abfangdrohne-falke-drohnensichtung-sperrung.html<\/a><br><br><\/li>\n\n\n\n<li style=\"font-size:18px\"><strong>WELT:<\/strong> \u00abFalke\u00bb f\u00e4ngt Drohnen mit Netz: Abwehrsystem f\u00fcr Flugh\u00e4fen (31.01.2023) dpa. <br><a href=\"https:\/\/www.welt.de\/regionales\/hamburg\/article243517579\/Falke-faengt-Drohnen-mit-Netz-Abwehrsystem-fuer-Flughaefen.html\" rel='nofollow'>https:\/\/www.welt.de\/regionales\/hamburg\/article243517579\/Falke-faengt-Drohnen-mit-Netz-Abwehrsystem-fuer-Flughaefen.html<\/a><br><br><\/li>\n\n\n\n<li style=\"font-size:18px\"><strong>BILD:<\/strong> Abfang-Drohne steigt am Flughafen auf (31.01.2023) dpa. <br><a href=\"https:\/\/www.bild.de\/regional\/hamburg\/hamburg-aktuell\/falke-abfang-drohne-steigt-am-flughafen-auf-82739288.bild.html\" rel='nofollow'>https:\/\/www.bild.de\/regional\/hamburg\/hamburg-aktuell\/falke-abfang-drohne-steigt-am-flughafen-auf-82739288.bild.html<\/a><br><br><\/li>\n\n\n\n<li style=\"font-size:18px\"><strong>Hamburger Morgenpost: <\/strong>Kampfdrohne soll Hamburger Flughafen sch\u00e4tzen (31.01.2023) dpa. <br><a href=\"https:\/\/www.mopo.de\/hamburg\/kampfdrohne-soll-hamburger-flughafen-schuetzen\/\" rel='nofollow'>https:\/\/www.mopo.de\/hamburg\/kampfdrohne-soll-hamburger-flughafen-schuetzen\/<\/a><br><br><\/li>\n\n\n\n<li style=\"font-size:18px\"><strong>Stern:<\/strong> &#8222;Falke&#8220; f\u00e4ngt Drohnen mit Netz: Abwehrsystem f\u00fcr Flugh\u00e4fen (31.01.2023) dpa. <br><a href=\"https:\/\/www.stern.de\/gesellschaft\/regional\/hamburg-schleswig-holstein\/hamburg---falke--faengt-drohnen-mit-netz--abwehrsystem-fuer-flughaefen-33151070.html\" rel='nofollow'>https:\/\/www.stern.de\/gesellschaft\/regional\/hamburg-schleswig-holstein\/hamburg&#8212;falke&#8211;faengt-drohnen-mit-netz&#8211;abwehrsystem-fuer-flughaefen-33151070.html<\/a><br><br><\/li>\n\n\n\n<li style=\"font-size:18px\">S\u00fcddeutsche Zeitung: &#8222;Falke&#8220; f\u00e4ngt Drohnen mit Netz: Abwehrsystem f\u00fcr Flugh\u00e4fen (31.01.2023) dpa. <br><a href=\"https:\/\/www.sueddeutsche.de\/wirtschaft\/luftverkehr-hamburg-falke-faengt-drohnen-mit-netz-abwehrsystem-fuer-flughaefen-dpa.urn-newsml-dpa-com-20090101-230130-99-415793?source=rss\" rel='nofollow'>https:\/\/www.sueddeutsche.de\/wirtschaft\/luftverkehr-hamburg-falke-faengt-drohnen-mit-netz-abwehrsystem-fuer-flughaefen-dpa.urn-newsml-dpa-com-20090101-230130-99-415793?source=rss<\/a><br><br><\/li>\n\n\n\n<li style=\"font-size:18px\"><strong>ZEIT:<\/strong> &#8222;Falke&#8220; f\u00e4ngt Drohnen mit Netz: Abwehrsystem f\u00fcr Flugh\u00e4fen (31.01.2023) dpa. <br><a href=\"https:\/\/www.zeit.de\/news\/2023-01\/30\/schutz-von-flughaefen-abwehrdrohne-wird-praesentiert\" rel='nofollow'>https:\/\/www.zeit.de\/news\/2023-01\/30\/schutz-von-flughaefen-abwehrdrohne-wird-praesentiert<\/a><br><br><\/li>\n\n\n\n<li style=\"font-size:18px\"><strong>N-TV:<\/strong> &#8222;Falke&#8220; f\u00e4ngt Drohnen mit Netz: Abwehrsystem f\u00fcr Flugh\u00e4fen (31.01.2023) dpa. <br><a href=\"https:\/\/www.n-tv.de\/regionales\/hamburg-und-schleswig-holstein\/Falke-faengt-Drohnen-mit-Netz-Abwehrsystem-fuer-Flughaefen-article23881141.html\" rel='nofollow'>https:\/\/www.n-tv.de\/regionales\/hamburg-und-schleswig-holstein\/Falke-faengt-Drohnen-mit-Netz-Abwehrsystem-fuer-Flughaefen-article23881141.html<\/a><br><br><\/li>\n\n\n\n<li style=\"font-size:18px\"><strong>SHZ: <\/strong>Abwehrsystem \u201eFalke\u201c geht am Hamburger Flughafen auf Drohnenjagd (31.01.2023) hinter einer Paywall <br><a href=\"https:\/\/www.shz.de\/deutschland-welt\/hamburg\/artikel\/abwehrsystem-falke-geht-am-hamburger-flughafen-auf-drohnenjagd-44059547\" rel='nofollow'>https:\/\/www.shz.de\/deutschland-welt\/hamburg\/artikel\/abwehrsystem-falke-geht-am-hamburger-flughafen-auf-drohnenjagd-44059547<\/a><br><br><\/li>\n\n\n\n<li style=\"font-size:18px\"><strong>Frankfurter Allgemeine: <\/strong>\u00abFalke\u00bb f\u00e4ngt Drohnen mit Netz: Abwehrsystem f\u00fcr Flugh\u00e4fen (31.01.2023) dpa. <br><a href=\"https:\/\/www.faz.net\/agenturmeldungen\/dpa\/falke-faengt-drohnen-mit-netz-abwehrsystem-fuer-flughaefen-18642237.html\" rel='nofollow'>https:\/\/www.faz.net\/agenturmeldungen\/dpa\/falke-faengt-drohnen-mit-netz-abwehrsystem-fuer-flughaefen-18642237.html<\/a><br><br><\/li>\n\n\n\n<li style=\"font-size:18px\"><strong>RTL:<\/strong> \u201eFalke\u201c f\u00e4ngt Drohnen mit Netz: Abwehrsystem f\u00fcr Flugh\u00e4fen (31.01.2023). <br><a href=\"https:\/\/www.rtl.de\/cms\/falke-faengt-drohnen-mit-netz-abwehrsystem-fuer-flughaefen-b6efd98c-d17a-566d-9349-b75201e41d08.html\" rel='nofollow'>https:\/\/www.rtl.de\/cms\/falke-faengt-drohnen-mit-netz-abwehrsystem-fuer-flughaefen-b6efd98c-d17a-566d-9349-b75201e41d08.html<\/a><br><br><\/li>\n\n\n\n<li><strong>Heise online:<\/strong> Projekt \u201cFALKE\u201c: Abfangdrohne holt Drohne mit Netz vom Himmel (31.01.2023) dpa. <br><a href=\"https:\/\/www.heise.de\/news\/Projekt-Falke-Abfangdrohne-holt-Drohnen-mit-Netz-vom-Himmel-7477115.html\" rel='nofollow'>https:\/\/www.heise.de\/news\/Projekt-Falke-Abfangdrohne-holt-Drohnen-mit-Netz-vom-Himmel-7477115.html<\/a><br><br><\/li>\n\n\n\n<li><strong>Tag 24:<\/strong> Projekt &#8222;Falke&#8220;: Abwehrdrohne f\u00e4ngt gegnerische Drohnen ein (31.01.2023) dpa. <br><a href=\"https:\/\/www.tag24.de\/hamburg\/lokales\/projekt-falke-abwehrdrohne-faengt-gegnerische-drohnen-ein-2735046\" rel='nofollow'>https:\/\/www.tag24.de\/hamburg\/lokales\/projekt-falke-abwehrdrohne-faengt-gegnerische-drohnen-ein-2735046<\/a><br><br><\/li>\n\n\n\n<li><strong>Merkur: <\/strong>\u201eFalke\u201c f\u00e4ngt Drohnen mit Netz: Abwehrsystem f\u00fcr Flugh\u00e4fen (31.01.2023) dpa. <br><a href=\"https:\/\/www.merkur.de\/deutschland\/hamburg\/falke-faengt-drohnen-mit-netz-abwehrsystem-fuer-flughaefen-zr- 92058812.html?itm_source=story_detail&amp;itm_medium=interaction_bar&amp;itm_campaig n=share\" rel='nofollow'>https:\/\/www.merkur.de\/deutschland\/hamburg\/falke-faengt-drohnen-mit-netz-abwehrsystem-fuer-flughaefen-zr-92058812.html?itm_source=story_detail&amp;itm_medium=interaction_bar&amp;itm_campaig n=share<\/a><br><br><\/li>\n\n\n\n<li><strong>Aero.de:<\/strong> Wenn die Drohne auf Drohnenjagd geht (31.01.2023) dpa.<br><a href=\"https:\/\/www.aero.de\/news-44407\/Wenn-die-Drohne-auf-Drohnenjagd-geht.html\" rel='nofollow'>https:\/\/www.aero.de\/news-44407\/Wenn-die-Drohne-auf-Drohnenjagd-geht.html<\/a><br><br><\/li>\n\n\n\n<li><strong>Airliners.de:<\/strong> Wissenschaftler pr\u00e4sentieren Abwehrdrohne zum Schutz von Flugh\u00e4fen (31.01.2012) dpa. <a href=\"https:\/\/www.airliners.de\/wissenschaftler-praesentieren-abwehrdrohne-schutz-flughaefen\/67614\" rel='nofollow'>https:\/\/www.airliners.de\/wissenschaftler-praesentieren-abwehrdrohne-schutz-flughaefen\/67614<\/a><br><br><\/li>\n\n\n\n<li><strong>Tageblatt:<\/strong> \u201eFalke\u201c auf Drohnenjagd &#8211; Neues Abwehrsystem f\u00fcr Flugh\u00e4fen (31.01.2023) hinter einer Paywall <br><a href=\"https:\/\/www.tageblatt.de\/welt\/hamburg_artikel,-falkeauf-drohnenjagd-neues-abwehrsystem-f%C3%BCr-flugh%C3%A4fen-_arid,2758764.html\" rel='nofollow'>https:\/\/www.tageblatt.de\/welt\/hamburg_artikel,-falkeauf-drohnenjagd-neues-abwehrsystem-f%C3%BCr-flugh%C3%A4fen-_arid,2758764.html<\/a><br><br><\/li>\n\n\n\n<li><strong>T\u00e4glicher Hafenbericht:<\/strong> Der \u201eFalke\u201c macht Jagd auf illegal fliegende Drohnen (31.01.2023) dpa. <br><a href=\"https:\/\/www.thb.info\/rubriken\/technik\/detail\/news\/der-falke-macht-jagd-auf-illegal-fliegende-drohnen.html\" rel='nofollow'>https:\/\/www.thb.info\/rubriken\/technik\/detail\/news\/der-falke-macht-jagd-auf-illegal-fliegende-drohnen.html<\/a><br><br><\/li>\n\n\n\n<li><strong>Vodafone:<\/strong> \u00abFalke\u00bb f\u00e4ngt Drohnen mit Netz: Abwehrsystem f\u00fcr Flugh\u00e4fen (31.01.2023) dpa. <br><a href=\"https:\/\/live.vodafone.de\/regional\/hamburgsh\/hamburg-falke-faengt-drohnen-mit-netz-abwehrsystem-fuer-flughaefen\/11899406\" rel='nofollow'>https:\/\/live.vodafone.de\/regional\/hamburgsh\/hamburg-falke-faengt-drohnen-mit-netz-abwehrsystem-fuer-flughaefen\/11899406<\/a><br><br><\/li>\n\n\n\n<li><strong>Idw:<\/strong> Sichere Drohnenfl\u00fcge \u00fcber deutschen Metropolen (31.01.2023). <a href=\"https:\/\/idw-online.de\/de\/news808490\" rel='nofollow'>https:\/\/idw-online.de\/de\/news808490<\/a><br><br><\/li>\n\n\n\n<li><strong>Head Topics Deutschland:<\/strong> Projekt &#8218;Falke&#8216;: Abfangdrohne holt Drohnen mit Netz vom Himmel (31.01.2023). <br><a href=\"https:\/\/headtopics.com\/de\/projekt-falke-abfangdrohne-holt-drohnen-mit-netz-vom-himmel-34797581\" rel='nofollow'>https:\/\/headtopics.com\/de\/projekt-falke-abfangdrohne-holt-drohnen-mit-netz-vom-himmel-34797581<\/a><br><br><\/li>\n\n\n\n<li><strong>msn: <\/strong>\u00abFalke\u00bb f\u00e4ngt Drohnen mit Netz: Abwehrsystem f\u00fcr Flugh\u00e4fen (31.01.2023) dpa. <br><a href=\"https:\/\/www.msn.com\/de-de\/finanzen\/top-stories\/falke-f%C3%A4ngt-drohnen-mit-netz-abwehrsystem-f%C3%BCr-flugh%C3%A4fen\/ar-AA16V5FG\" rel='nofollow'>https:\/\/www.msn.com\/de-de\/finanzen\/top-stories\/falke-f%C3%A4ngt-drohnen-mit-netz-abwehrsystem-f%C3%BCr-flugh%C3%A4fen\/ar-AA16V5FG<\/a><br><br><\/li>\n\n\n\n<li><strong>flipboard:<\/strong> Projekt &#8222;Falke&#8220;: Abfangdrohne holt Drohnen mit Netz vom Himmel (31.01.2023) verweist auf den heise Beitrag. <br><a href=\"https:\/\/flipboard.com\/topic\/de-drohnen\/projekt-falke-abfangdrohne-holt-drohnen-mit-netz-vom-himmel\/a-A9z7PKyLRdmgtjGA-DZTFg%3Aa%3A2831390041-523791c1b2%2Fheise.de\" rel='nofollow'>https:\/\/flipboard.com\/topic\/de-drohnen\/projekt-falke-abfangdrohne-holt-drohnen-mit-netz-vom-himmel\/a-A9z7PKyLRdmgtjGA-DZTFg%3Aa%3A2831390041-523791c1b2%2Fheise.de<\/a><br><br><\/li>\n\n\n\n<li><strong>Deutschlandfunk:<\/strong> Drohnen \u2013 Feldversuch zur Abwehr startet am Hamburger Flughafen (31.01.2023). <br><a href=\"https:\/\/www.deutschlandfunk.de\/drohnen-feldversuch-zur-abwehr-startet-am-hamburger-flughafen-dlf-c0064af3-100.html\" rel='nofollow'>https:\/\/www.deutschlandfunk.de\/drohnen-feldversuch-zur-abwehr-startet-am-hamburger-flughafen-dlf-c0064af3-100.html<\/a><br><br><\/li>\n\n\n\n<li><strong>NDR:<\/strong> Universit\u00e4t der Bundeswehr stellt Abwehrdrohne vor (31.01.2023).<br><a href=\"https:\/\/www.ndr.de\/nachrichten\/hamburg\/Universitaet-der-Bundeswehr-stellt-Abwehrdrohne-vor,kurzehh3100.html\" rel='nofollow'>https:\/\/www.ndr.de\/nachrichten\/hamburg\/Universitaet-der-Bundeswehr-stellt-Abwehrdrohne-vor,kurzehh3100.html<\/a><br><br><\/li>\n\n\n\n<li><strong>Radio Hamburg:<\/strong> Abwehrdrohne soll gegnerische Drohnen mit Netz einfangen (31.01.2023) dpa. <br><a href=\"https:\/\/www.radiohamburg.de\/aktuelles\/hamburg\/Abwehrdrohne-soll-gegnerische-Drohnen-mit-Netz-einfangen-id825549.html\" rel='nofollow'>https:\/\/www.radiohamburg.de\/aktuelles\/hamburg\/Abwehrdrohne-soll-gegnerische-Drohnen-mit-Netz-einfangen-id825549.html<\/a><br><br><\/li>\n\n\n\n<li><strong>Ostseewelle:<\/strong> \u00abFalke\u00bb f\u00e4ngt Drohnen mit Netz: Abwehrsystem f\u00fcr Flugh\u00e4fen (31.01.2023) dpa.<br><a href=\"https:\/\/www.ostseewelle.de\/nachrichten\/nachrichtentickerhsh\/%C2%ABFalke%C2%BB-f%C3%A4ngt-Drohnen-mit-Netz-Abwehrsystem-f%C3%BCr-Flugh%C3%A4fen-id824981.html\" rel='nofollow'>https:\/\/www.ostseewelle.de\/nachrichten\/nachrichtentickerhsh\/%C2%ABFalke%C2%BB-f%C3%A4ngt-Drohnen-mit-Netz-Abwehrsystem-f%C3%BCr-Flugh%C3%A4fen-id824981.html<\/a><br><br><\/li>\n\n\n\n<li><strong>Mit Falke gegen illegale Drohnen<\/strong>: Rotary Magazin, Ralf Heynicke (01.09.2020)<br><a href=\"https:\/\/rotary.de\/gesellschaft\/mit-falke-gegen-illegale-drohnen-a-16598.html\" rel='nofollow'>https:\/\/rotary.de\/gesellschaft\/mit-falke-gegen-illegale-drohnen-a-16598.html<\/a><br><\/li>\n\n\n\n<li><strong>Betrieb von Drohnen &#8211; EU-weit gelten k\u00fcnftig dieselben Regeln<\/strong> <br>Tagesschau 11.06.2019<br><a href=\"https:\/\/www.tagesschau.de\/inland\/drohnen-159.html\" rel='nofollow'>https:\/\/www.tagesschau.de\/inland\/drohnen-159.html<\/a><\/li>\n<\/ul>\n\n\n\n<hr class=\"wp-block-separator has-alpha-channel-opacity\" \/>\n","protected":false},"excerpt":{"rendered":"","protected":false},"author":62,"featured_media":0,"parent":0,"menu_order":0,"comment_status":"closed","ping_status":"closed","template":"","meta":{"footnotes":""},"categories":[4],"tags":[],"class_list":["post-968","page","type-page","status-publish","hentry","category-forschung"],"_links":{"self":[{"href":"https:\/\/www.hsu-hh.de\/emt\/wp-json\/wp\/v2\/pages\/968","targetHints":{"allow":["GET"]}}],"collection":[{"href":"https:\/\/www.hsu-hh.de\/emt\/wp-json\/wp\/v2\/pages"}],"about":[{"href":"https:\/\/www.hsu-hh.de\/emt\/wp-json\/wp\/v2\/types\/page"}],"author":[{"embeddable":true,"href":"https:\/\/www.hsu-hh.de\/emt\/wp-json\/wp\/v2\/users\/62"}],"replies":[{"embeddable":true,"href":"https:\/\/www.hsu-hh.de\/emt\/wp-json\/wp\/v2\/comments?post=968"}],"version-history":[{"count":48,"href":"https:\/\/www.hsu-hh.de\/emt\/wp-json\/wp\/v2\/pages\/968\/revisions"}],"predecessor-version":[{"id":1505,"href":"https:\/\/www.hsu-hh.de\/emt\/wp-json\/wp\/v2\/pages\/968\/revisions\/1505"}],"wp:attachment":[{"href":"https:\/\/www.hsu-hh.de\/emt\/wp-json\/wp\/v2\/media?parent=968"}],"wp:term":[{"taxonomy":"category","embeddable":true,"href":"https:\/\/www.hsu-hh.de\/emt\/wp-json\/wp\/v2\/categories?post=968"},{"taxonomy":"post_tag","embeddable":true,"href":"https:\/\/www.hsu-hh.de\/emt\/wp-json\/wp\/v2\/tags?post=968"}],"curies":[{"name":"wp","href":"https:\/\/api.w.org\/{rel}","templated":true}]}}