{"id":325,"date":"2017-11-08T13:30:32","date_gmt":"2017-11-08T12:30:32","guid":{"rendered":"https:\/\/www.hsu-hh.de\/emt\/?page_id=325"},"modified":"2025-07-04T11:29:49","modified_gmt":"2025-07-04T09:29:49","slug":"univ-prof-dr-ing-gerd-scholl-en","status":"publish","type":"page","link":"https:\/\/www.hsu-hh.de\/emt\/en\/staff\/univ-prof-dr-ing-gerd-scholl-en","title":{"rendered":"Univ.-Prof. Dr.-Ing. Gerd Scholl"},"content":{"rendered":"\n<div class=\"wp-block-columns is-layout-flex wp-container-core-columns-is-layout-9d6595d7 wp-block-columns-is-layout-flex\">\n<div class=\"wp-block-column is-layout-flow wp-block-column-is-layout-flow\">\n<h2 class=\"wp-block-heading\">Postal Address<\/h2>\n\n\n\n<p>Helmut-Schmidt-Universit\u00e4t <br>Fakult\u00e4t f\u00fcr Elektrotechnik <br>Professur f\u00fcr Elektrische Messtechnik <br>Postfach 700822 <br>22008 Hamburg<\/p>\n<\/div>\n\n\n\n<div class=\"wp-block-column is-layout-flow wp-block-column-is-layout-flow\">\n<h2 class=\"wp-block-heading\">Address<\/h2>\n\n\n\n<p>Helmut-Schmidt-Universit\u00e4t<br>Geb\u00e4udes H1<br>Holstenhofweg 85<br>22043 Hamburg<\/p>\n<\/div>\n\n\n\n<div class=\"wp-block-column is-layout-flow wp-block-column-is-layout-flow\">\n<h2 class=\"wp-block-heading\">Room:<\/h2>\n\n\n\n<p>1115<\/p>\n\n\n\n<h2 class=\"wp-block-heading\">Phone:<\/h2>\n\n\n\n<p>+49-40-6541-3341<\/p>\n\n\n\n<h2 class=\"wp-block-heading\">E-Mail:<\/h2>\n\n\n\n<p>info.emt@hsu-hh.de<\/p>\n<\/div>\n<\/div>\n\n\n\n<p><\/p>\n","protected":false},"excerpt":{"rendered":"<p>Postal Address Helmut-Schmidt-Universit\u00e4t Fakult\u00e4t f\u00fcr Elektrotechnik Professur f\u00fcr Elektrische Messtechnik Postfach 700822 22008 Hamburg Address Helmut-Schmidt-Universit\u00e4tGeb\u00e4udes H1Holstenhofweg 8522043 Hamburg Room: 1115 Phone: +49-40-6541-3341 E-Mail: info.emt@hsu-hh.de<\/p>\n","protected":false},"author":62,"featured_media":0,"parent":330,"menu_order":0,"comment_status":"closed","ping_status":"closed","template":"","meta":{"footnotes":""},"categories":[9],"tags":[],"class_list":["post-325","page","type-page","status-publish","hentry","category-team-en"],"_links":{"self":[{"href":"https:\/\/www.hsu-hh.de\/emt\/wp-json\/wp\/v2\/pages\/325","targetHints":{"allow":["GET"]}}],"collection":[{"href":"https:\/\/www.hsu-hh.de\/emt\/wp-json\/wp\/v2\/pages"}],"about":[{"href":"https:\/\/www.hsu-hh.de\/emt\/wp-json\/wp\/v2\/types\/page"}],"author":[{"embeddable":true,"href":"https:\/\/www.hsu-hh.de\/emt\/wp-json\/wp\/v2\/users\/62"}],"replies":[{"embeddable":true,"href":"https:\/\/www.hsu-hh.de\/emt\/wp-json\/wp\/v2\/comments?post=325"}],"version-history":[{"count":4,"href":"https:\/\/www.hsu-hh.de\/emt\/wp-json\/wp\/v2\/pages\/325\/revisions"}],"predecessor-version":[{"id":1035,"href":"https:\/\/www.hsu-hh.de\/emt\/wp-json\/wp\/v2\/pages\/325\/revisions\/1035"}],"up":[{"embeddable":true,"href":"https:\/\/www.hsu-hh.de\/emt\/wp-json\/wp\/v2\/pages\/330"}],"wp:attachment":[{"href":"https:\/\/www.hsu-hh.de\/emt\/wp-json\/wp\/v2\/media?parent=325"}],"wp:term":[{"taxonomy":"category","embeddable":true,"href":"https:\/\/www.hsu-hh.de\/emt\/wp-json\/wp\/v2\/categories?post=325"},{"taxonomy":"post_tag","embeddable":true,"href":"https:\/\/www.hsu-hh.de\/emt\/wp-json\/wp\/v2\/tags?post=325"}],"curies":[{"name":"wp","href":"https:\/\/api.w.org\/{rel}","templated":true}]}}