{"id":270,"date":"2019-12-08T09:38:29","date_gmt":"2019-12-08T08:38:29","guid":{"rendered":"https:\/\/www.hsu-hh.de\/emt\/?page_id=270"},"modified":"2024-08-29T14:48:52","modified_gmt":"2024-08-29T12:48:52","slug":"uas-abfangsysteme","status":"publish","type":"page","link":"https:\/\/www.hsu-hh.de\/emt\/uas-abfangsysteme","title":{"rendered":"UAS-Abfangsysteme"},"content":{"rendered":"\n<p>Am ersten 01.06.2023 wurde zwischen der Helmut-Schmidt-Universit\u00e4t und der Argus Interception <abbr title=\"Gesellschaft mit beschr\u00e4nkter Haftung\">GmbH<\/abbr> ein Kooperationsvertrag \u00fcber die Durchf\u00fchrung gemeinsamer Forschungsarbeiten auf dem Gebiet von Counter-sUAS Systemen geschlossen. Dieser Vertrag bildet die Grundlage, die in den Forschungsprojekten erarbeiteten Resultate zu industrialisieren. <a href=\"https:\/\/argus-interception.com\" rel='nofollow'>https:\/\/argus-interception.com<\/a><\/p>\n\n\n\n<div style=\"height:9px\" aria-hidden=\"true\" class=\"wp-block-spacer\"><\/div>\n\n\n\n<h1 class=\"wp-block-heading\">UAS-Abfangsysteme<\/h1>\n\n\n<p style=\"text-align: left\">Unter der Leitung der Helmut-Schmidt-Universit\u00e4t wird in Zusammenarbeit mit allen Projektpartnern am Flughafen Hamburg das erste vollumfassende Drohnenabwehrsystem eingerichtet.<\/p>\n<p><img loading=\"lazy\" decoding=\"async\" class=\"aligncenter wp-image-549 size-large\" src=\"https:\/\/www.hsu-hh.de\/emt\/wp-content\/uploads\/sites\/686\/2019\/12\/Berlin10.12-1024x777.jpeg\" alt=\"Start des Projektes FALKE\" width=\"1024\" height=\"777\" data-credit=\"Dr.-Ing.-Ralf Heynicke \" srcset=\"https:\/\/www.hsu-hh.de\/emt\/wp-content\/uploads\/sites\/686\/2019\/12\/Berlin10.12-1024x777.jpeg 1024w, https:\/\/www.hsu-hh.de\/emt\/wp-content\/uploads\/sites\/686\/2019\/12\/Berlin10.12-300x228.jpeg 300w, https:\/\/www.hsu-hh.de\/emt\/wp-content\/uploads\/sites\/686\/2019\/12\/Berlin10.12-768x582.jpeg 768w\" sizes=\"auto, (max-width: 1024px) 100vw, 1024px\" \/><\/p>\n<p><strong>Bundesverkehrsminister Andreas Scheuer \u00fcbergab den F\u00f6rderbescheid f\u00fcr das Projekt \u201eFALKE\u201c am 10. Dezember 2019 an die beteiligten Konsortialpartner. An die <abbr title=\"Helmut Schmidt Universit\u00e4t\">HSU<\/abbr> flie\u00dfen davon ca. 800.000 Euro zur Finanzierung von drei Wissenschaftlichen Mitarbeitern \u00fcber einen Zeitraum von drei Jahren.<\/strong><\/p>\n<p>Der Luftverkehr ist ein wichtiges Verbindungsglied f\u00fcr eine international vernetzte Gesellschaft. St\u00f6rungen, insbesondere an Knotenpunkten des eng getakteten und vernetzten Flugverkehrs, haben erhebliche weltweite Auswirkungen.<\/p>\n<p>Unmanned Aerial System (UAS) in Kontrollzonen gef\u00e4hrden zunehmend den Betrieb von Verkehrsflugh\u00e4fen. Im vergangenen Jahr wurden 125 Behinderungen auf deutschen Flugh\u00e4fen registriert. Die Gef\u00e4hrdung von Personen und Flugger\u00e4t sowie der wirtschaftliche Schaden sind erheblich.<\/p>\n<p><strong>Derzeit ist keine umfassende und integrierte Gesamtl\u00f6sung zum Abfangen von unerw\u00fcnschten UAS an Flugh\u00e4fen bekannt.<\/strong><\/p>\n<p>Beispielhaft wird am Flughafen Hamburg ein technisches und organisatorisches Gesamtkonzept entwickelt und demonstriert, von der Detektion eines unerw\u00fcnschten UAS bis zum automatisierten Einsatz eines Abfang-UAS f\u00fcr dessen sicheren Abtransport, unter Beachtung aller Zust\u00e4ndigkeits- und Verantwortungsbereiche und mit klar definierten Prozessabl\u00e4ufen und Schnittstellen.<\/p>\n<p>Eine der Besonderheiten des Projektes ist, dass erstmals alle an dem Prozess beteiligten Stakeholder zusammenarbeiten, um gemeinsam eine Technologie-Plattform zu definieren. Diese soll dann als \u201eBlaupause\u201c auch f\u00fcr andere Flugh\u00e4fen zum Einsatz kommen.<\/p>\n<p>Das Team der Professur f\u00fcr Elektrische Messtechnik wird zusammen mit den Firmen Hensoldt und EuroAvionics die Technik f\u00fcr das automatisierte Einfangen, den sogenannten \u201eDog-Fight\u201c, und den automatisierten Abtransport eines am Flughafen illegal operierenden UAS entwickeln.<\/p>\n<p><strong>Projektpartner sind:<\/strong><\/p>\n<ul>\n<li>Bundespolizei<\/li>\n<li>DFS Deutsche Flugsicherung <abbr title=\"Gesellschaft mit beschr\u00e4nkter Haftung\">GmbH<\/abbr><\/li>\n<li>Deutsche Lufthansa AG<\/li>\n<li>Flughafen Hamburg <abbr title=\"Gesellschaft mit beschr\u00e4nkter Haftung\">GmbH<\/abbr><\/li>\n<li>Hensoldt Sensors <abbr title=\"Gesellschaft mit beschr\u00e4nkter Haftung\">GmbH<\/abbr><\/li>\n<li>Helmut-Schmidt-Universit\u00e4t (Konsortialf\u00fchrer)<\/li>\n<li>EuroAvionics <abbr title=\"Gesellschaft mit beschr\u00e4nkter Haftung\">GmbH<\/abbr><\/li>\n<li>Frequentis Comsoft <abbr title=\"Gesellschaft mit beschr\u00e4nkter Haftung\">GmbH<\/abbr><\/li>\n<\/ul>\n<p><strong>Assoziierte Partner sind:<\/strong><\/p>\n<ul>\n<li>Beh\u00f6rde f\u00fcr Wirtschaft, Verkehr und Innovation der Hansestadt Hamburg<\/li>\n<li>National Coordinator for Security and Counterterrorism; Ministry of Justice and Security; Netherlands;<\/li>\n<\/ul>\n<hr \/>\n<h2>&#8222;FALKE II&#8220;<\/h2>\n<p>Wir haben unser Counter-sUAS-UAS FALKE entscheidend weiterentwickelt zu FALKE II und dieses bereits der ehemaligen Verteidigungsministerin, Frau Lambrecht, und dem Generalinspekteur der Bundeswehr, Herrn General Breuer, erfolgreich vorgef\u00fchrt.<\/p>\n<p>Diesmal waren wir Ende Juni 2023 der Einladung des \u00f6sterreichischen Bundesheeres gefolgt, an der \u00dcbung RedFlag2 teilzunehmen. FALKE II wurde zum Abfangen von bewegten gegnerischen UAVs auf gro\u00dfe Distanzen erfolgreich eingesetzt und konnte alle angewandten &#8222;Hardkill&#8220; Optionsparameter entscheidend \u00fcbertreffen.<\/p>\n<p><strong>Ergebnis: Alle 11 vorgegebene Ziele wurden jeweils mit dem ersten Schuss bek\u00e4mpft!<\/strong><\/p>\n<h3><img loading=\"lazy\" decoding=\"async\" class=\"aligncenter size-full-image wp-image-884\" src=\"https:\/\/www.hsu-hh.de\/emt\/wp-content\/uploads\/sites\/686\/2023\/07\/RedFlag-1100x619.jpg\" alt=\"Bild RedFlag 2\" width=\"1100\" height=\"619\" data-credit=\"Dr. Ing. Ralf Heynicke\" srcset=\"https:\/\/www.hsu-hh.de\/emt\/wp-content\/uploads\/sites\/686\/2023\/07\/RedFlag-1100x619.jpg 1100w, https:\/\/www.hsu-hh.de\/emt\/wp-content\/uploads\/sites\/686\/2023\/07\/RedFlag-300x169.jpg 300w, https:\/\/www.hsu-hh.de\/emt\/wp-content\/uploads\/sites\/686\/2023\/07\/RedFlag-1024x576.jpg 1024w, https:\/\/www.hsu-hh.de\/emt\/wp-content\/uploads\/sites\/686\/2023\/07\/RedFlag-768x432.jpg 768w, https:\/\/www.hsu-hh.de\/emt\/wp-content\/uploads\/sites\/686\/2023\/07\/RedFlag.jpg 1280w\" sizes=\"auto, (max-width: 1100px) 100vw, 1100px\" \/><\/h3>\n<h3>Automatisierte Abfangdrohe<\/h3>\n<ul>\n<li>Vollst\u00e4ndig automatisiert mit st\u00e4ndiger Eingriffsm\u00f6glichkeit durch Operator (juristisch: Assistenzsystem f\u00fcr Drohnenpiloten)<\/li>\n<li>Dynamischer Dog-Fight<\/li>\n<li>Mobil und station\u00e4r f\u00fcr 24\/7-Betrieb einsatzf\u00e4hig<\/li>\n<li>Automatisierter Abtransport an frei definierbare Ablageorte<\/li>\n<li>Modulares System mit Standard-Schnittstellen an C3-System anbindbar<\/li>\n<\/ul>\n<ul>\n<li>Geschwindigkeit bis zu 100km\/h<\/li>\n<li>Gr\u00f6\u00dfe: 1,4m Durchmesser<\/li>\n<li>Gewicht: &lt;20kg<\/li>\n<li>Druckluft betriebene Netzwerfer<\/li>\n<li>Multi-Sensorik<\/li>\n<li>KI-gest\u00fctzte Bildverarbeitung<\/li>\n<li>Bewegungsanalysen und Trajektorienpr\u00e4diktion<\/li>\n<li>Intelligente Abfangstrategien f\u00fcr automatisierten Abfangprozess<\/li>\n<\/ul>\n<hr \/>\n<p>F\u00fcr Informationen kontaktieren Sie bitte Herr <a href=\"https:\/\/www.hsu-hh.de\/emt\/univ-prof-dr-ing-gerd-scholl\/\"><abbr title=\"Universit\u00e4tsprofessor\">Univ.-Prof.<\/abbr> <abbr title=\"Doktor\">Dr.<\/abbr>&#8211;<abbr title=\"Ingenieur\">Ing.<\/abbr> G. Scholl<\/a> oder Herr <a href=\"https:\/\/www.hsu-hh.de\/emt\/dr-ing-ralf-heynicke\/\"><abbr title=\"Doktor\">Dr.<\/abbr>&#8211;<abbr title=\"Ingenieur\">Ing.<\/abbr> R. Heynicke<\/a><\/p>","protected":false},"excerpt":{"rendered":"<p>Am ersten 01.06.2023 wurde zwischen der Helmut-Schmidt-Universit\u00e4t und der Argus Interception GmbH ein Kooperationsvertrag \u00fcber die Durchf\u00fchrung gemeinsamer Forschungsarbeiten auf dem Gebiet von Counter-sUAS Systemen geschlossen. Dieser Vertrag bildet die [&hellip;]<\/p>\n","protected":false},"author":62,"featured_media":0,"parent":0,"menu_order":0,"comment_status":"closed","ping_status":"closed","template":"","meta":{"footnotes":""},"categories":[4],"tags":[],"class_list":["post-270","page","type-page","status-publish","hentry","category-forschung"],"_links":{"self":[{"href":"https:\/\/www.hsu-hh.de\/emt\/wp-json\/wp\/v2\/pages\/270","targetHints":{"allow":["GET"]}}],"collection":[{"href":"https:\/\/www.hsu-hh.de\/emt\/wp-json\/wp\/v2\/pages"}],"about":[{"href":"https:\/\/www.hsu-hh.de\/emt\/wp-json\/wp\/v2\/types\/page"}],"author":[{"embeddable":true,"href":"https:\/\/www.hsu-hh.de\/emt\/wp-json\/wp\/v2\/users\/62"}],"replies":[{"embeddable":true,"href":"https:\/\/www.hsu-hh.de\/emt\/wp-json\/wp\/v2\/comments?post=270"}],"version-history":[{"count":14,"href":"https:\/\/www.hsu-hh.de\/emt\/wp-json\/wp\/v2\/pages\/270\/revisions"}],"predecessor-version":[{"id":1215,"href":"https:\/\/www.hsu-hh.de\/emt\/wp-json\/wp\/v2\/pages\/270\/revisions\/1215"}],"wp:attachment":[{"href":"https:\/\/www.hsu-hh.de\/emt\/wp-json\/wp\/v2\/media?parent=270"}],"wp:term":[{"taxonomy":"category","embeddable":true,"href":"https:\/\/www.hsu-hh.de\/emt\/wp-json\/wp\/v2\/categories?post=270"},{"taxonomy":"post_tag","embeddable":true,"href":"https:\/\/www.hsu-hh.de\/emt\/wp-json\/wp\/v2\/tags?post=270"}],"curies":[{"name":"wp","href":"https:\/\/api.w.org\/{rel}","templated":true}]}}