{"id":216,"date":"2017-11-07T10:28:36","date_gmt":"2017-11-07T09:28:36","guid":{"rendered":"https:\/\/www.hsu-hh.de\/emt\/?page_id=216"},"modified":"2020-04-05T16:55:19","modified_gmt":"2020-04-05T14:55:19","slug":"bachler-masterarbeiten","status":"publish","type":"page","link":"https:\/\/www.hsu-hh.de\/emt\/bachler-masterarbeiten","title":{"rendered":"Bachelor-\/Masterarbeiten"},"content":{"rendered":"<p>Wir bieten regelm\u00e4\u00dfig wissenschaftliche Arbeiten zu den Themenbreichen der Elektrotechnik und Informatik angeboten.<\/p>\n<p>Im folgenden sind die Themengebiete aufgef\u00fchrt:<\/p>\n<ul>\n<li>Systementwicklung\n<ul>\n<li>Industrielle Kommunikation<\/li>\n<li>Drahtlose Kommunikation<\/li>\n<li>IIOT<\/li>\n<\/ul>\n<\/li>\n<li>Hardwareentwicklung\n<ul>\n<li>Planung und Herstellung von Systemen und Teilsystemen<\/li>\n<li>Planung und Herstellung von Platinen<\/li>\n<li>Entwicklung von autonomen Systemen<\/li>\n<\/ul>\n<\/li>\n<li>Softwareentwicklung\n<ul>\n<li>Microcontroller-Programmierung in C\/C++<\/li>\n<li>FPGA-Programmierung in VHDL<\/li>\n<li>Programmierung von MultiCore &#8211; SoCs<\/li>\n<li>Entwicklung von Darstellungen mit DirectX-3D<\/li>\n<li>Anwendungsprogrammierung in C\/C++, C#<\/li>\n<li>Algorithmenentwicklung in C\/C++ mit OpenCV<\/li>\n<\/ul>\n<\/li>\n<li>Weiterentwicklung bestehender Systeme<\/li>\n<li>Projektbezogenen Themen\n<ul>\n<li>Projektspezifische Aufgaben im Bereich Wireless Automation (IO-Link Wireless)<\/li>\n<li>Projektspezifische Aufgaben im Bereich Drohenabwehr<\/li>\n<\/ul>\n<\/li>\n<\/ul>\n<p>Die konkreten Themen werden mit den Betreuern zusammen festgelegt.<\/p>\n<p>Kommen sie einfach vorbei und machen sie sich ein Bild vor Ort. Gerne bieten wir ihnen die M\u00f6glichkeit, die Professur f\u00fcr Elektrische Messtechnik und das Team n\u00e4her kennen zu lernen. Sie k\u00f6nnen sich einen \u00dcberblick \u00fcber die verf\u00fcgbaren, nicht ausgeschriebe Themen verschaffen und direkt mit den Betreuern am System \u00fcber ihre Themen und Ideen sprechen.<\/p>\n<p>Sie haben kein Thema gefunden oder habe bereits eine Idee f\u00fcr ein Thema und keinen Betreuer? Kein Problem. Sprechen sie uns direkt im Labor EMT (H1 R1490) an oder schreiben sie eine E-Mail.<\/p>\n<p>&nbsp;<\/p>\n<p>Unsere aktuellen Themen finden sie im <a href=\"https:\/\/ilias.hsu-hh.de\/ilias.php?ref_id=257532&amp;cmd=frameset&amp;cmdClass=ilrepositorygui&amp;cmdNode=x2&amp;baseClass=ilRepositoryGUI\" rel='nofollow'>ILIAS &#8211; Professur f\u00fcr Elektrische Messtechnik<\/a><\/p>\n","protected":false},"excerpt":{"rendered":"<p>Wir bieten regelm\u00e4\u00dfig wissenschaftliche Arbeiten zu den Themenbreichen der Elektrotechnik und Informatik angeboten. Im folgenden sind die Themengebiete aufgef\u00fchrt: Systementwicklung Industrielle Kommunikation Drahtlose Kommunikation IIOT Hardwareentwicklung Planung und Herstellung von [&hellip;]<\/p>\n","protected":false},"author":158,"featured_media":0,"parent":0,"menu_order":0,"comment_status":"closed","ping_status":"closed","template":"","meta":{"footnotes":""},"categories":[],"tags":[],"class_list":["post-216","page","type-page","status-publish","hentry"],"_links":{"self":[{"href":"https:\/\/www.hsu-hh.de\/emt\/wp-json\/wp\/v2\/pages\/216","targetHints":{"allow":["GET"]}}],"collection":[{"href":"https:\/\/www.hsu-hh.de\/emt\/wp-json\/wp\/v2\/pages"}],"about":[{"href":"https:\/\/www.hsu-hh.de\/emt\/wp-json\/wp\/v2\/types\/page"}],"author":[{"embeddable":true,"href":"https:\/\/www.hsu-hh.de\/emt\/wp-json\/wp\/v2\/users\/158"}],"replies":[{"embeddable":true,"href":"https:\/\/www.hsu-hh.de\/emt\/wp-json\/wp\/v2\/comments?post=216"}],"version-history":[{"count":5,"href":"https:\/\/www.hsu-hh.de\/emt\/wp-json\/wp\/v2\/pages\/216\/revisions"}],"predecessor-version":[{"id":624,"href":"https:\/\/www.hsu-hh.de\/emt\/wp-json\/wp\/v2\/pages\/216\/revisions\/624"}],"wp:attachment":[{"href":"https:\/\/www.hsu-hh.de\/emt\/wp-json\/wp\/v2\/media?parent=216"}],"wp:term":[{"taxonomy":"category","embeddable":true,"href":"https:\/\/www.hsu-hh.de\/emt\/wp-json\/wp\/v2\/categories?post=216"},{"taxonomy":"post_tag","embeddable":true,"href":"https:\/\/www.hsu-hh.de\/emt\/wp-json\/wp\/v2\/tags?post=216"}],"curies":[{"name":"wp","href":"https:\/\/api.w.org\/{rel}","templated":true}]}}