{"id":204,"date":"2017-11-07T10:14:33","date_gmt":"2017-11-07T09:14:33","guid":{"rendered":"https:\/\/www.hsu-hh.de\/emt\/?page_id=204"},"modified":"2025-07-04T11:31:56","modified_gmt":"2025-07-04T09:31:56","slug":"m-sc-kunal-singh-de","status":"publish","type":"page","link":"https:\/\/www.hsu-hh.de\/emt\/mitarbeiter\/m-sc-kunal-singh-de","title":{"rendered":"M. Sc. Kunal Singh"},"content":{"rendered":"\n<div class=\"wp-block-columns is-layout-flex wp-container-core-columns-is-layout-9d6595d7 wp-block-columns-is-layout-flex\">\n<div class=\"wp-block-column is-layout-flow wp-block-column-is-layout-flow\">\n<h2 class=\"wp-block-heading\">Postanschrift<\/h2>\n\n\n\n<p>Helmut-Schmidt-Universit\u00e4t <br>Fakult\u00e4t f\u00fcr Elektrotechnik <br>Professur f\u00fcr Elektrische Messtechnik <br>Postfach 700822 <br>22008 Hamburg<\/p>\n<\/div>\n\n\n\n<div class=\"wp-block-column is-layout-flow wp-block-column-is-layout-flow\">\n<h2 class=\"wp-block-heading\">Besucheranschrift<\/h2>\n\n\n\n<p>Helmut-Schmidt-Universit\u00e4t<br>Geb\u00e4udes H1<br>Holstenhofweg 85<br>22043 Hamburg<\/p>\n<\/div>\n\n\n\n<div class=\"wp-block-column is-layout-flow wp-block-column-is-layout-flow\">\n<h2 class=\"wp-block-heading\">Raum:<\/h2>\n\n\n\n<p>1493<\/p>\n\n\n\n<h2 class=\"wp-block-heading\">Tel.: <\/h2>\n\n\n\n<p>+49-40-6541-2649<\/p>\n\n\n\n<h2 class=\"wp-block-heading\">E-Mail:<\/h2>\n\n\n\n<p>info.emt@hsu-hh.de<\/p>\n<\/div>\n<\/div>\n\n\n\n<p><\/p>\n","protected":false},"excerpt":{"rendered":"<p>Postanschrift Helmut-Schmidt-Universit\u00e4t Fakult\u00e4t f\u00fcr Elektrotechnik Professur f\u00fcr Elektrische Messtechnik Postfach 700822 22008 Hamburg Besucheranschrift Helmut-Schmidt-Universit\u00e4tGeb\u00e4udes H1Holstenhofweg 8522043 Hamburg Raum: 1493 Tel.: +49-40-6541-2649 E-Mail: info.emt@hsu-hh.de<\/p>\n","protected":false},"author":62,"featured_media":0,"parent":109,"menu_order":0,"comment_status":"closed","ping_status":"closed","template":"","meta":{"footnotes":""},"categories":[8],"tags":[],"class_list":["post-204","page","type-page","status-publish","hentry","category-team"],"_links":{"self":[{"href":"https:\/\/www.hsu-hh.de\/emt\/wp-json\/wp\/v2\/pages\/204","targetHints":{"allow":["GET"]}}],"collection":[{"href":"https:\/\/www.hsu-hh.de\/emt\/wp-json\/wp\/v2\/pages"}],"about":[{"href":"https:\/\/www.hsu-hh.de\/emt\/wp-json\/wp\/v2\/types\/page"}],"author":[{"embeddable":true,"href":"https:\/\/www.hsu-hh.de\/emt\/wp-json\/wp\/v2\/users\/62"}],"replies":[{"embeddable":true,"href":"https:\/\/www.hsu-hh.de\/emt\/wp-json\/wp\/v2\/comments?post=204"}],"version-history":[{"count":5,"href":"https:\/\/www.hsu-hh.de\/emt\/wp-json\/wp\/v2\/pages\/204\/revisions"}],"predecessor-version":[{"id":1492,"href":"https:\/\/www.hsu-hh.de\/emt\/wp-json\/wp\/v2\/pages\/204\/revisions\/1492"}],"up":[{"embeddable":true,"href":"https:\/\/www.hsu-hh.de\/emt\/wp-json\/wp\/v2\/pages\/109"}],"wp:attachment":[{"href":"https:\/\/www.hsu-hh.de\/emt\/wp-json\/wp\/v2\/media?parent=204"}],"wp:term":[{"taxonomy":"category","embeddable":true,"href":"https:\/\/www.hsu-hh.de\/emt\/wp-json\/wp\/v2\/categories?post=204"},{"taxonomy":"post_tag","embeddable":true,"href":"https:\/\/www.hsu-hh.de\/emt\/wp-json\/wp\/v2\/tags?post=204"}],"curies":[{"name":"wp","href":"https:\/\/api.w.org\/{rel}","templated":true}]}}