{"id":197,"date":"2017-11-07T10:03:42","date_gmt":"2017-11-07T09:03:42","guid":{"rendered":"https:\/\/www.hsu-hh.de\/emt\/?page_id=197"},"modified":"2025-07-04T10:39:31","modified_gmt":"2025-07-04T08:39:31","slug":"dr-ing-ralf-heynicke-de","status":"publish","type":"page","link":"https:\/\/www.hsu-hh.de\/emt\/mitarbeiter\/dr-ing-ralf-heynicke-de","title":{"rendered":"Dr.-Ing. Ralf Heynicke"},"content":{"rendered":"\n<div class=\"wp-block-columns is-layout-flex wp-container-core-columns-is-layout-9d6595d7 wp-block-columns-is-layout-flex\">\n<div class=\"wp-block-column is-layout-flow wp-block-column-is-layout-flow\">\n<h2 class=\"wp-block-heading\">Postanschrift<\/h2>\n\n\n\n<p>Helmut-Schmidt-Universit\u00e4t <br>Fakult\u00e4t f\u00fcr Elektrotechnik <br>Professur f\u00fcr Elektrische Messtechnik <br>Postfach 700822 <br>22008 Hamburg<\/p>\n<\/div>\n\n\n\n<div class=\"wp-block-column is-layout-flow wp-block-column-is-layout-flow\">\n<h2 class=\"wp-block-heading\">Besucheranschrift<\/h2>\n\n\n\n<p>Helmut-Schmidt-Universit\u00e4t<br>Geb\u00e4udes H1<br>Holstenhofweg 85<br>22043 Hamburg<\/p>\n<\/div>\n\n\n\n<div class=\"wp-block-column is-layout-flow wp-block-column-is-layout-flow\">\n<h2 class=\"wp-block-heading\">Raum:<\/h2>\n\n\n\n<p>1116 \/ 1497<\/p>\n\n\n\n<h2 class=\"wp-block-heading\">Tel.: <\/h2>\n\n\n\n<p>+49-40-6541-3815<\/p>\n\n\n\n<h2 class=\"wp-block-heading\">E-Mail:<\/h2>\n\n\n\n<p>info.emt@hsu-hh.de<\/p>\n<\/div>\n<\/div>\n\n\n\n<p><\/p>\n","protected":false},"excerpt":{"rendered":"<p>Postanschrift Helmut-Schmidt-Universit\u00e4t Fakult\u00e4t f\u00fcr Elektrotechnik Professur f\u00fcr Elektrische Messtechnik Postfach 700822 22008 Hamburg Besucheranschrift Helmut-Schmidt-Universit\u00e4tGeb\u00e4udes H1Holstenhofweg 8522043 Hamburg Raum: 1116 \/ 1497 Tel.: +49-40-6541-3815 E-Mail: info.emt@hsu-hh.de<\/p>\n","protected":false},"author":62,"featured_media":0,"parent":109,"menu_order":0,"comment_status":"closed","ping_status":"closed","template":"","meta":{"footnotes":""},"categories":[8],"tags":[],"class_list":["post-197","page","type-page","status-publish","hentry","category-team"],"_links":{"self":[{"href":"https:\/\/www.hsu-hh.de\/emt\/wp-json\/wp\/v2\/pages\/197","targetHints":{"allow":["GET"]}}],"collection":[{"href":"https:\/\/www.hsu-hh.de\/emt\/wp-json\/wp\/v2\/pages"}],"about":[{"href":"https:\/\/www.hsu-hh.de\/emt\/wp-json\/wp\/v2\/types\/page"}],"author":[{"embeddable":true,"href":"https:\/\/www.hsu-hh.de\/emt\/wp-json\/wp\/v2\/users\/62"}],"replies":[{"embeddable":true,"href":"https:\/\/www.hsu-hh.de\/emt\/wp-json\/wp\/v2\/comments?post=197"}],"version-history":[{"count":5,"href":"https:\/\/www.hsu-hh.de\/emt\/wp-json\/wp\/v2\/pages\/197\/revisions"}],"predecessor-version":[{"id":1038,"href":"https:\/\/www.hsu-hh.de\/emt\/wp-json\/wp\/v2\/pages\/197\/revisions\/1038"}],"up":[{"embeddable":true,"href":"https:\/\/www.hsu-hh.de\/emt\/wp-json\/wp\/v2\/pages\/109"}],"wp:attachment":[{"href":"https:\/\/www.hsu-hh.de\/emt\/wp-json\/wp\/v2\/media?parent=197"}],"wp:term":[{"taxonomy":"category","embeddable":true,"href":"https:\/\/www.hsu-hh.de\/emt\/wp-json\/wp\/v2\/categories?post=197"},{"taxonomy":"post_tag","embeddable":true,"href":"https:\/\/www.hsu-hh.de\/emt\/wp-json\/wp\/v2\/tags?post=197"}],"curies":[{"name":"wp","href":"https:\/\/api.w.org\/{rel}","templated":true}]}}