{"id":1202,"date":"2024-08-29T13:33:47","date_gmt":"2024-08-29T11:33:47","guid":{"rendered":"https:\/\/www.hsu-hh.de\/emt\/?page_id=1202"},"modified":"2024-08-29T13:33:48","modified_gmt":"2024-08-29T11:33:48","slug":"io-link-wireless-safety","status":"publish","type":"page","link":"https:\/\/www.hsu-hh.de\/emt\/io-link-wireless-safety","title":{"rendered":"IO-Link Wireless Safety"},"content":{"rendered":"\n<h3 class=\"wp-block-heading\"><strong>Contribution<\/strong><strong> <\/strong><strong>to<\/strong><strong> IO-Link Wireless <\/strong><strong>Safety<\/strong><strong> \u2013 Architecture and System <\/strong><strong>Extensions<\/strong><\/h3>\n\n\n\n<p>T. Doebbert (Dissertation) <a href=\"https:\/\/openhsu.ub.hsu-hh.de\/entities\/publication\/15290\" rel='nofollow'>https:\/\/openhsu.ub.hsu-hh.de\/entities\/publication\/15290<\/a><\/p>\n\n\n\n<div style=\"height:10px\" aria-hidden=\"true\" class=\"wp-block-spacer\"><\/div>\n\n\n\n<h3 class=\"wp-block-heading\"><strong>ContributiontoSafety Extension ofIO-Link Wireless<\/strong><\/h3>\n\n\n\n<p>Thomas Doebbert, Henry Beuster, Gerd Scholl, Helmut-Schmidt-University,<\/p>\n\n\n\n<p>Walter Schl\u00f6gl, Peerasan Supavatanakul, T\u00dcV S\u00dcD <\/p>\n\n\n\n<p>atp magazin, Ausgabe 9\/2023, S. 80-86<\/p>\n\n\n\n<div style=\"height:10px\" aria-hidden=\"true\" class=\"wp-block-spacer\"><\/div>\n\n\n\n<h3 class=\"wp-block-heading\"><strong>Technical Report\u00a0on theEvaluation oftheSafety Communication Protocol SpecificationProposal IO-Link Wireless Safety<\/strong><\/h3>\n\n\n\n<p>Thomas Doebbert, Henry Beuster, Gerd Scholl, Helmut-Schmidt-University,<\/p>\n\n\n\n<p>Walter Schl\u00f6gl, Peerasan Supavatanakul, T\u00dcV S\u00dcD<\/p>\n\n\n\n<p>Report No.: <abbr title=\"Hamburg\">HH<\/abbr>101102T&nbsp;, Version 1.3 of 2023-08-24&nbsp; Test Body: T\u00dcV S\u00dcD Rail <abbr title=\"Gesellschaft mit beschr\u00e4nkter Haftung\">GmbH<\/abbr><\/p>\n\n\n\n<div style=\"height:10px\" aria-hidden=\"true\" class=\"wp-block-spacer\"><\/div>\n\n\n\n<p>Um detailliertere Informationen zu erhalten, kontaktieren Sie bitte Herrn <abbr title=\"Doktor\">Dr.<\/abbr> Thomas D\u00f6bbert oder Herrn <abbr title=\"Professor\">Prof.<\/abbr> <abbr title=\"Doktor\">Dr.<\/abbr> Gerd Scholl<\/p>\n","protected":false},"excerpt":{"rendered":"<p>Contribution to IO-Link Wireless Safety \u2013 Architecture and System Extensions T. Doebbert (Dissertation) https:\/\/openhsu.ub.hsu-hh.de\/entities\/publication\/15290 ContributiontoSafety Extension ofIO-Link Wireless Thomas Doebbert, Henry Beuster, Gerd Scholl, Helmut-Schmidt-University, Walter Schl\u00f6gl, Peerasan Supavatanakul, T\u00dcV [&hellip;]<\/p>\n","protected":false},"author":62,"featured_media":0,"parent":0,"menu_order":0,"comment_status":"closed","ping_status":"closed","template":"","meta":{"footnotes":""},"categories":[4],"tags":[],"class_list":["post-1202","page","type-page","status-publish","hentry","category-forschung"],"_links":{"self":[{"href":"https:\/\/www.hsu-hh.de\/emt\/wp-json\/wp\/v2\/pages\/1202","targetHints":{"allow":["GET"]}}],"collection":[{"href":"https:\/\/www.hsu-hh.de\/emt\/wp-json\/wp\/v2\/pages"}],"about":[{"href":"https:\/\/www.hsu-hh.de\/emt\/wp-json\/wp\/v2\/types\/page"}],"author":[{"embeddable":true,"href":"https:\/\/www.hsu-hh.de\/emt\/wp-json\/wp\/v2\/users\/62"}],"replies":[{"embeddable":true,"href":"https:\/\/www.hsu-hh.de\/emt\/wp-json\/wp\/v2\/comments?post=1202"}],"version-history":[{"count":4,"href":"https:\/\/www.hsu-hh.de\/emt\/wp-json\/wp\/v2\/pages\/1202\/revisions"}],"predecessor-version":[{"id":1206,"href":"https:\/\/www.hsu-hh.de\/emt\/wp-json\/wp\/v2\/pages\/1202\/revisions\/1206"}],"wp:attachment":[{"href":"https:\/\/www.hsu-hh.de\/emt\/wp-json\/wp\/v2\/media?parent=1202"}],"wp:term":[{"taxonomy":"category","embeddable":true,"href":"https:\/\/www.hsu-hh.de\/emt\/wp-json\/wp\/v2\/categories?post=1202"},{"taxonomy":"post_tag","embeddable":true,"href":"https:\/\/www.hsu-hh.de\/emt\/wp-json\/wp\/v2\/tags?post=1202"}],"curies":[{"name":"wp","href":"https:\/\/api.w.org\/{rel}","templated":true}]}}