{"id":1179,"date":"2024-08-29T13:22:24","date_gmt":"2024-08-29T11:22:24","guid":{"rendered":"https:\/\/www.hsu-hh.de\/emt\/?page_id=1179"},"modified":"2024-08-30T12:51:52","modified_gmt":"2024-08-30T10:51:52","slug":"projektbeschreibung","status":"publish","type":"page","link":"https:\/\/www.hsu-hh.de\/emt\/projektbeschreibung","title":{"rendered":"Projektbeschreibung"},"content":{"rendered":"\n<h2 class=\"wp-block-heading\">Digitale Sensor-2-Cloud Campus-Plattform \u2013 mit passendem Timing drahtlos, schnell und sicher in die Cloud<\/h2>\n\n\n\n<p>Die drahtlose Vernetzung der industriellen Produktions- und Gesch\u00e4ftsprozesse ist eine unabdingbare Voraussetzung zur weiteren effizienten Flexibilisierung der Fertigungsprozesse und eine entscheidende Komponente zur Generierung neuer digitaler Services.<\/p>\n\n\n\n<p>Neue L\u00f6sungsans\u00e4tze im Sinne von Industrie 4.0 und Industrial Internet-of-Things (IIoT) erzeugen zudem einen steigenden Bedarf an geeigneten funkbasierten Kommunikationssystemen. Entscheidendes Kriterium f\u00fcr deren Einsatz ist unter anderem die zuverl\u00e4ssige Einhaltung von Safety (Funktionale Sicherheit) und (Cyber-) Security Funktionalit\u00e4ten.<\/p>\n\n\n\n<p>Daher ergibt sich auch die Notwendigkeit, Vorhersagemethoden f\u00fcr die Zuverl\u00e4ssigkeit, Verf\u00fcgbarkeit, Integrit\u00e4t und Sicherheit eines Funksystems unter Ber\u00fccksichtigung der Rahmenbedingungen (<abbr title=\"zum Beispiel\">z.B.<\/abbr> in Form einer Risikobeurteilung) zu entwickeln.<\/p>\n\n\n\n<p>Die hohe r\u00e4umliche Dichte von Sensoren und Aktoren im industriellen Fertigungsumfeld in Zusammenhang mit den Anforderungen an Latenzzeiten und Zuverl\u00e4ssigkeit stellt bei der flexiblen und robusten Vernetzung nach wie vor eine gro\u00dfe Herausforderung dar.<\/p>\n\n\n\n<p>Gleichzeitig gewinnen im Bereich der drahtlosen Automatisierung Standards an Bedeutung, die unter anderem etablierte Technologien wie beispielsweise Bluetooth nutzen und die gezielt f\u00fcr den industriellen Einsatz weiterentwickelt wurden, wie beispielsweise IO-Link Wireless (IOLW). Zudem stellt die aktuell neue f\u00fcnfte Mobilfunkgeneration im Vergleich zu bisherigen Mobilfunkl\u00f6sungen revolution\u00e4r neue M\u00f6glichkeiten bereit.<\/p>\n\n\n\n<div class=\"wp-block-columns is-layout-flex wp-container-core-columns-is-layout-9d6595d7 wp-block-columns-is-layout-flex\">\n<div class=\"wp-block-column is-layout-flow wp-block-column-is-layout-flow\" style=\"flex-basis:33.33%\">\n<figure class=\"wp-block-image size-large\"><img loading=\"lazy\" decoding=\"async\" width=\"1024\" height=\"624\" src=\"https:\/\/www.hsu-hh.de\/emt\/wp-content\/uploads\/sites\/686\/2022\/01\/210311_Logo_DS2CCP-1024x624.png\" data-credit=\"EMT\" alt=\"DTEC_LOGO\" class=\"wp-image-743\" srcset=\"https:\/\/www.hsu-hh.de\/emt\/wp-content\/uploads\/sites\/686\/2022\/01\/210311_Logo_DS2CCP-1024x624.png 1024w, https:\/\/www.hsu-hh.de\/emt\/wp-content\/uploads\/sites\/686\/2022\/01\/210311_Logo_DS2CCP-300x183.png 300w, https:\/\/www.hsu-hh.de\/emt\/wp-content\/uploads\/sites\/686\/2022\/01\/210311_Logo_DS2CCP-768x468.png 768w, https:\/\/www.hsu-hh.de\/emt\/wp-content\/uploads\/sites\/686\/2022\/01\/210311_Logo_DS2CCP-1536x937.png 1536w, https:\/\/www.hsu-hh.de\/emt\/wp-content\/uploads\/sites\/686\/2022\/01\/210311_Logo_DS2CCP-1100x671.png 1100w, https:\/\/www.hsu-hh.de\/emt\/wp-content\/uploads\/sites\/686\/2022\/01\/210311_Logo_DS2CCP.png 2040w\" sizes=\"auto, (max-width: 1024px) 100vw, 1024px\" \/><\/figure>\n<\/div>\n\n\n\n<div class=\"wp-block-column is-layout-flow wp-block-column-is-layout-flow\" style=\"flex-basis:66.66%\">\n<p>Innerhalb des dtec.bw-Projektes Digitale Sensor-2-Cloud Campus-Plattform werden zukunftsorientierte und technologie\u00fcbergreifende Kommunikations-l\u00f6sungen entwickelt, die eine sichere und robuste drahtlose Vernetzung von Sensoren und Aktoren vom industriellen Shop-Floor \u00fcber die passende Edge-Anbindung bis zur Cloud unter Ber\u00fccksichtigung der hohen Safety-, Security und Timing-Anforderungen erlauben. Ziel des Projekts ist eine durchg\u00e4ngige und ganzheitliche Konzeptionierung einer industriellen Sensor-2-Cloud Campus-Plattform f\u00fcr Anwendungen im Bereich der Automatisierungstechnik, sowie im Anwendungsumfeld von Unmanned Aerial Systems (UAS) unter strengen applikationsspezifischen Vorgaben. Die Kommunikationsarchitektur orientiert sich am Referenzarchitekturmodell RAMI 4.0.<\/p>\n\n\n\n<p><\/p>\n<\/div>\n<\/div>\n\n\n\n<p>Die unmittelbare Netzwerkanbindung der Sensoren und Aktoren auf der Shop-Floor Ebene wird mittels des Industriestandards IOLW realisiert. Ein zu entwickelndes Gateway tauscht diese Daten dann mit konfigurierbaren und determinierten Latenzzeiten \u00fcber ein in den 5G-Standard eingebettetes Time-Sensitive Networking (TSN) mit der Cloud aus, deren Informationen wiederum per OPC-UA \u00fcber einen Publish and Subscribe Mechanismus applikationsspezifisch verteilt werden.<\/p>\n\n\n\n<p>Die Leistungsf\u00e4higkeit der zu entwickelnden L\u00f6sungen werden exemplarisch an innovativen Applikationen demonstriert, beispielsweise zur Detektion kleiner UAS im urbanen Umfeld mittels elektrooptischer Sensoren, die \u00fcber ein hochleistungsf\u00e4higes Mobilfunknetz von der Kamera in die Edge Cloud \u00fcbertragen werden. Dabei kann die Signalverarbeitung sowohl auf dem Kamera-Controller, als auch verteilt in der Edge Cloud stattfinden. Besonderes Augenmerk liegt hierbei auf der Realisierung von Safety- und Security-Funktionalit\u00e4ten durch die Integration und Kombination sich komplement\u00e4r erg\u00e4nzenden Kommunikationstechnologien. Die Digitale Sensor-2-Cloud Campus Plattform wird als offen gestaltetes Testbed zur Nutzung f\u00fcr Forschungsaktivit\u00e4ten der <abbr title=\"Helmut Schmidt Universit\u00e4t\">HSU<\/abbr> als auch f\u00fcr fach\u00fcbergreifende Kooperationsm\u00f6glichkeiten mit Forschungs-\/Industriepartnern f\u00fcr reale Verifikationen zur Verf\u00fcgung stehen.<\/p>\n\n\n\n<p>Weitere Informationen finden Sie auf der offiziellen dtec-Seite: <a rel=\"noreferrer noopener\" href=\"https:\/\/dtecbw.de\/home\/forschung\/hsu\/projekt-ds2ccp\/projekt-ds2ccp\" target=\"_blank\">https:\/\/dtecbw.de\/home\/forschung\/hsu\/projekt-ds2ccp\/projekt-ds2ccp<\/a><\/p>\n","protected":false},"excerpt":{"rendered":"<p>Digitale Sensor-2-Cloud Campus-Plattform \u2013 mit passendem Timing drahtlos, schnell und sicher in die Cloud Die drahtlose Vernetzung der industriellen Produktions- und Gesch\u00e4ftsprozesse ist eine unabdingbare Voraussetzung zur weiteren effizienten Flexibilisierung [&hellip;]<\/p>\n","protected":false},"author":62,"featured_media":0,"parent":0,"menu_order":0,"comment_status":"closed","ping_status":"closed","template":"","meta":{"footnotes":""},"categories":[4],"tags":[],"class_list":["post-1179","page","type-page","status-publish","hentry","category-forschung"],"_links":{"self":[{"href":"https:\/\/www.hsu-hh.de\/emt\/wp-json\/wp\/v2\/pages\/1179","targetHints":{"allow":["GET"]}}],"collection":[{"href":"https:\/\/www.hsu-hh.de\/emt\/wp-json\/wp\/v2\/pages"}],"about":[{"href":"https:\/\/www.hsu-hh.de\/emt\/wp-json\/wp\/v2\/types\/page"}],"author":[{"embeddable":true,"href":"https:\/\/www.hsu-hh.de\/emt\/wp-json\/wp\/v2\/users\/62"}],"replies":[{"embeddable":true,"href":"https:\/\/www.hsu-hh.de\/emt\/wp-json\/wp\/v2\/comments?post=1179"}],"version-history":[{"count":1,"href":"https:\/\/www.hsu-hh.de\/emt\/wp-json\/wp\/v2\/pages\/1179\/revisions"}],"predecessor-version":[{"id":1180,"href":"https:\/\/www.hsu-hh.de\/emt\/wp-json\/wp\/v2\/pages\/1179\/revisions\/1180"}],"wp:attachment":[{"href":"https:\/\/www.hsu-hh.de\/emt\/wp-json\/wp\/v2\/media?parent=1179"}],"wp:term":[{"taxonomy":"category","embeddable":true,"href":"https:\/\/www.hsu-hh.de\/emt\/wp-json\/wp\/v2\/categories?post=1179"},{"taxonomy":"post_tag","embeddable":true,"href":"https:\/\/www.hsu-hh.de\/emt\/wp-json\/wp\/v2\/tags?post=1179"}],"curies":[{"name":"wp","href":"https:\/\/api.w.org\/{rel}","templated":true}]}}