{"id":814,"date":"2019-03-14T15:10:34","date_gmt":"2019-03-14T14:10:34","guid":{"rendered":"https:\/\/www.hsu-hh.de\/empwifo\/?page_id=814"},"modified":"2025-10-03T12:01:19","modified_gmt":"2025-10-03T10:01:19","slug":"forschung","status":"publish","type":"page","link":"https:\/\/www.hsu-hh.de\/empwifo\/forschung","title":{"rendered":"Forschung"},"content":{"rendered":"<p>Die Forschungsschwerpunkte des Lehrstuhls liegen im Bereich der angewandten Mikro- und Makro\u00f6konometrie. Dabei liegen die Arbeitsschwerpunkte in den folgenden Bereichen:<\/p>\n<ul>\n<li>Umwelt- und Klima\u00f6konomik<\/li>\n<li>Migration und Integration<\/li>\n<li>Politische \u00d6konomik<\/li>\n<li>Konjunktur &amp; Wachstum<\/li>\n<li>Geo-\u00d6konomik<\/li>\n<li>Monet\u00e4re \u00d6konomik &amp; Finanzm\u00e4rkte<\/li>\n<li>Mittelstandsforschung<\/li>\n<li>Handel<\/li>\n<li>Rohstoffe und Energie<\/li>\n<\/ul>\n<p>In unserer wissenschaftlichen Arbeit kooperieren wir eng mit dem <a href=\"http:\/\/www.hwwi.org\" rel='nofollow'>Hamburgischen WeltWirtschaftsInstitut (HWWI)<\/a>. F\u00fcr Studierende der HHU besteht die M\u00f6glichkeit, am HWWI ein Praktikum zu absolvieren. Wenn Sie hieran Interesse haben, melden Sie sich am Lehrstuhl.<\/p>\n<p>Zudem sind wir Mitglied des Exzellenclusters &#8222;<a href=\"https:\/\/www.hsu-hh.de\/empwifo\/forschung\/climate_affect\" target=\"_blank\" rel=\"noopener noreferrer\">Climate, Climatic Change, and Society (CLICCS)<\/a>&#8220; an der Universit\u00e4t Hamburg.<\/p>\n<p>Weiterhin organisieren wir, ebenfalls zusammen mit der Universit\u00e4t Hamburg, ein <a href=\"https:\/\/www.wiso.uni-hamburg.de\/fachbereich-vwl\/forschung\/forschungsseminare\/environmental.html\" target=\"_blank\" rel=\"noopener noreferrer\">Forschungskolloquium<\/a> zum Thema &#8222;Umwelt- und Entwicklungs\u00f6konomik&#8220;.<\/p>\n","protected":false},"excerpt":{"rendered":"<p>Die Forschungsschwerpunkte des Lehrstuhls liegen im Bereich der angewandten Mikro- und Makro\u00f6konometrie. Dabei liegen die Arbeitsschwerpunkte in den folgenden Bereichen: Umwelt- und Klima\u00f6konomik Migration und Integration Politische \u00d6konomik Konjunktur &amp; [&hellip;]<\/p>\n","protected":false},"author":2055,"featured_media":0,"parent":0,"menu_order":0,"comment_status":"closed","ping_status":"closed","template":"","meta":{"footnotes":""},"categories":[4],"tags":[],"class_list":["post-814","page","type-page","status-publish","hentry","category-forschung"],"_links":{"self":[{"href":"https:\/\/www.hsu-hh.de\/empwifo\/wp-json\/wp\/v2\/pages\/814","targetHints":{"allow":["GET"]}}],"collection":[{"href":"https:\/\/www.hsu-hh.de\/empwifo\/wp-json\/wp\/v2\/pages"}],"about":[{"href":"https:\/\/www.hsu-hh.de\/empwifo\/wp-json\/wp\/v2\/types\/page"}],"author":[{"embeddable":true,"href":"https:\/\/www.hsu-hh.de\/empwifo\/wp-json\/wp\/v2\/users\/2055"}],"replies":[{"embeddable":true,"href":"https:\/\/www.hsu-hh.de\/empwifo\/wp-json\/wp\/v2\/comments?post=814"}],"version-history":[{"count":21,"href":"https:\/\/www.hsu-hh.de\/empwifo\/wp-json\/wp\/v2\/pages\/814\/revisions"}],"predecessor-version":[{"id":1844,"href":"https:\/\/www.hsu-hh.de\/empwifo\/wp-json\/wp\/v2\/pages\/814\/revisions\/1844"}],"wp:attachment":[{"href":"https:\/\/www.hsu-hh.de\/empwifo\/wp-json\/wp\/v2\/media?parent=814"}],"wp:term":[{"taxonomy":"category","embeddable":true,"href":"https:\/\/www.hsu-hh.de\/empwifo\/wp-json\/wp\/v2\/categories?post=814"},{"taxonomy":"post_tag","embeddable":true,"href":"https:\/\/www.hsu-hh.de\/empwifo\/wp-json\/wp\/v2\/tags?post=814"}],"curies":[{"name":"wp","href":"https:\/\/api.w.org\/{rel}","templated":true}]}}