{"id":661,"date":"2019-03-14T15:16:12","date_gmt":"2019-03-14T14:16:12","guid":{"rendered":"https:\/\/www.hsu-hh.de\/empwifo\/?page_id=661"},"modified":"2021-11-15T13:09:07","modified_gmt":"2021-11-15T12:09:07","slug":"climate_affect","status":"publish","type":"page","link":"https:\/\/www.hsu-hh.de\/empwifo\/forschung\/climate_affect","title":{"rendered":"Implikationen des Klimawandels und klima-induzierter Naturkatastrophen f\u00fcr Individuen, Firmen und den Versicherungssektor (CLIMATE_AFFECT)"},"content":{"rendered":"<p>Die Erde befindet sich in einem anhaltenden Prozess der globalen Erw\u00e4rmung. Es gibt inzwischen wenig Zweifel daran, dass der Mensch, vor allem durch die Verbrennung fossiler Energietr\u00e4ger, zu diesem Prozess wesentlich beitr\u00e4gt. Die meisten wissenschaftlichen Studien kommen zu dem Ergebnis, dass die globale Erw\u00e4rmung zu starken Ver\u00e4nderungen der Lebensverh\u00e4ltnisse auf der Erde f\u00fchren k\u00f6nnte. Obwohl das Wissen \u00fcber diese Zusammenh\u00e4nge stetig w\u00e4chst, tut sich die Menschheit schwer damit, die notwendigen Ma\u00dfnahmen zu ergreifen, um die globale Erw\u00e4rmung zu stoppen oder zumindest deutlich zu verlangsamen.<\/p>\n<p>Vor diesem Hintergrund wird im Projekt CLIMATE_AFFECT zun\u00e4chst erforscht, welche Einstellungen zum Klimawandel weltweit vorherrschen und wie gut die Weltbev\u00f6lkerung \u00fcber Klimazusammenh\u00e4nge informiert ist. Au\u00dfedem wird analysiert, welche Anpassungseffekte der Klimawandel direkt und indirekt erzeugt. Dabei wird insbesondere auf Migrationsstr\u00f6me eingegangen. Schlie\u00dflich wird untersucht, welche Unternehmen besonders stark durch Klimawandel beeinflusst werden und welche Rolle der Versicherungssektor bei der Vermeidung von negativen Konsequenzen des Klimawandels spielen kann. Diese Erkenntnisse sollen letztendlich dazu dienen, Klimapolitik besser zu fundieren und so wirksam wie m\u00f6glich zu machen.<\/p>\n<h3>Projekthintergrund<\/h3>\n<p>Unter der globalen Erderw\u00e4rmung wird allgemein der Anstieg der Durchschnittstemperatur der Erdoberfl\u00e4che verstanden. Die Erderw\u00e4rmung hat zwei unmittelbare Effekte.\u00a0 Zum einen steigt der Meeresspiegel durch das Abschmelzen der Eismassen. Zum anderen ver\u00e4ndert sich das Klima auf der Erde. Der Klimawandel ist ein langfristiger Prozess, der jedoch zunehmend an Bedeutung f\u00fcr kurzfristige klimatische Wetterph\u00e4nomene gewinnt. So wird erwartet, dass die Erderw\u00e4rmung mit einer Zunahme von Extremwetterlagen wie Hitze- und K\u00e4ltewellen einhergeht. Auch die Muster des Regenfalls werden sich aller Voraussicht nach weiter ver\u00e4ndern. Unterschiedliche Formen von Naturkatastrophen wie D\u00fcrren, \u00dcberschwemmungen oder St\u00fcrme stehen ebenfalls in Zusammenhang mit\u00a0dem Klima und werden eher h\u00e4ufiger und\/oder in st\u00e4rkerem Ausma\u00df auftreten.<\/p>\n<p>Diese starken klimatischen Ver\u00e4nderungen werden die Natur nicht unber\u00fchrt lassen, denn das Klima ist eine der wichtigsten Umweltbedingungen auf der Erde. So f\u00fchrt der Meeresspiegelanstieg etwa dazu, dass sich ganze Landschaften und daran gekn\u00fcpfte \u00d6kosysteme anpassen m\u00fcssen oder gar verloren gehen. Aber auch Wetterextreme und Naturkatastrophen \u00fcben gro\u00dfen Druck auf bestehende \u00d6kosysteme aus.<\/p>\n<p>Die wahrscheinlichen Ver\u00e4nderungen von Klima und Natur sind aller Voraussicht nach mit starken Konsequenzen f\u00fcr die Menschheit verbunden. Durch den Meeresspiegelanstieg oder Versteppung k\u00f6nnten ganze Landstriche unbewohnbar werden, was gro\u00dfe Migrationsstr\u00f6me nach sich ziehen k\u00f6nnte. Auch die Ausbreitung ansteckender Krankheiten wird durch den Klimawandel beeinflusst. Negative Gesundheitseffekte sind zudem auch durch klimainduzierte Naturkatastrophen zu erwarten. Gem\u00e4\u00df neuesten Projektionen f\u00fchrt der zu erwartende Klimawandel global zu stark negativen Effekten auf die Nahrungsmittelproduktion. Die zunehmende Nahrungsknappheit k\u00f6nnte in vielen Regionen zu Hungersn\u00f6ten und Unterern\u00e4hrung f\u00fchren. Die Liste mit den m\u00f6glichen Folgen des Klimawandels ist lang. Vor diesem Hintergrund sollten m\u00f6glichst schnell wirksame Ma\u00dfnahmen gegen die Erderw\u00e4rmung ergriffen werden. Daf\u00fcr ist eine effektivere und effizientere Klimapolitik erforderlich.<\/p>\n<h3>Projektziele<\/h3>\n<p>Klimapolitik wird in Zukunft nur erfolgreich umgesetzt werden k\u00f6nnen, wenn die W\u00e4hler von deren Notwendigkeit im Allgemeinen und deren Nutzen im Konkreten \u00fcberzeugt sind.<\/p>\n<p>Das <strong>erste Ziel<\/strong> des Projekts ist es, das Wissen und die Einstellungen von sowohl Individuen als auch Unternehmen zum Klimawandel zu ermitteln und zu analysieren. Weiters soll erforscht werden, von welchen Faktoren das Klimawissen sowie Einstellungen zum Klimawandel bestimmt werden.<\/p>\n<p>Der zu erwartende Klimawandel wird sehr wahrscheinlich Anpassungsreaktionen der betroffenen Menschen nach sich ziehen. Das <strong>zweite Projektziel<\/strong> liegt darin abzusch\u00e4tzen, mit welchen Verhaltensreaktionen seitens der Unternehmen sowie der Bev\u00f6lkerung zu rechnen ist. In Bezug auf Letztere soll sowohl der Effekt auf nationale als auch internationale Migrationsstr\u00f6me analysiert werden.<\/p>\n<p>Nicht zuletzt wird zunehmend diskutiert, wie die zu erwartenden Konsequenzen des Klimawandels abgefedert werden k\u00f6nnen. Vor diesem Hintergrund ist das <strong>dritte Projektziel<\/strong> zu untersuchen, welche Rolle Versicherungen in diesem Zusammenhang spielen k\u00f6nnen.<\/p>\n<p>Die Projektergebnisse sollen politischen Entscheidungstr\u00e4gern fundierte Auskunft dar\u00fcber geben, wie die Einstellungen von W\u00e4hlern zum Klimawandel beschaffen sind, wodurch sie determiniert und wie sie beeinflusst werden k\u00f6nnen. Zudem sollen die Projektergebnisse dazu beitragen, die Konsequenzen des Klimawandels deutlich besser absch\u00e4tzen zu k\u00f6nnen. Die Relevanz der einzelnen Klimarisiken f\u00fcr unterschiedliche Bev\u00f6lkerungsteile und m\u00f6gliche Anpassungsreaktionen sind f\u00fcr sowohl Versicherungen als auch f\u00fcr Unternehmen wichtige Themen.<\/p>\n<h3>Kontakt<\/h3>\n<p><strong>Prof. <abbr title=\"Doktor\">Dr.<\/abbr> Michael Berlemann,<\/strong><br \/>\n<strong>Forschungsleitung<\/strong><\/p>\n<p>Telefon:<br \/>\n+49 (0)40 6541-2860<br \/>\nE-Mail:<br \/>\nmichael.berlemann@hsu-hh.de<\/p>\n<p><strong><abbr title=\"Doktor\">Dr.<\/abbr> Silke Bumann,<\/strong><br \/>\n<strong>Projektkoordinatorin und<br \/>\n<\/strong><strong> wissenschaftliche Mitarbeiterin<br \/>\n<\/strong><\/p>\n<p>Telefon:<br \/>\n+49 (40) 6541-3347<br \/>\nE-Mail:<br \/>\ns.bumann@hsu-hamburg.de<\/p>\n<hr \/>\n<p>Adresse:<br \/>\nHelmut-Schmidt-Universit\u00e4t<br \/>\nLehrstuhl f\u00fcr Politische \u00d6konomie &amp; Empirische Wirtschaftsforschung<br \/>\nHolstenhofweg 85<br \/>\n22043 Hamburg<\/p>\n<h3>Aktueller Projektstand<\/h3>\n<div class=\"background-grey\">\n<p><strong>Projektstatus<\/strong><br \/>\nEs wurde mit Hilfe unterschiedlichster Datens\u00e4tze und f\u00fcr unterschiedliche L\u00e4nder empirisch untersucht, wie sich klimainduzierte Naturkatastrophen auf Individuen, Unternehmen sowie den Versicherungssektor auswirken.<\/p>\n<\/div>\n<p><strong><br \/>\nZentrale Ergebnisse<\/strong><br \/>\nDie Projektergebnisse belegen nachdr\u00fccklich, dass die Effekte klimainduzierter Naturkatastrophen oft weit \u00fcber die direkten, durch diese Katastrophen ausgel\u00f6sten Sch\u00e4den hinausgehen.<\/p>\n<ul>\n<li>Am Beispiel der USA wurde untersucht, wie sich das Risiko des Auftretens von verschiedenen Naturkatastrophen (Hurrikanes, D\u00fcrren) auf das individuelle Wohlbefinden potenziell Betroffener auswirkt. Dabei zeigte sich ein stabiler negativer Effekt des Katastrophenrisikos auf die Lebenszufriedenheit.<\/li>\n<li>Anhand von Daten aus Vietnam wurde der Einfluss verschiedener Arten von Naturkatastrophen auf interne Migrationsstr\u00f6me untersucht. Dabei lie\u00dfen sich dauerhafte Migrationseffekte sowohl f\u00fcr \u00dcberschwemmungen als auch f\u00fcr D\u00fcrren nachweisen, nicht jedoch f\u00fcr tropische St\u00fcrme. Allerdings lie\u00df sich f\u00fcr St\u00fcrme eine Zunahme tempor\u00e4rer Migration innerhalb Vietnams finden.<\/li>\n<li>Im Rahmen einer Unternehmensbefragung konnte nachgewiesen werden, dass deutsche Unternehmen sich in erheblichem Ma\u00dfe von Extremwetterereignissen beeintr\u00e4chtigt f\u00fchlen. Dabei gibt es jedoch deutliche regionale und branchenspezifische Unterschiede in der Betroffenheit.<\/li>\n<li>F\u00fcr den Versicherungssektor scheinen regionale Durchschnittstemperaturen im Sommer in Deutschland das gr\u00f6\u00dfte Potential f\u00fcr eine wohlfahrtserh\u00f6hende Indexversicherung zu haben.<\/li>\n<li>F\u00fcr S\u00fcdostasien stellte sich heraus, dass eine strengere Regulierung des Versicherungssektors einen signifikant positiven Effekt auf die Versicherungsnachfrage gegen Umweltrisiken hat.<\/li>\n<li>Des Weiteren zeigte ein Literatur\u00fcberblick zum Thema &#8222;Was sind die Determinanten der \u00f6ffentlichen Zustimmung zu Klimapolitik. Ein \u00dcberblick \u00fcber die empirische Literatur&#8220;, dass die Meinung der \u00d6ffentlichkeit eher vom Glauben an den Klimawandel sowie der politischen Orientierung abh\u00e4ngt, als von anderen sozio-demografischen Faktoren wie Alter oder Geschlecht.<\/li>\n<\/ul>\n<h3>Personen und Projektpartner<\/h3>\n<p>Das Projekt vereint WissenschaftlerInnen der Helmut-Schmidt-Universit\u00e4t Hamburg, des Ifo Insituts M\u00fcnschen sowie zahlreiche Wissenschaftler externer Organisationen.<\/p>\n<p><strong>Kernforscherteam<\/strong><\/p>\n<p>Prof. <abbr title=\"Doktor\">Dr.<\/abbr> Michael Berlemann (<abbr title=\"Helmut-Schmidt-Universit\u00e4t\">HSU<\/abbr>): \u00d6konometrie, Migration<\/p>\n<p><abbr title=\"Doktor\">Dr.<\/abbr> Silke Bumann (<abbr title=\"Helmut-Schmidt-Universit\u00e4t\">HSU<\/abbr>): \u00d6konometrie, Geodaten, Einstellungen zum Klimawandel<\/p>\n<p>Timur Eckmann, <abbr title=\"Master of Science\">M.Sc.<\/abbr> (<abbr title=\"Helmut-Schmidt-Universit\u00e4t\">HSU<\/abbr>): Geodaten<\/p>\n<p>Marina Eurich, <abbr title=\"Master of Science\">M.Sc.<\/abbr> (<abbr title=\"Helmut-Schmidt-Universit\u00e4t\">HSU<\/abbr>): Geodaten, Einstellungen zum Klimawandel<\/p>\n<p>Erik Haustein, <abbr title=\"Master of Science\">M.Sc.<\/abbr> (<abbr title=\"Helmut-Schmidt-Universit\u00e4t\">HSU<\/abbr>): Migration, Geodaten<\/p>\n<p><abbr title=\"Doktor\">Dr.<\/abbr> Christian Hott (<abbr title=\"Helmut-Schmidt-Universit\u00e4t\">HSU<\/abbr>): Versicherungs\u00f6konomik, Wirtschaftstheorie, empirische Wirtschaftsforschung<\/p>\n<p><abbr title=\"Doktor\">Dr.<\/abbr> Robert Lehmann (Ifo): ifo Konjunkturbefragung, angewandte \u00d6konometrie<\/p>\n<p>Judith Regner, <abbr title=\"Master of Science\">M.Sc.<\/abbr> (<abbr title=\"Helmut-Schmidt-Universit\u00e4t\">HSU<\/abbr>): Geografie, Geodaten<\/p>\n<p>Prof. <abbr title=\"Doktor\">Dr.<\/abbr> M. Steinhardt (FU Berlin): Mikro\u00f6konometrie, Migration<\/p>\n<p>Xuyen Tran, <abbr title=\"Master of Science\">M.Sc.<\/abbr> (<abbr title=\"Helmut-Schmidt-Universit\u00e4t\">HSU<\/abbr>): Makro\u00f6konometrie, Entwicklungs\u00f6konomie<\/p>\n<p><strong>Externe Kooperationspartner<\/strong><\/p>\n<p>Prof. M. Beine, Ph.D. (Universi\u00e4t Luxemburg)<\/p>\n<p>Prof. M. Skidmore, Ph.D. (Universit\u00e4t Twente)<\/p>\n<p>Prof. <abbr title=\"Doktor\">Dr.<\/abbr> M. Kalkuhl (Universit\u00e4t Potsdam)<\/p>\n<p>Prof. <abbr title=\"Doktor\">Dr.<\/abbr> T. Kuhlenkasper (FHH Pforzheim)<\/p>\n<h3>Publikationen<\/h3>\n<p>Berlemann, M. &amp; Eurich, M. (2021), Natural Hazard Risk and Life Satisfaction &#8211; Empirical evidence for hurricanes, <em>Ecological Economics<\/em>, 190, DOI: <a href=\"https:\/\/doi.org\/10.1016\/j.ecolecon.2021.107194.\" rel='nofollow'>https:\/\/doi.org\/10.1016\/j.ecolecon.2021.107194.<\/a><\/p>\n<p>Berlemann, M. &amp; Eurich, M. (2020), Does drought risk depress expected well-being?, <em>Applied Economics Letters<\/em>, DOI: <a href=\"https:\/\/doi.org\/10.1080\/13504851.2021.1922582.\" rel='nofollow'>https:\/\/doi.org\/10.1080\/13504851.2021.1922582.<\/a><\/p>\n<p>Berlemann, M. &amp; Lehmann, R. (2020), Extremwettersensibilit\u00e4t deutscher Unternehmen Ergebnisse einer Unternehmensbefragung, <em>ifo Schnelldienst<\/em>,73(8), 45-55.<\/p>\n<p>Berlemann, M. &amp; Tran, T.X. (2020), Climate-related hazards and internal migration. Empirical evidence for rural Vietnam, <em>Economics of Disasters and Climate Change<\/em>, 4, 385-409.<\/p>\n<p>Bumann, S., What are the determinants of public support for climate policies? A review of the empirical literature, forthcoming in: <em>Review of Economics<\/em>.<\/p>\n<h3>News &amp; Events<\/h3>\n<p>Aktuell gibt es keine News oder Events.<\/p>\n","protected":false},"excerpt":{"rendered":"<p>Die Erde befindet sich in einem anhaltenden Prozess der globalen Erw\u00e4rmung. Es gibt inzwischen wenig Zweifel daran, dass der Mensch, vor allem durch die Verbrennung fossiler Energietr\u00e4ger, zu diesem Prozess [&hellip;]<\/p>\n","protected":false},"author":2055,"featured_media":0,"parent":814,"menu_order":0,"comment_status":"closed","ping_status":"closed","template":"","meta":{"footnotes":""},"categories":[4],"tags":[],"class_list":["post-661","page","type-page","status-publish","hentry","category-forschung"],"_links":{"self":[{"href":"https:\/\/www.hsu-hh.de\/empwifo\/wp-json\/wp\/v2\/pages\/661","targetHints":{"allow":["GET"]}}],"collection":[{"href":"https:\/\/www.hsu-hh.de\/empwifo\/wp-json\/wp\/v2\/pages"}],"about":[{"href":"https:\/\/www.hsu-hh.de\/empwifo\/wp-json\/wp\/v2\/types\/page"}],"author":[{"embeddable":true,"href":"https:\/\/www.hsu-hh.de\/empwifo\/wp-json\/wp\/v2\/users\/2055"}],"replies":[{"embeddable":true,"href":"https:\/\/www.hsu-hh.de\/empwifo\/wp-json\/wp\/v2\/comments?post=661"}],"version-history":[{"count":80,"href":"https:\/\/www.hsu-hh.de\/empwifo\/wp-json\/wp\/v2\/pages\/661\/revisions"}],"predecessor-version":[{"id":1595,"href":"https:\/\/www.hsu-hh.de\/empwifo\/wp-json\/wp\/v2\/pages\/661\/revisions\/1595"}],"up":[{"embeddable":true,"href":"https:\/\/www.hsu-hh.de\/empwifo\/wp-json\/wp\/v2\/pages\/814"}],"wp:attachment":[{"href":"https:\/\/www.hsu-hh.de\/empwifo\/wp-json\/wp\/v2\/media?parent=661"}],"wp:term":[{"taxonomy":"category","embeddable":true,"href":"https:\/\/www.hsu-hh.de\/empwifo\/wp-json\/wp\/v2\/categories?post=661"},{"taxonomy":"post_tag","embeddable":true,"href":"https:\/\/www.hsu-hh.de\/empwifo\/wp-json\/wp\/v2\/tags?post=661"}],"curies":[{"name":"wp","href":"https:\/\/api.w.org\/{rel}","templated":true}]}}