{"id":573,"date":"2019-01-11T10:39:54","date_gmt":"2019-01-11T09:39:54","guid":{"rendered":"https:\/\/www.hsu-hh.de\/empwifo\/?page_id=573"},"modified":"2025-05-24T09:46:12","modified_gmt":"2025-05-24T07:46:12","slug":"timur-eckmann-m-sc","status":"publish","type":"page","link":"https:\/\/www.hsu-hh.de\/empwifo\/team\/timur-eckmann-m-sc","title":{"rendered":"Timur Eckmann, M.Sc."},"content":{"rendered":"<h3>Kontakt<\/h3>\n<div class=\"clearfix\"><\/div>\n<div class=\"ansprechparter-container\">\n<div class=\"row ansprechpartner-item ansprechparter-header\">\n<div class=\"col-md-4 col-lg-3 col-xs-4 ansprechpartner-item floatright img-circle center-block\" style=\"margin-bottom: 30px\">\n<div class=\"img-responsive-wrapper\"><img decoding=\"async\" class=\"img-circle img-responsive center-block\" src=\"\/wp-content\/themes\/hsu\/img\/dummy\/dummy_ansprechpartner.png\" alt=\"\" \/><\/div>\n<\/div>\n<div class=\"col-md-12 col-lg-3 col-xs-12 ansprechpartner-item kontakt floatright\" style=\"margin-bottom: 30px\">\n<div class=\"row\">\n<div class=\"col-xs-12 col-sm-6 col-lg-12\">\n<div class=\"row\">\n<div class=\"col-xs-12 col-lg-4 row-text bold\">Raum:<\/div>\n<div class=\"col-xs-12 col-lg-8 row-text\">2176 (Geb\u00e4ude H1)<\/div>\n<\/div>\n<\/div>\n<div class=\"col-xs-12 col-sm-6 col-lg-12\">\n<div class=\"row\">\n<div class=\"col-xs-12 col-lg-4 row-text bold\">Telefon:<\/div>\n<div class=\"col-xs-12 col-lg-8 row-text\">(040) 6541-2315<\/div>\n<\/div>\n<\/div>\n<div class=\"col-xs-12 col-sm-6 col-lg-12\">\n<div class=\"row\">\n<div class=\"col-xs-12 col-lg-4 row-text bold\">Fax:<\/div>\n<div class=\"col-xs-12 col-lg-8 row-text\">&#8211;<\/div>\n<\/div>\n<\/div>\n<div class=\"col-xs-12 col-sm-6 col-lg-12\">\n<div class=\"row\">\n<div class=\"col-xs-12 col-md-12 row-text bold\">E-Mail:<\/div>\n<div class=\"col-xs-12 col-md-12 row-text\"><a href=\"mailto:Timur.Eckmann@hsu-hh.de\" rel='nofollow'>Timur.Eckmann@hsu-hh.de<\/a><\/div>\n<\/div>\n<\/div>\n<\/div>\n<\/div>\n<div class=\"col-md-6 col-lg-3 col-xs-12 ansprechpartner-item anschrift floatright\">\n<div class=\"row-headline\">Postanschrift<\/div>\n<div class=\"row-text\">Helmut-Schmidt-Universit\u00e4t<\/div>\n<div class=\"row-text\">Fakult\u00e4t f\u00fcr Wirtschafts- und Sozialwissenschaften<\/div>\n<div class=\"row-text\">z.Hd. Timur Eckmann<\/div>\n<div class=\"row-text\">22008 Hamburg<\/div>\n<\/div>\n<div class=\"col-md-6 col-lg-3 col-xs-12 ansprechpartner-item anschrift floatright\">\n<div class=\"row-headline\">Anschrift<\/div>\n<p>Helmut-Schmidt-Universit\u00e4t<br \/>\nFakult\u00e4t <abbr title=\"Wirtschafts- und Sozialwissenschaften\">WiSo<\/abbr><br \/>\nPolitische \u00d6konomik &amp;<br \/>\nEmpirische Wirtschaftsforschung<br \/>\nHolstenhofweg 85<br \/>\n22043 Hamburg<\/p>\n<\/div>\n<\/div>\n<\/div>\n<div class=\"clearfix\"><\/div>\n<p><strong>Sprechstunde:<\/strong> nach Vereinbarung<\/p>\n<h3>Forschungsprofil<\/h3>\n<ul>\n<li>Klima\u00f6konomik<\/li>\n<li>Politische \u00d6konomik \/ Wahlforschung<\/li>\n<li>Extrem(wetter)ereignisse<\/li>\n<li>Sozialwirtschaftliche Effekte meteorologischer Einfl\u00fcsse<\/li>\n<\/ul>\n<p>In meiner Forschung untersuche ich im Kontext der politischen \u00d6konomik und empirischen Wirtschaftsforschung exogene Zusammenh\u00e4nge meteorologischer Einfl\u00fcsse. Hierbei geht es darum, \u00f6konomische Faktoren in Abh\u00e4ngigkeit von Ph\u00e4nomenen und Gr\u00f6\u00dfen der allgemeinen sowie synoptischen Meteorologie zu beurteilen. Zum Einsatz kommen dabei Methoden zur Beschreibung der raumzeitlichen Struktur\u00e4nderung des Wetters mittels Karten, Beobachtungen und numerischer Berechnungen sowie Satelliten- und Radardaten.<\/p>\n<p>Von gro\u00dfer sowohl politischer als auch sozio\u00f6konomischer Bedeutung sind besonders Themenschwerpunkte der angewandten Meteorologie wie <abbr title=\"zum Beispiel\">z.B.<\/abbr> Agrar- und Biometeorologie.<\/p>\n<p>Neben diesen anwendungsbezogenen Spezialgebieten ist in diesem Zusammenhang <abbr title=\"unter anderem\">u.a.<\/abbr> die polit\u00f6konomische Untersuchung von Extrem(wetter)ereignissen ein weiterer Forschungsschwerpunkt.<\/p>\n<h3>CV<\/h3>\n<p>Akademischer Werdegang<\/p>\n<p>An der Uni Hamburg studierte ich Meteorologie im Rahmen der Exzellenzcluster-Initiative. Der Fokus lag sowohl im Grund- als auch im weiterf\u00fchrenden Studium auf dem Gebiet der allgemeinen Meterorologie. Zweieinhalb Jahre sp\u00e4ter begann ich meine Arbeit an der Helmut-Schmidt-Universit\u00e4t, wo ich heute als Doktorand auf dem breiten Gebiet der Klima\u00f6konomie forsche sowie in der Lehre beteiligt bin.<\/p>\n<ul>\n<li style=\"text-align: left\">2010-2013: Bachelor of Science Meteorologie an der Universit\u00e4t Hamburg<\/li>\n<li>2013-2016: Master of Science Meteorologie an der Universit\u00e4t Hamburg<\/li>\n<li>2019-heute: Doktorand am Lehrstuhl f\u00fcr Politische \u00d6konomik und Empirische Wirtschaftsforschung an der <abbr title=\"Helmut Schmidt Universit\u00e4t\">HSU<\/abbr><\/li>\n<\/ul>\n<h3>Lehre<\/h3>\n<ul>\n<li>Politische \u00d6konomik (Bachelor)<\/li>\n<li>\u00d6konometrie (Bachelor)<\/li>\n<\/ul>\n","protected":false},"excerpt":{"rendered":"<p>Kontakt Raum: 2176 (Geb\u00e4ude H1) Telefon: (040) 6541-2315 Fax: &#8211; E-Mail: Timur.Eckmann@hsu-hh.de Postanschrift Helmut-Schmidt-Universit\u00e4t Fakult\u00e4t f\u00fcr Wirtschafts- und Sozialwissenschaften z.Hd. Timur Eckmann 22008 Hamburg Anschrift Helmut-Schmidt-Universit\u00e4t Fakult\u00e4t WiSo Politische \u00d6konomik [&hellip;]<\/p>\n","protected":false},"author":2054,"featured_media":0,"parent":170,"menu_order":0,"comment_status":"closed","ping_status":"closed","template":"","meta":{"footnotes":""},"categories":[4],"tags":[],"class_list":["post-573","page","type-page","status-publish","hentry","category-forschung"],"_links":{"self":[{"href":"https:\/\/www.hsu-hh.de\/empwifo\/wp-json\/wp\/v2\/pages\/573","targetHints":{"allow":["GET"]}}],"collection":[{"href":"https:\/\/www.hsu-hh.de\/empwifo\/wp-json\/wp\/v2\/pages"}],"about":[{"href":"https:\/\/www.hsu-hh.de\/empwifo\/wp-json\/wp\/v2\/types\/page"}],"author":[{"embeddable":true,"href":"https:\/\/www.hsu-hh.de\/empwifo\/wp-json\/wp\/v2\/users\/2054"}],"replies":[{"embeddable":true,"href":"https:\/\/www.hsu-hh.de\/empwifo\/wp-json\/wp\/v2\/comments?post=573"}],"version-history":[{"count":12,"href":"https:\/\/www.hsu-hh.de\/empwifo\/wp-json\/wp\/v2\/pages\/573\/revisions"}],"predecessor-version":[{"id":1803,"href":"https:\/\/www.hsu-hh.de\/empwifo\/wp-json\/wp\/v2\/pages\/573\/revisions\/1803"}],"up":[{"embeddable":true,"href":"https:\/\/www.hsu-hh.de\/empwifo\/wp-json\/wp\/v2\/pages\/170"}],"wp:attachment":[{"href":"https:\/\/www.hsu-hh.de\/empwifo\/wp-json\/wp\/v2\/media?parent=573"}],"wp:term":[{"taxonomy":"category","embeddable":true,"href":"https:\/\/www.hsu-hh.de\/empwifo\/wp-json\/wp\/v2\/categories?post=573"},{"taxonomy":"post_tag","embeddable":true,"href":"https:\/\/www.hsu-hh.de\/empwifo\/wp-json\/wp\/v2\/tags?post=573"}],"curies":[{"name":"wp","href":"https:\/\/api.w.org\/{rel}","templated":true}]}}