{"id":173,"date":"2017-10-27T14:03:43","date_gmt":"2017-10-27T12:03:43","guid":{"rendered":"https:\/\/www.hsu-hh.de\/empwifo\/?page_id=173"},"modified":"2026-03-30T20:07:08","modified_gmt":"2026-03-30T18:07:08","slug":"lehre","status":"publish","type":"page","link":"https:\/\/www.hsu-hh.de\/empwifo\/lehre","title":{"rendered":"Lehre"},"content":{"rendered":"<h3>Lehrveranstaltungen im Studienjahr 2025\/2026<\/h3>\n<h3>\u00dcberblick<\/h3>\n<p><strong>Veranstaltungen in Herbsttrimester 2025:<\/strong><\/p>\n<ul>\n<li>Vorlesung und \u00dcbung &#8222;Empirische Wirtschaftsforschung&#8220; (B.Sc.)<\/li>\n<li>Bachelor-Thesis-Kolloquium &#8222;Empirische Wirtschaftsforschung&#8220; (B.Sc.)<\/li>\n<\/ul>\n<p><strong>Veranstaltungen im Wintertrimester 2026:<\/strong><\/p>\n<ul>\n<li>Vorlesung und \u00dcbung &#8222;Einf\u00fchrung in die \u00d6konometrie&#8220; (B.Sc.)<\/li>\n<li>Vorlesung und \u00dcbung &#8222;Zeitreihen\u00f6konometrie&#8220; (<abbr title=\"Master of Science\">M.Sc.<\/abbr>)<\/li>\n<li>Master Seminar &#8222;Empirische Wirtschaftsforschung&#8220; (<abbr title=\"Master of Science\">M.Sc.<\/abbr>)<\/li>\n<\/ul>\n<p><strong>Veranstaltungen im Fr\u00fchjahrstrimester 2026:<\/strong><\/p>\n<ul>\n<li>Vorlesung und \u00dcbung &#8222;Politische \u00d6konomik&#8220; (B.Sc.)<\/li>\n<li>Bachelor-Seminar &#8222;Empirische Wirtschaftsforschung&#8220; (B.Sc.)<\/li>\n<li>Vorlesung und \u00dcbung &#8222;R\u00e4umliche und Panel\u00f6konometrie&#8220; (<abbr title=\"Master of Science\">M.Sc.<\/abbr>)<\/li>\n<li>Master-Thesis-Kolloquium &#8222;Empirische Wirtschaftsforschung&#8220; (<abbr title=\"Master of Science\">M.Sc.<\/abbr>)<\/li>\n<\/ul>\n<h3>Herbsttrimester 2025<\/h3>\n<p><strong>Vorlesung und \u00dcbung &#8222;Empirische Wirtschaftsforschung&#8220; (B.Sc.)<\/strong><br \/>\nDozent: <abbr title=\"Professor\">Prof.<\/abbr>\u00a0<abbr title=\"Doktor\">Dr.<\/abbr>\u00a0Michael Berlemann<br \/>\nBeschreibung: Kombinierte Pr\u00e4senz- und Online-Veranstaltung<br \/>\nAuftaktveranstaltung: 13.10.2024 17:30 &#8211; 19:00 Uhr H01 SR0110<br \/>\nVorlesungsunterlagen: ab Vorlesungsbeginn Download \u00fcber ILIAS m\u00f6glich<br \/>\nBemerkungen: Dringend bis Trimesterbeginn bei ILIAS f\u00fcr Kurs anmelden<br \/>\n\u00dcbung: Paula Schwamb, <abbr title=\"Master of Science\">M.Sc.<\/abbr> (Beginn wird noch angek\u00fcndigt)<\/p>\n<hr \/>\n<p><strong>Bachelor-Thesis-Kolloquium &#8222;Empirische Wirtschaftsforschung&#8220; (B.Sc.)<\/strong><br \/>\nDozent: <abbr title=\"Professor\">Prof.<\/abbr>\u00a0<abbr title=\"Doktor\">Dr.<\/abbr>\u00a0Michael Berlemann<br \/>\nBeschreibung: Pr\u00e4senzveranstaltung<\/p>\n<h3>Wintertrimester 2026<\/h3>\n<p><strong>Vorlesung und \u00dcbung &#8222;Einf\u00fchrung in die \u00d6konometrie&#8220; (B.Sc.)<\/strong><br \/>\nDozent: <abbr title=\"Professor\">Prof.<\/abbr>\u00a0<abbr title=\"Doktor\">Dr.<\/abbr>\u00a0Michael Berlemann<br \/>\nBeschreibung: kombinierte Pr\u00e4senz- und Online-Veranstaltung<br \/>\nAuftaktveranstaltung: 5. Januar 2026, SR 0101, 9:45 bis 11:15 Uhr<br \/>\nVorlesungsunterlagen: ab Vorlesungsbeginn Download \u00fcber ILIAS m\u00f6glich<br \/>\nBemerkungen: dringend bis Trimesterbeginn bei ILIAS f\u00fcr Kurs anmelden<br \/>\n\u00dcbung: <abbr title=\"Doktor\">Dr.<\/abbr> Lea Bernhardt (Beginn <abbr title=\"vergleiche\">vgl.<\/abbr> Vorlesungsunterlagen)<\/p>\n<hr \/>\n<p><strong>Vorlesung und \u00dcbung &#8222;Zeitreihen\u00f6konometrie&#8220; (<abbr title=\"Master of Science\">M.Sc.<\/abbr>)<\/strong><br \/>\nDozent: <abbr title=\"Professor\">Prof.<\/abbr>\u00a0<abbr title=\"Doktor\">Dr.<\/abbr>\u00a0Michael Berlemann<br \/>\nBeschreibung: Kombinierte Pr\u00e4senz- und Online-Veranstaltung<br \/>\nAuftaktveranstaltung: 5. Januar 2026, SR 0108, 8:00 bis 9:30 Uhr<br \/>\nVorlesungsunterlagen: ab Vorlesungsbeginn Download \u00fcber ILIAS m\u00f6glich<br \/>\nBemerkungen: dringend bis Trimesterbeginn bei ILIAS f\u00fcr den Kurs anmelden<br \/>\n\u00dcbung: <abbr title=\"Doktor\">Dr.<\/abbr> Daniela Wenzel (Beginn <abbr title=\"vergleiche\">vgl.<\/abbr> Vorlesungsunterlagen)<\/p>\n<hr \/>\n<p><strong>Seminar &#8222;Angewandte \u00d6konometrie&#8220; (<abbr title=\"Master of Science\">M.Sc.<\/abbr>)<\/strong><br \/>\nDozent: <abbr title=\"Professor\">Prof.<\/abbr>\u00a0<abbr title=\"Doktor\">Dr.<\/abbr>\u00a0Michael Berlemann<br \/>\nBeschreibung: Blockveranstaltung (Pr\u00e4senz)<br \/>\nAuftaktveranstaltung und Anmeldung: 12. Januar 2026, Raum 2173, 9:00 bis 9:30 Uhr<\/p>\n<hr \/>\n<h3>Fr\u00fchjahrstrimester 2026<\/h3>\n<p><strong>Vorlesung und \u00dcbung &#8222;Politische \u00d6konomik&#8220; (B.Sc.)<\/strong><br \/>\nDozent: <abbr title=\"Professor\">Prof.<\/abbr>\u00a0<abbr title=\"Doktor\">Dr.<\/abbr>\u00a0Michael Berlemann<br \/>\nBeschreibung: Pr\u00e4senzveranstaltung<br \/>\nTermin: Erste Vorlesung am Mittwoch, dem 8.4.26 um 9:45 Uhr im Raum 0401. An Tagen ohne \u00dcbung findet die Vorlesung stets ab 9:45 Uhr in Raum 0401 statt. An Terminen mit \u00dcbung findet die Vorlesung ab 8:00 Uhr in H\u00f6rsaal 0002 statt, die \u00dcbung dann anschlie\u00dfend ab 9:45 Uhr in Raum 0401.<br \/>\nVorlesungsunterlagen: ab Vorlesungsbeginn Download \u00fcber ILIAS m\u00f6glich<br \/>\nBemerkungen: dringend bis Trimesterbeginn bei ILIAS f\u00fcr den Kurs anmelden<br \/>\n\u00dcbung: <abbr title=\"Professor\">Prof.<\/abbr> <abbr title=\"Doktor\">Dr.<\/abbr> Michael Berlemann, Termine f\u00fcr \u00dcbung werden in der Vorwoche in Vorlesung angek\u00fcndigt<\/p>\n<hr \/>\n<p><strong>Blockseminar &#8222;Empirische Wirtschaftsforschung&#8220; (B.Sc.)<\/strong><br \/>\nDozenten: <abbr title=\"Professor\">Prof.<\/abbr>\u00a0<abbr title=\"Doktor\">Dr.<\/abbr> Michael Berlemann, Morten Grinna Normann, <abbr title=\"Master of Science\">M.Sc.<\/abbr>, Paula Schwamb <abbr title=\"Master of Science\">M.Sc.<\/abbr><br \/>\nInformationsveranstaltung: 08.04.2026, von 11:30 bis 13:00 Uhr in Raum 2173 (H1)<br \/>\nAnmeldung: bis 12.4.26 per e-mail an berlemann@hwwi.org<br \/>\nAbgabetermin Seminararbeiten: 31.5.26, 23:59 Uhr per e-mail beim Betreuer<br \/>\nRaum und Uhrzeit: das Blockseminar findet am 15.6.26 von 16:00 bis 18:00 Uhr in Seminarraum 310 statt.<br \/>\nHinweis: F\u00fcr eine Seminarteilnahme ist die Anwesenheit bei der Auftaktveranstaltung notwendig!, Alle Informationen zum Seminar <abbr title=\"inclusive\">inkl.<\/abbr> Themen erhalten Sie \u00fcber das Informationsblatt zur Veranstaltung bei ILIAS<\/p>\n<hr \/>\n<p><strong>Vorlesung und \u00dcbung &#8222;R\u00e4umliche und Panel\u00f6konometrie&#8220; (<abbr title=\"Master of Science\">M.Sc.<\/abbr>)<\/strong><br \/>\nDozent: <abbr title=\"Professor\">Prof.<\/abbr> <abbr title=\"Doktor\">Dr.<\/abbr> Michael Berlemann<br \/>\nBeschreibung: Kombinierte Pr\u00e4senz- und Online-Veranstaltung<br \/>\nAuftaktveranstaltung: Donnerstag, den 9.4.26, von 09:45 bis 11:15 Uhr in Seminarraum 0401<br \/>\n\u00dcbung: <abbr title=\"Professor\">Prof.<\/abbr> <abbr title=\"Doktor\">Dr.<\/abbr> Michael Berlemann, Termin wird noch bekannt gegeben<br \/>\nVorlesungsunterlagen: ab Vorlesungsbeginn \u00fcber ILIAS erh\u00e4ltlich<br \/>\nBemerkungen: dringend bis Trimesterbeginn bei ILIAS f\u00fcr den Kurs anmelden, f\u00fcr den Kurs wird ein <strong>freiwilliges Repetitorium<\/strong> angeboten; n\u00e4here Erl\u00e4uterungen hierzu in der Auftaktveranstaltung<\/p>\n<hr \/>\n<p><strong>Master-Thesis-Kolloquium &#8222;Empirische Wirtschaftsforschung&#8220; (<abbr title=\"Master of Science\">M.Sc.<\/abbr>)<\/strong><br \/>\nDozent: <abbr title=\"Professor\">Prof.<\/abbr>\u00a0<abbr title=\"Doktor\">Dr.<\/abbr>\u00a0Michael Berlemann<br \/>\nBeschreibung: Blockveranstaltung (Pr\u00e4senz)<br \/>\nAnmeldung: bitte per-email bei berlemann@hwwi.org<\/p>\n<p><strong>Informationen zu Seminaren, Kolloquien und Abschlussarbeiten<\/strong><\/p>\n<h3>Informationsbl\u00e4tter<\/h3>\n<p>Informationsblatt Seminare Kolloquien und Abschlussarbeiten<\/p>\n<div class=\"col-xs-12 downloads-item\">\n<div class=\"row border-line\">\n<div class=\"thumbnail-area\"><img decoding=\"async\" class=\"download-image\" src=\"\/wp-content\/themes\/hsu\/img\/dummy\/downloads_dummy.png\" alt=\"\" \/><\/div>\n<div class=\"text-area\"><span class=\"download-text\">Informationsblatt Seminare Kolloquien und Abschlussarbeiten<\/span><\/div>\n<div class=\"download-area\"><a class=\"download-link\" href=\"https:\/\/www.hsu-hh.de\/empwifo\/wp-content\/uploads\/sites\/759\/2018\/11\/Informationsblatt-Seminare-Kolloquien-und-Abschlussarbeiten.pdf\"><span class=\"download-name\">pdf laden<\/span><span class=\"donwload-icon\"><img decoding=\"async\" class=\"download-icon\" src=\"\/wp-content\/themes\/hsu\/img\/icons\/download_icon.png\" alt=\"download icon\" \/><\/span><span class=\"download-size\">78 KB<\/span><\/a><\/div>\n<\/div>\n<\/div>\n<p>Informationsblatt Anfertigung einer wissenschaftlichen Arbeit<\/p>\n<div class=\"col-xs-12 downloads-item\">\n<div class=\"row border-line\">\n<div class=\"thumbnail-area\"><img decoding=\"async\" class=\"download-image\" src=\"\/wp-content\/themes\/hsu\/img\/dummy\/downloads_dummy.png\" alt=\"\" \/><\/div>\n<div class=\"text-area\"><span class=\"download-text\">Informationsblatt Anfertigung einer wissenschaftlichen Arbeit<\/span><\/div>\n<div class=\"download-area\"><a class=\"download-link\" href=\"https:\/\/www.hsu-hh.de\/empwifo\/wp-content\/uploads\/sites\/759\/2018\/11\/Informationsblatt-Anfertigung-einer-wissenschaftlichen-Arbeit.pdf\"><span class=\"download-name\">pdf laden<\/span><span class=\"donwload-icon\"><img decoding=\"async\" class=\"download-icon\" src=\"\/wp-content\/themes\/hsu\/img\/icons\/download_icon.png\" alt=\"download icon\" \/><\/span><span class=\"download-size\">67 KB<\/span><\/a><\/div>\n<\/div>\n<\/div>\n<p>Zitierweise (Harvard-System)<\/p>\n<div class=\"col-xs-12 downloads-item\">\n<div class=\"row border-line\">\n<div class=\"thumbnail-area\"><img decoding=\"async\" class=\"download-image\" src=\"\/wp-content\/themes\/hsu\/img\/dummy\/downloads_dummy.png\" alt=\"\" \/><\/div>\n<div class=\"text-area\"><span class=\"download-text\">Zitierweise Harvard<\/span><\/div>\n<div class=\"download-area\"><a class=\"download-link\" href=\"https:\/\/www.hsu-hh.de\/empwifo\/wp-content\/uploads\/sites\/759\/2018\/11\/Zitierweise-Harvard-System.pdf\"><span class=\"download-name\">pdf laden<\/span><span class=\"donwload-icon\"><img decoding=\"async\" class=\"download-icon\" src=\"\/wp-content\/themes\/hsu\/img\/icons\/download_icon.png\" alt=\"download icon\" \/><\/span><span class=\"download-size\">45 KB<\/span><\/a><\/div>\n<\/div>\n<\/div>\n<p>Eidesstattliche Erkl\u00e4rung<\/p>\n<div class=\"col-xs-12 downloads-item\">\n<div class=\"row border-line\">\n<div class=\"thumbnail-area\"><img decoding=\"async\" class=\"download-image\" src=\"\/wp-content\/themes\/hsu\/img\/dummy\/downloads_dummy.png\" alt=\"\" \/><\/div>\n<div class=\"text-area\"><span class=\"download-text\">Eidesstattliche Erkl\u00e4rung<\/span><\/div>\n<div class=\"download-area\"><a class=\"download-link\" href=\"https:\/\/www.hsu-hh.de\/empwifo\/wp-content\/uploads\/sites\/759\/2018\/11\/Eidesstattliche-Erkl\u00e4rung.pdf\"><span class=\"download-name\">pdf laden<\/span><span class=\"donwload-icon\"><img decoding=\"async\" class=\"download-icon\" src=\"\/wp-content\/themes\/hsu\/img\/icons\/download_icon.png\" alt=\"download icon\" \/><\/span><span class=\"download-size\">29 KB<\/span><\/a><\/div>\n<\/div>\n<\/div>\n","protected":false},"excerpt":{"rendered":"<p>Lehrveranstaltungen im Studienjahr 2025\/2026 \u00dcberblick Veranstaltungen in Herbsttrimester 2025: Vorlesung und \u00dcbung &#8222;Empirische Wirtschaftsforschung&#8220; (B.Sc.) Bachelor-Thesis-Kolloquium &#8222;Empirische Wirtschaftsforschung&#8220; (B.Sc.) Veranstaltungen im Wintertrimester 2026: Vorlesung und \u00dcbung &#8222;Einf\u00fchrung in die \u00d6konometrie&#8220; [&hellip;]<\/p>\n","protected":false},"author":156,"featured_media":0,"parent":0,"menu_order":0,"comment_status":"closed","ping_status":"closed","template":"","meta":{"footnotes":""},"categories":[6],"tags":[],"class_list":["post-173","page","type-page","status-publish","hentry","category-lehre"],"_links":{"self":[{"href":"https:\/\/www.hsu-hh.de\/empwifo\/wp-json\/wp\/v2\/pages\/173","targetHints":{"allow":["GET"]}}],"collection":[{"href":"https:\/\/www.hsu-hh.de\/empwifo\/wp-json\/wp\/v2\/pages"}],"about":[{"href":"https:\/\/www.hsu-hh.de\/empwifo\/wp-json\/wp\/v2\/types\/page"}],"author":[{"embeddable":true,"href":"https:\/\/www.hsu-hh.de\/empwifo\/wp-json\/wp\/v2\/users\/156"}],"replies":[{"embeddable":true,"href":"https:\/\/www.hsu-hh.de\/empwifo\/wp-json\/wp\/v2\/comments?post=173"}],"version-history":[{"count":129,"href":"https:\/\/www.hsu-hh.de\/empwifo\/wp-json\/wp\/v2\/pages\/173\/revisions"}],"predecessor-version":[{"id":1871,"href":"https:\/\/www.hsu-hh.de\/empwifo\/wp-json\/wp\/v2\/pages\/173\/revisions\/1871"}],"wp:attachment":[{"href":"https:\/\/www.hsu-hh.de\/empwifo\/wp-json\/wp\/v2\/media?parent=173"}],"wp:term":[{"taxonomy":"category","embeddable":true,"href":"https:\/\/www.hsu-hh.de\/empwifo\/wp-json\/wp\/v2\/categories?post=173"},{"taxonomy":"post_tag","embeddable":true,"href":"https:\/\/www.hsu-hh.de\/empwifo\/wp-json\/wp\/v2\/tags?post=173"}],"curies":[{"name":"wp","href":"https:\/\/api.w.org\/{rel}","templated":true}]}}