{"id":167,"date":"2017-10-27T14:02:51","date_gmt":"2017-10-27T12:02:51","guid":{"rendered":"https:\/\/www.hsu-hh.de\/empwifo\/?page_id=167"},"modified":"2017-11-15T00:00:50","modified_gmt":"2017-11-14T23:00:50","slug":"neuigkeiten","status":"publish","type":"page","link":"https:\/\/www.hsu-hh.de\/empwifo\/neuigkeiten","title":{"rendered":"Neuigkeiten"},"content":{"rendered":"<div id=\"category_content_OIFsS4nC\" class=\"hsu_category archive-page\"><div class=\"clearfix\"><\/div>\t<header class=\"entry-header\">\t\t<h2 class=\"entry-title\">       <a href=\"https:\/\/www.hsu-hh.de\/empwifo\/bachelor-seminar-empirische-wirtschaftsforschung\" title=\"Bachelor-Seminar \"Empirische Wirtschaftsforschung\"\" >Bachelor-Seminar \"Empirische Wirtschaftsforschung\"<\/a>\t\t<\/h2>\t<\/header><div class=\"entry-content\">\n<p>Im Fr\u00fchjahrstrimester 2026 bietet der Lehrstuhl ein <abbr title=\"Volkswirtschaftslehre\">VWL<\/abbr>-Seminar f\u00fcr den Bachelorstudiengang &#8222;Volkswirtschaftslehre&#8220; an. Eine Informationsveranstaltung hierzu findet am 8.4.26 von 11:30 bis 13:00 Uhr in Raum 2173 statt. Alle weiteren Informationen zum Seminar finden sich im Informationsblatt bei ILIAS.<\/p>\n<\/div><div class=\"clearfix\"><\/div>\t<header class=\"entry-header\">\t\t<h2 class=\"entry-title\">       <a href=\"https:\/\/www.hsu-hh.de\/empwifo\/erste-vorlesung-politische-oekonomik-am-mittwoch-dem-8-4-26-um-945-uhr\" title=\"Erste Vorlesung \"Politische \u00d6konomik\" am Mittwoch, dem 8.4.26 um 9:45 Uhr in SR 0401\" >Erste Vorlesung \"Politische \u00d6konomik\" am Mittwoch, dem 8.4.26 um 9:45 Uhr in SR 0401<\/a>\t\t<\/h2>\t<\/header><div class=\"entry-content\">\n<p>Anders als im Vorlesungsverzeichnis angegeben findet die erste Vorlesung &#8222;Politische \u00d6konomik&#8220; am 8.4.26 <strong>nicht<\/strong> um 8:00 Uhr im H\u00f6rsaal 0002 <strong>sondern<\/strong> um 9:45 bis 11:15 im Seminarraum 0401 statt. Die Vorlesungsfolien zur Veranstaltung stehen ab sofort bei ILIAS online. <\/p>\n\n\n\n<p><\/p>\n<\/div><div class=\"clearfix\"><\/div>\t<header class=\"entry-header\">\t\t<h2 class=\"entry-title\">       <a href=\"https:\/\/www.hsu-hh.de\/empwifo\/master-seminar-angewandte-oekonometrie\" title=\"Master-Seminar \"Angewandte \u00d6konometrie\"\" >Master-Seminar \"Angewandte \u00d6konometrie\"<\/a>\t\t<\/h2>\t<\/header><div class=\"entry-content\">\n<p>Der Lehrstuhl bietet im Wintertrimester 2026 ein Masterseminar an. Die Informationsveranstaltung zum Seminar sowie die Themenvergabe findet am 12. Januar von 9:00 Uhr bis 9:30 Uhr in Raum 2173 statt.<\/p>\n\n\n\n<p>Die folgenden Themen k\u00f6nnen bearbeitet werden:<\/p>\n\n\n\n<p>(1) F\u00fchren Sportgro\u00dfveranstaltungen zu mehr Tourismus?<\/p>\n\n\n\n<p>(2) Der Einfluss des Wetters auf den Benzinpreis<\/p>\n\n\n\n<p>(3) Bestimmungsfaktoren der Inflationsaversion<\/p>\n\n\n\n<p>(4) Der Einfluss von lokaler Konkurrenz auf den Benzinpreis<\/p>\n\n\n\n<p>Bei Bedarf werden weitere Themen zur Verf\u00fcgung gestellt.<\/p>\n\n\n\n<p><\/p>\n<\/div><div class=\"clearfix\"><\/div>\t<header class=\"entry-header\">\t\t<h2 class=\"entry-title\">       <a href=\"https:\/\/www.hsu-hh.de\/empwifo\/auftaktveranstaltung-zeitreihenoekonometrie\" title=\"Auftaktveranstaltung \"Zeitreihen\u00f6konometrie\"\" >Auftaktveranstaltung \"Zeitreihen\u00f6konometrie\"<\/a>\t\t<\/h2>\t<\/header><div class=\"entry-content\">\n<p>Die Auftaktveranstaltung zur Vorlesung &#8222;Zeitreihen\u00f6konometrie&#8220; findet am 5. Januar 2026 von 8:00 bis 9:30 Uhr in Seminarraum 0108 im Hauptgeb\u00e4ude (H01) statt.<\/p>\n<\/div><div class=\"clearfix\"><\/div>\t<header class=\"entry-header\">\t\t<h2 class=\"entry-title\">       <a href=\"https:\/\/www.hsu-hh.de\/empwifo\/auftaktveranstaltung-einfuehrung-in-die-oekonometrie\" title=\"Auftaktveranstaltung \"Einf\u00fchrung in die \u00d6konometrie\"\" >Auftaktveranstaltung \"Einf\u00fchrung in die \u00d6konometrie\"<\/a>\t\t<\/h2>\t<\/header><div class=\"entry-content\">\n<p>Die Auftaktveranstaltung f\u00fcr die Vorlesung &#8222;Einf\u00fchrung in die \u00d6konometrie&#8220; findet am Montag, dem 5. Januar 2026 von 9:45 bis 11:15 in Seminarraum 0101 (Hauptgeb\u00e4ude H01) statt.<\/p>\n<\/div><div class=\"clearfix\"><\/div>\t<header class=\"entry-header\">\t\t<h2 class=\"entry-title\">       <a href=\"https:\/\/www.hsu-hh.de\/empwifo\/auftaktveranstaltung-vorlesung-empirische-wirtschaftsforschung-am-13-10-25\" title=\"Auftaktveranstaltung Vorlesung \"Empirische Wirtschaftsforschung\" am 13.10.25\" >Auftaktveranstaltung Vorlesung \"Empirische Wirtschaftsforschung\" am 13.10.25<\/a>\t\t<\/h2>\t<\/header><div class=\"entry-content\">\n<p>Die erste Veranstaltung zur Vorlesung &#8222;Empirische Wirtschaftsforschung&#8220; findet am 13.10.25 um 17:30 Uhr bis 19:00 Uhr in Raum 0110 im Geb\u00e4ude H1 statt. Die \u00dcbungstermine finden als Blockveranstaltungen statt und werden gesonmdert angek\u00fcndigt.  <\/p>\n<\/div><div class=\"clearfix\"><\/div>\t<header class=\"entry-header\">\t\t<h2 class=\"entry-title\">       <a href=\"https:\/\/www.hsu-hh.de\/empwifo\/keine-lehrveranstaltungen-in-der-woche-vom-26-bis-zum-30-mai\" title=\"Keine Lehrveranstaltungen in der Woche vom 26. bis zum 30. Mai\" >Keine Lehrveranstaltungen in der Woche vom 26. bis zum 30. Mai<\/a>\t\t<\/h2>\t<\/header><div class=\"entry-content\">\n<p>Wegen der Jugend-Forscht-Woche an der <abbr title=\"Helmut Schmidt Universit\u00e4t\">HSU<\/abbr> finden in der Woche vom 26.5. bis zum 30.5. keine Lehrveranstaltungen statt. Wir bitten dies zu beachten.<\/p>\n<\/div><div class=\"clearfix\"><\/div>\t<header class=\"entry-header\">\t\t<h2 class=\"entry-title\">       <a href=\"https:\/\/www.hsu-hh.de\/empwifo\/vorlesungsbeilage-politische-oekonomik-aktualisiert\" title=\"Vorlesungsbeilage \"Politische \u00d6konomik\" aktualisiert\" >Vorlesungsbeilage \"Politische \u00d6konomik\" aktualisiert<\/a>\t\t<\/h2>\t<\/header><div class=\"entry-content\">\n<p>Die Vorlesungsbeilage zur Vorlesung &#8222;Politische \u00d6konomik&#8220; wurde aktualisiert und in ILIAS hochgeladen.<\/p>\n<\/div><div class=\"clearfix\"><\/div>\t<header class=\"entry-header\">\t\t<h2 class=\"entry-title\">       <a href=\"https:\/\/www.hsu-hh.de\/empwifo\/auftaktveranstaltung-masterkolloquium-empirische-wirtschaftsforschung\" title=\"Auftaktveranstaltung Masterkolloquium \"Empirische Wirtschaftsforschung\"\" >Auftaktveranstaltung Masterkolloquium \"Empirische Wirtschaftsforschung\"<\/a>\t\t<\/h2>\t<\/header><div class=\"entry-content\">\n<p>Die Auftaktveranstaltung zum Masterkolloquium &#8222;Empirische Wirtschaftsforschung&#8220; im <abbr title=\"Fr\u00fchjahrstrimester\">FT<\/abbr> 2024 findet am 8.4.24 um 14:30 Uhr im Raum 2174 in Geb\u00e4ude H1 statt.<\/p>\n<\/div><div class=\"clearfix\"><\/div>\t<header class=\"entry-header\">\t\t<h2 class=\"entry-title\">       <a href=\"https:\/\/www.hsu-hh.de\/empwifo\/auftaktveranstaltung-bachelorseminar-empirische-wirtschaftsforschung\" title=\"Auftaktveranstaltung Bachelorseminar \"Empirische Wirtschaftsforschung\"\" >Auftaktveranstaltung Bachelorseminar \"Empirische Wirtschaftsforschung\"<\/a>\t\t<\/h2>\t<\/header><div class=\"entry-content\">\n<p>Die Auftaktveranstaltung f\u00fcr das Bachelorseminar &#8222;Empirische Wirtschaftsforschung&#8220; im <abbr title=\"Fr\u00fchjahrstrimester\">FT<\/abbr> 2024 findet am 8.4.24 in Raum 2173 im Geb\u00e4ude H1 statt. Die Veranstaltung beginnt um 11:30 Uhr.<\/p>\n<\/div><div class=\"clearfix\"><\/div>\t<header class=\"entry-header\">\t\t<h2 class=\"entry-title\">       <a href=\"https:\/\/www.hsu-hh.de\/empwifo\/auftaktveranstaltung-vorlesung-raeumliche-und-paneloekonometrie\" title=\"Auftaktveranstaltung Vorlesung \"R\u00e4umliche und Panel\u00f6konometrie\"\" >Auftaktveranstaltung Vorlesung \"R\u00e4umliche und Panel\u00f6konometrie\"<\/a>\t\t<\/h2>\t<\/header><div class=\"entry-content\">\n<p>Die Auftaktveranstaltung zur Vorlesung &#8222;R\u00e4umliche und Panel\u00f6konometrie&#8220; findet am 8.4.24 von 15:45 bis 17:15 Uhr in Seminarraum 0109 in Geb\u00e4ude H1 statt.<\/p>\n<\/div><div class=\"clearfix\"><\/div>\t<header class=\"entry-header\">\t\t<h2 class=\"entry-title\">       <a href=\"https:\/\/www.hsu-hh.de\/empwifo\/auftaktveranstaltung-vorlesung-politische-oekonomik\" title=\"Auftaktveranstaltung Vorlesung \"Politische \u00d6konomik\"\" >Auftaktveranstaltung Vorlesung \"Politische \u00d6konomik\"<\/a>\t\t<\/h2>\t<\/header><div class=\"entry-content\">\n<p>Die Auftaktveranstaltung f\u00fcr die Vorlesung &#8222;Politische \u00d6konomik&#8220; findet am MOntag, dem 8.4.24 von 9:45 bis 11:15 Uhr in Raum SR 0401 inm Geb\u00e4ude H1 statt.<\/p>\n<\/div><div class=\"clearfix\"><\/div>\t<header class=\"entry-header\">\t\t<h2 class=\"entry-title\">       <a href=\"https:\/\/www.hsu-hh.de\/empwifo\/lehrprogramm-im-studienjahr-2021-2022\" title=\"Lehrprogramm im Studienjahr 2021\/2022\" >Lehrprogramm im Studienjahr 2021\/2022<\/a>\t\t<\/h2>\t<\/header><div class=\"entry-content\">\n<p>Im Studienjahr 2021\/2022 ist Prof. Berlemann im Forschungsfreiraum. Um die Kontinuit\u00e4t der aufeinander aufbauenden Lehrveranstaltungen zu gew\u00e4hrleisten bietet der Lehrstuhl dennoch die vier Pflichtveranstaltungen &#8222;Empirische Wirtschaftsforschung&#8220;, &#8222;Einf\u00fchrung in die \u00d6konometrie&#8220;, &#8222;Zeitreihen\u00f6konometrie&#8220; und &#8222;Panel- und R\u00e4umliche \u00d6konometrie&#8220; an. Zudem bietet der Lehrstuhl Abschlussarbeiten f\u00fcr diejenigen Studierenden an, die zuvor bereits am Lehrstuhl ihre Seminararbeiten geschrieben haben. Die Vorlesung &#8222;Politische \u00d6konomik&#8220; und Seminare im Bachelor und Master werden dagegen in diesem Studienjahr nicht angeboten.<\/p>\n\n\n\n<p>Die Lehrveranstaltungen &#8222;Versicherungs\u00f6konomik&#8220; und &#8222;Konjunktur&#8220; von Dr. Hott finden regul\u00e4r statt.<\/p>\n<\/div><div class=\"clearfix\"><\/div>\t<header class=\"entry-header\">\t\t<h2 class=\"entry-title\">       <a href=\"https:\/\/www.hsu-hh.de\/empwifo\/online-uebungsplattform-gestartet\" title=\"Online-\u00dcbungsplattform gestartet\" >Online-\u00dcbungsplattform gestartet<\/a>\t\t<\/h2>\t<\/header><div class=\"entry-content\"><p>Ab sofort werden alle \u00dcbungen des Lehrstuhls \u00fcber unsere neu entwickelte Online-\u00dcbungsplattform abgewickelt. Das erste Arbeitsblatt f\u00fcr die \u00dcbung zur Vorlesung &#8222;Panel- und R\u00e4umliche \u00d6konometrie&#8220; ist online, die weiteren folgen in den n\u00e4chsten Wochen. Die \u00dcbung zur Politischen \u00d6konomik startet n\u00e4chsten Montag. Genaueres findet sich unter &#8222;Lehre&#8220;.<\/p>\n<\/div><div class=\"clearfix\"><\/div>\t<header class=\"entry-header\">\t\t<h2 class=\"entry-title\">       <a href=\"https:\/\/www.hsu-hh.de\/empwifo\/teil-2-und-teil-3-der-vorlesungsunterlagen-panel-und-raumliche-oekonometrie-online\" title=\"Teil 2 und Teil 3 der Vorlesungsunterlagen \"Panel- und Raumliche \u00d6konometrie\" online\" >Teil 2 und Teil 3 der Vorlesungsunterlagen \"Panel- und Raumliche \u00d6konometrie\" online<\/a>\t\t<\/h2>\t<\/header><div class=\"entry-content\"><p>Die Teile 2 und 3 der Vorlesungsunterlagen zur Vorlesung &#8222;Panel- und R\u00e4umliche \u00d6konometrie&#8220; stehen ab sofort bei ILIAS zum Download bereit.<\/p>\n<\/div><div class=\"clearfix\"><\/div>\t<header class=\"entry-header\">\t\t<h2 class=\"entry-title\">       <a href=\"https:\/\/www.hsu-hh.de\/empwifo\/1187-2\" title=\"Teil 1 der Vorlesungsunterlagen \"Panel- und Raumliche \u00d6konometrie\" online\" >Teil 1 der Vorlesungsunterlagen \"Panel- und Raumliche \u00d6konometrie\" online<\/a>\t\t<\/h2>\t<\/header><div class=\"entry-content\"><p>Wie bereits angek\u00fcndigt, kann die Vorlesung \u201ePanel- und R\u00e4umliche \u00d6konometrie\u201c einschlie\u00dflich \u00dcbungen in diesem Trimester nicht als Pr\u00e4senzveranstaltung stattfinden. Dennoch wollen wir nat\u00fcrlich gew\u00e4hrleisten, dass sie auch unter diesen au\u00dfergew\u00f6hnlichen Umst\u00e4nden Ihr Studium m\u00f6glichst gut fortsetzen k\u00f6nnen. Wir bieten daher die Vorlesung \u201ePanel- und r\u00e4umliche \u00d6konometrie\u201c in diesem Trimester als reine Online-Veranstaltung mit vertonten Vorlesungsfolien an.<\/p>\n<p>Der erste Teil der Vorlesungsunterlagen steht ab sofort \u00fcber ILIAS zum Download bereit. Damit k\u00f6nnen Sie ab sofort mit dem Selbststudium der Vorlesung beginnen. Die \u00fcbrigen Kapitel folgen in den n\u00e4chsten Tagen.<\/p>\n<p>Die Unterlagen bestehen aus mehreren Bestandteilen. Die Vorlesungsfolien sind kapitelweise in PDF-Dateien abgelegt. Au\u00dferdem finden sie auf dem ILIAS-Server einen Ordner mit Audiodateien (\u201eAudio_Teil_1.rar\u201c). Dieser enth\u00e4lt alle Audiokommentare zur Vorlesung. Damit sie diese aus dem PDF-File heraus mit Hilfe der an vielen Stellen eingef\u00fcgten \u201eAudio-Buttons\u201c abrufen k\u00f6nnen, m\u00fcssen Sie in dem Verzeichnis, in dem Sie die Vorlesungsunterlagen als PDF abgespeichert haben, einen Unterordner mit dem Titel \u201eAudio\u201c anlegen und alle Audiodateien entpackt in diesem Ordner kopieren. Das gilt auch f\u00fcr alle folgenden Kapitel. Bitte auch diese im gleichen Audioordner ablegen.<\/p>\n<p>Bitte beachten Sie, dass wir die Audiodateien mit der geringstm\u00f6glichen Qualit\u00e4t aufgezeichnet haben, damit sie nicht \u00fcberbordend viel Speicher beanspruchen. Auch in der derzeitigen Qualit\u00e4t ben\u00f6tigen sie schon sehr viel Speicherplatz. Wir haben die Wiedergabequalit\u00e4t allerdings gepr\u00fcft und hatten keine Probleme, die Texte gut zu verstehen.<\/p>\n<p>Anders als in der Vergangenheit, haben wir dieses Mal sehr viele R-Codes als Beispiele in die Vorlesungsbeilage integriert. Sie k\u00f6nnen so alle Outputs aus R, die wir in der Vorlesungsbeilage benutzen, selbst nachvollziehen und auch variieren. Wir hoffen dies hilft beim Verst\u00e4ndnis des Stoffes. Wir legen auf ILIAS auch alle Beispieldatens\u00e4tze ab, die wir verwendet haben. Wollen Sie den R-Code ausprobieren, m\u00fcssen Sie auch diese herunterladen und lokal installieren. Achten Sie beim Ausf\u00fchren des R-Codes zudem darauf, dass Sie Ihre lokalen Datenpfade korrekt definieren, denn diese werden sich naturgem\u00e4\u00df von unseren unterscheiden.<\/p>\n<p>Auch die \u00dcbung wird ausschlie\u00dflich Online stattfinden. Wir bereiten derzeit noch individuelle \u00dcbungsaufgaben f\u00fcr sie vor. Sobald diese fertig gestellt sind, werden wir Sie hierzu gesondert informieren. Zudem ist auch eine Chatgruppe zur \u00dcbung und Vorlesung in ILIAS in Vorbereitung. Hier k\u00f6nnen Sie sich austauschen und Fragen stellen. Diese wird ebenfalls zeitnah online gehen.<\/p>\n<p>Uns ist bewusst, dass das Lernen mit audio-kommentierten Folien sich vom Besuch von Vorlesungen unterscheidet. Wir hoffen aber, Ihnen mit diesem Angebot zu helfen, Ihr Studium trotz Corona z\u00fcgig und erfolgreich abzuschlie\u00dfen. Beginnen Sie am Besten so bald wie m\u00f6glich, sich den Vorlesungsstoff anzueignen.<\/p>\n<p>Wir w\u00fcnschen Ihnen das Allerbeste, in diesen Zeiten vor allem aber Geduld und beste Gesundheit und freuen uns, Sie m\u00f6glichst bald dann auch wieder pers\u00f6nlich zu sehen.<\/p>\n<p>Beste Gr\u00fc\u00dfe<\/p>\n<p>Michael Berlemann<\/p>\n<\/div><div class=\"clearfix\"><\/div>\t<header class=\"entry-header\">\t\t<h2 class=\"entry-title\">       <a href=\"https:\/\/www.hsu-hh.de\/empwifo\/vorlesungsunterlagen-politische-oekonomik-online\" title=\"Vorlesungsunterlagen \"Politische \u00d6konomik\" Online\" >Vorlesungsunterlagen \"Politische \u00d6konomik\" Online<\/a>\t\t<\/h2>\t<\/header><div class=\"entry-content\"><p>Wie bereits angek\u00fcndigt, kann die Vorlesung \u201ePolitische \u00d6konomik\u201c einschlie\u00dflich \u00dcbungen in diesem Trimester nicht als Pr\u00e4senzveranstaltung stattfinden. Dennoch wollen wir nat\u00fcrlich gew\u00e4hrleisten, dass sie auch unter diesen au\u00dfergew\u00f6hnlichen Umst\u00e4nden Ihr Studium m\u00f6glichst gut fortsetzen k\u00f6nnen. Wir bieten daher die Vorlesung \u201ePolitische \u00d6konomik\u201c in diesem Trimester als reine Online-Veranstaltung mit vertonten Vorlesungsfolien an.<\/p>\n<p>Die Vorlesungsunterlagen zur Vorlesung stehen ab sofort \u00fcber ILIAS zum Download bereit. Damit k\u00f6nnen Sie ab sofort mit dem Selbststudium der Vorlesung beginnen. Um Ihnen zu erm\u00f6glichen, Ihren eigenen Zeitplan zu verfolgen, haben wir bereits die Unterlagen f\u00fcr die gesamte Veranstaltung hochgeladen, also alle 9 Kapitel der Vorlesung.<\/p>\n<p>Die Unterlagen bestehen aus zwei Bestandteilen. Die Vorlesungsfolien sind in einer umfassenden PDF-Datei abgelegt. Au\u00dferdem finden sie auf dem ILIAS-Server einen Ordner mit Audiodateien (\u201eAudio.rar\u201c). Dieser enth\u00e4lt alle Audiokommentare zur Vorlesung. Damit sie diese aus dem PDF-File heraus mit Hilfe der an vielen Stellen eingef\u00fcgten \u201eAudio-Buttons\u201c abrufen k\u00f6nnen, m\u00fcssen Sie in dem Verzeichnis, in dem Sie die Vorlesungsunterlagen als PDF abgespeichert haben, einen Unterordner mit dem Titel \u201eAudio\u201c anlegen und alle Audiodateien entpackt in diesem Ordner kopieren.<\/p>\n<p>Bitte beachten Sie, dass wir die Audiodateien mit der geringstm\u00f6glichen Qualit\u00e4t aufgezeichnet haben, damit sie nicht \u00fcberbordend viel Speicher beanspruchen. Auch in der derzeitigen Qualit\u00e4t ben\u00f6tigen sie bereits fast 300 MB. Wir haben die Wiedergabequalit\u00e4t allerdings gepr\u00fcft und hatten keine Probleme, die Texte gut zu verstehen.<\/p>\n<p>Auch die \u00dcbung wird ausschlie\u00dflich Online stattfinden. Wir bereiten derzeit noch individuelle \u00dcbungsaufgaben f\u00fcr sie vor. Sobald diese fertig gestellt sind, werden wir Sie hierzu gesondert informieren. Zudem ist auch eine Chatgruppe zur \u00dcbung und Vorlesung in ILIAS in Vorbereitung. Hier k\u00f6nnen Sie sich austauschen und Fragen stellen. Diese wird ebenfalls zeitnah online gehen.<\/p>\n<p>Uns ist bewusst, dass das Lernen mit audio-kommentierten Folien sich vom Besuch von Vorlesungen unterscheidet. Wir hoffen aber, Ihnen mit diesem Angebot zu helfen, Ihr Studium trotz Corona z\u00fcgig und erfolgreich abzuschlie\u00dfen. Beginnen Sie am Besten so bald wie m\u00f6glich, sich den Vorlesungsstoff anzueignen.<\/p>\n<p>Wir w\u00fcnschen Ihnen das Allerbeste, in diesen Zeiten vor allem aber Geduld und beste Gesundheit und freuen uns, Sie m\u00f6glichst bald dann auch wieder pers\u00f6nlich zu sehen.<\/p>\n<p>Beste Gr\u00fc\u00dfe<\/p>\n<p>Michael Berlemann<\/p>\n<\/div><div class=\"clearfix\"><\/div>\t<header class=\"entry-header\">\t\t<h2 class=\"entry-title\">       <a href=\"https:\/\/www.hsu-hh.de\/empwifo\/lehrveranstaltungen-im-fruehjahrstrimester-2020\" title=\"Lehrveranstaltungen im Fr\u00fchjahrstrimester 2020\" >Lehrveranstaltungen im Fr\u00fchjahrstrimester 2020<\/a>\t\t<\/h2>\t<\/header><div class=\"entry-content\"><p>Aufgrund der Covid-19-Pandemie werden die Lehrveranstaltungen des Lehrstuhls <abbr title=\"Volkswirtschaftslehre\">VWL<\/abbr>, insbes. Politische \u00d6konomik und Empirische Wirtschaftsforschung im Fr\u00fchjahrstrimester 2020 s\u00e4mtlich nicht als Pr\u00e4senzveranstaltungen durchgef\u00fchrt. Damit dennoch alle Lehrveranstaltungen planm\u00e4\u00dfig absolviert werden k\u00f6nnen, bereiten wir derzeit ein entsprechendes Online-Angebot vor. Damit Sie an den Vorlesungen und den begleitenden \u00dcbungen teilnehmen k\u00f6nnen, ist eine Anmeldung in Ilias unerl\u00e4\u00dflich. Alle Lehrunterlagen werden ausschlie\u00dflich \u00fcber diese Plattform bereit gestellt.<\/p>\n<p>Die Vorlesungen &#8222;Politische \u00d6konomik&#8220; (Bachelor) und &#8222;Panel- und R\u00e4umliche \u00d6konometrie&#8220; (Master) werden in Form von PDF-Folien bereit gestellt. Die Folien werden mit Audiotexten versehen, die den auf den Folien dargestellten Stoff verbal erl\u00e4utern. Die Folien k\u00f6nnen mit dem Adobe-Flash-Player angesehen und abgeh\u00f6rt werden. Sobald die vertonten Vorlesungsfolien fertig gestellt sind (sp\u00e4testens zum 14.4.2020), werden sie vollst\u00e4ndig in Ilias bereit gestellt.<\/p>\n<p>Die vorlesungsbegleitenden \u00dcbungen werden im Fr\u00fchjahrstrimester 2020 \u00fcber \u00dcbungsbl\u00e4tter organisiert. Diese \u00dcbungsbl\u00e4tter werden ebenfalls \u00fcber Ilias bereitgestellt. Nach der elektronischen Einreichung der gel\u00f6sten \u00dcbungsaufgaben erhalten die \u00dcbungsteilnehmer\/-innen die korrekten L\u00f6sungen und k\u00f6nnen diese dann mit ihren eigenen L\u00f6sungen abgleichen. Auch diese \u00dcbungsbl\u00e4tter werden derzeit vorbereitet und zeitversetzt in Ilias bereit gestellt. \u00dcber das genaue Prozedere informieren wir die \u00dcbungsteilnehmer \u00fcber Nachrichten aus dem Ilias-System.<\/p>\n<p>Da wir individuell mit Vorlesungs- und \u00dcbungsteilnehmern nur \u00fcber Ilias kommunizieren k\u00f6nnen, melden Sie sich bitte dringend f\u00fcr die f\u00fcr Sie relevanten Lehrveranstaltungen bei Ilias an.<\/p>\n<\/div><div class=\"clearfix\"><\/div>\t<header class=\"entry-header\">\t\t<h2 class=\"entry-title\">       <a href=\"https:\/\/www.hsu-hh.de\/empwifo\/hamburger-r-kurs-19-23-08-2018-helmut-schmidt-universitaet\" title=\"Hamburger R-Kurs, 19.-23.08.2018, Helmut-Schmidt-Universit\u00e4t\" >Hamburger R-Kurs, 19.-23.08.2018, Helmut-Schmidt-Universit\u00e4t<\/a>\t\t<\/h2>\t<\/header><div class=\"entry-content\"><p>In der Woche vom 19.-23.08.2019 wird Herr Prof. <abbr title=\"Doktor\">Dr.<\/abbr> Torben Kuhlenkasper, Professor f\u00fcr quantitative Methoden an der Hochschule Pforzheim, an der <abbr title=\"Helmut-Schmidt-Universit\u00e4t\">HSU<\/abbr> wieder einen Blockkurs zur Einf\u00fchrung in die Statistik-Software R geben. Dabei handelt es sich um eine von Statistikern, aber zunehmend auch von Volkswirten verwendete Statistiksoftware, die kostenlos verwendet werden kann und extrem leistungsf\u00e4hig ist.<\/p>\n<p>Prof. Kuhlenkasper hat den Kurs in den letzten Jahren bereits in bew\u00e4hrter Manier an unserer Fakult\u00e4t gehalten. Der Kurs wird ganzt\u00e4gig im Geb\u00e4ude H01, Seminarraum 0301 stattfinden. Teilnehmende werden gebeten, ihren eigenen Laptop mitzubringen. Weitere Informationen zum Kurs finden Sie <a href=\"https:\/\/www.hsu-hh.de\/empwifo\/wp-content\/uploads\/sites\/759\/2019\/07\/Gliederung_2019.pdf\">hier.<\/a><\/p>\n<p>Interessierte wenden sich bitte bis zum 10.08.2019 per Mail bei Erik Haustein (Erik.Haustein@hsu-hh.de).<\/p>\n<\/div><div class=\"clearfix\"><\/div>\t<header class=\"entry-header\">\t\t<h2 class=\"entry-title\">       <a href=\"https:\/\/www.hsu-hh.de\/empwifo\/1050-2\" title=\"\u00dcbung \"Politische \u00d6konomik\"\" >\u00dcbung \"Politische \u00d6konomik\"<\/a>\t\t<\/h2>\t<\/header><div class=\"entry-content\"><p>Am 19.06.19 (KW 25) wird es (feiertagsbedingt) um 09:45 im Komplexraum 1006 einen weiteren Termin f\u00fcr die \u00dcbung zur Polit. \u00d6konomik geben.<\/p>\n<\/div><\/div><div class=\"col-xs-12 col-md-3 col-md-push-4\"><span class=\"link no-arrow\"><button class=\"categorymore hsu_btn\" id=\"OIFsS4nC\"  data-category=\"Startseite\" data-categoryid=\"86\" data-posts_per_page=\"20\" data-order=\"DESC\" data-paged=\"2\" data-more_posts=\"1\" data-noexcerpt=\"1\" data-uid=\"OIFsS4nC\">Mehr Beitr\u00e4ge<\/button><\/span><\/div><div class=\"clearfix\"><\/div>\n<p>&nbsp;<\/p>\n","protected":false},"excerpt":{"rendered":"<p>&nbsp;<\/p>\n","protected":false},"author":156,"featured_media":0,"parent":0,"menu_order":0,"comment_status":"closed","ping_status":"closed","template":"","meta":{"footnotes":""},"categories":[86],"tags":[],"class_list":["post-167","page","type-page","status-publish","hentry","category-neuigkeiten"],"_links":{"self":[{"href":"https:\/\/www.hsu-hh.de\/empwifo\/wp-json\/wp\/v2\/pages\/167","targetHints":{"allow":["GET"]}}],"collection":[{"href":"https:\/\/www.hsu-hh.de\/empwifo\/wp-json\/wp\/v2\/pages"}],"about":[{"href":"https:\/\/www.hsu-hh.de\/empwifo\/wp-json\/wp\/v2\/types\/page"}],"author":[{"embeddable":true,"href":"https:\/\/www.hsu-hh.de\/empwifo\/wp-json\/wp\/v2\/users\/156"}],"replies":[{"embeddable":true,"href":"https:\/\/www.hsu-hh.de\/empwifo\/wp-json\/wp\/v2\/comments?post=167"}],"version-history":[{"count":10,"href":"https:\/\/www.hsu-hh.de\/empwifo\/wp-json\/wp\/v2\/pages\/167\/revisions"}],"predecessor-version":[{"id":359,"href":"https:\/\/www.hsu-hh.de\/empwifo\/wp-json\/wp\/v2\/pages\/167\/revisions\/359"}],"wp:attachment":[{"href":"https:\/\/www.hsu-hh.de\/empwifo\/wp-json\/wp\/v2\/media?parent=167"}],"wp:term":[{"taxonomy":"category","embeddable":true,"href":"https:\/\/www.hsu-hh.de\/empwifo\/wp-json\/wp\/v2\/categories?post=167"},{"taxonomy":"post_tag","embeddable":true,"href":"https:\/\/www.hsu-hh.de\/empwifo\/wp-json\/wp\/v2\/tags?post=167"}],"curies":[{"name":"wp","href":"https:\/\/api.w.org\/{rel}","templated":true}]}}