{"id":1206,"date":"2020-05-05T17:07:18","date_gmt":"2020-05-05T15:07:18","guid":{"rendered":"https:\/\/www.hsu-hh.de\/empwifo\/?page_id=1206"},"modified":"2020-10-20T14:50:34","modified_gmt":"2020-10-20T12:50:34","slug":"online-uebungsprogramm","status":"publish","type":"page","link":"https:\/\/www.hsu-hh.de\/empwifo\/online-uebungsprogramm","title":{"rendered":"Online-\u00dcbungsprogramm"},"content":{"rendered":"<p>Aufgrund der Corona-Problematik werden alle \u00dcbungen zu den Vorlesungen des Lehrstuhls ab sofort \u00fcber <em>unsere neu entwickelte \u00dcbungsplattform im Internet abgewickelt<\/em>. Wir hoffen, Ihnen damit ein hilfreiches und attraktives \u00dcbungsangebot machen zu k\u00f6nnen. Um Ihnen dieses Angebot machen zu k\u00f6nnen, haben wir einen Server angemietet, auf dem die Plattform derzeit l\u00e4uft.<\/p>\n<p>Um an den \u00dcbungen teilnehmen zu k\u00f6nnen, m\u00fcssen Sie bei ILIAS f\u00fcr die jeweilige Vorlesung registriert sein. Um sich in die \u00dcbungsplattform einloggen zu k\u00f6nnen, ben\u00f6tigen Sie eine individuelle ID sowie ein individuelles Passwort. Um Ihre ID und Ihr Passwort zu erhalten, schreiben Sie eine e-mail an den zust\u00e4ndigen \u00dcbungsleiter. Dieser sendet Ihnen Ihre ID und Ihr Passwort dann per e-mail zu.<\/p>\n<p>Jede \u00dcbung besteht aus mehreren \u00dcbungseinheiten mit Aufgaben, den <abbr title=\"sogenannt\">sog.<\/abbr> &#8220;Arbeitsbl\u00e4ttern&#8220;, die sich inhaltlich an den einzelnen Kapiteln der Vorlesung orientieren. Die Arbeitsbl\u00e4tter werden sukzessive \u00fcber die \u00dcbungsplattform zur Verf\u00fcgung gestellt und k\u00f6nnen als PDF-Dokumente herunter geladen werden. Die Arbeitsbl\u00e4tter bestehen aus Verst\u00e4ndnisfragen mit Multiple-Choice-Antworten und Rechenaufgaben. Bei \u00dcbungen zu empirischen Lehrveranstaltungen kommen noch Programmier\u00fcbungen in R hinzu. Zum Teil sind die Aufgabenbl\u00e4tter individualisiert, so dass sich die numerischen L\u00f6sungen von \u00dcbungsteilnehmer zu \u00dcbungsteilnehmer unterscheiden k\u00f6nnen.<\/p>\n<p>Nachdem Sie ein \u00dcbungsblatt (und bei empirischen Veranstaltungen ggfs. den Datensatz) von der \u00dcbungsplattform herunter geladen haben, bearbeiten Sie zun\u00e4chst dezentral die einzelnen Aufgaben und notieren sich die L\u00f6sungen. Wenn Sie ein Arbeitsblatt fertig gestellt haben, loggen Sie sich wieder in die Plattform ein und geben die L\u00f6sungen f\u00fcr die einzelnen Aufgaben ein. Sie bekommen dann angezeigt, ob die L\u00f6sungen korrekt sind. Sollten Sie bei der L\u00f6sung der Aufgabenbl\u00e4tter Probleme haben, k\u00f6nnen Sie per e-mail einen Gespr\u00e4chstermin (im Moment per Telefon) mit den \u00dcbungsleitern vereinbaren.<\/p>\n<p><strong>Wichtige Hinweise:<\/strong><\/p>\n<ul>\n<li>Wir finanzieren die \u00dcbungsplattform in diesem Trimester aus rein privaten Mitteln und haben f\u00fcr die Dauer der \u00dcbung ein festes monatliches Stundenkontingent auf dem Server erworben. Wir bitten Sie, mit diesem Stundenkontingent sparsam umzugehen!<\/li>\n<li>Bitte laden Sie daher zun\u00e4chst nur Ihre individuellen Aufgabenbl\u00e4tter und Datens\u00e4tze herunter und loggen sich danach wieder umgehend aus!<\/li>\n<li>Bearbeiten Sie dann die Aufgabenbl\u00e4tter dezentral auf Ihrem Rechner oder mit Zettel und Stift und notieren Sie Ihre L\u00f6sungen. Erst wenn Sie die L\u00f6sungen zusammen haben, sollten Sie sich wieder in die Plattform einloggen, um die Richtigkeit Ihrer L\u00f6sungen dann sukzessive zu \u00fcberpr\u00fcfen.<\/li>\n<li>Bleiben Sie generell nicht unn\u00f6tig lange in der Plattform, weil dies die f\u00fcr andere \u00dcbungsteilnehmer zur Verf\u00fcgung stehende Arbeitszeit in der Plattform reduziert. Wir erwarten einen sorgsamen Umgang mit dieser wertvollen Ressource!<\/li>\n<li>Bearbeiten Sie die einzelnen \u00dcbungsbl\u00e4tter so fr\u00fch wie m\u00f6glich!<\/li>\n<\/ul>\n<p>&nbsp;<\/p>\n<p><strong>Hier finden Sie die Links zu den derzeit aktiven \u00dcbungen:<\/strong><\/p>\n<ul>\n<li>\u00dcbung <a href=\"https:\/\/ewifo.shinyapps.io\/Empirische_Wirtschaftsforschung_Master\/\" target=\"_blank\" rel=\"noopener noreferrer\">Empirische Wirtschaftsforschung<\/a>; Kursbetreuerin: Marina Eurich<br \/>\nPasswort und User Name\u00a0 entnehmen Sie bitte der e-mail: Online-\u00dcbung &#8222;Empirische Wirtschaftsforschung&#8220; gestartet, Arbeitsblatt 1 verf\u00fcgbar<\/li>\n<\/ul>\n","protected":false},"excerpt":{"rendered":"<p>Aufgrund der Corona-Problematik werden alle \u00dcbungen zu den Vorlesungen des Lehrstuhls ab sofort \u00fcber unsere neu entwickelte \u00dcbungsplattform im Internet abgewickelt. Wir hoffen, Ihnen damit ein hilfreiches und attraktives \u00dcbungsangebot [&hellip;]<\/p>\n","protected":false},"author":156,"featured_media":0,"parent":0,"menu_order":0,"comment_status":"closed","ping_status":"closed","template":"","meta":{"footnotes":""},"categories":[4],"tags":[],"class_list":["post-1206","page","type-page","status-publish","hentry","category-forschung"],"_links":{"self":[{"href":"https:\/\/www.hsu-hh.de\/empwifo\/wp-json\/wp\/v2\/pages\/1206","targetHints":{"allow":["GET"]}}],"collection":[{"href":"https:\/\/www.hsu-hh.de\/empwifo\/wp-json\/wp\/v2\/pages"}],"about":[{"href":"https:\/\/www.hsu-hh.de\/empwifo\/wp-json\/wp\/v2\/types\/page"}],"author":[{"embeddable":true,"href":"https:\/\/www.hsu-hh.de\/empwifo\/wp-json\/wp\/v2\/users\/156"}],"replies":[{"embeddable":true,"href":"https:\/\/www.hsu-hh.de\/empwifo\/wp-json\/wp\/v2\/comments?post=1206"}],"version-history":[{"count":9,"href":"https:\/\/www.hsu-hh.de\/empwifo\/wp-json\/wp\/v2\/pages\/1206\/revisions"}],"predecessor-version":[{"id":1301,"href":"https:\/\/www.hsu-hh.de\/empwifo\/wp-json\/wp\/v2\/pages\/1206\/revisions\/1301"}],"wp:attachment":[{"href":"https:\/\/www.hsu-hh.de\/empwifo\/wp-json\/wp\/v2\/media?parent=1206"}],"wp:term":[{"taxonomy":"category","embeddable":true,"href":"https:\/\/www.hsu-hh.de\/empwifo\/wp-json\/wp\/v2\/categories?post=1206"},{"taxonomy":"post_tag","embeddable":true,"href":"https:\/\/www.hsu-hh.de\/empwifo\/wp-json\/wp\/v2\/tags?post=1206"}],"curies":[{"name":"wp","href":"https:\/\/api.w.org\/{rel}","templated":true}]}}