{"id":1015,"date":"2019-06-11T11:52:51","date_gmt":"2019-06-11T09:52:51","guid":{"rendered":"https:\/\/www.hsu-hh.de\/empwifo\/?page_id=1015"},"modified":"2021-08-26T15:29:28","modified_gmt":"2021-08-26T13:29:28","slug":"eurich","status":"publish","type":"page","link":"https:\/\/www.hsu-hh.de\/empwifo\/eurich","title":{"rendered":"Marina Eurich, M.Sc."},"content":{"rendered":"<p><\/p>\n<h3>Kontakt<\/h3>\n<p>Fakult\u00e4t f\u00fcr WiSo<br \/>Politische \u00d6konomik &amp; Empirische Wirtschaftsforschung<br \/>Holstenhofweg 85<br \/>22043 Hamburg<\/p>\n<p>Geb\u00e4ude: H1<br \/>Raum: 2173<\/p>\n<p>Telefon: (040) 6541-2616<br \/>E-Mail: <a href=\"mailto:marina.eurich@hsu-hh.de\" rel='nofollow'>marina.eurich@hsu-hh.de<\/a><\/p>\n<p>Sprechstunde nach Vereinbarung.<\/p>\n<p><\/p>\n<h3>Forschungsprofil<\/h3>\n<ul>\n<li>\u00d6konomie des Klimawandels<\/li>\n<li>Entwicklungs\u00f6konomik<\/li>\n<\/ul>\n<p><\/p>\n<h3>CV<\/h3>\n<ul>\n<li>2012\u20132016: Master of Science &#8211; Universit\u00e4t Heidelberg &#8211; Economics<\/li>\n<li>2009\u20132012: Bachelor of Arts &#8211; Hessische Berufsakademie &#8211; Business Administration<\/li>\n<\/ul>\n<p><\/p>\n<h3>Publikationen<\/h3>\n<ul>\n<li>Berlemann, M., Eurich, M. (forthcoming), Does Drought Risk Depress Expected Well-Being?, forthcoming in: Applied Economics Letters., DOI: <a href=\"https:\/\/doi.org\/10.1080\/13504851.2021.1922582\" rel='nofollow'>10.1080\/13504851.2021.1922582 <\/a><a><img decoding=\"async\" class=\"citavipicker\" style=\"border: 0px none!important;width: 16px!important;height: 16px!important;margin-left: 1px !important;margin-right: 1px !important\" title=\"Titel anhand dieser DOI in Citavi-Projekt \u00fcbernehmen\" src=\"image\/svg+xml;base64,PD94bWwgdmVyc2lvbj0iMS4wIiBlbmNvZGluZz0idXRmLTgiPz48IURPQ1RZUEUgc3ZnIFBVQkxJQyAiLS8vVzNDLy9EVEQgU1ZHIDEuMS8vRU4iICJodHRwOi8vd3d3LnczLm9yZy9HcmFwaGljcy9TVkcvMS4xL0RURC9zdmcxMS5kdGQiPjxzdmcgdmVyc2lvbj0iMS4xIiBpZD0iRWJlbmVfMSIgeG1sbnM9Imh0dHA6Ly93d3cudzMub3JnLzIwMDAvc3ZnIiB4bWxuczp4bGluaz0iaHR0cDovL3d3dy53My5vcmcvMTk5OS94bGluayIgeD0iMHB4IiB5PSIwcHgiIHdpZHRoPSIxNnB4IiBoZWlnaHQ9IjE2cHgiIHZpZXdCb3g9IjAgMCAxNiAxNiIgZW5hYmxlLWJhY2tncm91bmQ9Im5ldyAwIDAgMTYgMTYiIHhtbDpzcGFjZT0icHJlc2VydmUiPjxnPjxnPjxwYXRoIGZpbGw9IiNGRkZGRkYiIGQ9Ik04LjAwMSwxNS41QzMuODY0LDE1LjUsMC41LDEyLjEzNiwwLjUsOGMwLTQuMTM1LDMuMzY1LTcuNSw3LjUwMS03LjVTMTUuNSwzLjg2NCwxNS41LDhTMTIuMTM3LDE1LjUsOC4wMDEsMTUuNXoiLz48cGF0aCBmaWxsPSIjRDUyQjFFIiBkPSJNOC4wMDEsMUMxMS44NiwxLDE1LDQuMTQxLDE1LDhzLTMuMTM5LDctNi45OTksN0M0LjE0LDE1LDEsMTEuODU5LDEsOFM0LjE0LDEsOC4wMDEsMSBNOC4wMDEsMEMzLjU4MiwwLDAsMy41ODIsMCw4czMuNTgyLDgsOC4wMDEsOEMxMi40MTgsMTYsMTYsMTIuNDE4LDE2LDhTMTIuNDE4LDAsOC4wMDEsMEw4LjAwMSwweiIvPjwvZz48cGF0aCBmaWxsPSIjRDUyQjFFIiBkPSJNNi43NDUsMTIuNTg5Yy0wLjIyNywwLjEyMi0wLjQ5NywwLjI0Ny0wLjY4NCwwLjI0N2MtMC4zMTgsMC0wLjUwMS0wLjE2NC0wLjUwMS0wLjQ1MmMwLTAuMjA3LDAuMTQtMC4zNzUsMC41OTUtMC42MjJjMS41NDktMC45MDQsMi41OTQtMi4yNzIsMi41OTQtMy43MjFjMC0wLjgyNS0wLjIyNy0xLjExOS0wLjY4MS0xLjExOWMtMC4xMzUsMC0wLjMyLDAuMjE5LTAuNjM2LDAuMjE5SDcuMTU3QzYuMTAyLDcuMTQzLDUuMzMzLDYuMjY0LDUuMzMzLDUuMjNjMC0xLjE1MiwwLjk1OC0yLjAwNiwyLjI4LTIuMDA2YzEuNzc3LDAsMy4wNTMsMS4zNzMsMy4wNTMsMy40M0MxMC42NjYsOS4yMTUsOS4yMDMsMTEuMjcsNi43NDUsMTIuNTg5Ii8+PC9nPjwvc3ZnPg\" \/><\/a><\/li>\n<li>Berlemann, M., Eurich, M., Natural hazard risk and life satisfaction \u2013 Empirical evidence for hurricanes, Ecological Economics, 2021, 190, DOI: <a href=\"https:\/\/doi.org\/10.1016\/j.ecolecon.2021.107194\" rel='nofollow'>107194<\/a><\/li>\n<\/ul>\n<p><\/p>\n<h3>Lehre<\/h3>\n<p>Empirische Wirtschaftsforschung<br \/><\/p>\n\n\n<p><\/p>\n","protected":false},"excerpt":{"rendered":"<p>Kontakt Fakult\u00e4t f\u00fcr WiSoPolitische \u00d6konomik &amp; Empirische WirtschaftsforschungHolstenhofweg 8522043 Hamburg Geb\u00e4ude: H1Raum: 2173 Telefon: (040) 6541-2616E-Mail: marina.eurich@hsu-hh.de Sprechstunde nach Vereinbarung. Forschungsprofil \u00d6konomie des Klimawandels Entwicklungs\u00f6konomik CV 2012\u20132016: Master of Science [&hellip;]<\/p>\n","protected":false},"author":2087,"featured_media":0,"parent":0,"menu_order":0,"comment_status":"closed","ping_status":"closed","template":"","meta":{"footnotes":""},"categories":[4],"tags":[],"class_list":["post-1015","page","type-page","status-publish","hentry","category-forschung"],"_links":{"self":[{"href":"https:\/\/www.hsu-hh.de\/empwifo\/wp-json\/wp\/v2\/pages\/1015","targetHints":{"allow":["GET"]}}],"collection":[{"href":"https:\/\/www.hsu-hh.de\/empwifo\/wp-json\/wp\/v2\/pages"}],"about":[{"href":"https:\/\/www.hsu-hh.de\/empwifo\/wp-json\/wp\/v2\/types\/page"}],"author":[{"embeddable":true,"href":"https:\/\/www.hsu-hh.de\/empwifo\/wp-json\/wp\/v2\/users\/2087"}],"replies":[{"embeddable":true,"href":"https:\/\/www.hsu-hh.de\/empwifo\/wp-json\/wp\/v2\/comments?post=1015"}],"version-history":[{"count":20,"href":"https:\/\/www.hsu-hh.de\/empwifo\/wp-json\/wp\/v2\/pages\/1015\/revisions"}],"predecessor-version":[{"id":1520,"href":"https:\/\/www.hsu-hh.de\/empwifo\/wp-json\/wp\/v2\/pages\/1015\/revisions\/1520"}],"wp:attachment":[{"href":"https:\/\/www.hsu-hh.de\/empwifo\/wp-json\/wp\/v2\/media?parent=1015"}],"wp:term":[{"taxonomy":"category","embeddable":true,"href":"https:\/\/www.hsu-hh.de\/empwifo\/wp-json\/wp\/v2\/categories?post=1015"},{"taxonomy":"post_tag","embeddable":true,"href":"https:\/\/www.hsu-hh.de\/empwifo\/wp-json\/wp\/v2\/tags?post=1015"}],"curies":[{"name":"wp","href":"https:\/\/api.w.org\/{rel}","templated":true}]}}