{"id":935,"date":"2018-09-24T08:23:26","date_gmt":"2018-09-24T06:23:26","guid":{"rendered":"https:\/\/www.hsu-hh.de\/ema\/?page_id=935"},"modified":"2022-01-14T08:58:06","modified_gmt":"2022-01-14T07:58:06","slug":"niklas-klein","status":"publish","type":"page","link":"https:\/\/www.hsu-hh.de\/ema\/mitarbeiter\/niklas-klein","title":{"rendered":"M.Sc. Niklas Klein"},"content":{"rendered":"<div>\n<div class=\"clearfix\"><\/div>\n<div class=\"ansprechparter-container\">\n<div class=\"row ansprechpartner-item ansprechparter-header\">\n<div class=\"col-md-4 col-lg-3 col-xs-4 ansprechpartner-item floatright img-circle center-block\" style=\"margin-bottom: 30px\"><\/div>\n<div class=\"col-md-12 col-lg-3 col-xs-12 ansprechpartner-item kontakt floatright\" style=\"margin-bottom: 30px\">\n<div class=\"row\">\n<div class=\"col-xs-12 col-sm-6 col-lg-12\">\n<div class=\"row\">\n<div class=\"col-xs-12 col-lg-8 row-text\"><span style=\"font-family: 'Meta Corr Offc W01 Bold', 'PT Sans', sans-serif;font-weight: bold;color: initial\">E-Mail:<\/span><\/div>\n<\/div>\n<\/div>\n<div class=\"col-xs-12 col-sm-6 col-lg-12\">\n<div class=\"row\">\n<div class=\"col-xs-12 col-md-12 row-text\"><a href=\"mailto:niklas.klein@hsu-hh.de\" rel='nofollow'>niklas.klein@hsu-hh.de<\/a><\/div>\n<\/div>\n<\/div>\n<\/div>\n<\/div>\n<div class=\"col-md-6 col-lg-3 col-xs-12 ansprechpartner-item anschrift floatright\"><\/div>\n<div class=\"col-md-6 col-lg-3 col-xs-12 ansprechpartner-item anschrift floatright\">\n<div class=\"row-text\"><\/div>\n<\/div>\n<\/div>\n<\/div>\n<div class=\"clearfix\"><\/div>\n<h2>Curriculum Vitae<\/h2>\n<table style=\"height: 328px\" width=\"2003\">\n<tbody>\n<tr>\n<td colspan=\"2\" width=\"2281\"><strong>Berufserfahrung<\/strong><\/td>\n<\/tr>\n<tr>\n<td width=\"693\">10.2015 &#8211; 12.2021<\/td>\n<td width=\"1588\">Wissenschaftlicher Mitarbeiter, Fachgebiet: Elektrische Maschinen und Antriebssysteme; Themengebiete: Berechnung und Auslegung der elektrischen Maschinen im Kontext der Elektromobilit\u00e4t, Antriebsstrangarchitekturen der BEV und Hybridfahrzeuge, Reichweitensch\u00e4tzung und -pr\u00e4diktion<\/td>\n<\/tr>\n<tr>\n<td width=\"693\">02.2014 &#8211; 09.2015<\/td>\n<td width=\"1588\">Applikationsingenieur, Fachgebiet: OBD-Applikation im Bereich der Abgasanlagensensorik der Dieselmotoren, Fahrzeug-OBD Zertifizierung f\u00fcr EU und US-Markt, sowie RoW-M\u00e4rkte<\/td>\n<\/tr>\n<tr>\n<td colspan=\"2\" width=\"2281\"><strong>Ausbildung<\/strong><\/td>\n<\/tr>\n<tr>\n<td width=\"693\">02.2013 &#8211; 09.2013<\/td>\n<td width=\"1588\">Masterarbeit; Themengebiet: Modellbildung und Simulation von thermischen Vorg\u00e4ngen in der Abgasanlage eines Mittelklasse-Hybrid-PKWs zur Indetifikation der Optimierungsm\u00f6glichkeiten von Schadstoffemissionen im NEFZ; VW AG Konzernforschung, Wolfsburg<\/td>\n<\/tr>\n<tr>\n<td width=\"693\">03.2012 &#8211; 10.2013<\/td>\n<td width=\"1588\">Masterstudium der Fahrzeugtechnik, Fachrichtung Antrieb und Fahrwerk;<br \/>\nHAW Hamburg<\/td>\n<\/tr>\n<tr>\n<td width=\"693\">08.2011 &#8211; 02.2012<\/td>\n<td width=\"1588\">Bachelorarbeit; Themengebiet: vorbereitende OBD-Applikation Otto-Motor f\u00fcr EPA-\/CARB-Zertifizierung; Bosch Engineering GmbH, Abstatt<\/td>\n<\/tr>\n<tr>\n<td width=\"693\">09.2008 &#8211; 07.2011<\/td>\n<td width=\"1588\">Bachelorstudium der Fahrzeugtechnik, Fachrichtung Antrieb und Fahrwerk;<br \/>\nHAW Hamburg<\/td>\n<\/tr>\n<tr>\n<td width=\"693\">2007 &#8211; 2008<\/td>\n<td width=\"1588\">Fachhochschulreife;<br \/>\nH12 Hamburg<\/td>\n<\/tr>\n<tr>\n<td width=\"693\">2003 &#8211; 2006<\/td>\n<td width=\"1588\">Kaufm\u00e4nnische Ausbildung<\/td>\n<\/tr>\n<\/tbody>\n<\/table>\n<h2>Offene Abschlussarbeiten:<\/h2>\n<p><a href=\"https:\/\/www.hsu-hh.de\/ema\/wp-content\/uploads\/sites\/588\/2020\/11\/Aufgabenstellung_MA_Webversion.pdf\">Untersuchungen zur M\u00f6glichkeit der Fahrverhaltensklassifizierung mittels k\u00fcnstlicher neuronaler Netze<\/a><\/p>\n<h2>Aktuelle Arbeiten in Betreuung:<\/h2>\n<\/div>\n<p><a href=\"https:\/\/www.hsu-hh.de\/ema\/wp-content\/uploads\/sites\/588\/2021\/01\/Aufgabenstellung_SA_Jannik_Dunker_fuers_Netz.pdf\">K\u00fcnstliche Intelligenz in der Antriebstechnik \/ Klassifikation des Fahrverhaltens &#8211; Pr\u00fcfstandsaufbau<\/a><\/p>\n<p><em>Jannik Dunker, Studienarbeit<\/em><\/p>\n<div>\n<p><a href=\"https:\/\/www.hsu-hh.de\/ema\/wp-content\/uploads\/sites\/588\/2021\/01\/Aufgabenstellung_MA_Baudhoing_Deo.pdf\">Entwurf und Optimierung des Regelungssystems einer doppeltgespeisten Asynchronmaschine als Windkraftgenerator im Netzparallelbetrieb<\/a><\/p>\n<p><em>Baudhoing Deo, Masterprojekt und -arbeit <\/em><\/p>\n<h2><strong>Betreute Abschlussarbeiten<\/strong>:<\/h2>\n<table width=\"1628\">\n<tbody>\n<tr>\n<td width=\"2281\">2019<\/p>\n<table width=\"1628\">\n<tbody>\n<tr>\n<td width=\"2281\"><a href=\"https:\/\/www.hsu-hh.de\/ema\/wp-content\/uploads\/sites\/588\/2019\/10\/Jannik_Dunker_BA_Aufgabenstellung.pdf\">Entwicklung eines automatisierten Pr\u00fcfverfahrens zum Zwecke der Parameteridentifikation einer Asynchronmaschine mit K\u00e4figrotor<\/a><br \/>\n<em>Jannik Dunker, Bachelorarbeit<\/em><\/td>\n<\/tr>\n<\/tbody>\n<\/table>\n<table width=\"1628\">\n<tbody>\n<tr>\n<td width=\"2281\"><a href=\"https:\/\/www.hsu-hh.de\/ema\/wp-content\/uploads\/sites\/588\/2019\/05\/Lucas_Steinacker_Masterarbeit_Aufgabenstellung.pdf\">Entwurf und Implementierung einer feldorientierten Regelung f\u00fcr Hochdrehzahl-Synchronmaschinen in MATLAB\u00ae Simulink f\u00fcr ein dSpace\u00ae HIL-Testsystem<\/a><br \/>\n<em>Lucas Steinacker, Masterarbeit<br \/>\n<\/em><\/td>\n<\/tr>\n<\/tbody>\n<\/table>\n<p>2018<\/p>\n<table width=\"1628\">\n<tbody>\n<tr>\n<td width=\"2281\"><a href=\"https:\/\/www.hsu-hh.de\/ema\/wp-content\/uploads\/sites\/588\/2018\/10\/Studienarbeit_Aufgabenstellung_Lucas_Steinacker.pdf\">Konzeption eines Pr\u00fcfstandes f\u00fcr Drehfeldmaschinen in einer dSpace\u00ae- HIL-Umgebung<\/a><br \/>\n<em>Lucas Steinacker, Studienarbeit<br \/>\n<\/em><\/td>\n<\/tr>\n<\/tbody>\n<\/table>\n<table width=\"1628\">\n<tbody>\n<tr>\n<td width=\"2281\"><a href=\"https:\/\/www.hsu-hh.de\/ema\/wp-content\/uploads\/sites\/588\/2018\/10\/Aufgabenstellung_BA_Eilert_Dinkla_Simulation_eines_Lithium_Mangan_Cobalt_LiMNC_Energiespeichers.pdf\">Modellierung eines elektrochemischen Energiespeichers zur Prognose der verf\u00fcgbaren Restenergie<\/a><br \/>\n<em>Eilert Dinkla, Bachelorarbeit<br \/>\n<\/em><\/td>\n<\/tr>\n<\/tbody>\n<\/table>\n<table width=\"1628\">\n<tbody>\n<tr>\n<td width=\"2281\"><a href=\"https:\/\/www.hsu-hh.de\/ema\/wp-content\/uploads\/sites\/588\/2018\/10\/Aufgabenstellung_MA_HellmannsMaximilian.pdf\">Auslegung und Analyse eines hochpoligen, doppelt-gespeisten Asynchrongenerators f\u00fcr eine Windenergie-Anlage (WEA)<\/a><br \/>\n<em>Maximilian Hellmanns, Masterarbeit<\/em><\/td>\n<\/tr>\n<\/tbody>\n<\/table>\n<table width=\"1628\">\n<tbody>\n<tr>\n<td width=\"2281\">Grobauslegung eines doppelt gespeisten Asynchrongenerators (DGASG) als Benchmark f\u00fcr den m\u00f6glichen Einsatz eines DGASG in einer Windenergie-Anlage (WEA)<br \/>\n<em>Maximilian Hellmanns, Studienarbeit<\/em><\/td>\n<\/tr>\n<\/tbody>\n<\/table>\n<\/td>\n<\/tr>\n<\/tbody>\n<\/table>\n<\/div>\n","protected":false},"excerpt":{"rendered":"<p>E-Mail: niklas.klein@hsu-hh.de Curriculum Vitae Berufserfahrung 10.2015 &#8211; 12.2021 Wissenschaftlicher Mitarbeiter, Fachgebiet: Elektrische Maschinen und Antriebssysteme; Themengebiete: Berechnung und Auslegung der elektrischen Maschinen im Kontext der Elektromobilit\u00e4t, Antriebsstrangarchitekturen der BEV und [&hellip;]<\/p>\n","protected":false},"author":1810,"featured_media":0,"parent":1029,"menu_order":0,"comment_status":"closed","ping_status":"closed","template":"","meta":{"footnotes":""},"categories":[8],"tags":[],"class_list":["post-935","page","type-page","status-publish","hentry","category-team"],"_links":{"self":[{"href":"https:\/\/www.hsu-hh.de\/ema\/wp-json\/wp\/v2\/pages\/935","targetHints":{"allow":["GET"]}}],"collection":[{"href":"https:\/\/www.hsu-hh.de\/ema\/wp-json\/wp\/v2\/pages"}],"about":[{"href":"https:\/\/www.hsu-hh.de\/ema\/wp-json\/wp\/v2\/types\/page"}],"author":[{"embeddable":true,"href":"https:\/\/www.hsu-hh.de\/ema\/wp-json\/wp\/v2\/users\/1810"}],"replies":[{"embeddable":true,"href":"https:\/\/www.hsu-hh.de\/ema\/wp-json\/wp\/v2\/comments?post=935"}],"version-history":[{"count":34,"href":"https:\/\/www.hsu-hh.de\/ema\/wp-json\/wp\/v2\/pages\/935\/revisions"}],"predecessor-version":[{"id":2567,"href":"https:\/\/www.hsu-hh.de\/ema\/wp-json\/wp\/v2\/pages\/935\/revisions\/2567"}],"up":[{"embeddable":true,"href":"https:\/\/www.hsu-hh.de\/ema\/wp-json\/wp\/v2\/pages\/1029"}],"wp:attachment":[{"href":"https:\/\/www.hsu-hh.de\/ema\/wp-json\/wp\/v2\/media?parent=935"}],"wp:term":[{"taxonomy":"category","embeddable":true,"href":"https:\/\/www.hsu-hh.de\/ema\/wp-json\/wp\/v2\/categories?post=935"},{"taxonomy":"post_tag","embeddable":true,"href":"https:\/\/www.hsu-hh.de\/ema\/wp-json\/wp\/v2\/tags?post=935"}],"curies":[{"name":"wp","href":"https:\/\/api.w.org\/{rel}","templated":true}]}}