{"id":496,"date":"2020-12-04T11:32:23","date_gmt":"2020-12-04T10:32:23","guid":{"rendered":"https:\/\/www.hsu-hh.de\/ema\/?page_id=496"},"modified":"2022-12-08T09:17:55","modified_gmt":"2022-12-08T08:17:55","slug":"laborausstattung","status":"publish","type":"page","link":"https:\/\/www.hsu-hh.de\/ema\/laborausstattung","title":{"rendered":"Laborausstattung"},"content":{"rendered":"<div>\n<div>\n<div>\n<div>\n<p><strong>Labor des Lehrstuhls f\u00fcr Elektrische Maschinen und Antriebssysteme<\/strong><\/p>\n<p>Das Elektromaschinenlabor besteht aus einer Werkhalle mit einem 5t Montagekran. \u00dcber eine\u00a0Fahrstra\u00dfe und Bodenluken k\u00f6nnen Ger\u00e4te mit gro\u00dfen Abmessungen und Gewichten in die Halle\u00a0transportiert werden. Im Labor stehen 12 Aufspannplatten f\u00fcr Versuchsaufbauten zur Verf\u00fcgung.<\/p>\n<p><img loading=\"lazy\" decoding=\"async\" class=\"alignnone wp-image-1144\" src=\"https:\/\/www.hsu-hh.de\/ema\/wp-content\/uploads\/sites\/588\/2019\/11\/Image_001.png\" alt=\"\u00dcbersichtsbild mit Arbeitspl\u00e4tzen\" width=\"741\" height=\"764\" data-credit=\"EMA\" srcset=\"https:\/\/www.hsu-hh.de\/ema\/wp-content\/uploads\/sites\/588\/2019\/11\/Image_001.png 593w, https:\/\/www.hsu-hh.de\/ema\/wp-content\/uploads\/sites\/588\/2019\/11\/Image_001-291x300.png 291w\" sizes=\"auto, (max-width: 741px) 100vw, 741px\" \/><\/p>\n<p>Abbildungen zum Labor: \u00dcbersichtsbild mit Arbeitspl\u00e4tzen (oben links), Energieversorgung (oben rechts),\u00a0Versuchsaufbau (mittig links),\u00a0 reuzschienenverteiler (mittig rechts), Spannungsanalyse Arbeitsplatz 9 (unten\u00a0links), Versuchsaufbau zur Maschinencharakterisierung (unten rechts)<\/p>\n<p>Die Energieversorgung der Versuchsst\u00e4nde erfolgt \u00fcber im Keller angeordnete rotierende Umformer\u00a0und eine Drehstromversorgung je Arbeitsplatz. Die Verteilung auf die Pr\u00fcfst\u00e4nde erfolgt \u00fcber einen\u00a0Kreuzschienenverteiler. Des Weiteren stehen eine Reihe von statischen Umformern f\u00fcr die Pr\u00fcfst\u00e4nde\u00a0zur Verf\u00fcgung.<\/p>\n<p>Rotierende Umformer:<\/p>\n<ul>\n<li>Drehstromversorgung 3x63A<\/li>\n<li>Drehstromstelltransformator 0-500V, 100kVA<\/li>\n<li>Gleichstrom +- 0-440V, 100kW<\/li>\n<li>Gleichstrom 20-220V, 87kW<\/li>\n<li>Gleichstrom +- 0-220V, 20kW<\/li>\n<li>Gleichstrom 110\/220V, 2x16kW<\/li>\n<li>Frequenzumformer 100-500Hz 20\u2014500V 47kVA, 0&#8211;+-440V DC 54kW<\/li>\n<li>Frequenzumformer 15-100Hz 20\u2014500V 100kVA, 0&#8211;+-440V DC 100kW<\/li>\n<li>Zuschaltung von weitern Versorgungen aus benachbarten Laboren<\/li>\n<\/ul>\n<p>Statische Umformer:<\/p>\n<ul>\n<li>Bidirektionale Drehstromversorgung 50kVA, 10-1000Hz<\/li>\n<li>Gleichspannungsversorgungen 0-500V, 0-600A bis 40kW, teilweise r\u00fcckspeisef\u00e4hig<\/li>\n<li>Drehstromversorgungen 45Hz-5kHz, 5-15kVA<\/li>\n<li>Drehstromversorgungen 0-30kHz, 5-15kVA, Linearverst\u00e4rker, 30% r\u00fcckspeisef\u00e4hig<\/li>\n<li>Elektronische Lasten, DC<\/li>\n<li>4 Quadranten linear Verst\u00e4rker, Hubert, 250W, 2 kanalig, 0-1MHz<\/li>\n<\/ul>\n<p><img loading=\"lazy\" decoding=\"async\" class=\"alignnone wp-image-1138\" src=\"https:\/\/www.hsu-hh.de\/ema\/wp-content\/uploads\/sites\/588\/2019\/11\/Image_002.png\" alt=\"Statische Umformer\" width=\"744\" height=\"340\" data-credit=\"EMA\" srcset=\"https:\/\/www.hsu-hh.de\/ema\/wp-content\/uploads\/sites\/588\/2019\/11\/Image_002.png 562w, https:\/\/www.hsu-hh.de\/ema\/wp-content\/uploads\/sites\/588\/2019\/11\/Image_002-300x137.png 300w\" sizes=\"auto, (max-width: 744px) 100vw, 744px\" \/><\/p>\n<p>Abbildung zu statischen Umformern: Linearverst\u00e4rker Spitzenberger &amp; Spie\u00df (links), EA DC Quelle \/Senke (mittig\u00a0oben),<br \/>\nHeiden 50 kVA (mittig unten), Elgar (rechts)<\/p>\n<p>Messmittel:<\/p>\n<ul>\n<li>Leistungsmesser Yokogawa <abbr title=\"Wintertrimester\">WT<\/abbr>1800 (6- und 4-kanalig)<\/li>\n<li>Leistungsmesser Norma 4000, Norma 6000<\/li>\n<li>Drehmomentmesswellen HBM, 2-500 Nm, f\u00fcr verschiedene Drehzahlbereiche<\/li>\n<li>Arbitrary Funktionsgenerator, Tektronix AFG 3100, 2-kanalig<\/li>\n<li>Mixed Signal Oscilloskop, Textronix, 8-kanalig<\/li>\n<li>Oscilloskope, Textronix, DPO, 350MHz, 4-kanalig<\/li>\n<li>Data Recorder, HBM, 16-kanalig<\/li>\n<li>LMS SCADAS Mobile 5 slots frame<\/li>\n<li>Digitalmultimeter, Fluke, HP, <abbr title=\"et cetera\">etc.<\/abbr><\/li>\n<li>Dynamic Signal Analyzer, HP3562A, 0,064mHz-100kHz, 14 Bit, 2-kanalig, mit Wobbelquelle<\/li>\n<li>Teslameter, Model 8010, F.W.Bell<\/li>\n<li>Thermokamera<\/li>\n<li>Handmultimeter, Fluke, <abbr title=\"et cetera\">etc.<\/abbr><\/li>\n<\/ul>\n<p><img loading=\"lazy\" decoding=\"async\" class=\"alignnone wp-image-1139\" src=\"https:\/\/www.hsu-hh.de\/ema\/wp-content\/uploads\/sites\/588\/2019\/11\/Image_003.png\" alt=\"Messequipment im EMALabor\" width=\"725\" height=\"324\" data-credit=\"EMA\" srcset=\"https:\/\/www.hsu-hh.de\/ema\/wp-content\/uploads\/sites\/588\/2019\/11\/Image_003.png 598w, https:\/\/www.hsu-hh.de\/ema\/wp-content\/uploads\/sites\/588\/2019\/11\/Image_003-300x134.png 300w\" sizes=\"auto, (max-width: 725px) 100vw, 725px\" \/><\/p>\n<p>Abbildungen zu Messequipment: Yokogawa, Tektronix, HBM, Fluke, HP<\/p>\n<p>Pr\u00fcfst\u00e4nde:<\/p>\n<ul>\n<li>Pr\u00fcfstand zur Untersuchung von Materialproben bei kryogenen Temperaturen mit zyklischen Kr\u00e4ften\n<ul>\n<li>Technische Daten der Untersuchungsplattform:\n<ul>\n<li>Temperaturen im Bereich von -233\u00b0C bis 20\u00b0C (40K-293K) m\u00f6glich<\/li>\n<li>Probe wird innerhalb eines Vakuums direkt mit einem Kaltkopfes gek\u00fchlt<\/li>\n<li>Probenl\u00e4ngen im bis maximal 150x30x20mm (LxBxT) untersuchbar<\/li>\n<li>Hochpr\u00e4zise Temperaturmessung und Auswertung mittels kalibrierter Temperatursensoren<\/li>\n<li>Pr\u00e4zise Kraftmessung bis 2kN oder bis 10kN (kalibrierte Messelektronik)<\/li>\n<li>Maximal m\u00f6gliche Kraft von 10kN<\/li>\n<\/ul>\n<\/li>\n<\/ul>\n<\/li>\n<\/ul>\n<p><img loading=\"lazy\" decoding=\"async\" class=\"alignnone wp-image-2662\" src=\"https:\/\/www.hsu-hh.de\/ema\/wp-content\/uploads\/sites\/588\/2022\/05\/Pruefstand-1024x604.jpg\" alt=\"Multiphysikalische Untersuchungsplattform\" width=\"725\" height=\"427\" data-credit=\"Johannes Liebrich\" srcset=\"https:\/\/www.hsu-hh.de\/ema\/wp-content\/uploads\/sites\/588\/2022\/05\/Pruefstand-1024x604.jpg 1024w, https:\/\/www.hsu-hh.de\/ema\/wp-content\/uploads\/sites\/588\/2022\/05\/Pruefstand-300x177.jpg 300w, https:\/\/www.hsu-hh.de\/ema\/wp-content\/uploads\/sites\/588\/2022\/05\/Pruefstand-768x453.jpg 768w, https:\/\/www.hsu-hh.de\/ema\/wp-content\/uploads\/sites\/588\/2022\/05\/Pruefstand-1536x905.jpg 1536w, https:\/\/www.hsu-hh.de\/ema\/wp-content\/uploads\/sites\/588\/2022\/05\/Pruefstand-1100x648.jpg 1100w, https:\/\/www.hsu-hh.de\/ema\/wp-content\/uploads\/sites\/588\/2022\/05\/Pruefstand.jpg 1654w\" sizes=\"auto, (max-width: 725px) 100vw, 725px\" \/><\/p>\n<\/div>\n<\/div>\n<\/div>\n<div>\n<div>\n<div>\n<ul>\n<li>Leistungspr\u00fcfstand, ETA4000, HBM, bis 10000 1\/min, 4kW, vektororientiert betriebene ASM Lastmaschine<\/li>\n<li>Rollenpr\u00fcfstand f\u00fcr Ranger EV (20kWh Li-MNC Akku)<\/li>\n<li>Messstand f\u00fcr Supraleitung, Kaltkopf (SRDK-500B, 40W @ 20K), Vakuumpumpe (3&#215;10-2 \u00a0mbar), Vakuumkammer (im Bau)<\/li>\n<li>Torque Motor Pr\u00fcfstand mit Pendelmaschine<\/li>\n<li>Hochgeschwindigkeitspr\u00fcfstand 50000 1\/min, Magtrol Wirbelstrombremse<\/li>\n<li>Modalanalysepr\u00fcfstand, Siemens, LMS SCADAS, PCB Piezo Triaxial Sensoren, 24-kanalig<\/li>\n<li>Auswuchtmaschine<\/li>\n<li>Universalpr\u00fcfmaschine 10kN f\u00fcr Zug- Druck- und Biegeversuche Testometric<\/li>\n<\/ul>\n<p><img loading=\"lazy\" decoding=\"async\" class=\"alignnone wp-image-1137\" src=\"https:\/\/www.hsu-hh.de\/ema\/wp-content\/uploads\/sites\/588\/2019\/11\/Image_004.png\" alt=\"Bilder von Versuchsst\u00e4nden im EMA Labor\" width=\"722\" height=\"385\" data-credit=\"EMA\" srcset=\"https:\/\/www.hsu-hh.de\/ema\/wp-content\/uploads\/sites\/588\/2019\/11\/Image_004.png 585w, https:\/\/www.hsu-hh.de\/ema\/wp-content\/uploads\/sites\/588\/2019\/11\/Image_004-300x160.png 300w\" sizes=\"auto, (max-width: 722px) 100vw, 722px\" \/><\/p>\n<p>Abbildungen zu Versuchsst\u00e4nden: (oben) Pendelmaschine, ETA4000, Rollenpr\u00fcfstand mit Fahrzeug,<br \/>\n(unten) Magtrol Wirbelstrombremse, Lenze Servo Motor mit HBM Messflansch und Gleichstrommaschine<\/p>\n<\/div>\n<figure id=\"attachment_2725\" aria-describedby=\"caption-attachment-2725\" style=\"width: 726px\" class=\"wp-caption alignnone\"><a href=\"https:\/\/www.hsu-hh.de\/ema\/wp-content\/uploads\/sites\/588\/2022\/12\/P1000341-scaled.jpg\"><img loading=\"lazy\" decoding=\"async\" class=\" wp-image-2725\" src=\"https:\/\/www.hsu-hh.de\/ema\/wp-content\/uploads\/sites\/588\/2022\/12\/P1000341-1024x683.jpg\" alt=\"A\" width=\"726\" height=\"484\" data-credit=\"Helmut-Schmidt-Universit\u00e4t\" srcset=\"https:\/\/www.hsu-hh.de\/ema\/wp-content\/uploads\/sites\/588\/2022\/12\/P1000341-1024x683.jpg 1024w, https:\/\/www.hsu-hh.de\/ema\/wp-content\/uploads\/sites\/588\/2022\/12\/P1000341-300x200.jpg 300w, https:\/\/www.hsu-hh.de\/ema\/wp-content\/uploads\/sites\/588\/2022\/12\/P1000341-768x512.jpg 768w, https:\/\/www.hsu-hh.de\/ema\/wp-content\/uploads\/sites\/588\/2022\/12\/P1000341-1536x1024.jpg 1536w, https:\/\/www.hsu-hh.de\/ema\/wp-content\/uploads\/sites\/588\/2022\/12\/P1000341-2048x1365.jpg 2048w, https:\/\/www.hsu-hh.de\/ema\/wp-content\/uploads\/sites\/588\/2022\/12\/P1000341-1100x733.jpg 1100w\" sizes=\"auto, (max-width: 726px) 100vw, 726px\" \/><\/a><figcaption id=\"caption-attachment-2725\" class=\"wp-caption-text\">Abbildung zur Konzeptionierung und Aufbau individueller Pr\u00fcfst\u00e4nde (Bsp.: Vermessung eines Radnabenmotors)<\/figcaption><\/figure>\n<div>\n<p>EDV Hardware:<\/p>\n<ul>\n<li>dSPACE HIL Systeme, SCALEXIO Labbox, microAutobox, DS1005<\/li>\n<li><abbr title=\"Personal Computer\">PC<\/abbr> Arbeitsplatzrechner mit LAN USB GPIB Interface zum Internet und zu den Messeger\u00e4ten<\/li>\n<li>Deep Learning Sever, 2 x Intel Xeon Gold 6148 \u2013 2,4 GHz \/ 27,5M \/ 20 Kerne, 16 x 64GB,<br \/>\nCrucial DDR4 RAM, 4x Samsung SSD 860 EVO 1TB 2.5in SATA,<br \/>\n2 x Nvidia Tesla V100 16GB RAM 112 Tera Flop, 43000 Tensor Recheneinheiten<\/li>\n<li>Windows Server, Active Directory, Remote Desktop Sever<\/li>\n<\/ul>\n<p><img loading=\"lazy\" decoding=\"async\" class=\"alignnone wp-image-1142\" src=\"https:\/\/www.hsu-hh.de\/ema\/wp-content\/uploads\/sites\/588\/2019\/11\/Image_005.png\" alt=\"SCALECIO Labbox\" width=\"702\" height=\"218\" data-credit=\"EMA\" srcset=\"https:\/\/www.hsu-hh.de\/ema\/wp-content\/uploads\/sites\/588\/2019\/11\/Image_005.png 528w, https:\/\/www.hsu-hh.de\/ema\/wp-content\/uploads\/sites\/588\/2019\/11\/Image_005-300x93.png 300w\" sizes=\"auto, (max-width: 702px) 100vw, 702px\" \/><\/p>\n<p>Abbildungen zu Messequipment: SCALECIO Labbox (links), DS1005 (mitte), National Instruments<br \/>\nPXI Box(rechts)<\/p>\n<p>Software:<\/p>\n<ul>\n<li>Malab, Simulink, Toolboxen<\/li>\n<li>FEM ANSYS Workbech, Maxwell 2D\/3D, RMxprt<br \/>\nANSYS STRUKTURS, ANSYS FLUIDS, ANSYS ELECTRONIKS<\/li>\n<li>PSS SINCAL \/ Netomac<\/li>\n<li>LMS Test.Lab<\/li>\n<li>Labview<\/li>\n<li>dSPACE ControlDesk<\/li>\n<li>Solidworks<\/li>\n<li>MS Office<\/li>\n<li>Corel Designer<\/li>\n<li>PyTorch, CUDA, Python<\/li>\n<\/ul>\n<\/div>\n<\/div>\n<\/div>\n<\/div>\n","protected":false},"excerpt":{"rendered":"<p>Labor des Lehrstuhls f\u00fcr Elektrische Maschinen und Antriebssysteme Das Elektromaschinenlabor besteht aus einer Werkhalle mit einem 5t Montagekran. \u00dcber eine\u00a0Fahrstra\u00dfe und Bodenluken k\u00f6nnen Ger\u00e4te mit gro\u00dfen Abmessungen und Gewichten in [&hellip;]<\/p>\n","protected":false},"author":53,"featured_media":0,"parent":0,"menu_order":0,"comment_status":"closed","ping_status":"closed","template":"","meta":{"footnotes":""},"categories":[4],"tags":[],"class_list":["post-496","page","type-page","status-publish","hentry","category-forschung"],"_links":{"self":[{"href":"https:\/\/www.hsu-hh.de\/ema\/wp-json\/wp\/v2\/pages\/496","targetHints":{"allow":["GET"]}}],"collection":[{"href":"https:\/\/www.hsu-hh.de\/ema\/wp-json\/wp\/v2\/pages"}],"about":[{"href":"https:\/\/www.hsu-hh.de\/ema\/wp-json\/wp\/v2\/types\/page"}],"author":[{"embeddable":true,"href":"https:\/\/www.hsu-hh.de\/ema\/wp-json\/wp\/v2\/users\/53"}],"replies":[{"embeddable":true,"href":"https:\/\/www.hsu-hh.de\/ema\/wp-json\/wp\/v2\/comments?post=496"}],"version-history":[{"count":16,"href":"https:\/\/www.hsu-hh.de\/ema\/wp-json\/wp\/v2\/pages\/496\/revisions"}],"predecessor-version":[{"id":2727,"href":"https:\/\/www.hsu-hh.de\/ema\/wp-json\/wp\/v2\/pages\/496\/revisions\/2727"}],"wp:attachment":[{"href":"https:\/\/www.hsu-hh.de\/ema\/wp-json\/wp\/v2\/media?parent=496"}],"wp:term":[{"taxonomy":"category","embeddable":true,"href":"https:\/\/www.hsu-hh.de\/ema\/wp-json\/wp\/v2\/categories?post=496"},{"taxonomy":"post_tag","embeddable":true,"href":"https:\/\/www.hsu-hh.de\/ema\/wp-json\/wp\/v2\/tags?post=496"}],"curies":[{"name":"wp","href":"https:\/\/api.w.org\/{rel}","templated":true}]}}