{"id":483,"date":"2018-01-15T08:45:48","date_gmt":"2018-01-15T07:45:48","guid":{"rendered":"https:\/\/www.hsu-hh.de\/ema\/?page_id=483"},"modified":"2019-11-04T09:51:28","modified_gmt":"2019-11-04T08:51:28","slug":"elektromobilitaet","status":"publish","type":"page","link":"https:\/\/www.hsu-hh.de\/ema\/elektromobilitaet","title":{"rendered":"Elektromobilit\u00e4t"},"content":{"rendered":"<h3>\u00dcbersicht<\/h3>\n<p style=\"padding-left: 30px\">Simulation von Antriebssystemen<br \/>\nThermisches Verhalten elektrischer Maschinen<\/p>\n<p><strong>Elektromobilit\u00e4t<\/strong><\/p>\n<p style=\"padding-left: 30px\"><a href=\"https:\/\/www.hsu-hh.de\/ema\/elektromobilitaet\/leistungsmessung\" rel=\"attachment wp-att-485\"><img loading=\"lazy\" decoding=\"async\" class=\"alignnone wp-image-485\" src=\"https:\/\/www.hsu-hh.de\/ema\/wp-content\/uploads\/sites\/588\/2018\/01\/Leistungsmessung-300x230.png\" alt=\"xx\" width=\"440\" height=\"337\" srcset=\"https:\/\/www.hsu-hh.de\/ema\/wp-content\/uploads\/sites\/588\/2018\/01\/Leistungsmessung-300x230.png 300w, https:\/\/www.hsu-hh.de\/ema\/wp-content\/uploads\/sites\/588\/2018\/01\/Leistungsmessung-768x589.png 768w, https:\/\/www.hsu-hh.de\/ema\/wp-content\/uploads\/sites\/588\/2018\/01\/Leistungsmessung.png 957w\" sizes=\"auto, (max-width: 440px) 100vw, 440px\" \/><\/a><\/p>\n<p><strong>Simulation von Antriebssystemen<\/strong><\/p>\n<p>Im Rahmen des Kompetenzzentrums f\u00fcr interoperable Elektromobilit\u00e4t, Infrastruktur und Netze entstand an der <abbr title=\"Technische Universit\u00e4t\">TU<\/abbr> Dortmund eine Modellbibliothek f\u00fcr den elektrischen Antriebsstrang. Diese erm\u00f6glicht unter anderem die Simulation von station\u00e4ren sowie dynamischen Vorg\u00e4ngen bei unterschiedlichen Antriebs-Topologien. Neben einer ausf\u00fchrlichen Betrachtung der elektrischen Arbeitsmaschine werden zudem leistungselektronische sowie mechanische Antriebsstrangkomponenten modelliert. Durch die Integration von effizienzoptimierten Regelverfahren lassen sich zudem komplette Fahrzyklen simulieren. Die Ergebnisse werden mit realen Antriebsstrangkomponenten verglichen und anhand diesen verifiziert.<\/p>\n<p><strong>Thermisches Verhalten elektrischer Maschinen<\/strong><\/p>\n<p>F\u00fcr die Analyse der l\u00e4ngsdynamischen Eigenschaften von Elektrofahrzeugen steht ein speziell f\u00fcr die Elektromobilit\u00e4t konzipierter Leistungspr\u00fcfstand zur Verf\u00fcgung. Auf dem Doppelrollenpr\u00fcfstand k\u00f6nnen Fahrzeuge im Geschwindigkeitsbereich bis zu 60 km\/h getestet werden. Dar\u00fcber hinaus dient der Pr\u00fcfstand auch der Ermittlung von Energieverbr\u00e4uchen in beliebigen Fahrzyklen. Ein wichtiger Fokus liegt auf der Betrachtung der ganzheitlichen Maschineneffizienz um den Energieverbrauch f\u00fcr die Fortbewegung weiter zu senken und so die Reichweite zwischen zwei Batterieladungen weiter zu erh\u00f6hen. Vor diesem Hintergrund erstrecken sich die Forschungsaktivit\u00e4ten auf der Untersuchung des Zusammenspiels zwischen Motor, Leistungselektronik und Batterien. Mit Hilfe des Leistungspr\u00fcfstandes kann eine ganzheitliche Betrachtung unter reproduzierbaren Bedingungen erfolgen und optimale Rekuperationsstrategien untersucht werden.<\/p>\n<p>Neben diesem Zusammenhang ist auch thermische Modellierung der einzelnen Komponenten im Antriebsstrang erforderlich, um fr\u00fchzeitige unzul\u00e4ssig hohe Temperaturen in den Komponenten zu erkennen.<\/p>\n","protected":false},"excerpt":{"rendered":"<p>\u00dcbersicht Simulation von Antriebssystemen Thermisches Verhalten elektrischer Maschinen Elektromobilit\u00e4t Simulation von Antriebssystemen Im Rahmen des Kompetenzzentrums f\u00fcr interoperable Elektromobilit\u00e4t, Infrastruktur und Netze entstand an der TU Dortmund eine Modellbibliothek f\u00fcr [&hellip;]<\/p>\n","protected":false},"author":53,"featured_media":0,"parent":0,"menu_order":0,"comment_status":"closed","ping_status":"closed","template":"","meta":{"footnotes":""},"categories":[],"tags":[],"class_list":["post-483","page","type-page","status-publish","hentry"],"_links":{"self":[{"href":"https:\/\/www.hsu-hh.de\/ema\/wp-json\/wp\/v2\/pages\/483","targetHints":{"allow":["GET"]}}],"collection":[{"href":"https:\/\/www.hsu-hh.de\/ema\/wp-json\/wp\/v2\/pages"}],"about":[{"href":"https:\/\/www.hsu-hh.de\/ema\/wp-json\/wp\/v2\/types\/page"}],"author":[{"embeddable":true,"href":"https:\/\/www.hsu-hh.de\/ema\/wp-json\/wp\/v2\/users\/53"}],"replies":[{"embeddable":true,"href":"https:\/\/www.hsu-hh.de\/ema\/wp-json\/wp\/v2\/comments?post=483"}],"version-history":[{"count":7,"href":"https:\/\/www.hsu-hh.de\/ema\/wp-json\/wp\/v2\/pages\/483\/revisions"}],"predecessor-version":[{"id":1128,"href":"https:\/\/www.hsu-hh.de\/ema\/wp-json\/wp\/v2\/pages\/483\/revisions\/1128"}],"wp:attachment":[{"href":"https:\/\/www.hsu-hh.de\/ema\/wp-json\/wp\/v2\/media?parent=483"}],"wp:term":[{"taxonomy":"category","embeddable":true,"href":"https:\/\/www.hsu-hh.de\/ema\/wp-json\/wp\/v2\/categories?post=483"},{"taxonomy":"post_tag","embeddable":true,"href":"https:\/\/www.hsu-hh.de\/ema\/wp-json\/wp\/v2\/tags?post=483"}],"curies":[{"name":"wp","href":"https:\/\/api.w.org\/{rel}","templated":true}]}}