{"id":396,"date":"2018-01-15T06:56:35","date_gmt":"2018-01-15T05:56:35","guid":{"rendered":"https:\/\/www.hsu-hh.de\/ema\/?page_id=396"},"modified":"2018-07-13T09:21:44","modified_gmt":"2018-07-13T07:21:44","slug":"veroeffentlichungen","status":"publish","type":"page","link":"https:\/\/www.hsu-hh.de\/ema\/veroeffentlichungen","title":{"rendered":"Ver\u00f6ffentlichungen"},"content":{"rendered":"<h3><strong>Betreute Abschlussarbeiten<br \/>\n<\/strong><\/h3>\n<p><a href=\"https:\/\/www.hsu-hh.de\/ema\/basisauslegung-und-analyse-einer-10mw-windenergieanlage-mit-supraleitender-wicklung\">Basisauslegung und Analyse einer 10MW Windenergieanlage mit supraleitender Wicklung (10.2017)<\/a><br \/>\n<a href=\"https:\/\/www.hsu-hh.de\/ema\/einsatz-und-modellierung-von-reluktanzmaschinen-in-der-elektromobilitaet-10-2016\">Einsatz und Modellierung von Reluktanzmaschinen in der Elektromobilit\u00e4t (10.2016)<\/a><br \/>\n<a href=\"https:\/\/www.hsu-hh.de\/ema\/diagnose-von-industriegeneratoren-anhand-von-wicklungstemperaturen-12-2013\">Diagnose von Industriegeneratoren anhand von Wicklungstemperaturen (12.2013)<\/a><br \/>\n<a href=\"https:\/\/www.hsu-hh.de\/ema\/auslegung-eines-mechatronischen-systems-im-automobilbereich-09-2013\">Auslegung eines mechatronischen Systems im Automobilbereich (09.2013)<\/a><br \/>\n<a href=\"https:\/\/www.hsu-hh.de\/ema\/entwicklung-einer-akustisch-optimalen-gehaeuseanbindung-elektrischer-fahrzeugantriebe-06-2013\">Entwicklung einer akustisch optimalen Geh\u00e4useanbindung elektrischer Fahrzeugantriebe (06.2013)<\/a><br \/>\n<a href=\"https:\/\/www.hsu-hh.de\/ema\/443-2\">Konstruktion eines station\u00e4ren, einphasigen Stromspeichersystems f\u00fcr den Einsatz im Senegal (06.2012)<\/a><br \/>\n<a href=\"https:\/\/www.hsu-hh.de\/ema\/ausarbeitung-eines-praktikumsversuches-fuer-den-versuchsstand-windenergie-11-2011\">Ausarbeitung eines Praktikumsversuches f\u00fcr den Versuchsstand Windenergie (11.2011)<\/a><br \/>\n<a href=\"https:\/\/www.hsu-hh.de\/ema\/447-2\">Schwingungsdiagnose auf Basis selbstorganisierender neuronaler Netze (03.2011)<\/a><br \/>\n<a href=\"https:\/\/www.hsu-hh.de\/ema\/entwicklung-eines-verfahrens-zur-automatisierten-positionsbestimmung-von-hall-sensoren-im-dreidimensionalen-raum-12-2008\">Entwicklung eines Verfahrens zur automatisierten Positionsbestimmung von Hall-Sensoren im dreidimensionalen Raum (12.2008)<\/a><\/p>\n<h3><strong>Ver\u00f6ffentlichungen<br \/>\n<\/strong><\/h3>\n<p><strong>2018<\/strong><\/p>\n<p><em>Assenkamp, A.; Kreischer, C.:<\/em><br \/>\n<a href=\"http:\/\/epnc2018.albedo03.eu\/pdf\/200313.pdf\" rel='nofollow'><strong>Effect of events with high RoCoF on Turbogenerators<\/strong><\/a><br \/>\nEPNC, Arras (Frankreich), 06.2018<\/p>\n<p><em>Kreischer, C.:<\/em><br \/>\n<a href=\"http:\/\/epnc2018.albedo03.eu\/pdf\/199707.pdf\" rel='nofollow'><strong>Modern Methods to Monitor end Winding Vibrations in Turbogenerators<\/strong><\/a><br \/>\nEPNC, Arras (Frankreich), 06.2018<\/p>\n<p><em>Kreischer, C.; Bennauer, M. :<\/em><br \/>\n<strong>Anforderungen an die Regelung konventioneller Kraftwerke im Hinblick auf das dynamische Verhalten am Netz<\/strong><br \/>\n11. Essener Tagung: Generatoren in konventionellen Kraftwerken, Windparks und Wasserkraftwerken, Essen, 02.2018<\/p>\n<p><strong>2017<\/strong><\/p>\n<p><em>Kreischer, C.; Exnowski, S.; Assenkamp, Alf; Hoffmann, R. :<\/em><br \/>\n<strong>Simulative analysis of dynamical behaviour of steam-powered turbo generators during power system incidents with a higher rate of change of frequency<\/strong><br \/>\nRTDN 2017: IET Conference on the Resilience of Transmission and Distribution Networks, Birmingham (Vereinigtes K\u00f6nigreich), 09.2017<\/p>\n<p><em>Kreischer, C.; Habel, S. :<\/em><br \/>\n<strong>Stress Reduced Short Circuit Clearing<\/strong><br \/>\nCOLLOQUIUM ON ROTATIN G ELECTRICAL MACHINES FOR POWER GENERATION, Wien, \u00d6sterreich, 09.2017<\/p>\n<p><em>Kreischer, C.; Schuster, S.; Brillert, D. :<\/em><br \/>\n<a href=\"https:\/\/proceedings.asmedigitalcollection.asme.org\/proceeding.aspx?articleID=2650449\" rel='nofollow'><strong>Introduction of an Integrated Turbo-Electrical Machine<\/strong><\/a><br \/>\nASME Turbo Expo 2017: Turbomachinery Technical Conference and Exposition, Charlotte, North Carolina, USA, 06.2017<\/p>\n<p><em>Exnowski, S.; Kreischer, C.; Assenkamp, A.; Hoffmann, R. :<\/em><strong><br \/>\nAnalysen des Verhaltens von Turbos\u00e4tzen bei Frequenzschwankungen in Irland<\/strong><br \/>\n10. Essener Tagung: Generatoren in konventionellen Kraftwerken, Windparks und Wasserkraftwerken, Essen, 02.2017<\/p>\n<p><em>Kreischer, C.; Exnowski, S.; Strack, S. :<\/em><br \/>\n<strong>Detektion von Zustands\u00e4nderungen im St\u00e4nderwickelkopf von Turbogeneratoren<\/strong><br \/>\n10. Essener Tagung: Generatoren in konventionellen Kraftwerken, Windparks und Wasserkraftwerken, Essen, 02.2017<\/p>\n<p><strong>2016<\/strong><\/p>\n<p><em>Fischer, A.; Kreischer, C. :<\/em><br \/>\n<strong>Thermische Modellierung von Fahrzeugkomponenten f\u00fcr die Elektromobilit\u00e4t<\/strong><br \/>\n11. Dortmunder AutoTag, Dortmund, 09.2016<\/p>\n<p><em>Schm\u00fclling, C.; Kreischer, C.; Golebiowski, M. :<br \/>\n<\/em> <a href=\"https:\/\/content.sciendo.com\/view\/journals\/aee\/65\/3\/article-p585.xml\" rel='nofollow'><strong>Investigation of the stator inductances of the expanded Park model and an approach on parameter identification using the evolution strategy<\/strong><\/a><br \/>\nArchives of Electrical Engineering Vol. 65(3), pp. 585-599 (2016), The Journal of Polish Academy of Sciences, 09.2016<\/p>\n<p><em>Kreischer, C.; Exnowski, S.; Kulig, S. :<\/em><br \/>\n<strong>State of research on stator end windings of large electrical machines<br \/>\n<\/strong>EPNC, Helsinki (Finnland), 06.2016<\/p>\n<p><em>Kreischer, C. :<\/em><br \/>\n<strong>Improved detection of defects in the laminated core by measurements with high frequencies<br \/>\n<\/strong>EPNC, Helsinki (Finnland), 06.2016<\/p>\n<p><em>Kreischer, C.; Zhao, K.; :<\/em><br \/>\n<strong>Neues Verfahren zur Berechnung der Str\u00f6mungsverteilung in Generatoren<br \/>\n<\/strong>9. Essener Tagung: Turbogeneratoren in Kraftwerken, Essen, 02.2016<\/p>\n<p><em>Exnowski, S.; Kreischer, C.; Kulig, S. :<\/em><br \/>\n<strong>Stand der Forschung auf dem Gebiet der Wickelkopfbeanspruchungen<br \/>\n<\/strong>9. Essener Tagung: Turbogeneratoren in Kraftwerken, Essen, 02.2016<\/p>\n<p><em>Kreischer, C.; Bennauer, M.; Werthes, H. :<\/em><br \/>\n<strong>Erweiterung der Turbinenmodelle zur Simulation von speziellen Netzsituationen<br \/>\n<\/strong>9. Essener Tagung: Turbogeneratoren in Kraftwerken, Essen, 02.2016<\/p>\n<p><strong>2015<\/strong><\/p>\n<p><em>Kreischer, C.; Steins., H.; Strack, S.; Weidner, J.R. :<\/em><br \/>\n<strong>New Diagnostic Procedure for Monitoring of Stator End Winding Vibration at Generators with Rapid Load Demand Fluctuations<\/strong><br \/>\nCigr\u00e9 SCA1, Madrid, 09.2015<\/p>\n<p><em>Schm\u00fclling, S.; Kreischer, C.; Golebiowski, M. :<\/em><br \/>\n<a href=\"http:\/\/www.komel.katowice.pl\/ZRODLA\/FULL\/107\/ref_15.pdf\" rel='nofollow'><strong>Comparison of Different Methods for Excitation of Synchronous Machines<\/strong><\/a><br \/>\nElectrical Machines &#8211; Transactions Journal Nr. 107, S. 89 &#8211; 95, ISSN 0239-3646, 06.2015<\/p>\n<p><em>Schm\u00fclling, C.; Kreischer, C.; Golebiowski, M. :<\/em><br \/>\n<a href=\"http:\/\/www.komel.katowice.pl\/ZRODLA\/FULL\/107\/ref_14.pdf\" rel='nofollow'><strong>Discrepancies of the Expanded Park Equations and Parameteridentification with Evolution Strategy<\/strong><\/a><br \/>\nElectrical Machines &#8211; Transaction Journal, Nr. 107, S. 81 &#8211; 87, ISSN 0239-3646, 06.2015<\/p>\n<p><em>Kreischer, C.; Zhao, K. :<br \/>\n<\/em><strong>Kombiniertes Verfahren zur Bestimmung der K\u00fchlgasvolumenstr\u00f6me in einem Generator<\/strong><br \/>\n8. Essener Tagung: Turbogeneratoren in Kraftwerken, Essen, 02.2015<\/p>\n<p><em>Kreischer, C.; Strack, S. :<\/em><br \/>\n<strong>Erfahrungen mit dem Verfahren der Modalinterpolation von St\u00e4nderwickelkopfschwingungsdaten<\/strong><br \/>\n8. Essener Tagung: Turbogeneratoren in Kraftwerken, Essen, 02.2015<\/p>\n<p><strong>2014<\/strong><\/p>\n<p><em>Kreischer, C.; Bennauer, M.; Werthes, H. :<\/em><br \/>\n<strong>Netzst\u00f6rungen und deren Auswirkungen auf Dampfturbinen unterschiedlicher Baugr\u00f6\u00dfen<br \/>\n<\/strong>46. KRAFTWERKSTECHNISCHES KOLLOQUIUM 2014, Dresden, 10.2014<\/p>\n<p><em>Habel, S.; Kreischer, C. :<\/em><br \/>\n<strong>Stress optimized Short-Circuit Switching based on Generator Feedback<br \/>\n<\/strong>EPNC 2014, Pilsen (Tschechien), 07.2014<\/p>\n<p><em>Kreischer, C.; Ye, Z. :<\/em><br \/>\n<strong>Influence of Power Transformer Saturation on the Design of Turbo Generators<br \/>\n<\/strong>EPNC2014, Pilsen (Tschechien), 07.2014<\/p>\n<p><em>Kreischer, C.; Ye, Z. :<br \/>\n<\/em><strong>Einfluss der Eisens\u00e4ttigung in Kraftwerkstransformatoren auf die subtransienten Generatorstr\u00f6me<br \/>\n<\/strong>Turbogeneratoren in Kraftwerken, Essen, 02.2014<\/p>\n<p><strong>2013<\/strong><\/p>\n<p><em>Kreischer, C.; Kulig, S.; G\u00f6bel, C. :<\/em><br \/>\n<strong><a href=\"https:\/\/content.sciendo.com\/view\/journals\/aee\/62\/3\/article-p401.xml\" rel='nofollow'>Applicability of Park transformation for the analysis of transient performance during subsynchronous resonances<\/a><br \/>\n<\/strong>Archives of Electrical Engineering, Poznan, Poland, 09.2013<\/p>\n<p><em>Zhao, K.; Kreischer, C. :<\/em><br \/>\n<strong><a href=\"https:\/\/link.springer.com\/content\/pdf\/10.1007%2F978-3-319-11248-0_27.pdf\" rel='nofollow'>Analysis of the Distribution of Air Flow Rate Through Stator End Winding of Turbo Generator<\/a><br \/>\n<\/strong>WZEE 2013, Myczkowce, Poland, 09.2013<\/p>\n<p><em>Kreischer, C.; Golebiowski, M.\u00a0 :<\/em><br \/>\n<strong><a href=\"http:\/\/pe.org.pl\/articles\/2013\/11\/73.pdf\" rel='nofollow'>Monitoring of End Winding Vibrations using Neural Networks<\/a><br \/>\n<\/strong>WZEE 2013, Myczkowce, Poland, 09.2013<\/p>\n<p><em>Fischer, A.; Kreischer, C.; Seibt, P. :<\/em><br \/>\n<strong>Test- und Entwicklungsplattform f\u00fcr Elektrofahrzeuge<br \/>\n<\/strong>8. DortmunderAutoTag, Dortmund, 09.2013<\/p>\n<p><em>Kreischer, C.; Letsch, M. :<\/em><br \/>\n<strong>Problematik der Abbildung von Spannungsreglern mit IEEE-Standardmodellen<br \/>\n<\/strong>Turbogeneratoren in Kraftwerken, Essen, 02.2013<\/p>\n<p><em>Kreischer, C.; Bennauer, M.; Werthes, H. :<\/em><br \/>\n<strong>Netzst\u00f6rungen und deren Auswirkungen auf die Dampfturbinenregelung<br \/>\n<\/strong>Turbogeneratoren in Kraftwerken, Essen, 02.2013<\/p>\n<p><strong>2012<\/strong><\/p>\n<p><em>Kreischer, C.; Golebiowski, L. :<\/em><br \/>\n<strong><a href=\"https:\/\/ieeexplore.ieee.org\/document\/6463907\/\" rel='nofollow'>Detection of Broken Bars and Rings in Induction Machines<\/a><br \/>\n<\/strong> EPE 2012, Iasi (Rum\u00e4nien), 10.2012<\/p>\n<p><em>Kreischer, C.; Golebiowski, L. :<\/em><br \/>\n<strong><a href=\"https:\/\/ieeexplore.ieee.org\/abstract\/document\/6350094\/\" rel='nofollow'>Comparison of Different Methods to Determine Defects in the Stator Core<\/a><br \/>\n<\/strong> ICEM 2012, Marseille (Frankreich), 09.2012<\/p>\n<p><em>Ye, Z.; Kreischer, C.; Kulig, S. :<\/em><br \/>\n<strong><a href=\"https:\/\/ieeexplore.ieee.org\/abstract\/document\/6350203\/\" rel='nofollow'>Behavior of a single phase grid transformer during out-of-phase synchronizations<\/a><br \/>\n<\/strong>ICEM 2012, Marseille (Frankreich), 09.2012<\/p>\n<p><em>Bennauer, M.; Kreischer, C.; Rosendahl, J.;\u00a0 Werthes, H. :<\/em><br \/>\n<strong><a href=\"http:\/\/proceedings.asmedigitalcollection.asme.org\/proceeding.aspx?articleid=1694730\" rel='nofollow'>Optimized Steam Turbine Governor Controlling Single or Multiple Grid Faults<\/a><br \/>\n<\/strong>ASME Turbo Expo 2012, Kopenhagen (D\u00e4nemark), 06.2012<\/p>\n<p><em>Kreischer, C.; Kulig, S.; G\u00f6bel, C. :<\/em><br \/>\n<strong>Identification of Electrical Machine Parameters for Subsynchronous Resonance Studies<\/strong><br \/>\nEPNC 2012, Pula (Kroatien), 06.2012<\/p>\n<p><em>Kreischer, C.; Golebiowski, L. :<\/em><br \/>\n<strong><a href=\"https:\/\/ieeexplore.ieee.org\/abstract\/document\/6231791\/\" rel='nofollow'>Study of the dynamic stability for small power plants<\/a><br \/>\n<\/strong>OPTIM 2012, Kronstadt (Rum\u00e4nien), 05.2012<\/p>\n<p><em>Kreischer, C.; Richter, C.; Weidner, J. :<\/em><br \/>\n<strong>Pr\u00fcfung der Blechpakete von gro\u00dfen Turbogeneratoren mit Hilfe des Magnetisierungsverfahrens<br \/>\n<\/strong>Turbogeneratoren in Kraftwerken, Essen (Deutschland), 02.2012<\/p>\n<p><em>Kreischer, C.; Sander, M. :<\/em><br \/>\n<strong>Dynamische Stabilit\u00e4t von Kraftwerken kleiner und mittlerer Leistung &#8211; neue Anschlussbedingungen<br \/>\nTurbogeneratoren in Kraftwerken, Essen (Deutschland), 02.2012<\/strong><\/p>\n<p><strong>2011<\/strong><\/p>\n<p><em>Kreischer, C.; Rosendahl, J.; Kulig, S.; Bennauer, M.; Werthes, H. :<\/em><br \/>\n<strong>Erh\u00f6hung der Systemstabilit\u00e4t durch Beherrschung von Mehrfachst\u00f6rungen im elektrischen Netz<br \/>\n<\/strong>GuD Anlagen im dynamischen Netzbetrieb 2011, K\u00f6ln (Deutschland), 11.2011<\/p>\n<p><em>Kreischer, C.; Rosendahl, J.; Kulig, S.; Bennauer, M.; Werthes, H. :<\/em><br \/>\n<strong><a href=\"http:\/\/vivis.de\/index.php?option=com_content&amp;view=article&amp;id=248:neuerscheinungen&amp;catid=68:blog&amp;Itemid=53\" rel='nofollow'>Optimierte Dampfturbinenregelung zur Beherrschung von Mehrfachst\u00f6rungen im elektrischen Netz<\/a><br \/>\n<\/strong>43. KRAFTWERKSTECHNISCHES KOLLOQUIUM 2011, Dresden (Deutschland), 10.2011<\/p>\n<p><em>Kreischer, C.; Kulig, S.; Veer, T. :<\/em><br \/>\n<strong>Schwingungstechnische Zustands\u00fcberwachung von Gro\u00dfmaschinen<br \/>\n<\/strong>Antriebssysteme 2011, N\u00fcrtingen (Deutschland), 09.2011<\/p>\n<p><em>Ye, Z.; Kreischer, C.; Kulig, S. :<\/em><br \/>\n<strong><a href=\"https:\/\/ieeexplore.ieee.org\/document\/6134915\/\" rel='nofollow'>Analysis of Transformer Short circuit Characteristics based on 3-D Finite Element Method<\/a><br \/>\n<\/strong>IEEE Power Engineering and Automation Conference (PEAM 2011), Wuhan (China), 09.2011<\/p>\n<p><em>Kreischer, C.; Kulig, S.; Schl\u00fcter, M. :<\/em><br \/>\n<strong>Model of the Elliptec Resonant Piezoelectric Motor<br \/>\n<\/strong>LDIA 2011, Eindhoven (Niederlande), 07.2011<\/p>\n<p><em>Kreischer, C.; Rosendahl, J.; Bennauer, M.; Werthes, H. :<\/em><br \/>\n<strong>Dynamic behaviour of steam turbine controller in the event of load rejection following a three-phase short circuit close to the power plant<br \/>\n<\/strong>VGB Power Tech 5\/11, Volume 91\/2011 (International Edition), 05.2011<\/p>\n<p><em>Kreischer, C.; Kulig, S.; Thien, D. :<\/em><br \/>\n<strong><a href=\"https:\/\/ieeexplore.ieee.org\/abstract\/document\/5994775\/\" rel='nofollow'>Modal Analysis of Operational End Winding Vibrations<\/a><br \/>\n<\/strong>IEMDC 2011, Niagara Falls (Kanada), 05.2011<\/p>\n<p><em>Kreischer, C. :<\/em><br \/>\n<strong><a href=\"https:\/\/www.researchgate.net\/publication\/279189541_Monitoring_und_Diagnose_von_Wickelkopfschwingungen_in_Kraftwerksgeneratoren\" rel='nofollow'>Monitoring und Diagnose von Wickelkopfschwingungen in Kraftwerksgeneratoren<\/a><br \/>\n<\/strong>Verlag <abbr title=\"Doktor\">Dr.<\/abbr> Hut, M\u00fcnchen, 04.2011<\/p>\n<p><em>Kreischer, C.; Veer, T. :<\/em><br \/>\n<strong>Monitoring und Diagnose von Wickelkopfschwingungen<br \/>\n<\/strong>Turbogeneratoren in Kraftwerken, Haus der Technik, Essen (Deuschland), 02.2011<\/p>\n<p><strong>2010<\/strong><\/p>\n<p><em>Kreischer, C. :<\/em><br \/>\n<a href=\"https:\/\/www.researchgate.net\/publication\/303663514_Neuronale_Netze_in_der_Schwingungsdiagnostik\" rel='nofollow'><strong>Neuronale Netze in der Schwingungsdiagnostik<\/strong><\/a><br \/>\nIn &#8222;Das ist gar kein Modell! &#8211; Unterschiedliche Modelle und Modellierungen in Betriebswirtschaftslehre und Ingenieurwissenschaften&#8220; <abbr title=\"Herausgeber\">Hrsg.<\/abbr>: G. Bandow, H. H. Holzm\u00fcller, Gabler Verlag, Wiesbaden (Deutschland), 01.2010<\/p>\n<p><strong>2009<\/strong><\/p>\n<p><em>Kreischer, C.; Vogel, R.; Schl\u00fcter, M. :<\/em><br \/>\n<strong>Frequency Detection by Phase Measurement on a Piezoelectric Device<br \/>\n<\/strong>LDIA 2009, Hyatt Regency Incheon (Korea), 09.2009<\/p>\n","protected":false},"excerpt":{"rendered":"<p>Betreute Abschlussarbeiten Basisauslegung und Analyse einer 10MW Windenergieanlage mit supraleitender Wicklung (10.2017) Einsatz und Modellierung von Reluktanzmaschinen in der Elektromobilit\u00e4t (10.2016) Diagnose von Industriegeneratoren anhand von Wicklungstemperaturen (12.2013) Auslegung eines [&hellip;]<\/p>\n","protected":false},"author":53,"featured_media":0,"parent":0,"menu_order":0,"comment_status":"closed","ping_status":"closed","template":"","meta":{"footnotes":""},"categories":[],"tags":[],"class_list":["post-396","page","type-page","status-publish","hentry"],"_links":{"self":[{"href":"https:\/\/www.hsu-hh.de\/ema\/wp-json\/wp\/v2\/pages\/396","targetHints":{"allow":["GET"]}}],"collection":[{"href":"https:\/\/www.hsu-hh.de\/ema\/wp-json\/wp\/v2\/pages"}],"about":[{"href":"https:\/\/www.hsu-hh.de\/ema\/wp-json\/wp\/v2\/types\/page"}],"author":[{"embeddable":true,"href":"https:\/\/www.hsu-hh.de\/ema\/wp-json\/wp\/v2\/users\/53"}],"replies":[{"embeddable":true,"href":"https:\/\/www.hsu-hh.de\/ema\/wp-json\/wp\/v2\/comments?post=396"}],"version-history":[{"count":51,"href":"https:\/\/www.hsu-hh.de\/ema\/wp-json\/wp\/v2\/pages\/396\/revisions"}],"predecessor-version":[{"id":866,"href":"https:\/\/www.hsu-hh.de\/ema\/wp-json\/wp\/v2\/pages\/396\/revisions\/866"}],"wp:attachment":[{"href":"https:\/\/www.hsu-hh.de\/ema\/wp-json\/wp\/v2\/media?parent=396"}],"wp:term":[{"taxonomy":"category","embeddable":true,"href":"https:\/\/www.hsu-hh.de\/ema\/wp-json\/wp\/v2\/categories?post=396"},{"taxonomy":"post_tag","embeddable":true,"href":"https:\/\/www.hsu-hh.de\/ema\/wp-json\/wp\/v2\/tags?post=396"}],"curies":[{"name":"wp","href":"https:\/\/api.w.org\/{rel}","templated":true}]}}