{"id":3514,"date":"2024-11-11T08:39:50","date_gmt":"2024-11-11T07:39:50","guid":{"rendered":"https:\/\/www.hsu-hh.de\/ema\/?page_id=3514"},"modified":"2024-11-11T08:42:51","modified_gmt":"2024-11-11T07:42:51","slug":"sarah-hakim-semlali-2","status":"publish","type":"page","link":"https:\/\/www.hsu-hh.de\/ema\/en\/sarah-hakim-semlali-2","title":{"rendered":"Sarah Hakim Semlali"},"content":{"rendered":"<script type=\"application\/ld+json\">[{\"@context\": \"https:\/\/www.schema.org\",\"@type\": \"Person\",\"name\": \"Sarah Hakim  Semlali\",\"worksFor\": [{\t\"@type\": \"Organization\",\t\"name\": \"Helmut-Schmidt-Universit\u00e4t\",\t\"url\": \"https:\/\/www.hsu-hh.de\"\t, \"department\": {\"@type\": \"Organization\",\t\t\t\t\t\"name\": \"Elektrische Maschinen und Antriebssysteme\",\t\t\t\t\t\"location\": {\t\t\t\t\t\t\"@type\": \"PostalAddress\",\t\t\t\t\t\t\"addressLocality\": \"\",        \t\t\t\t\"postalCode\": \"22043\",        \t\t\t\t\"streetAddress\": \"Holstenhofweg 85 , Geb\u00e4ude H1\"\t\t\t\t\t}},\t\"location\": {\t\t\"@type\": \"PostalAddress\",    \t\"addressLocality\": \"\",    \t\"postalCode\": \"22008\",    \t\"postOfficeBoxNumber\": \"700822\"\t}   }],\"image\": \"https:\/\/www.hsu-hh.de\/ema\/wp-content\/uploads\/sites\/588\/2024\/11\/Arbeitsbild-150x150.jpg\",\"telephone\": \"+49406541-2971\",\"faxNumber\": \"\",\"email\": \"semlalis@hsu-hh.de\"}]<\/script><div class=\"clearfix\"><\/div><div class=\"ansprechparter-container \" style=\"margin-top:1em; \"><div class=\"row ansprechpartner-item ansprechparter-header\" ><div class=\"col-xs-8 col-lg-12\" style=\"margin-bottom: 30px;\"><h3 class=\"ansprechparter-headline\">Sarah Hakim  Semlali<\/h3><\/div><\/div><div class=\"col-md-4 col-lg-3 col-xs-4 ansprechpartner-item floatright img-circle center-block\" style=\"margin-bottom: 30px;\"><div class=\"img-responsive-wrapper\"><img decoding=\"async\" src=\"https:\/\/www.hsu-hh.de\/ema\/wp-content\/uploads\/sites\/588\/2024\/11\/Arbeitsbild-150x150.jpg\" alt=\"\" class=\"img-circle img-responsive center-block\" \/><\/div><\/div><div class=\"col-md-12 col-lg-3 col-xs-12 ansprechpartner-item kontakt floatright\" style=\"margin-bottom: 30px; \"><div class=\"row\"><div class=\"col-xs-12 col-sm-6 col-lg-12\"><div class=\"row\"><div class=\"col-xs-4 col-lg-4 row-text bold\" >Raum:<\/div><div class=\" row-text\">1326<\/div><\/div><\/div><div class=\"col-xs-12 col-sm-6 col-lg-12\"><div class=\"row\"><div class=\"col-xs-4 col-lg-4 row-text bold\">Telefon:<\/div><div class=\" row-text\">+49406541-2971<\/div><\/div><\/div><div class=\"col-xs-12 col-sm-6 col-lg-12\"><div class=\"row\"><div class=\"col-xs-4 col-lg-4 row-text bold\">E-Mail:<\/div><div class=\"row-text\" style=\"overflow:hidden; word-break: break-word\"><a href=\"mailto:semlalis@hsu-hh.de\" rel=\"nofollow\">semlalis@hsu-hh.de<\/a><\/div><\/div><\/div><\/div><\/div><div class=\"col-md-6 col-lg-3 col-xs-12 ansprechpartner-item anschrift floatright\" ><div class=\"row-headline\">Besucheranschrift<\/div><div class=\"dataBesucheranschrift\" style=\"\"><div class=\"row-text\">Helmut-Schmidt-Universit\u00e4t<\/div><div class=\"row-text\">Geb\u00e4ude H1<\/div><div class=\"row-text\">Holstenhofweg 85<\/div><div class=\"row-text\">22043 Hamburg<\/div><\/div><\/div><div class=\"col-md-6 col-lg-3 col-xs-12 ansprechpartner-item anschrift floatright\"><div class=\"row-headline\">Postanschrift<\/div><div class=\"dataPostanschrift\" style=\"\"><div class=\"row-text\">Helmut-Schmidt-Universit\u00e4t<\/div><div class=\"row-text\">Fakult\u00e4t f\u00fcr Elektrotechnik<\/div><div class=\"row-text\">Elektrische Maschinen und Antriebssysteme<\/div><div class=\"row-text\">Postfach 70 08 22<\/div><div class=\"row-text\">22008 Hamburg<\/div><\/div><\/div><\/div><div class=\"clearfix\"><\/div>\n\n\n<p><\/p>\n\n\n\n<p><strong>Berufserfahrung<\/strong><\/p>\n\n\n\n<div class=\"wp-block-columns is-layout-flex wp-container-core-columns-is-layout-9d6595d7 wp-block-columns-is-layout-flex\">\n<div class=\"wp-block-column is-layout-flow wp-block-column-is-layout-flow\" style=\"flex-basis:250px\">\n<p class=\"has-medium-font-size\">Juli 2024 <\/p>\n\n\n\n<p><br>Mai 2022 \u2013 Mai 2024<\/p>\n<\/div>\n\n\n\n<div class=\"wp-block-column is-layout-flow wp-block-column-is-layout-flow\">\n<p>Heute Wissenschaftliche Mitarbeiterin Mitarbeiter, Elektrische Maschinen und Antriebssysteme (EMA) &#8211; Helmut-Schmidt-Universit\u00e4t \/ Universit\u00e4t der Bundeswehr Hamburg<\/p>\n\n\n\n<p>Internationale Projektmanagerin, Institut f\u00fcr angewandtes Stoffstrommanagement (IfaS) \u2013 Hochschule Trier<br>Projekt: Entwicklung lokaler nachhaltiger Energienetzsysteme im Senegal &#8211; LoSENS-Projekt<br>Entwicklung einer nachhaltigen und gr\u00fcnen Universit\u00e4tsgeb\u00e4ude in der Elfenbeink\u00fcste.<br>Entwicklung eines gr\u00fcnen, effizienten und energieautarken Modells in Yaound\u00e9 \u2013 Kamerun.<br>Teilnahme am ZECURA-Projekt \u2013 Zero Emission Concepts for Urban Resilience in Marokko<\/p>\n<\/div>\n<\/div>\n\n\n\n<p><strong>Studium<\/strong><\/p>\n\n\n\n<div class=\"wp-block-columns is-layout-flex wp-container-core-columns-is-layout-9d6595d7 wp-block-columns-is-layout-flex\">\n<div class=\"wp-block-column is-layout-flow wp-block-column-is-layout-flow\" style=\"flex-basis:300px\">\n<p>April 2020 \u2013 November 2021<\/p>\n\n\n\n<p><br>September 2018 \u2013 Dezember 2019<\/p>\n\n\n\n<p>September 2013 \u2013 Juni 2018<\/p>\n<\/div>\n\n\n\n<div class=\"wp-block-column is-layout-flow wp-block-column-is-layout-flow\">\n<p>Master of Engineering in International Material Flow Management &#8211; Hochschule Trier (Umwelt-Campus Birkenfeld)<\/p>\n\n\n\n<p>Master of Science in Sustainable Energy Management &#8211; Al Akhawayn University of Ifrane, Marokko<\/p>\n\n\n\n<p>Bachelor of Science in Engineering &amp; Management &#8211; Al Akhawayn University of Ifrane, Marokko<\/p>\n<\/div>\n<\/div>\n\n\n\n<p><strong>Sonstiges<\/strong><\/p>\n\n\n\n<div class=\"wp-block-columns is-layout-flex wp-container-core-columns-is-layout-9d6595d7 wp-block-columns-is-layout-flex\">\n<div class=\"wp-block-column is-layout-flow wp-block-column-is-layout-flow\" style=\"flex-basis:300px\">\n<p>August 2020 \u2013 Februar 2022<\/p>\n\n\n\n<p><br>Juni 2018 \u2013 August 2018<\/p>\n\n\n\n<p><br>Juli 2017 \u2013 August 2017<\/p>\n<\/div>\n\n\n\n<div class=\"wp-block-column is-layout-flow wp-block-column-is-layout-flow\">\n<p>Studentischer Forschungsmitarbeiter &#8211; Institut f\u00fcr angewandtes Stoffstrommanagement (IfaS) \u2013 Hochschule Trier<\/p>\n\n\n\n<p>Praktikum &#8211; Ministerium f\u00fcr Energie, Bergbau und nachhaltige Entwicklung, Abteilung f\u00fcr erneuerbare Energien und Energieeffizienz, Marokko<\/p>\n\n\n\n<p>Beobachtungspraktikum, Logistik- und Tiefbauabteilung &#8211; Abrar Invest, Marokko<\/p>\n<\/div>\n<\/div>\n\n\n\n<p><strong>Publikationen<\/strong><br><a href=\"https:\/\/www.stoffstrom.org\/wp-content\/uploads\/2024\/03\/LoSENS_Master-Plan_Saint-Louis_V1.1.pdf\" target=\"_blank\" rel=\"noreferrer noopener\">https:\/\/www.stoffstrom.org\/wp-content\/uploads\/2024\/03\/LoSENS_Master-Plan_Saint-Louis_V1.1.pdf<\/a><br><a href=\"https:\/\/www.stoffstrom.org\/wp-content\/uploads\/2024\/04\/LoSENS_Master-Plan_Balingore_V1.0.pdf\" target=\"_blank\" rel=\"noreferrer noopener\">https:\/\/www.stoffstrom.org\/wp-content\/uploads\/2024\/04\/LoSENS_Master-Plan_Balingore_V1.0.pdf<\/a><br><a href=\"https:\/\/www.stoffstrom.org\/wp-content\/uploads\/2024\/03\/WP4c_Efficient-Pump-Management_V1.0.pdf\" target=\"_blank\" rel=\"noreferrer noopener\">https:\/\/www.stoffstrom.org\/wp-content\/uploads\/2024\/03\/WP4c_Efficient-Pu<\/a><\/p>\n","protected":false},"excerpt":{"rendered":"<p>Berufserfahrung Juli 2024 Mai 2022 \u2013 Mai 2024 Heute Wissenschaftliche Mitarbeiterin Mitarbeiter, Elektrische Maschinen und Antriebssysteme (EMA) &#8211; Helmut-Schmidt-Universit\u00e4t \/ Universit\u00e4t der Bundeswehr Hamburg Internationale Projektmanagerin, Institut f\u00fcr angewandtes Stoffstrommanagement [&hellip;]<\/p>\n","protected":false},"author":53,"featured_media":0,"parent":0,"menu_order":0,"comment_status":"closed","ping_status":"closed","template":"","meta":{"footnotes":""},"categories":[9],"tags":[],"class_list":["post-3514","page","type-page","status-publish","hentry","category-team-en"],"_links":{"self":[{"href":"https:\/\/www.hsu-hh.de\/ema\/wp-json\/wp\/v2\/pages\/3514","targetHints":{"allow":["GET"]}}],"collection":[{"href":"https:\/\/www.hsu-hh.de\/ema\/wp-json\/wp\/v2\/pages"}],"about":[{"href":"https:\/\/www.hsu-hh.de\/ema\/wp-json\/wp\/v2\/types\/page"}],"author":[{"embeddable":true,"href":"https:\/\/www.hsu-hh.de\/ema\/wp-json\/wp\/v2\/users\/53"}],"replies":[{"embeddable":true,"href":"https:\/\/www.hsu-hh.de\/ema\/wp-json\/wp\/v2\/comments?post=3514"}],"version-history":[{"count":4,"href":"https:\/\/www.hsu-hh.de\/ema\/wp-json\/wp\/v2\/pages\/3514\/revisions"}],"predecessor-version":[{"id":3520,"href":"https:\/\/www.hsu-hh.de\/ema\/wp-json\/wp\/v2\/pages\/3514\/revisions\/3520"}],"wp:attachment":[{"href":"https:\/\/www.hsu-hh.de\/ema\/wp-json\/wp\/v2\/media?parent=3514"}],"wp:term":[{"taxonomy":"category","embeddable":true,"href":"https:\/\/www.hsu-hh.de\/ema\/wp-json\/wp\/v2\/categories?post=3514"},{"taxonomy":"post_tag","embeddable":true,"href":"https:\/\/www.hsu-hh.de\/ema\/wp-json\/wp\/v2\/tags?post=3514"}],"curies":[{"name":"wp","href":"https:\/\/api.w.org\/{rel}","templated":true}]}}