{"id":3500,"date":"2024-11-11T08:04:23","date_gmt":"2024-11-11T07:04:23","guid":{"rendered":"https:\/\/www.hsu-hh.de\/ema\/?page_id=3500"},"modified":"2024-11-11T08:09:35","modified_gmt":"2024-11-11T07:09:35","slug":"curriculum-vitae-2","status":"publish","type":"page","link":"https:\/\/www.hsu-hh.de\/ema\/curriculum-vitae-2","title":{"rendered":"Curriculum vitae"},"content":{"rendered":"\n<p><\/p>\n\n\n\n<p><strong>Berufserfahrung<\/strong><\/p>\n\n\n\n<div class=\"wp-block-columns is-layout-flex wp-container-core-columns-is-layout-9d6595d7 wp-block-columns-is-layout-flex\">\n<div class=\"wp-block-column is-layout-flow wp-block-column-is-layout-flow\" style=\"flex-basis:250px\">\n<p class=\"has-medium-font-size\">Juli 2024 <\/p>\n\n\n\n<p><br>Mai 2022 \u2013 Mai 2024<\/p>\n<\/div>\n\n\n\n<div class=\"wp-block-column is-layout-flow wp-block-column-is-layout-flow\">\n<p>Heute Wissenschaftliche Mitarbeiterin Mitarbeiter, Elektrische Maschinen und Antriebssysteme (EMA) &#8211; Helmut-Schmidt-Universit\u00e4t \/ Universit\u00e4t der Bundeswehr Hamburg<\/p>\n\n\n\n<p>Internationale Projektmanagerin, Institut f\u00fcr angewandtes Stoffstrommanagement (IfaS) \u2013 Hochschule Trier<br>Projekt: Entwicklung lokaler nachhaltiger Energienetzsysteme im Senegal &#8211; LoSENS-Projekt<br>Entwicklung einer nachhaltigen und gr\u00fcnen Universit\u00e4tsgeb\u00e4ude in der Elfenbeink\u00fcste.<br>Entwicklung eines gr\u00fcnen, effizienten und energieautarken Modells in Yaound\u00e9 \u2013 Kamerun.<br>Teilnahme am ZECURA-Projekt \u2013 Zero Emission Concepts for Urban Resilience in Marokko<\/p>\n<\/div>\n<\/div>\n\n\n\n<p><strong>Studium<\/strong><\/p>\n\n\n\n<div class=\"wp-block-columns is-layout-flex wp-container-core-columns-is-layout-9d6595d7 wp-block-columns-is-layout-flex\">\n<div class=\"wp-block-column is-layout-flow wp-block-column-is-layout-flow\" style=\"flex-basis:300px\">\n<p>April 2020 \u2013 November 2021<\/p>\n\n\n\n<p>September 2018 \u2013 Dezember 2019<\/p>\n\n\n\n<p>September 2013 \u2013 Juni 2018<\/p>\n<\/div>\n\n\n\n<div class=\"wp-block-column is-layout-flow wp-block-column-is-layout-flow\">\n<p>Master of Engineering in International Material Flow Management &#8211; Hochschule Trier (Umwelt-Campus Birkenfeld)<\/p>\n\n\n\n<p>Master of Science in Sustainable Energy Management &#8211; Al Akhawayn University of Ifrane, Marokko<\/p>\n\n\n\n<p>Bachelor of Science in Engineering &amp; Management &#8211; Al Akhawayn University of Ifrane, Marokko<\/p>\n<\/div>\n<\/div>\n\n\n\n<p><strong>Sonstiges<\/strong><\/p>\n\n\n\n<div class=\"wp-block-columns is-layout-flex wp-container-core-columns-is-layout-9d6595d7 wp-block-columns-is-layout-flex\">\n<div class=\"wp-block-column is-layout-flow wp-block-column-is-layout-flow\" style=\"flex-basis:300px\">\n<p>August 2020 \u2013 Februar 2022<\/p>\n\n\n\n<p><br>Juni 2018 \u2013 August 2018<\/p>\n\n\n\n<p><br>Juli 2017 \u2013 August 2017<\/p>\n<\/div>\n\n\n\n<div class=\"wp-block-column is-layout-flow wp-block-column-is-layout-flow\">\n<p>Studentischer Forschungsmitarbeiter &#8211; Institut f\u00fcr angewandtes Stoffstrommanagement (IfaS) \u2013 Hochschule Trier<\/p>\n\n\n\n<p>Praktikum &#8211; Ministerium f\u00fcr Energie, Bergbau und nachhaltige Entwicklung, Abteilung f\u00fcr erneuerbare Energien und Energieeffizienz, Marokko<\/p>\n\n\n\n<p>Beobachtungspraktikum, Logistik- und Tiefbauabteilung &#8211; Abrar Invest, Marokko<\/p>\n<\/div>\n<\/div>\n\n\n\n<p><strong>Publikationen<\/strong><br><a href=\"https:\/\/www.stoffstrom.org\/wp-content\/uploads\/2024\/03\/LoSENS_Master-Plan_Saint-Louis_V1.1.pdf\" target=\"_blank\" rel=\"noreferrer noopener\">https:\/\/www.stoffstrom.org\/wp-content\/uploads\/2024\/03\/LoSENS_Master-Plan_Saint-Louis_V1.1.pdf<\/a><br><a href=\"https:\/\/www.stoffstrom.org\/wp-content\/uploads\/2024\/04\/LoSENS_Master-Plan_Balingore_V1.0.pdf\" target=\"_blank\" rel=\"noreferrer noopener\">https:\/\/www.stoffstrom.org\/wp-content\/uploads\/2024\/04\/LoSENS_Master-Plan_Balingore_V1.0.pdf<\/a><br><a href=\"https:\/\/www.stoffstrom.org\/wp-content\/uploads\/2024\/03\/WP4c_Efficient-Pump-Management_V1.0.pdf\" target=\"_blank\" rel=\"noreferrer noopener\">https:\/\/www.stoffstrom.org\/wp-content\/uploads\/2024\/03\/WP4c_Efficient-Pump-Management_V1.0.pdf<\/a><br><\/p>\n","protected":false},"excerpt":{"rendered":"<p>Berufserfahrung Juli 2024 Mai 2022 \u2013 Mai 2024 Heute Wissenschaftliche Mitarbeiterin Mitarbeiter, Elektrische Maschinen und Antriebssysteme (EMA) &#8211; Helmut-Schmidt-Universit\u00e4t \/ Universit\u00e4t der Bundeswehr Hamburg Internationale Projektmanagerin, Institut f\u00fcr angewandtes Stoffstrommanagement [&hellip;]<\/p>\n","protected":false},"author":53,"featured_media":0,"parent":0,"menu_order":0,"comment_status":"closed","ping_status":"closed","template":"","meta":{"footnotes":""},"categories":[4],"tags":[],"class_list":["post-3500","page","type-page","status-publish","hentry","category-forschung"],"_links":{"self":[{"href":"https:\/\/www.hsu-hh.de\/ema\/wp-json\/wp\/v2\/pages\/3500","targetHints":{"allow":["GET"]}}],"collection":[{"href":"https:\/\/www.hsu-hh.de\/ema\/wp-json\/wp\/v2\/pages"}],"about":[{"href":"https:\/\/www.hsu-hh.de\/ema\/wp-json\/wp\/v2\/types\/page"}],"author":[{"embeddable":true,"href":"https:\/\/www.hsu-hh.de\/ema\/wp-json\/wp\/v2\/users\/53"}],"replies":[{"embeddable":true,"href":"https:\/\/www.hsu-hh.de\/ema\/wp-json\/wp\/v2\/comments?post=3500"}],"version-history":[{"count":5,"href":"https:\/\/www.hsu-hh.de\/ema\/wp-json\/wp\/v2\/pages\/3500\/revisions"}],"predecessor-version":[{"id":3507,"href":"https:\/\/www.hsu-hh.de\/ema\/wp-json\/wp\/v2\/pages\/3500\/revisions\/3507"}],"wp:attachment":[{"href":"https:\/\/www.hsu-hh.de\/ema\/wp-json\/wp\/v2\/media?parent=3500"}],"wp:term":[{"taxonomy":"category","embeddable":true,"href":"https:\/\/www.hsu-hh.de\/ema\/wp-json\/wp\/v2\/categories?post=3500"},{"taxonomy":"post_tag","embeddable":true,"href":"https:\/\/www.hsu-hh.de\/ema\/wp-json\/wp\/v2\/tags?post=3500"}],"curies":[{"name":"wp","href":"https:\/\/api.w.org\/{rel}","templated":true}]}}