{"id":3241,"date":"2024-01-30T11:46:51","date_gmt":"2024-01-30T10:46:51","guid":{"rendered":"https:\/\/www.hsu-hh.de\/ema\/?page_id=3241"},"modified":"2024-11-11T14:48:33","modified_gmt":"2024-11-11T13:48:33","slug":"m-sc-domenik-haas","status":"publish","type":"page","link":"https:\/\/www.hsu-hh.de\/ema\/m-sc-domenik-haas","title":{"rendered":"Domenik Haas, M.Sc."},"content":{"rendered":"<script type=\"application\/ld+json\">[{\"@context\": \"https:\/\/www.schema.org\",\"@type\": \"Person\",\"name\": \"Domenik Haas\",\"worksFor\": [{\t\"@type\": \"Organization\",\t\"name\": \"Helmut-Schmidt-Universit\u00e4t\",\t\"url\": \"https:\/\/www.hsu-hh.de\"\t, \"department\": {\"@type\": \"Organization\",\t\t\t\t\t\"name\": \"Elektrische Maschinen und Antriebssysteme\",\t\t\t\t\t\"location\": {\t\t\t\t\t\t\"@type\": \"PostalAddress\",\t\t\t\t\t\t\"addressLocality\": \"\",        \t\t\t\t\"postalCode\": \"22043\",        \t\t\t\t\"streetAddress\": \"Holstenhofweg 85 , Geb\u00e4ude H1\"\t\t\t\t\t}},\t\"location\": {\t\t\"@type\": \"PostalAddress\",    \t\"addressLocality\": \"\",    \t\"postalCode\": \"22008\",    \t\"postOfficeBoxNumber\": \"700822\"\t}   }],\"image\": \"https:\/\/www.hsu-hh.de\/ema\/wp-content\/uploads\/sites\/588\/2024\/11\/Bild1-e1731331724947-150x150.jpg\",\"telephone\": \"+49 40 6541 - 2964\",\"faxNumber\": \"\",\"email\": \"haasd@hsu-hh.de\"}]<\/script><div class=\"clearfix\"><\/div><div class=\"ansprechparter-container \" style=\"margin-top:1em; \"><div class=\"row ansprechpartner-item ansprechparter-header\" ><div class=\"col-xs-8 col-lg-12\" style=\"margin-bottom: 30px;\"><h3 class=\"ansprechparter-headline\">Domenik Haas<\/h3><\/div><\/div><div class=\"col-md-4 col-lg-3 col-xs-4 ansprechpartner-item floatright img-circle center-block\" style=\"margin-bottom: 30px;\"><div class=\"img-responsive-wrapper\"><img decoding=\"async\" src=\"https:\/\/www.hsu-hh.de\/ema\/wp-content\/uploads\/sites\/588\/2024\/11\/Bild1-e1731331724947-150x150.jpg\" alt=\"\" class=\"img-circle img-responsive center-block\" \/><\/div><\/div><div class=\"col-md-12 col-lg-3 col-xs-12 ansprechpartner-item kontakt floatright\" style=\"margin-bottom: 30px; \"><div class=\"row\"><div class=\"col-xs-12 col-sm-6 col-lg-12\"><div class=\"row\"><div class=\"col-xs-4 col-lg-4 row-text bold\" >Raum:<\/div><div class=\" row-text\">1322<\/div><\/div><\/div><div class=\"col-xs-12 col-sm-6 col-lg-12\"><div class=\"row\"><div class=\"col-xs-4 col-lg-4 row-text bold\">Telefon:<\/div><div class=\" row-text\">+49 40 6541 &#8211; 2964<\/div><\/div><\/div><div class=\"col-xs-12 col-sm-6 col-lg-12\"><div class=\"row\"><div class=\"col-xs-4 col-lg-4 row-text bold\">E-Mail:<\/div><div class=\"row-text\" style=\"overflow:hidden; word-break: break-word\"><a href=\"mailto:haasd@hsu-hh.de\" rel=\"nofollow\">haasd@hsu-hh.de<\/a><\/div><\/div><\/div><\/div><\/div><div class=\"col-md-6 col-lg-3 col-xs-12 ansprechpartner-item anschrift floatright\" ><div class=\"row-headline\">Besucheranschrift<\/div><div class=\"dataBesucheranschrift\" style=\"\"><div class=\"row-text\">Helmut-Schmidt-Universit\u00e4t<\/div><div class=\"row-text\">Geb\u00e4ude H1<\/div><div class=\"row-text\">Holstenhofweg 85<\/div><div class=\"row-text\">22043 Hamburg<\/div><\/div><\/div><div class=\"col-md-6 col-lg-3 col-xs-12 ansprechpartner-item anschrift floatright\"><div class=\"row-headline\">Postanschrift<\/div><div class=\"dataPostanschrift\" style=\"\"><div class=\"row-text\">Helmut-Schmidt-Universit\u00e4t<\/div><div class=\"row-text\">Fakult\u00e4t f\u00fcr Elektrotechnik<\/div><div class=\"row-text\">Elektrische Maschinen und Antriebssysteme<\/div><div class=\"row-text\">Postfach 70 08 22<\/div><div class=\"row-text\">22008 Hamburg<\/div><\/div><\/div><\/div><div class=\"clearfix\"><\/div>\n\n\n<h2 class=\"wp-block-heading\">Lebenslauf<\/h2>\n\n\n\n<h3 class=\"wp-block-heading\">Berufserfahrung<\/h3>\n\n\n\n<ul class=\"wp-block-list\">\n<li>12\/2023 &#8211; Heute: Wissenschaftlicher Mitarbeiter, Professur f\u00fcr Elektrische Antriebsmaschinen und Antriebssysteme, Helmut-Schmidt-Universit\u00e4t \/ Universit\u00e4t der Bundeswehr Hamburg<\/li>\n\n\n\n<li>11\/2022 &#8211; 11\/2023: Wissenschaftlicher Mitarbeiter, Gruppe Machine Power Converter MPC, Deutsches Elektronen Synchrotron DESY<\/li>\n\n\n\n<li>03\/2019 &#8211; 09\/2022: Softwareentwickler, Silver Atena <abbr title=\"Gesellschaft mit beschr\u00e4nkter Haftung\">GmbH<\/abbr>, Hamburg<\/li>\n<\/ul>\n\n\n\n<h3 class=\"wp-block-heading\">Studium<\/h3>\n\n\n\n<ul class=\"wp-block-list\">\n<li>03\/2020 &#8211; 08\/2022: Master of Science &#8211; Automatisierung, Hochschule f\u00fcr Angewandte Wissenschaften Hamburg\n<ul class=\"wp-block-list\">\n<li>Masterthesis: Parametrische Systemidentifikation und adaptive Geschwindigkeits- und Positionsregelung eines Linearen Riemenantriebs f\u00fcr Fertigungsanwendungen<\/li>\n<\/ul>\n<\/li>\n\n\n\n<li>09\/2012 &#8211; 01\/2019: Bachelor of Science &#8211; Mechatronik, Hochschule f\u00fcr Angewandte Wissenschaften Hamburg\n<ul class=\"wp-block-list\">\n<li>Bachelorthesis: Automatische Klassifizierung von Messdaten einer neun-achsigen IMU, aus den allt\u00e4glichen Bewegungsabl\u00e4ufen eines Portemonnaies, mittels maschinellen Lernens<\/li>\n<\/ul>\n<\/li>\n<\/ul>\n\n\n\n<h3 class=\"wp-block-heading\">Sonstiges<\/h3>\n\n\n\n<ul class=\"wp-block-list\">\n<li>06\/2021 &#8211; 04\/2022: Masterand, TRINAMIC Motion Control, Hamburg<\/li>\n\n\n\n<li>03\/2020 &#8211; 09\/2020: Werkstudent, Silver Atena <abbr title=\"Gesellschaft mit beschr\u00e4nkter Haftung\">GmbH<\/abbr>, Hamburg<\/li>\n\n\n\n<li>10\/2018 &#8211; 02\/2019: Praktikant \/ Wissenschaftliche Hilfskraft, Fraunhofer Institut f\u00fcr Produktionstechnik und Automatisierung IPA, Stuttgart<\/li>\n\n\n\n<li>12\/2016 &#8211; 02\/2019: Studentische Hilfskraft, Sch\u00fctz+Licht Pr\u00fcftechnik <abbr title=\"Gesellschaft mit beschr\u00e4nkter Haftung\">GmbH<\/abbr>, Langenfeld in Kooperation mit dem Institut f\u00fcr Werkstoffkunde und Schwei\u00dftechnik der Hochschule f\u00fcr Angewandte Wissenschaften Hamburg<\/li>\n\n\n\n<li>08\/2013 &#8211; 06\/2015: Studentische Hilfskraft, Institut f\u00fcr Fahrzeugtechnik und Antriebssystemtechnik, Helmut-Schmidt-Universit\u00e4t \/ Universit\u00e4t der Bundeswehr Hamburg <\/li>\n<\/ul>\n\n\n\n<h2 class=\"wp-block-heading\">Publikationen<\/h2>\n\n\n\n<h2 class=\"wp-block-heading\">Offene Seminararbeiten \/ Abschlussarbeiten<\/h2>\n\n\n\n<p>Aktuell keine offenen Abschlussarbeiten.<\/p>\n\n\n\n<h2 class=\"wp-block-heading\">Lehrveranstaltungen<\/h2>\n","protected":false},"excerpt":{"rendered":"<p>Lebenslauf Berufserfahrung Studium Sonstiges Publikationen Offene Seminararbeiten \/ Abschlussarbeiten Aktuell keine offenen Abschlussarbeiten. Lehrveranstaltungen<\/p>\n","protected":false},"author":53,"featured_media":0,"parent":0,"menu_order":0,"comment_status":"closed","ping_status":"closed","template":"","meta":{"footnotes":""},"categories":[4],"tags":[],"class_list":["post-3241","page","type-page","status-publish","hentry","category-forschung"],"_links":{"self":[{"href":"https:\/\/www.hsu-hh.de\/ema\/wp-json\/wp\/v2\/pages\/3241","targetHints":{"allow":["GET"]}}],"collection":[{"href":"https:\/\/www.hsu-hh.de\/ema\/wp-json\/wp\/v2\/pages"}],"about":[{"href":"https:\/\/www.hsu-hh.de\/ema\/wp-json\/wp\/v2\/types\/page"}],"author":[{"embeddable":true,"href":"https:\/\/www.hsu-hh.de\/ema\/wp-json\/wp\/v2\/users\/53"}],"replies":[{"embeddable":true,"href":"https:\/\/www.hsu-hh.de\/ema\/wp-json\/wp\/v2\/comments?post=3241"}],"version-history":[{"count":6,"href":"https:\/\/www.hsu-hh.de\/ema\/wp-json\/wp\/v2\/pages\/3241\/revisions"}],"predecessor-version":[{"id":3525,"href":"https:\/\/www.hsu-hh.de\/ema\/wp-json\/wp\/v2\/pages\/3241\/revisions\/3525"}],"wp:attachment":[{"href":"https:\/\/www.hsu-hh.de\/ema\/wp-json\/wp\/v2\/media?parent=3241"}],"wp:term":[{"taxonomy":"category","embeddable":true,"href":"https:\/\/www.hsu-hh.de\/ema\/wp-json\/wp\/v2\/categories?post=3241"},{"taxonomy":"post_tag","embeddable":true,"href":"https:\/\/www.hsu-hh.de\/ema\/wp-json\/wp\/v2\/tags?post=3241"}],"curies":[{"name":"wp","href":"https:\/\/api.w.org\/{rel}","templated":true}]}}