{"id":3087,"date":"2023-06-29T13:03:37","date_gmt":"2023-06-29T11:03:37","guid":{"rendered":"https:\/\/www.hsu-hh.de\/ema\/?page_id=3087"},"modified":"2023-06-29T13:05:35","modified_gmt":"2023-06-29T11:05:35","slug":"research-projects-2","status":"publish","type":"page","link":"https:\/\/www.hsu-hh.de\/ema\/en\/research-projects-2","title":{"rendered":"Research projects"},"content":{"rendered":"\n<h1 class=\"wp-block-heading\"><\/h1>\n\n\n\n<p><a href=\"https:\/\/www.hsu-hh.de\/ema\/kiku-antriebssysteme-fuer-unterstuetzungssysteme\">KIKU: Antriebssysteme f\u00fcr Unterst\u00fctzungssysteme<\/a><\/p>\n\n\n\n<p><a href=\"https:\/\/www.hsu-hh.de\/ema\/reichweitenpraediktion-in-der-elektromobilitaet\">Reichweitenpr\u00e4diktion in der Elektromobilit\u00e4t<\/a><\/p>\n\n\n\n<p><a href=\"https:\/\/www.hsu-hh.de\/ema\/charakterisierung-von-hochtemperatur-supraleitern-mit-hilfe-eines-multiphysikalischen-pruefstandes\">Charakterisierung von Hochtemperatur-Supraleitern mit Hilfe eines multiphysikalischen Pr\u00fcfstandes<\/a><\/p>\n\n\n\n<p><a href=\"https:\/\/www.hsu-hh.de\/ema\/hochpolige-doppelt-gespeiste-asynchronmaschine-dgasm\">Hochpolige doppelt gespeiste Asynchronmaschine (DGASM)<\/a><\/p>\n\n\n\n<p><a href=\"https:\/\/www.hsu-hh.de\/ema\/kompakte-faserkeramik-basierte-roentgenroehre-fuer-mobile-computertomographen\">Kompakte Faserkeramik basierte R\u00f6ntgenr\u00f6hre f\u00fcr mobile Computertomographen<\/a><\/p>\n\n\n\n<p><a href=\"https:\/\/www.hsu-hh.de\/ema\/entwicklung-einer-mobilen-pruefeinrichtung\">Entwicklung einer mobilen Pr\u00fcfeinrichtung<\/a><\/p>\n\n\n\n<p><a href=\"https:\/\/www.hsu-hh.de\/ema\/biegeflexibler-linearaktuator-2\">Biegeflexibler Linearaktuator<\/a><\/p>\n\n\n\n<p><a href=\"https:\/\/www.hsu-hh.de\/ema\/wp-content\/uploads\/sites\/588\/2022\/01\/Homepage-Forschungsthema-1.pdf\">Mit mehrphasigem Wechselstrom angetriebene Schienenbeschleuniger<\/a><\/p>\n","protected":false},"excerpt":{"rendered":"<p>KIKU: Antriebssysteme f\u00fcr Unterst\u00fctzungssysteme Reichweitenpr\u00e4diktion in der Elektromobilit\u00e4t Charakterisierung von Hochtemperatur-Supraleitern mit Hilfe eines multiphysikalischen Pr\u00fcfstandes Hochpolige doppelt gespeiste Asynchronmaschine (DGASM) Kompakte Faserkeramik basierte R\u00f6ntgenr\u00f6hre f\u00fcr mobile Computertomographen Entwicklung einer [&hellip;]<\/p>\n","protected":false},"author":53,"featured_media":0,"parent":0,"menu_order":0,"comment_status":"closed","ping_status":"closed","template":"","meta":{"footnotes":""},"categories":[7],"tags":[],"class_list":["post-3087","page","type-page","status-publish","hentry","category-research"],"_links":{"self":[{"href":"https:\/\/www.hsu-hh.de\/ema\/wp-json\/wp\/v2\/pages\/3087","targetHints":{"allow":["GET"]}}],"collection":[{"href":"https:\/\/www.hsu-hh.de\/ema\/wp-json\/wp\/v2\/pages"}],"about":[{"href":"https:\/\/www.hsu-hh.de\/ema\/wp-json\/wp\/v2\/types\/page"}],"author":[{"embeddable":true,"href":"https:\/\/www.hsu-hh.de\/ema\/wp-json\/wp\/v2\/users\/53"}],"replies":[{"embeddable":true,"href":"https:\/\/www.hsu-hh.de\/ema\/wp-json\/wp\/v2\/comments?post=3087"}],"version-history":[{"count":2,"href":"https:\/\/www.hsu-hh.de\/ema\/wp-json\/wp\/v2\/pages\/3087\/revisions"}],"predecessor-version":[{"id":3089,"href":"https:\/\/www.hsu-hh.de\/ema\/wp-json\/wp\/v2\/pages\/3087\/revisions\/3089"}],"wp:attachment":[{"href":"https:\/\/www.hsu-hh.de\/ema\/wp-json\/wp\/v2\/media?parent=3087"}],"wp:term":[{"taxonomy":"category","embeddable":true,"href":"https:\/\/www.hsu-hh.de\/ema\/wp-json\/wp\/v2\/categories?post=3087"},{"taxonomy":"post_tag","embeddable":true,"href":"https:\/\/www.hsu-hh.de\/ema\/wp-json\/wp\/v2\/tags?post=3087"}],"curies":[{"name":"wp","href":"https:\/\/api.w.org\/{rel}","templated":true}]}}