{"id":2923,"date":"2023-06-01T07:00:11","date_gmt":"2023-06-01T05:00:11","guid":{"rendered":"https:\/\/www.hsu-hh.de\/ema\/?page_id=2923"},"modified":"2023-06-01T08:45:40","modified_gmt":"2023-06-01T06:45:40","slug":"join-us","status":"publish","type":"page","link":"https:\/\/www.hsu-hh.de\/ema\/join-us","title":{"rendered":"Join Us"},"content":{"rendered":"\n<p>Sind Sie begeistert von Elektrischen Maschinen und Antriebssysteme? M\u00f6chten Sie in einem dynamischen Umfeld arbeiten?<br>Wir sind immer auf der Suche nach motivierten Menschen. Kontaktieren Sie uns und besuchen Sie uns!<\/p>\n\n\n\n<h1 class=\"wp-block-heading\">So finden Sie uns<\/h1>\n\n\n\n<div class=\"wp-block-columns is-layout-flex wp-container-core-columns-is-layout-9d6595d7 wp-block-columns-is-layout-flex\">\n<div class=\"wp-block-column is-layout-flow wp-block-column-is-layout-flow\">\n<figure class=\"wp-block-image\"><a href=\"https:\/\/goo.gl\/maps\/nF5PDqtPqh7pqJzZ8\" target=\"_blank\" rel=\"noreferrer noopener\"><img decoding=\"async\" src=\"https:\/\/www.hsu-hh.de\/lts\/wp-content\/uploads\/sites\/814\/2023\/02\/image-1.png\" alt=\"\" class=\"wp-image-2319\" \/><\/a><\/figure>\n<\/div>\n\n\n\n<div class=\"wp-block-column is-layout-flow wp-block-column-is-layout-flow\">\n<figure class=\"wp-block-image is-resized\"><a href=\"https:\/\/maps.apple.com\/?address=Holstenhofweg%2085,%2022043%20Hamburg,%20Germany&amp;auid=2934426704767379113&amp;ll=53.569185,10.110323&amp;lsp=9902&amp;q=Helmut%20Schmidt%20University&amp;_ext=CisKBQgEEIEBCgQIBRADCgQIBhAZCgQIChABCgQIUhAHCgQIVRAMCgQIWRABEiQpzWyhdZ7ISkAxXATG+gY2JEA5ie\/ErBfJSkBB06V\/SSo7JEA%3D&amp;t=m\" target=\"_blank\" rel=\"noreferrer noopener\"><img loading=\"lazy\" decoding=\"async\" src=\"https:\/\/www.hsu-hh.de\/lts\/wp-content\/uploads\/sites\/814\/2023\/02\/image-2.png\" alt=\"\" class=\"wp-image-2320\" width=\"86\" height=\"86\" \/><\/a><\/figure>\n<\/div>\n\n\n\n<div class=\"wp-block-column is-layout-flow wp-block-column-is-layout-flow\">\n<figure class=\"wp-block-image is-resized\"><a href=\"https:\/\/www.hvv.de\/linking-service\/show\/75953b2120aa49c0b3e52e3e4750f55b\" target=\"_blank\" rel=\"noreferrer noopener\"><img loading=\"lazy\" decoding=\"async\" src=\"https:\/\/www.hsu-hh.de\/lts\/wp-content\/uploads\/sites\/814\/2023\/02\/image-3.png\" alt=\"\" class=\"wp-image-2321\" width=\"163\" height=\"85\" \/><\/a><\/figure>\n<\/div>\n<\/div>\n\n\n\n<p>Bitte parken Sie Ihr Auto au\u00dferhalb des Gel\u00e4ndes am Holstenhofweg. Das Parken auf dem Campus ist ebenfalls m\u00f6glich, allerdings etwas komplizierter. Sie m\u00fcssen die Sicherheitsleute am Haupttor um Erlaubnis bitten.<\/p>\n\n\n\n<p>Sobald Sie die Universit\u00e4t durch den Haupteingang betreten haben, sehen Sie das Hauptgeb\u00e4ude (H1). Dort finden Sie uns.<\/p>\n\n\n<div class=\"wp-block-image\">\n<figure class=\"aligncenter\"><img decoding=\"async\" src=\"https:\/\/www.hsu-hh.de\/lts\/wp-content\/uploads\/sites\/814\/2023\/02\/image.png\" alt=\"\" class=\"wp-image-2315\" \/><figcaption class=\"wp-element-caption\"><abbr title=\"Helmut Schmidt Universit\u00e4t\">HSU<\/abbr>&nbsp;Hauptgeb\u00e4ude<\/figcaption><\/figure>\n<\/div>\n\n\n<p><\/p>\n\n\n\n<p>Das B\u00fcro von Herrn\u00a0<abbr title=\"Professor\">Prof.<\/abbr>\u00a0Kreischer ist 1324. Die Telefonnummer ist +49 40 6541-2060.<\/p>\n\n\n\n<p>Wir w\u00fcnschen Ihnen eine gute Reise und bis bald an der Helmut-Schmidt-Universit\u00e4t!<\/p>\n","protected":false},"excerpt":{"rendered":"<p>Sind Sie begeistert von Elektrischen Maschinen und Antriebssysteme? M\u00f6chten Sie in einem dynamischen Umfeld arbeiten?Wir sind immer auf der Suche nach motivierten Menschen. Kontaktieren Sie uns und besuchen Sie uns! [&hellip;]<\/p>\n","protected":false},"author":53,"featured_media":0,"parent":0,"menu_order":0,"comment_status":"closed","ping_status":"closed","template":"","meta":{"footnotes":""},"categories":[4],"tags":[],"class_list":["post-2923","page","type-page","status-publish","hentry","category-forschung"],"_links":{"self":[{"href":"https:\/\/www.hsu-hh.de\/ema\/wp-json\/wp\/v2\/pages\/2923","targetHints":{"allow":["GET"]}}],"collection":[{"href":"https:\/\/www.hsu-hh.de\/ema\/wp-json\/wp\/v2\/pages"}],"about":[{"href":"https:\/\/www.hsu-hh.de\/ema\/wp-json\/wp\/v2\/types\/page"}],"author":[{"embeddable":true,"href":"https:\/\/www.hsu-hh.de\/ema\/wp-json\/wp\/v2\/users\/53"}],"replies":[{"embeddable":true,"href":"https:\/\/www.hsu-hh.de\/ema\/wp-json\/wp\/v2\/comments?post=2923"}],"version-history":[{"count":6,"href":"https:\/\/www.hsu-hh.de\/ema\/wp-json\/wp\/v2\/pages\/2923\/revisions"}],"predecessor-version":[{"id":2974,"href":"https:\/\/www.hsu-hh.de\/ema\/wp-json\/wp\/v2\/pages\/2923\/revisions\/2974"}],"wp:attachment":[{"href":"https:\/\/www.hsu-hh.de\/ema\/wp-json\/wp\/v2\/media?parent=2923"}],"wp:term":[{"taxonomy":"category","embeddable":true,"href":"https:\/\/www.hsu-hh.de\/ema\/wp-json\/wp\/v2\/categories?post=2923"},{"taxonomy":"post_tag","embeddable":true,"href":"https:\/\/www.hsu-hh.de\/ema\/wp-json\/wp\/v2\/tags?post=2923"}],"curies":[{"name":"wp","href":"https:\/\/api.w.org\/{rel}","templated":true}]}}