{"id":2732,"date":"2023-01-12T06:19:53","date_gmt":"2023-01-12T05:19:53","guid":{"rendered":"https:\/\/www.hsu-hh.de\/ema\/?page_id=2732"},"modified":"2023-01-12T06:19:53","modified_gmt":"2023-01-12T05:19:53","slug":"offene-seminararbeiten-abschlussarbeiten","status":"publish","type":"page","link":"https:\/\/www.hsu-hh.de\/ema\/offene-seminararbeiten-abschlussarbeiten","title":{"rendered":"<strong>Offene Seminararbeiten \/ Abschlussarbeiten<\/strong>"},"content":{"rendered":"\n<p>Themenvorschl\u00e4ge f\u00fcr Arbeiten im Rahmen der Forschung an elektrischen Antrieben f\u00fcr Exoskelette finden Sie hier.<\/p>\n","protected":false},"excerpt":{"rendered":"<p>Themenvorschl\u00e4ge f\u00fcr Arbeiten im Rahmen der Forschung an elektrischen Antrieben f\u00fcr Exoskelette finden Sie hier.<\/p>\n","protected":false},"author":53,"featured_media":0,"parent":0,"menu_order":0,"comment_status":"closed","ping_status":"closed","template":"","meta":{"footnotes":""},"categories":[4],"tags":[],"class_list":["post-2732","page","type-page","status-publish","hentry","category-forschung"],"_links":{"self":[{"href":"https:\/\/www.hsu-hh.de\/ema\/wp-json\/wp\/v2\/pages\/2732","targetHints":{"allow":["GET"]}}],"collection":[{"href":"https:\/\/www.hsu-hh.de\/ema\/wp-json\/wp\/v2\/pages"}],"about":[{"href":"https:\/\/www.hsu-hh.de\/ema\/wp-json\/wp\/v2\/types\/page"}],"author":[{"embeddable":true,"href":"https:\/\/www.hsu-hh.de\/ema\/wp-json\/wp\/v2\/users\/53"}],"replies":[{"embeddable":true,"href":"https:\/\/www.hsu-hh.de\/ema\/wp-json\/wp\/v2\/comments?post=2732"}],"version-history":[{"count":1,"href":"https:\/\/www.hsu-hh.de\/ema\/wp-json\/wp\/v2\/pages\/2732\/revisions"}],"predecessor-version":[{"id":2733,"href":"https:\/\/www.hsu-hh.de\/ema\/wp-json\/wp\/v2\/pages\/2732\/revisions\/2733"}],"wp:attachment":[{"href":"https:\/\/www.hsu-hh.de\/ema\/wp-json\/wp\/v2\/media?parent=2732"}],"wp:term":[{"taxonomy":"category","embeddable":true,"href":"https:\/\/www.hsu-hh.de\/ema\/wp-json\/wp\/v2\/categories?post=2732"},{"taxonomy":"post_tag","embeddable":true,"href":"https:\/\/www.hsu-hh.de\/ema\/wp-json\/wp\/v2\/tags?post=2732"}],"curies":[{"name":"wp","href":"https:\/\/api.w.org\/{rel}","templated":true}]}}