{"id":2591,"date":"2022-01-20T09:27:54","date_gmt":"2022-01-20T08:27:54","guid":{"rendered":"https:\/\/www.hsu-hh.de\/ema\/?page_id=2591"},"modified":"2022-01-20T09:29:05","modified_gmt":"2022-01-20T08:29:05","slug":"mit-mehrphasigem-wechselstrom-angetriebene-schienenbeschleuniger","status":"publish","type":"page","link":"https:\/\/www.hsu-hh.de\/ema\/mit-mehrphasigem-wechselstrom-angetriebene-schienenbeschleuniger","title":{"rendered":"Mit mehrphasigem Wechselstrom angetriebene Schienenbeschleuniger"},"content":{"rendered":"\n<p>Hochleistungsschienenbeschleuniger (wehrtechnisch Railguns) werden \u00fcblicherweise mit Gleichstrom bei hohen Leistungen betrieben (GWBereich). Dies erm\u00f6glicht eine Beschleunigung eines Geschosses auf kurzer Distanz f\u00fcr milit\u00e4rische Anwendungen.<br>Unser Ziel ist es diese Art der Beschleunigungstechnologie grundlegend ver\u00e4ndert als Linearmotor zu erforschen. Anstelle des Gleichstroms soll dazu Drehstrom eingesetzt werden, welcher beispielsweise aus einem kommerziellen Generator zur Verf\u00fcgung gestellt werden kann. Zentrale Aspekte sind hierbei insbesondere der Betrieb mit verh\u00e4ltnism\u00e4\u00dfig kleinen Einspeiseleistungen (bis MW- Bereich), sowie die Langlebigkeit der Schleifkontakte. Ebenso geht es darum, dass das Ger\u00e4t ohne externe Peripherieger\u00e4te betrieben werden kann. Auch die Modularit\u00e4t der Aufbauten spielt eine zentrale Rolle, um so flexibel Beschleuniger mit gr\u00f6\u00dferen L\u00e4ngen effizient aufbauen zu k\u00f6nnen.<\/p>\n\n\n\n<p><\/p>\n","protected":false},"excerpt":{"rendered":"<p>Hochleistungsschienenbeschleuniger (wehrtechnisch Railguns) werden \u00fcblicherweise mit Gleichstrom bei hohen Leistungen betrieben (GWBereich). Dies erm\u00f6glicht eine Beschleunigung eines Geschosses auf kurzer Distanz f\u00fcr milit\u00e4rische Anwendungen.Unser Ziel ist es diese Art der [&hellip;]<\/p>\n","protected":false},"author":53,"featured_media":0,"parent":0,"menu_order":0,"comment_status":"closed","ping_status":"closed","template":"","meta":{"footnotes":""},"categories":[4],"tags":[],"class_list":["post-2591","page","type-page","status-publish","hentry","category-forschung"],"_links":{"self":[{"href":"https:\/\/www.hsu-hh.de\/ema\/wp-json\/wp\/v2\/pages\/2591","targetHints":{"allow":["GET"]}}],"collection":[{"href":"https:\/\/www.hsu-hh.de\/ema\/wp-json\/wp\/v2\/pages"}],"about":[{"href":"https:\/\/www.hsu-hh.de\/ema\/wp-json\/wp\/v2\/types\/page"}],"author":[{"embeddable":true,"href":"https:\/\/www.hsu-hh.de\/ema\/wp-json\/wp\/v2\/users\/53"}],"replies":[{"embeddable":true,"href":"https:\/\/www.hsu-hh.de\/ema\/wp-json\/wp\/v2\/comments?post=2591"}],"version-history":[{"count":2,"href":"https:\/\/www.hsu-hh.de\/ema\/wp-json\/wp\/v2\/pages\/2591\/revisions"}],"predecessor-version":[{"id":2594,"href":"https:\/\/www.hsu-hh.de\/ema\/wp-json\/wp\/v2\/pages\/2591\/revisions\/2594"}],"wp:attachment":[{"href":"https:\/\/www.hsu-hh.de\/ema\/wp-json\/wp\/v2\/media?parent=2591"}],"wp:term":[{"taxonomy":"category","embeddable":true,"href":"https:\/\/www.hsu-hh.de\/ema\/wp-json\/wp\/v2\/categories?post=2591"},{"taxonomy":"post_tag","embeddable":true,"href":"https:\/\/www.hsu-hh.de\/ema\/wp-json\/wp\/v2\/tags?post=2591"}],"curies":[{"name":"wp","href":"https:\/\/api.w.org\/{rel}","templated":true}]}}