{"id":248,"date":"2017-10-24T09:55:22","date_gmt":"2017-10-24T07:55:22","guid":{"rendered":"https:\/\/www.hsu-hh.de\/ema\/?page_id=248"},"modified":"2020-11-26T06:27:44","modified_gmt":"2020-11-26T05:27:44","slug":"lehre","status":"publish","type":"page","link":"https:\/\/www.hsu-hh.de\/ema\/lehre","title":{"rendered":"Lehre"},"content":{"rendered":"\n<p>\u00dcbersicht offener Themen f\u00fcr eine Abschlussarbeit finden Sie <a href=\"https:\/\/www.hsu-hh.de\/ema\/offene-themen-der-abschlussarbeiten-an-der-ema-professur\" data-type=\"page\" data-id=\"1488\">hier<\/a>!<\/p>\n\n\n\n<h2 class=\"wp-block-heading\">Vorlesungs\u00fcbersicht:<\/h2>\n\n\n\n<h3 class=\"wp-block-heading\">Herbsttrimester<\/h3>\n\n\n\n<p><strong>Praktikum im Elektromaschinenlabor<\/strong> (EMA III)<br>4 TWS Labor\u00fcbung, 2 TWS Repetitorium; 5 LP<\/p>\n\n\n\n<p><strong>Aufbau, Funktionsweise und Betrieb von Windenergieanlagen<\/strong> (WEA)<br>2 TWS Vorlesung, 2 TWS \u00dcbung; 4 LP<\/p>\n\n\n\n<p><strong>Mathematics Preparationcours<\/strong> (Engineering Science)<\/p>\n\n\n\n<h3 class=\"wp-block-heading\">Wintertrimester<\/h3>\n\n\n\n<p><strong>Elektrische Maschinen und Antriebe I<\/strong> (EMA I)<br>4 TWS Vorlesung, 2 TWS \u00dcbung, 2 TWS Repetitorium; 7 LP<\/p>\n\n\n\n<p><strong>Elektromechanische Energiewandler<\/strong> (Wirtschaftsingenieurwesen)<br>2 TWS Vorlesung, 2 TWS \u00dcbung; 6 LP<\/p>\n\n\n\n<p><strong>Energietechnisches Projekt<\/strong> (ETP)<br>Dozenten: Prof. K. Hoffmann, Prof. D. Schulz, Prof. C. Kreischer<br>4 TWS; 4 LP<\/p>\n\n\n\n<p><strong>Protection Technologies I<\/strong> (Engineering Science)<br>Dozent: B. Fischer &#8211; 3 TWS Vorlesung\/\u00dcbung; 4 LP<\/p>\n\n\n\n<h3 class=\"wp-block-heading\">Fr\u00fchjahrstrimester<\/h3>\n\n\n\n<p><strong>Theorie und Auslegung elektrischer Maschinen<\/strong><br>4 TWS Vorlesung, 2 TWS \u00dcbung; 7 LP<\/p>\n\n\n\n<p><strong>Auslegung elektrischer Maschinen<\/strong> (EMA II)<br>Wahlpflichtfach, nach Vereinbarung; 3 LP<\/p>\n\n\n\n<p><strong>Elektrochemische Energiespeicher und Energiewandler<br><\/strong>Dozent: Prof. Dr.-Ing. K. Pinkwart<br>Wahlpflichtfach, 2 TWS, Blockveranstaltung; 2 LP<\/p>\n\n\n\n<p><strong>Elektrische Antriebe&nbsp;(Maschinenbau)<\/strong><br>2 TWS Vorlesung, 1 TWS \u00dcbung, Antriebslabor Elektrische Antriebe (3,5 LP)<\/p>\n\n\n\n<p><strong>Drives and Propulsion<\/strong> \u2013 Part 1: Electrical Drives (Engineering Science)<br>2 TWS Vorlesung, 1 TWS \u00dcbung, 2 TWS Repetitorium<\/p>\n\n\n\n<p><strong>Protection Technologies II<\/strong> (Engineering Science)<br>Dozent: B. Fischer &#8211; 3 TWS Vorlesung\/\u00dcbung; 4 LP<\/p>\n\n\n\n<p><strong>Electrochemical Power Sources for Mil. Appl.<\/strong> (Engineering Science)<br>Dozent: C. Cremers \u2013 3 TWS Vorlesung\/\u00dcbung; 4 LP<\/p>\n\n\n\n<p><strong>Elektrische Maschinen<\/strong> (ISA f\u00fcr das 3. Trimester Bachelor)<br>4 TWS Vorlesung\/\u00dcbung<\/p>\n\n\n<div><div>\n<div>\n<div>\n<div>\n<h3>Literatur zur Lehre<\/h3>\n<ul>\n<li><a href=\"https:\/\/www.google.com\/search?q=bolte+elektrische+maschinen\" rel='nofollow'>Bolte, E. &#8222;Elektrische Maschinen&#8220;<\/a><\/li>\n<li><a href=\"https:\/\/www.google.com\/search?q=ponick+elektrische+maschinen\" rel='nofollow'>M\u00fcller, G., Ponick, B. &#8222;Grundlagen elektrischer Maschinen&#8220;<\/a><\/li>\n<li>M\u00fcller, G., Ponick, B. &#8222;Berechnung elektrischer Maschinen&#8220;<\/li>\n<li>M\u00fcller, G., Ponick, B. &#8222;Theorie elektrischer Maschinen&#8220;<\/li>\n<li><a href=\"https:\/\/www.google.com\/search?q=binder+elektrische+maschinen\" rel='nofollow'>Binder, A. &#8222;Elektrische Maschinen und Antriebe&#8220;<\/a><\/li>\n<li><a href=\"https:\/\/www.google.com\/search?q=fischer+elektrische+maschinen\" rel='nofollow'>Fischer, R. &#8222;Elektrische Maschinen&#8220;<\/a><\/li>\n<li>N\u00fcrberg, W. &#8222;Die Asynchronmaschine&#8220;<\/li>\n<li>Seinsch, H.-O. &#8222;Grundlagen elektrischer Maschinen und Antriebe&#8220;<\/li>\n<\/ul>\n<\/div>\n<\/div>\n<\/div>\n<\/div><\/div>\n\n\n<p><\/p>\n","protected":false},"excerpt":{"rendered":"<p>\u00dcbersicht offener Themen f\u00fcr eine Abschlussarbeit finden Sie hier! Vorlesungs\u00fcbersicht: Herbsttrimester Praktikum im Elektromaschinenlabor (EMA III)4 TWS Labor\u00fcbung, 2 TWS Repetitorium; 5 LP Aufbau, Funktionsweise und Betrieb von Windenergieanlagen (WEA)2 [&hellip;]<\/p>\n","protected":false},"author":35,"featured_media":0,"parent":0,"menu_order":0,"comment_status":"closed","ping_status":"closed","template":"","meta":{"footnotes":""},"categories":[4,6],"tags":[],"class_list":["post-248","page","type-page","status-publish","hentry","category-forschung","category-lehre"],"_links":{"self":[{"href":"https:\/\/www.hsu-hh.de\/ema\/wp-json\/wp\/v2\/pages\/248","targetHints":{"allow":["GET"]}}],"collection":[{"href":"https:\/\/www.hsu-hh.de\/ema\/wp-json\/wp\/v2\/pages"}],"about":[{"href":"https:\/\/www.hsu-hh.de\/ema\/wp-json\/wp\/v2\/types\/page"}],"author":[{"embeddable":true,"href":"https:\/\/www.hsu-hh.de\/ema\/wp-json\/wp\/v2\/users\/35"}],"replies":[{"embeddable":true,"href":"https:\/\/www.hsu-hh.de\/ema\/wp-json\/wp\/v2\/comments?post=248"}],"version-history":[{"count":27,"href":"https:\/\/www.hsu-hh.de\/ema\/wp-json\/wp\/v2\/pages\/248\/revisions"}],"predecessor-version":[{"id":1554,"href":"https:\/\/www.hsu-hh.de\/ema\/wp-json\/wp\/v2\/pages\/248\/revisions\/1554"}],"wp:attachment":[{"href":"https:\/\/www.hsu-hh.de\/ema\/wp-json\/wp\/v2\/media?parent=248"}],"wp:term":[{"taxonomy":"category","embeddable":true,"href":"https:\/\/www.hsu-hh.de\/ema\/wp-json\/wp\/v2\/categories?post=248"},{"taxonomy":"post_tag","embeddable":true,"href":"https:\/\/www.hsu-hh.de\/ema\/wp-json\/wp\/v2\/tags?post=248"}],"curies":[{"name":"wp","href":"https:\/\/api.w.org\/{rel}","templated":true}]}}