{"id":2476,"date":"2021-11-18T06:36:38","date_gmt":"2021-11-18T05:36:38","guid":{"rendered":"https:\/\/www.hsu-hh.de\/ema\/?page_id=2476"},"modified":"2026-01-14T11:33:50","modified_gmt":"2026-01-14T10:33:50","slug":"m-sc-daniel-greve","status":"publish","type":"page","link":"https:\/\/www.hsu-hh.de\/ema\/m-sc-daniel-greve","title":{"rendered":"Daniel Greve, M.Sc."},"content":{"rendered":"<div class=\"clearfix\"><\/div>\n<div class=\"ansprechparter-container\">\n<div class=\"row ansprechpartner-item ansprechparter-header\">\n<div class=\"col-xs-8 col-lg-12\" style=\"margin-bottom: 30px\">\n<div class=\"mobile-small\"><\/div>\n<\/div>\n<div class=\"col-md-4 col-lg-3 col-xs-4 ansprechpartner-item floatright img-circle center-block\" style=\"margin-bottom: 30px\">\n<div class=\"img-responsive-wrapper\"><a href=\"https:\/\/www.hsu-hh.de\/ema\/m-sc-daniel-greve\/20190721_daniel_bewerbung-18\" rel=\"attachment wp-att-2541\"><img loading=\"lazy\" decoding=\"async\" class=\"alignnone  wp-image-2541\" src=\"https:\/\/www.hsu-hh.de\/ema\/wp-content\/uploads\/sites\/588\/2021\/11\/20190721_Daniel_Bewerbung-18-240x300.jpg\" alt=\"xxx\" width=\"176\" height=\"220\" data-credit=\"Daniel Greve\" srcset=\"https:\/\/www.hsu-hh.de\/ema\/wp-content\/uploads\/sites\/588\/2021\/11\/20190721_Daniel_Bewerbung-18-240x300.jpg 240w, https:\/\/www.hsu-hh.de\/ema\/wp-content\/uploads\/sites\/588\/2021\/11\/20190721_Daniel_Bewerbung-18-818x1024.jpg 818w, https:\/\/www.hsu-hh.de\/ema\/wp-content\/uploads\/sites\/588\/2021\/11\/20190721_Daniel_Bewerbung-18-768x961.jpg 768w, https:\/\/www.hsu-hh.de\/ema\/wp-content\/uploads\/sites\/588\/2021\/11\/20190721_Daniel_Bewerbung-18-1228x1536.jpg 1228w, https:\/\/www.hsu-hh.de\/ema\/wp-content\/uploads\/sites\/588\/2021\/11\/20190721_Daniel_Bewerbung-18-1637x2048.jpg 1637w, https:\/\/www.hsu-hh.de\/ema\/wp-content\/uploads\/sites\/588\/2021\/11\/20190721_Daniel_Bewerbung-18-1100x1376.jpg 1100w, https:\/\/www.hsu-hh.de\/ema\/wp-content\/uploads\/sites\/588\/2021\/11\/20190721_Daniel_Bewerbung-18.jpg 1852w\" sizes=\"auto, (max-width: 176px) 100vw, 176px\" \/><\/a><\/div>\n<\/div>\n<div class=\"col-md-12 col-lg-3 col-xs-12 ansprechpartner-item kontakt floatright\" style=\"margin-bottom: 30px\">\n<div class=\"row\">\n<div class=\"col-xs-12 col-sm-6 col-lg-12\">\n<div class=\"row\">\n<div class=\"col-xs-12 col-lg-4 row-text bold\">Raum:<\/div>\n<div class=\"col-xs-12 col-lg-8 row-text\">1326<\/div>\n<\/div>\n<\/div>\n<div class=\"col-xs-12 col-sm-6 col-lg-12\">\n<div class=\"row\">\n<div class=\"col-xs-12 col-lg-4 row-text bold\">Telefon:<\/div>\n<div class=\"col-xs-12 col-lg-8 row-text\">(040) 6541-2119<\/div>\n<\/div>\n<\/div>\n<div class=\"col-xs-12 col-sm-6 col-lg-12\">\n<div class=\"row\">\n<div class=\"col-xs-12 col-md-12 row-text bold\">E-Mail:<\/div>\n<div class=\"col-xs-12 col-md-12 row-text\"><a href=\"mailto:muster@hsu-hh.de\" rel='nofollow'>greved@hsu-hh.de<\/a><\/div>\n<\/div>\n<\/div>\n<\/div>\n<\/div>\n<div class=\"col-md-6 col-lg-3 col-xs-12 ansprechpartner-item anschrift floatright\">\n<div class=\"row-headline\">Besucheranschrift<\/div>\n<div class=\"row-text\">Helmut-Schmidt-Universit\u00e4t<\/div>\n<div class=\"row-text\">Geb\u00e4ude H1<\/div>\n<div class=\"row-text\">Holstenhofweg 85<\/div>\n<div class=\"row-text\">22043 Hamburg<\/div>\n<\/div>\n<div class=\"col-md-6 col-lg-3 col-xs-12 ansprechpartner-item anschrift floatright\">\n<div class=\"row-headline\">Postanschrift<\/div>\n<div class=\"row-text\">Helmut-Schmidt-Universit\u00e4t<\/div>\n<div class=\"row-text\">Fakult\u00e4t f\u00fcr Elektrotechnik<\/div>\n<div class=\"row-text\">Elektrische Maschinen und<br \/>\nAntriebssysteme<\/div>\n<div class=\"row-text\">Postfach 70 08 22<\/div>\n<div class=\"row-text\">22008 Hamburg<\/div>\n<\/div>\n<\/div>\n<\/div>\n<h2>Offene Seminararbeiten \/ Abschlussarbeiten<\/h2>\n<p>Themenvorschl\u00e4ge f\u00fcr Arbeiten im Rahmen der Forschung an elektrischen Antrieben f\u00fcr Exoskelette finden Sie <a href=\"https:\/\/www.hsu-hh.de\/ema\/wp-content\/uploads\/sites\/588\/2023\/01\/StudArbeit2.pdf\">hier<\/a>.<\/p>\n<h2>Lebenslauf<\/h2>\n<h3>Berufserfahrung<\/h3>\n<table>\n<tbody>\n<tr>\n<td width=\"198\">07.2021 bis heute<\/td>\n<td width=\"406\">Wissenschaftlicher Mitarbeiter an der Professur f\u00fcr Elektrische Maschinen und Antriebssysteme<br \/>\n<strong>Themengebiet:<\/strong> Auslegung elektrischer Antriebe f\u00fcr Exoskelette<\/td>\n<\/tr>\n<tr>\n<td width=\"198\">11.2019 bis 06.2021<\/td>\n<td width=\"406\">Wissenschaftlicher Mitarbeiter am Fraunhofer IFAM<\/td>\n<\/tr>\n<\/tbody>\n<\/table>\n<h3>Studium<\/h3>\n<table>\n<tbody>\n<tr>\n<td width=\"198\">10.2016 bis 09.2019<\/td>\n<td width=\"406\">Theoretischer Maschinenbau (<abbr title=\"Master of Science\">M.Sc.<\/abbr>) an der <abbr title=\"Technische Universit\u00e4t\">TU<\/abbr> Hamburg<br \/>\n<strong>Thema der Abschlussarbeit:<\/strong> Regelung von Manipulatoren mit kinematischen Redundanzen zur Verbesserung von Genauigkeit und dynamischem Verhalten<\/td>\n<\/tr>\n<tr>\n<td width=\"198\">10.2012 bis 02.2017<\/td>\n<td width=\"406\">Allgemeine Ingenieurwissenschaften (B.Sc.) an der <abbr title=\"Technische Universit\u00e4t\">TU<\/abbr> Hamburg<br \/>\n<strong>Thema der Abschlussarbeit:<\/strong> Untersuchung der Laufbewegung eines zweibeinigen, parallelkinematischen Schreitroboters<\/td>\n<\/tr>\n<\/tbody>\n<\/table>\n<h3>Sonstiges<\/h3>\n<table>\n<tbody>\n<tr>\n<td width=\"198\">04.2018 bis 10.2019<\/td>\n<td width=\"406\">Studentische Hilfskraft am Fraunhofer IFAM<\/td>\n<\/tr>\n<tr>\n<td width=\"198\">2017 und 2018<\/td>\n<td width=\"406\">Tutor am Institut f\u00fcr Produktentwicklung und Konstruktionstechnik der <abbr title=\"Technische Universit\u00e4t\">TU<\/abbr> Hamburg<\/td>\n<\/tr>\n<tr>\n<td width=\"198\">03.2017 bis 08.2017<\/td>\n<td width=\"406\">Studentische Hilfskraft am Institut f\u00fcr Strukturdynamik der <abbr title=\"Technische Universit\u00e4t\">TU<\/abbr> Hamburg<\/td>\n<\/tr>\n<tr>\n<td width=\"198\">2014 und 2015<\/td>\n<td width=\"406\">Studentische Hilfskraft am Institut f\u00fcr Technische Thermodynamik der <abbr title=\"Technische Universit\u00e4t\">TU<\/abbr> Hamburg<\/td>\n<\/tr>\n<\/tbody>\n<\/table>\n<h3><\/h3>\n<h3>Publikationen<\/h3>\n<p>Greve, D.; Kreischer, C. Implementation and Evaluation of Inverse Dynamics Actuation Control with Respect to Human Coordinates for Exoskeletons. 2025 International Conference on Advanced Robotics and Mechatronics (ICARM), Portsmouth, 2025.<\/p>\n<p>Greve, D.; Kreischer, C. Methodology for Integrated Design Optimization of Actuation Systems for Exoskeletons. Robotics 2024, 13, 158. https:\/\/doi.org\/10.3390\/robotics13110158<\/p>\n<p>Greve, D., Dimensioning Method for Drive Systems with Linear Direct Actuators for Physical Support Systems. Sammelband zum Workshop: Entwicklungen und Forschungsergebnisse der Professur f\u00fcr Elektrische Maschinen und Antriebssysteme 2023, Hamburg, 2024.<\/p>\n<p>Greve, D.; Kreischer, C.; Schubert, T.; Weidner, R. Design Concept and Model-based Evaluation of an Exoskeleton for Low Back Support during Lifting Tasks. Dtec.Bw-Beitr\u00e4ge der Helmut-Schmidt-Univ. Bundeswehr 2022, 1, 216\u2013223.<\/p>\n<p>D. Greve, M. Tiator, C. Kreischer und C. Geiger. Personalized Motion Analysis with Consideration of Body Segment Shapes. Mensch und Computer 2022 (MuC \u201922), Darmstadt, 2022.<\/p>\n<h3><\/h3>\n<h3>Lehrveranstaltungen<\/h3>\n<p style=\"padding-left: 40px\">Energietechnisches Projekt<br \/>\nElektromechanische Energiewandler<br \/>\nPraktikum im Elektromaschinenlabor<\/p>\n","protected":false},"excerpt":{"rendered":"<p>Raum: 1326 Telefon: (040) 6541-2119 E-Mail: greved@hsu-hh.de Besucheranschrift Helmut-Schmidt-Universit\u00e4t Geb\u00e4ude H1 Holstenhofweg 85 22043 Hamburg Postanschrift Helmut-Schmidt-Universit\u00e4t Fakult\u00e4t f\u00fcr Elektrotechnik Elektrische Maschinen und Antriebssysteme Postfach 70 08 22 22008 Hamburg [&hellip;]<\/p>\n","protected":false},"author":53,"featured_media":0,"parent":0,"menu_order":0,"comment_status":"closed","ping_status":"closed","template":"","meta":{"footnotes":""},"categories":[4],"tags":[],"class_list":["post-2476","page","type-page","status-publish","hentry","category-forschung"],"_links":{"self":[{"href":"https:\/\/www.hsu-hh.de\/ema\/wp-json\/wp\/v2\/pages\/2476","targetHints":{"allow":["GET"]}}],"collection":[{"href":"https:\/\/www.hsu-hh.de\/ema\/wp-json\/wp\/v2\/pages"}],"about":[{"href":"https:\/\/www.hsu-hh.de\/ema\/wp-json\/wp\/v2\/types\/page"}],"author":[{"embeddable":true,"href":"https:\/\/www.hsu-hh.de\/ema\/wp-json\/wp\/v2\/users\/53"}],"replies":[{"embeddable":true,"href":"https:\/\/www.hsu-hh.de\/ema\/wp-json\/wp\/v2\/comments?post=2476"}],"version-history":[{"count":18,"href":"https:\/\/www.hsu-hh.de\/ema\/wp-json\/wp\/v2\/pages\/2476\/revisions"}],"predecessor-version":[{"id":3693,"href":"https:\/\/www.hsu-hh.de\/ema\/wp-json\/wp\/v2\/pages\/2476\/revisions\/3693"}],"wp:attachment":[{"href":"https:\/\/www.hsu-hh.de\/ema\/wp-json\/wp\/v2\/media?parent=2476"}],"wp:term":[{"taxonomy":"category","embeddable":true,"href":"https:\/\/www.hsu-hh.de\/ema\/wp-json\/wp\/v2\/categories?post=2476"},{"taxonomy":"post_tag","embeddable":true,"href":"https:\/\/www.hsu-hh.de\/ema\/wp-json\/wp\/v2\/tags?post=2476"}],"curies":[{"name":"wp","href":"https:\/\/api.w.org\/{rel}","templated":true}]}}