{"id":1700,"date":"2021-01-05T07:11:18","date_gmt":"2021-01-05T06:11:18","guid":{"rendered":"https:\/\/www.hsu-hh.de\/ema\/?page_id=1700"},"modified":"2021-01-06T06:22:59","modified_gmt":"2021-01-06T05:22:59","slug":"entwicklung-einer-mobilen-pruefeinrichtung","status":"publish","type":"page","link":"https:\/\/www.hsu-hh.de\/ema\/entwicklung-einer-mobilen-pruefeinrichtung","title":{"rendered":"Entwicklung einer mobilen Pr\u00fcfeinrichtung"},"content":{"rendered":"\n<p>Nach der Entmagnetisierung von Bauteilen ist der messtechnische Nachweis der verbleibenden Restmagnetisierung erforderlich. In diesem Projekt wird eine mobile Pr\u00fcfeinrichtung entwickelt, welche \u00e4u\u00dfere Einfl\u00fcsse sowohl abschirmt als auch aktiv kompensiert.<\/p>\n\n\n\n<p><\/p>\n\n\n<div><div>\n<div>\n<div>\n<div>\n<div>\n<div>\n<div><\/div>\n<\/div>\n<\/div>\n<\/div>\n<\/div>\n<\/div>\n<\/div><\/div>\n\n\n<div class=\"wp-block-image is-style-default\"><figure class=\"alignright size-large is-resized\"><img loading=\"lazy\" decoding=\"async\" src=\"https:\/\/www.hsu-hh.de\/ema\/wp-content\/uploads\/sites\/588\/2021\/01\/grafik-2.png\" data-credit=\"Abb.: Applikationsbeispiel (Quelle: Truck1.nl)\" alt=\"Abb.: Applikationsbeispiel (Quelle: Truck1.nl)\" class=\"wp-image-1706\" width=\"436\" height=\"326\" \/><figcaption>Abb.: Applikationsbeispiel <br>(Quelle: Truck1.nl)<br><br><br><br><br><br> <img decoding=\"async\" src=\"https:\/\/www.hsu-hh.de\/ema\/wp-content\/uploads\/sites\/588\/2021\/01\/grafik-4.png\" data-credit=\"Abb.: Applikationsbeispiel (Quelle: Truck1.nl)\" alt=\"Dieses Bild hat ein leeres Alt-Attribut. Der Dateiname ist grafik-4.png\"><\/figcaption><\/figure><\/div>\n\n\n\n<p><\/p>\n\n\n\n<p><strong>Zentrale Aspekte:<\/strong><\/p>\n\n\n\n<ul class=\"wp-block-list\"><li>Simulation elektromagnetischer St\u00f6rgr\u00f6\u00dfen <\/li><li>Analyse des Einflusses auf Entmagnetisierung und Messung <\/li><li>Entwicklung einer Dimensionierungsmethode f\u00fcr eine adaptive Abschirmung <\/li><li>Demonstration an einem Prototypen<\/li><\/ul>\n\n\n\n<p><\/p>\n","protected":false},"excerpt":{"rendered":"<p>Nach der Entmagnetisierung von Bauteilen ist der messtechnische Nachweis der verbleibenden Restmagnetisierung erforderlich. In diesem Projekt wird eine mobile Pr\u00fcfeinrichtung entwickelt, welche \u00e4u\u00dfere Einfl\u00fcsse sowohl abschirmt als auch aktiv kompensiert. [&hellip;]<\/p>\n","protected":false},"author":53,"featured_media":0,"parent":0,"menu_order":0,"comment_status":"closed","ping_status":"closed","template":"","meta":{"footnotes":""},"categories":[4],"tags":[],"class_list":["post-1700","page","type-page","status-publish","hentry","category-forschung"],"_links":{"self":[{"href":"https:\/\/www.hsu-hh.de\/ema\/wp-json\/wp\/v2\/pages\/1700","targetHints":{"allow":["GET"]}}],"collection":[{"href":"https:\/\/www.hsu-hh.de\/ema\/wp-json\/wp\/v2\/pages"}],"about":[{"href":"https:\/\/www.hsu-hh.de\/ema\/wp-json\/wp\/v2\/types\/page"}],"author":[{"embeddable":true,"href":"https:\/\/www.hsu-hh.de\/ema\/wp-json\/wp\/v2\/users\/53"}],"replies":[{"embeddable":true,"href":"https:\/\/www.hsu-hh.de\/ema\/wp-json\/wp\/v2\/comments?post=1700"}],"version-history":[{"count":15,"href":"https:\/\/www.hsu-hh.de\/ema\/wp-json\/wp\/v2\/pages\/1700\/revisions"}],"predecessor-version":[{"id":1789,"href":"https:\/\/www.hsu-hh.de\/ema\/wp-json\/wp\/v2\/pages\/1700\/revisions\/1789"}],"wp:attachment":[{"href":"https:\/\/www.hsu-hh.de\/ema\/wp-json\/wp\/v2\/media?parent=1700"}],"wp:term":[{"taxonomy":"category","embeddable":true,"href":"https:\/\/www.hsu-hh.de\/ema\/wp-json\/wp\/v2\/categories?post=1700"},{"taxonomy":"post_tag","embeddable":true,"href":"https:\/\/www.hsu-hh.de\/ema\/wp-json\/wp\/v2\/tags?post=1700"}],"curies":[{"name":"wp","href":"https:\/\/api.w.org\/{rel}","templated":true}]}}