{"id":1631,"date":"2020-12-08T09:50:13","date_gmt":"2020-12-08T08:50:13","guid":{"rendered":"https:\/\/www.hsu-hh.de\/ema\/?page_id=1631"},"modified":"2020-12-08T09:50:14","modified_gmt":"2020-12-08T08:50:14","slug":"kompakte-faserkeramik-basierte-roentgenroehre-fuer-mobile-computertomographen","status":"publish","type":"page","link":"https:\/\/www.hsu-hh.de\/ema\/kompakte-faserkeramik-basierte-roentgenroehre-fuer-mobile-computertomographen","title":{"rendered":"Kompakte Faserkeramik basierte R\u00f6ntgenr\u00f6hre f\u00fcr mobile Computertomographen"},"content":{"rendered":"\n<p>Im Rahmen des vom BMBF gef\u00f6rderten Fachprogramms Medizintechnik zum Thema \u201eImmer vor Ort \u2013 mobile medizintechnische L\u00f6sungen f\u00fcr eine patientenfreundliche Gesundheitsversorgung\u201c wird an der Professur f\u00fcr Elektrische Maschinen und Antriebssysteme ein Teil des Verbundprojekts \u201eKompakte Faserkeramik basierte R\u00f6ntgenr\u00f6hre f\u00fcr mobile Computertomographen\u201c bearbeitet.<br>Ziel ist es, die Gesundheitsversorgung durch mobile medizintechnische L\u00f6sungen st\u00e4rker am Patientennutzen zu orientieren, zu flexibilisieren und effizienter zu gestalten.<br>Eine Kernaufgabe dabei ist die Entwicklung innovativer Ans\u00e4tze, unter Einbezug von Hightech-Materialien, um bestehende Computertomographen derart zu miniaturisieren, dass ein mobiler Einsatz m\u00f6glich ist. Dadurch wird insbesondere die medizinische Erstversorgung bei Unf\u00e4llen und die medizinische Versorgung im l\u00e4ndlichen Raum gest\u00e4rkt.<br>Aufgabe der Professur ist es, ein neuartiges Antriebskonzept f\u00fcr Hochleistungs-Drehanodenr\u00f6hren zu entwickeln. Eine besondere Herausforderung stellt dabei der gro\u00dfe, f\u00fcr die Isolation ben\u00f6tigte, Luftspalt dar. Herk\u00f6mmliche analytische Berechnungsverfahren k\u00f6nnen unter diesen Bedingungen nicht mehr herangezogen werden, sodass ein g\u00e4nzlich neuer Ansatz f\u00fcr den Entwurf elektrischer Maschinen erarbeitet werden muss. Zus\u00e4tzlich wird die Entwicklung der Maschine durch die auftretenden Rotortemperaturen von bis zu 500\u00b0C erschwert, was den Einsatz neuester Hightech-Materialien sowie die Erweiterung moderner Auslegungsmethoden erforderlich macht.<\/p>\n\n\n\n<div class=\"wp-block-image\"><figure class=\"alignright size-large is-resized\"><img loading=\"lazy\" decoding=\"async\" src=\"https:\/\/www.hsu-hh.de\/ema\/wp-content\/uploads\/sites\/588\/2020\/12\/grafik.png\" data-credit=\"\" alt=\"\" class=\"wp-image-1632\" width=\"221\" height=\"157\" \/><\/figure><\/div>\n","protected":false},"excerpt":{"rendered":"<p>Im Rahmen des vom BMBF gef\u00f6rderten Fachprogramms Medizintechnik zum Thema \u201eImmer vor Ort \u2013 mobile medizintechnische L\u00f6sungen f\u00fcr eine patientenfreundliche Gesundheitsversorgung\u201c wird an der Professur f\u00fcr Elektrische Maschinen und Antriebssysteme [&hellip;]<\/p>\n","protected":false},"author":53,"featured_media":0,"parent":0,"menu_order":0,"comment_status":"closed","ping_status":"closed","template":"","meta":{"footnotes":""},"categories":[4],"tags":[],"class_list":["post-1631","page","type-page","status-publish","hentry","category-forschung"],"_links":{"self":[{"href":"https:\/\/www.hsu-hh.de\/ema\/wp-json\/wp\/v2\/pages\/1631","targetHints":{"allow":["GET"]}}],"collection":[{"href":"https:\/\/www.hsu-hh.de\/ema\/wp-json\/wp\/v2\/pages"}],"about":[{"href":"https:\/\/www.hsu-hh.de\/ema\/wp-json\/wp\/v2\/types\/page"}],"author":[{"embeddable":true,"href":"https:\/\/www.hsu-hh.de\/ema\/wp-json\/wp\/v2\/users\/53"}],"replies":[{"embeddable":true,"href":"https:\/\/www.hsu-hh.de\/ema\/wp-json\/wp\/v2\/comments?post=1631"}],"version-history":[{"count":2,"href":"https:\/\/www.hsu-hh.de\/ema\/wp-json\/wp\/v2\/pages\/1631\/revisions"}],"predecessor-version":[{"id":1658,"href":"https:\/\/www.hsu-hh.de\/ema\/wp-json\/wp\/v2\/pages\/1631\/revisions\/1658"}],"wp:attachment":[{"href":"https:\/\/www.hsu-hh.de\/ema\/wp-json\/wp\/v2\/media?parent=1631"}],"wp:term":[{"taxonomy":"category","embeddable":true,"href":"https:\/\/www.hsu-hh.de\/ema\/wp-json\/wp\/v2\/categories?post=1631"},{"taxonomy":"post_tag","embeddable":true,"href":"https:\/\/www.hsu-hh.de\/ema\/wp-json\/wp\/v2\/tags?post=1631"}],"curies":[{"name":"wp","href":"https:\/\/api.w.org\/{rel}","templated":true}]}}