{"id":1541,"date":"2020-11-25T06:48:50","date_gmt":"2020-11-25T05:48:50","guid":{"rendered":"https:\/\/www.hsu-hh.de\/ema\/?page_id=1541"},"modified":"2024-12-10T12:20:13","modified_gmt":"2024-12-10T11:20:13","slug":"abschlussarbeiten-2","status":"publish","type":"page","link":"https:\/\/www.hsu-hh.de\/ema\/en\/abschlussarbeiten-2","title":{"rendered":"Bachelor\/Master\u2019s Thesis and Project Works Topics"},"content":{"rendered":"\n<p><strong>2024<\/strong><\/p>\n\n\n\n<p>Untersuchung der elastischen Eigenschaften eines flexiblen Linearaktuators f\u00fcr Exoskelette<br><em>Projektarbeit<\/em><\/p>\n\n\n\n<p><strong>2022<\/strong><\/p>\n\n\n\n<p>A naval design study on a small, unmanned surface vessels<\/p>\n\n\n\n<p><strong>2021<\/strong><\/p>\n\n\n\n<p>Thermisch elektrische Analyse einer Stromzuf\u00fchrung<br><em>Seminararbeit<\/em><\/p>\n\n\n\n<p>Thermische Analyse und Ersatzmodellierung eines Supraleiters<br><em>Masterarbeit<\/em><\/p>\n\n\n\n<p><strong>2020<\/strong><\/p>\n\n\n\n<p>Konzeptionierung des elektrischen Gesamtsystems einer Rettungswinde f\u00fcr Helikopter mit 115 V AC Bordspannung sowie die Auslegung der Hauptkomponenten<br><em>Masterarbeit<\/em><\/p>\n\n\n\n<p>Analyse der Komponenten einer 28 V DC-Rettungswinde<br><em>Seminararbeit<\/em><\/p>\n\n\n\n<p><strong>&nbsp;2019<\/strong><\/p>\n\n\n\n<p>Entwicklung eines automatisierten Pr\u00fcfverfahrens zum Zwecke der Parameteridentifikation einer Asynchronmaschine mit K\u00e4figrotor<br><br>Entwurf und Implementierung einer feldorientierten Regelung f\u00fcr Hochdrehzahl-Synchronmaschinen in MATLAB\u00ae Simulink f\u00fcr ein dSpace\u00ae HIL-Testsystem<br><br><strong>2018<\/strong><\/p>\n\n\n\n<p>Konzeption eines Systempr\u00fcfstands zur Charakterisierung von Asynchronmaschinen in einer dSpace\u00ae-Umgebung<br>Bachelorarbeit<\/p>\n\n\n\n<p>Konzeption eines Pr\u00fcfstandes f\u00fcr Drehfeldmaschinen in einer dSpace\u00ae- HIL-Umgebung (2018)<\/p>\n\n\n\n<p>Modellierung eines elektrochemischen Energiespeichers zur Prognose der verf\u00fcgbaren Restenergie(09.2018)<\/p>\n\n\n\n<p>Auslegung und Analyse eines hochpoligen, doppelt-gespeisten Asynchrongenerators f\u00fcr eine Windenergie-Anlage (WEA) (06.2018)<\/p>\n\n\n\n<p>Grobauslegung eines doppelt gespeisten Asynchrongenerators (DGASG) als Benchmark f\u00fcr den m\u00f6glichen Einsatz eines DGASG in einer Windenergie-Anlage (WEA)<\/p>\n\n\n\n<p>Konzeption eines Systempr\u00fcfstands zur Charakterisierung von Asynchronmaschinen in einer dSpace\u00ae-Umgebung (10.2018)<\/p>\n\n\n\n<p><strong>2017<\/strong><\/p>\n\n\n\n<p>Basisauslegung und Analyse einer 10MW Windenergieanlage mit supraleitender Wicklung (10.2017)<\/p>\n\n\n\n<p><strong>2016<\/strong><\/p>\n\n\n\n<p>Einsatz und Modellierung von Reluktanzmaschinen in der Elektromobilit\u00e4t (10.2016)<\/p>\n\n\n\n<p><strong>2013<\/strong><\/p>\n\n\n\n<p>Diagnose von Industriegeneratoren anhand von Wicklungstemperaturen (12.2013)<\/p>\n\n\n\n<p>Auslegung eines mechatronischen Systems im Automobilbereich (09.2013)<\/p>\n\n\n\n<p>Entwicklung einer akustisch optimalen Geh\u00e4useanbindung elektrischer Fahrzeugantriebe (06.2013)<\/p>\n\n\n\n<p><strong>2012<\/strong><\/p>\n\n\n\n<p>Konstruktion eines station\u00e4ren, einphasigen Stromspeichersystems f\u00fcr den Einsatz im Senegal (06.2012)<\/p>\n\n\n\n<p><strong>2011<\/strong><\/p>\n\n\n\n<p>Ausarbeitung eines Praktikumsversuches f\u00fcr den Versuchsstand Windenergie (11.2011)<\/p>\n\n\n\n<p>Schwingungsdiagnose auf Basis selbstorganisierender neuronaler Netze (03.2011)<\/p>\n\n\n\n<p><strong>2008<\/strong><\/p>\n\n\n\n<p>Entwicklung eines Verfahrens zur automatisierten Positionsbestimmung von Hall-Sensoren im dreidimensionalen Raum (12.2008)<\/p>\n","protected":false},"excerpt":{"rendered":"<p>2024 Untersuchung der elastischen Eigenschaften eines flexiblen Linearaktuators f\u00fcr ExoskeletteProjektarbeit 2022 A naval design study on a small, unmanned surface vessels 2021 Thermisch elektrische Analyse einer Stromzuf\u00fchrungSeminararbeit Thermische Analyse und [&hellip;]<\/p>\n","protected":false},"author":53,"featured_media":0,"parent":0,"menu_order":0,"comment_status":"closed","ping_status":"closed","template":"","meta":{"footnotes":""},"categories":[7],"tags":[],"class_list":["post-1541","page","type-page","status-publish","hentry","category-research"],"_links":{"self":[{"href":"https:\/\/www.hsu-hh.de\/ema\/wp-json\/wp\/v2\/pages\/1541","targetHints":{"allow":["GET"]}}],"collection":[{"href":"https:\/\/www.hsu-hh.de\/ema\/wp-json\/wp\/v2\/pages"}],"about":[{"href":"https:\/\/www.hsu-hh.de\/ema\/wp-json\/wp\/v2\/types\/page"}],"author":[{"embeddable":true,"href":"https:\/\/www.hsu-hh.de\/ema\/wp-json\/wp\/v2\/users\/53"}],"replies":[{"embeddable":true,"href":"https:\/\/www.hsu-hh.de\/ema\/wp-json\/wp\/v2\/comments?post=1541"}],"version-history":[{"count":7,"href":"https:\/\/www.hsu-hh.de\/ema\/wp-json\/wp\/v2\/pages\/1541\/revisions"}],"predecessor-version":[{"id":3561,"href":"https:\/\/www.hsu-hh.de\/ema\/wp-json\/wp\/v2\/pages\/1541\/revisions\/3561"}],"wp:attachment":[{"href":"https:\/\/www.hsu-hh.de\/ema\/wp-json\/wp\/v2\/media?parent=1541"}],"wp:term":[{"taxonomy":"category","embeddable":true,"href":"https:\/\/www.hsu-hh.de\/ema\/wp-json\/wp\/v2\/categories?post=1541"},{"taxonomy":"post_tag","embeddable":true,"href":"https:\/\/www.hsu-hh.de\/ema\/wp-json\/wp\/v2\/tags?post=1541"}],"curies":[{"name":"wp","href":"https:\/\/api.w.org\/{rel}","templated":true}]}}