{"id":1488,"date":"2020-11-23T13:44:10","date_gmt":"2020-11-23T12:44:10","guid":{"rendered":"https:\/\/www.hsu-hh.de\/ema\/?page_id=1488"},"modified":"2024-12-11T19:34:12","modified_gmt":"2024-12-11T18:34:12","slug":"offene-themen-der-abschlussarbeiten-an-der-ema-professur","status":"publish","type":"page","link":"https:\/\/www.hsu-hh.de\/ema\/m-sc-daniel-greve\/offene-themen-der-abschlussarbeiten-an-der-ema-professur","title":{"rendered":"Offene Themen  der Abschlussarbeiten an der EMA-Professur"},"content":{"rendered":"\n<p>Sie k\u00f6nnen im Rahmen Ihres Ingenieur-Studiums an der <abbr title=\"Helmut Schmidt Universit\u00e4t\">HSU<\/abbr> an der Professur f\u00fcr Elektrische Maschinen und Antriebssysteme derzeit folgende Themen in Form einer Bachelor-, Studien- oder Masterarbeit bearbeiten:<\/p>\n\n\n\n<ul class=\"wp-block-list\">\n<li>Aktuelle Themen entnehmen Sie bitte dem Aushang im Geb\u00e4ude H1.<\/li>\n<\/ul>\n\n\n\n<p><\/p>\n\n\n\n<p>Sie haben ein Thema, das hier nicht aufgef\u00fchrt ist, aber Ihrer Meinung nach in das Lehr- und Forschungsgebiet der Professur passt? Sie m\u00f6chten im Bereich elektrischer Maschinen und\/oder Antriebssysteme eine Abschlussarbeit schreiben, haben aber kein Thema parat und keines der <abbr title=\"oben genannt\">o.g.<\/abbr> Themen weckt Ihr Interesse? Schreiben Sie <a href=\"https:\/\/www.hsu-hh.de\/ema\/mitarbeiter\" data-type=\"page\" data-id=\"1029\">uns<\/a> eine Mail oder rufen Sie uns an! <\/p>\n\n\n\n<p>Sie m\u00f6chten keine Abschlussarbeit schreiben und dennoch sich mit elektrischen Maschinen besch\u00e4ftigen? Wir haben Vakanzen f\u00fcr studentische und wissenschaftliche Hilfskr\u00e4fte sowie regelm\u00e4\u00dfig auch f\u00fcr wissenschafltiche Mitarbeiter*. Kontaktieren Sie hierzu <a href=\"https:\/\/www.hsu-hh.de\/ema\/curriculum-vitae\" data-type=\"page\" data-id=\"699\"><abbr title=\"Universit\u00e4tsprofessor\">Univ.-Prof.<\/abbr> <abbr title=\"Doktor\">Dr.<\/abbr>&#8211;<abbr title=\"Ingenieur\">Ing.<\/abbr> Christian Kreischer<\/a>.<\/p>\n\n\n\n<p>* geschlechtsneutral formuliert<\/p>\n\n\n\n<p><\/p>\n","protected":false},"excerpt":{"rendered":"<p>Sie k\u00f6nnen im Rahmen Ihres Ingenieur-Studiums an der HSU an der Professur f\u00fcr Elektrische Maschinen und Antriebssysteme derzeit folgende Themen in Form einer Bachelor-, Studien- oder Masterarbeit bearbeiten: Sie haben [&hellip;]<\/p>\n","protected":false},"author":1810,"featured_media":0,"parent":2476,"menu_order":0,"comment_status":"closed","ping_status":"closed","template":"","meta":{"footnotes":""},"categories":[4,6],"tags":[],"class_list":["post-1488","page","type-page","status-publish","hentry","category-forschung","category-lehre"],"_links":{"self":[{"href":"https:\/\/www.hsu-hh.de\/ema\/wp-json\/wp\/v2\/pages\/1488","targetHints":{"allow":["GET"]}}],"collection":[{"href":"https:\/\/www.hsu-hh.de\/ema\/wp-json\/wp\/v2\/pages"}],"about":[{"href":"https:\/\/www.hsu-hh.de\/ema\/wp-json\/wp\/v2\/types\/page"}],"author":[{"embeddable":true,"href":"https:\/\/www.hsu-hh.de\/ema\/wp-json\/wp\/v2\/users\/1810"}],"replies":[{"embeddable":true,"href":"https:\/\/www.hsu-hh.de\/ema\/wp-json\/wp\/v2\/comments?post=1488"}],"version-history":[{"count":17,"href":"https:\/\/www.hsu-hh.de\/ema\/wp-json\/wp\/v2\/pages\/1488\/revisions"}],"predecessor-version":[{"id":3569,"href":"https:\/\/www.hsu-hh.de\/ema\/wp-json\/wp\/v2\/pages\/1488\/revisions\/3569"}],"up":[{"embeddable":true,"href":"https:\/\/www.hsu-hh.de\/ema\/wp-json\/wp\/v2\/pages\/2476"}],"wp:attachment":[{"href":"https:\/\/www.hsu-hh.de\/ema\/wp-json\/wp\/v2\/media?parent=1488"}],"wp:term":[{"taxonomy":"category","embeddable":true,"href":"https:\/\/www.hsu-hh.de\/ema\/wp-json\/wp\/v2\/categories?post=1488"},{"taxonomy":"post_tag","embeddable":true,"href":"https:\/\/www.hsu-hh.de\/ema\/wp-json\/wp\/v2\/tags?post=1488"}],"curies":[{"name":"wp","href":"https:\/\/api.w.org\/{rel}","templated":true}]}}