{"id":1436,"date":"2020-10-15T06:23:20","date_gmt":"2020-10-15T04:23:20","guid":{"rendered":"https:\/\/www.hsu-hh.de\/ema\/?page_id=1436"},"modified":"2024-02-06T06:45:07","modified_gmt":"2024-02-06T05:45:07","slug":"m-sc-patrick-alexander-ralfs","status":"publish","type":"page","link":"https:\/\/www.hsu-hh.de\/ema\/m-sc-patrick-alexander-ralfs","title":{"rendered":"Patrick Alexander Ralf, M.Sc."},"content":{"rendered":"<div class=\"clearfix\">\u00a0<\/div>\n<div class=\"ansprechparter-container\">\n<div class=\"row ansprechpartner-item ansprechparter-header\">\n<div class=\"col-md-4 col-lg-3 col-xs-4 ansprechpartner-item floatright img-circle center-block\" style=\"margin-bottom: 30px\">\n<div class=\"img-responsive-wrapper\"><img decoding=\"async\" class=\"img-circle img-responsive center-block\" src=\"\/wp-content\/themes\/hsu\/img\/dummy\/dummy_ansprechpartner.png\" alt=\"\" \/><\/div>\n<\/div>\n<div class=\"col-md-12 col-lg-3 col-xs-12 ansprechpartner-item kontakt floatright\" style=\"margin-bottom: 30px\">\n<div class=\"row\">\n<div class=\"col-xs-12 col-sm-6 col-lg-12\">\n<div class=\"row\">\n<div class=\"col-xs-12 col-lg-4 row-text bold\">Raum:<\/div>\n<div class=\"col-xs-12 col-lg-8 row-text\">\u00a0<\/div>\n<\/div>\n<\/div>\n<div class=\"col-xs-12 col-sm-6 col-lg-12\">\n<div class=\"row\">\n<div class=\"col-xs-12 col-lg-4 row-text bold\">Telefon:<\/div>\n<div class=\"col-xs-12 col-lg-8 row-text\">(040) 6541-2303<\/div>\n<\/div>\n<\/div>\n<div class=\"col-xs-12 col-sm-6 col-lg-12\">\n<div class=\"row\">\n<div class=\"col-xs-12 col-lg-8 row-text\">\u00a0<\/div>\n<\/div>\n<\/div>\n<div class=\"col-xs-12 col-sm-6 col-lg-12\">\n<div class=\"row\">\n<div class=\"col-xs-12 col-md-12 row-text bold\">E-Mail:<\/div>\n<div class=\"col-xs-12 col-md-12 row-text\"><a href=\"mailto:ralfp@hsu-hh.de\" rel='nofollow'>ralfp@hsu-hh.de<\/a><\/div>\n<\/div>\n<\/div>\n<\/div>\n<\/div>\n<div class=\"col-md-6 col-lg-3 col-xs-12 ansprechpartner-item anschrift floatright\">\n<div class=\"row-headline\">Besucheranschrift<\/div>\n<div class=\"row-text\">Helmut-Schmidt-Universit\u00e4t<\/div>\n<div class=\"row-text\">Holstenhofweg 85<\/div>\n<div class=\"row-text\">22043 Hamburg<\/div>\n<\/div>\n<div class=\"col-md-6 col-lg-3 col-xs-12 ansprechpartner-item anschrift floatright\">\n<div class=\"row-headline\">Postanschrift<\/div>\n<div class=\"row-text\">Helmut-Schmidt-Universit\u00e4t<\/div>\n<div class=\"row-text\">Fakult\u00e4t f\u00fcr Elektrotechnik<\/div>\n<div class=\"row-text\">Elektrische Maschinen und Antriebssysteme<\/div>\n<div class=\"row-text\">Postfach 70 08 22<\/div>\n<div class=\"row-text\">22008 Hamburg<\/div>\n<\/div>\n<\/div>\n<\/div>\n<div class=\"clearfix\">\u00a0<\/div>\n\n\n<p><\/p>\n","protected":false},"excerpt":{"rendered":"<p>\u00a0 Raum: \u00a0 Telefon: (040) 6541-2303 \u00a0 E-Mail: ralfp@hsu-hh.de Besucheranschrift Helmut-Schmidt-Universit\u00e4t Holstenhofweg 85 22043 Hamburg Postanschrift Helmut-Schmidt-Universit\u00e4t Fakult\u00e4t f\u00fcr Elektrotechnik Elektrische Maschinen und Antriebssysteme Postfach 70 08 22 22008 Hamburg [&hellip;]<\/p>\n","protected":false},"author":53,"featured_media":0,"parent":0,"menu_order":0,"comment_status":"closed","ping_status":"closed","template":"","meta":{"footnotes":""},"categories":[4],"tags":[],"class_list":["post-1436","page","type-page","status-publish","hentry","category-forschung"],"_links":{"self":[{"href":"https:\/\/www.hsu-hh.de\/ema\/wp-json\/wp\/v2\/pages\/1436","targetHints":{"allow":["GET"]}}],"collection":[{"href":"https:\/\/www.hsu-hh.de\/ema\/wp-json\/wp\/v2\/pages"}],"about":[{"href":"https:\/\/www.hsu-hh.de\/ema\/wp-json\/wp\/v2\/types\/page"}],"author":[{"embeddable":true,"href":"https:\/\/www.hsu-hh.de\/ema\/wp-json\/wp\/v2\/users\/53"}],"replies":[{"embeddable":true,"href":"https:\/\/www.hsu-hh.de\/ema\/wp-json\/wp\/v2\/comments?post=1436"}],"version-history":[{"count":15,"href":"https:\/\/www.hsu-hh.de\/ema\/wp-json\/wp\/v2\/pages\/1436\/revisions"}],"predecessor-version":[{"id":3269,"href":"https:\/\/www.hsu-hh.de\/ema\/wp-json\/wp\/v2\/pages\/1436\/revisions\/3269"}],"wp:attachment":[{"href":"https:\/\/www.hsu-hh.de\/ema\/wp-json\/wp\/v2\/media?parent=1436"}],"wp:term":[{"taxonomy":"category","embeddable":true,"href":"https:\/\/www.hsu-hh.de\/ema\/wp-json\/wp\/v2\/categories?post=1436"},{"taxonomy":"post_tag","embeddable":true,"href":"https:\/\/www.hsu-hh.de\/ema\/wp-json\/wp\/v2\/tags?post=1436"}],"curies":[{"name":"wp","href":"https:\/\/api.w.org\/{rel}","templated":true}]}}