{"id":1347,"date":"2020-01-29T10:27:14","date_gmt":"2020-01-29T09:27:14","guid":{"rendered":"https:\/\/www.hsu-hh.de\/ema\/?page_id=1347"},"modified":"2020-01-29T12:14:29","modified_gmt":"2020-01-29T11:14:29","slug":"professur","status":"publish","type":"page","link":"https:\/\/www.hsu-hh.de\/ema\/professur","title":{"rendered":"Willkommen in der Professur f\u00fcr Elektrische Maschinen und Antriebssysteme"},"content":{"rendered":"<p>Lehr- und Forschungsgegenstand sind die Prinzipien zur elektrischen und elektromechanischen Energiewandlung und deren Nutzung in Ger\u00e4ten und Anlagen. Dabei werden die technischen und \u00f6konomischen Kenngr\u00f6\u00dfen aus den physikalischen Grundgesetzen entwickelt und schlie\u00dflich durch Experimente verifiziert.<\/p>\n<p>Elektrische Maschinen finden als Generatoren, Transformatoren, Motoren und Aktuatoren vielf\u00e4ltige Verwendungen in der elektrischen Energieversorgung, der industriellen Automatisierungtechnik, der Hausger\u00e4tetechnik, in Fahrzeugen, in der Mikrosystemtechnik und in Komponenten der Informationsverarbeitung. Das Innovationserfordernis erw\u00e4chst aus der Notwendigkeit zur sparsamen Verwendung der Prim\u00e4renergie, zur Minimierung und r\u00e4umlichen Beeinflussung der Umweltbelastung, zur Weiterentwicklung industrieller Produktionsprozesse, zur Ger\u00e4teminiaturisierung oder ganz allein zur Erhaltung und Steigerung der Wettbewerbsf\u00e4higkeit der einschl\u00e4gigen Industrie. Ein weitreichendes Innovationspotential erw\u00e4chst aus der zunehmend umfassenderen theoretischen Durchdringung der Prinzipien der Energiewandlung, der numerischen Analyse mittels leistungsf\u00e4higer Rechner, der Verf\u00fcgbarkeit verbesserter elektrischer und magnetischer Werkstoffe, der Verwendung leistungselektronischer Stellglieder und der Einf\u00fchrung mikroelektronischer Signalerfassung und Echtzeitverarbeitung. Dadurch gelingt es, nicht nur die Grundfunktion, n\u00e4mlich die station\u00e4re Energiewandlung, zu optimieren, sondern simultan das dynamische Verhalten, parasit\u00e4re mechanische Schwingungen, Ger\u00e4usche, die Erw\u00e4rmung und auch die Betriebs\u00fcberwachung in den Blick zu nehmen.<\/p>\n<p>Diesen vorstehend anwendungsorientiert beschriebenen Aufgaben stellt sich das EMA-Team. Mit individuellen Schwerpunkten in den Disziplinen Elektromechanische Energiewandlung, Elektrodynamik, Feldtheorie, Antriebstechnik, Numerik, Signalerfassung und -verarbeitung, (Fein)-Mechanik und technischer Dokumentation k\u00f6nnen effektiv Projektteams zu sich ver\u00e4ndernden Lehr- und Forschungsthemen gebildet werden. Die folgende Grafik zeigt ein Beispiel f\u00fcr die behandelten elektrodynamischen Systeme.<\/p>\n<p><a href=\"https:\/\/www.hsu-hh.de\/ema\/en\/startpage\/systembild_web\" rel=\"attachment wp-att-112\"><img loading=\"lazy\" decoding=\"async\" class=\"alignnone wp-image-112\" src=\"https:\/\/www.hsu-hh.de\/ema\/wp-content\/uploads\/sites\/588\/2017\/08\/Systembild_web-300x185.png\" alt=\"Sytem Bild Neue Motoren Dynamik f\u00fcr alle Anwendungen\" width=\"624\" height=\"385\" data-credit=\"EMA\" srcset=\"https:\/\/www.hsu-hh.de\/ema\/wp-content\/uploads\/sites\/588\/2017\/08\/Systembild_web-300x185.png 300w, https:\/\/www.hsu-hh.de\/ema\/wp-content\/uploads\/sites\/588\/2017\/08\/Systembild_web.png 640w\" sizes=\"auto, (max-width: 624px) 100vw, 624px\" \/><\/a><\/p>\n<p>Elektrische Maschinen und Antriebssynsteme<br \/>\nUniv.- Prof. <abbr title=\"Doktor der Ingenieurwissenschaften\">Dr.-Ing.<\/abbr>\u00a0 Christian Kreischer<\/p>\n<p>Helmut-Schmidt-Universit\u00e4t\/<br \/>\nUniversit\u00e4t der Bundeswehr Hamburg<br \/>\nHolstenhofweg 85, 22043 Hamburg<\/p>\n<p>Telefon\/Fax: +49.40. 6541-2060<br \/>\nchristian.kreischer@hsu-hh.de<\/p>\n","protected":false},"excerpt":{"rendered":"<p>Lehr- und Forschungsgegenstand sind die Prinzipien zur elektrischen und elektromechanischen Energiewandlung und deren Nutzung in Ger\u00e4ten und Anlagen. Dabei werden die technischen und \u00f6konomischen Kenngr\u00f6\u00dfen aus den physikalischen Grundgesetzen entwickelt [&hellip;]<\/p>\n","protected":false},"author":53,"featured_media":0,"parent":0,"menu_order":0,"comment_status":"closed","ping_status":"closed","template":"","meta":{"footnotes":""},"categories":[45],"tags":[],"class_list":["post-1347","page","type-page","status-publish","hentry","category-startseite"],"_links":{"self":[{"href":"https:\/\/www.hsu-hh.de\/ema\/wp-json\/wp\/v2\/pages\/1347","targetHints":{"allow":["GET"]}}],"collection":[{"href":"https:\/\/www.hsu-hh.de\/ema\/wp-json\/wp\/v2\/pages"}],"about":[{"href":"https:\/\/www.hsu-hh.de\/ema\/wp-json\/wp\/v2\/types\/page"}],"author":[{"embeddable":true,"href":"https:\/\/www.hsu-hh.de\/ema\/wp-json\/wp\/v2\/users\/53"}],"replies":[{"embeddable":true,"href":"https:\/\/www.hsu-hh.de\/ema\/wp-json\/wp\/v2\/comments?post=1347"}],"version-history":[{"count":4,"href":"https:\/\/www.hsu-hh.de\/ema\/wp-json\/wp\/v2\/pages\/1347\/revisions"}],"predecessor-version":[{"id":1353,"href":"https:\/\/www.hsu-hh.de\/ema\/wp-json\/wp\/v2\/pages\/1347\/revisions\/1353"}],"wp:attachment":[{"href":"https:\/\/www.hsu-hh.de\/ema\/wp-json\/wp\/v2\/media?parent=1347"}],"wp:term":[{"taxonomy":"category","embeddable":true,"href":"https:\/\/www.hsu-hh.de\/ema\/wp-json\/wp\/v2\/categories?post=1347"},{"taxonomy":"post_tag","embeddable":true,"href":"https:\/\/www.hsu-hh.de\/ema\/wp-json\/wp\/v2\/tags?post=1347"}],"curies":[{"name":"wp","href":"https:\/\/api.w.org\/{rel}","templated":true}]}}