{"id":1165,"date":"2019-11-18T13:07:04","date_gmt":"2019-11-18T12:07:04","guid":{"rendered":"https:\/\/www.hsu-hh.de\/ema\/?page_id=1165"},"modified":"2019-11-18T13:17:03","modified_gmt":"2019-11-18T12:17:03","slug":"alf-assenkamp","status":"publish","type":"page","link":"https:\/\/www.hsu-hh.de\/ema\/mitarbeiter\/alf-assenkamp","title":{"rendered":"Alf Assenkamp"},"content":{"rendered":"<p><img loading=\"lazy\" decoding=\"async\" class=\"size-medium wp-image-1166 alignright\" src=\"https:\/\/www.hsu-hh.de\/ema\/wp-content\/uploads\/sites\/588\/2019\/11\/Alf_Assenkamp_2017-200x300.jpg\" alt=\"Foto\" width=\"200\" height=\"300\" data-credit=\"Alf Assenkamp\" srcset=\"https:\/\/www.hsu-hh.de\/ema\/wp-content\/uploads\/sites\/588\/2019\/11\/Alf_Assenkamp_2017-200x300.jpg 200w, https:\/\/www.hsu-hh.de\/ema\/wp-content\/uploads\/sites\/588\/2019\/11\/Alf_Assenkamp_2017.jpg 390w\" sizes=\"auto, (max-width: 200px) 100vw, 200px\" \/><\/p>\n<p style=\"text-align: center\"><abbr title=\"Doktor der Ingenieurwissenschaften\">Dr.-Ing.<\/abbr> Alf Assenkamp hat an der Westf\u00e4lischen Wilhelms-Universit\u00e4t<br \/>\nin M\u00fcnster Physik studiert und im Jahr 2009 seinen Abschluss als<br \/>\nDiplom-Physiker erworben. Seine berufliche Laufbahn startete er bei der<br \/>\nRWE Power AG. Von dort wechselte er zur T\u00dcV Rheinland Industrie Service<br \/>\n<abbr title=\"Gesellschaft mit beschr\u00e4nkter Haftung\">GmbH<\/abbr>, bei der er gegenw\u00e4rtig als Teamleiter Power Grid Services t\u00e4tig<br \/>\nist. Seine Spezialgebiete sind die Analyse elektrischer Maschinen, sowie<br \/>\ndie Netzintegration von Energieerzeugungseinheiten und -anlagen. Den<br \/>\nakademischen Grad <abbr title=\"Doktor der Ingenieurwissenschaften\">Dr.-Ing.<\/abbr> erreichte er 2019 als externer Doktorand der<br \/>\nHelmut Schmidt Universit\u00e4t \/ Universit\u00e4t der Bundeswehr Hamburg am<br \/>\nLehrstuhl f\u00fcr Elektrische Maschinen und Antriebe mit der Arbeit<br \/>\n\u201eMethods to Assess the Rate of Change of Frequency Withstand<br \/>\nCapability of Large Power Plants&#8220;.<\/p>\n<p>&nbsp;<\/p>\n<p>&nbsp;<\/p>\n<p><a href=\"https:\/\/cuvillier.de\/de\/shop\/publications\/8109-methods-to-assess-the-rate-of-change-of-frequency-withstand-capability-of-large-power-plants\" rel='nofollow'>Link zur Dissertation<\/a><\/p>\n","protected":false},"excerpt":{"rendered":"<p>Dr.-Ing. Alf Assenkamp hat an der Westf\u00e4lischen Wilhelms-Universit\u00e4t in M\u00fcnster Physik studiert und im Jahr 2009 seinen Abschluss als Diplom-Physiker erworben. Seine berufliche Laufbahn startete er bei der RWE Power [&hellip;]<\/p>\n","protected":false},"author":1810,"featured_media":0,"parent":1029,"menu_order":0,"comment_status":"closed","ping_status":"closed","template":"","meta":{"footnotes":""},"categories":[],"tags":[],"class_list":["post-1165","page","type-page","status-publish","hentry"],"_links":{"self":[{"href":"https:\/\/www.hsu-hh.de\/ema\/wp-json\/wp\/v2\/pages\/1165","targetHints":{"allow":["GET"]}}],"collection":[{"href":"https:\/\/www.hsu-hh.de\/ema\/wp-json\/wp\/v2\/pages"}],"about":[{"href":"https:\/\/www.hsu-hh.de\/ema\/wp-json\/wp\/v2\/types\/page"}],"author":[{"embeddable":true,"href":"https:\/\/www.hsu-hh.de\/ema\/wp-json\/wp\/v2\/users\/1810"}],"replies":[{"embeddable":true,"href":"https:\/\/www.hsu-hh.de\/ema\/wp-json\/wp\/v2\/comments?post=1165"}],"version-history":[{"count":5,"href":"https:\/\/www.hsu-hh.de\/ema\/wp-json\/wp\/v2\/pages\/1165\/revisions"}],"predecessor-version":[{"id":1171,"href":"https:\/\/www.hsu-hh.de\/ema\/wp-json\/wp\/v2\/pages\/1165\/revisions\/1171"}],"up":[{"embeddable":true,"href":"https:\/\/www.hsu-hh.de\/ema\/wp-json\/wp\/v2\/pages\/1029"}],"wp:attachment":[{"href":"https:\/\/www.hsu-hh.de\/ema\/wp-json\/wp\/v2\/media?parent=1165"}],"wp:term":[{"taxonomy":"category","embeddable":true,"href":"https:\/\/www.hsu-hh.de\/ema\/wp-json\/wp\/v2\/categories?post=1165"},{"taxonomy":"post_tag","embeddable":true,"href":"https:\/\/www.hsu-hh.de\/ema\/wp-json\/wp\/v2\/tags?post=1165"}],"curies":[{"name":"wp","href":"https:\/\/api.w.org\/{rel}","templated":true}]}}