{"id":1060,"date":"2019-07-10T09:07:17","date_gmt":"2019-07-10T07:07:17","guid":{"rendered":"https:\/\/www.hsu-hh.de\/ema\/?page_id=1060"},"modified":"2025-05-14T12:48:42","modified_gmt":"2025-05-14T10:48:42","slug":"lucas-steinacker","status":"publish","type":"page","link":"https:\/\/www.hsu-hh.de\/ema\/mitarbeiter\/lucas-steinacker","title":{"rendered":"Lucas Steinacker, M.Sc."},"content":{"rendered":"<div class=\"ansprechparter-container\">\n<div class=\"row ansprechpartner-item ansprechparter-header\">\n<div class=\"col-md-4 col-lg-3 col-xs-4 ansprechpartner-item floatright img-circle center-block\" style=\"margin-bottom: 30px\">\n<div class=\"img-responsive-wrapper\"><img loading=\"lazy\" decoding=\"async\" class=\"alignnone  wp-image-2495\" src=\"https:\/\/www.hsu-hh.de\/ema\/wp-content\/uploads\/sites\/588\/2021\/11\/steinacker_lucas-225x300.jpg\" alt=\"Foto_Steinacker\" width=\"151\" height=\"201\" data-credit=\"Zajaczek\" srcset=\"https:\/\/www.hsu-hh.de\/ema\/wp-content\/uploads\/sites\/588\/2021\/11\/steinacker_lucas-225x300.jpg 225w, https:\/\/www.hsu-hh.de\/ema\/wp-content\/uploads\/sites\/588\/2021\/11\/steinacker_lucas-768x1024.jpg 768w, https:\/\/www.hsu-hh.de\/ema\/wp-content\/uploads\/sites\/588\/2021\/11\/steinacker_lucas.jpg 886w\" sizes=\"auto, (max-width: 151px) 100vw, 151px\" \/><\/div>\n<\/div>\n<div class=\"col-md-12 col-lg-3 col-xs-12 ansprechpartner-item kontakt floatright\" style=\"margin-bottom: 30px\">\n<div class=\"row\"><strong>Raum:<\/strong><br \/>\n1323<br \/>\n<strong>Telefon:<\/strong><br \/>\n+49 40 6541 3224<\/div>\n<div class=\"row\"><strong>E-Mail:<\/strong><\/div>\n<div class=\"row\"><a href=\"mailto:lucas.steinacker@hsu-hh.de\" rel='nofollow'>lucas.steinacker@hsu-hh.de<\/a><\/div>\n<\/div>\n<div class=\"col-md-6 col-lg-3 col-xs-12 ansprechpartner-item anschrift floatright\"><strong>Besucheranschrift<br \/>\n<\/strong>Helmut-Schmidt-Universit\u00e4t<br \/>\nGeb\u00e4ude H1<br \/>\nHolstenhofweg 85<br \/>\n22043 Hamburg<\/div>\n<div class=\"col-md-6 col-lg-3 col-xs-12 ansprechpartner-item anschrift floatright\"><strong>Postanschrift<\/strong><br \/>\nHelmut-Schmidt-Universit\u00e4t<br \/>\nFakult\u00e4t f\u00fcr Elektrotechnik<br \/>\nElektrische Maschinen und<br \/>\nAntriebssysteme<br \/>\nPostfach 70 08 22<br \/>\n22008 Hamburg<\/div>\n<\/div>\n<\/div>\n<h2>Curriculum Vitae<\/h2>\n<table style=\"font-weight: 400\" width=\"1110\">\n<tbody>\n<tr>\n<td colspan=\"2\" width=\"604\"><strong>Berufserfahrung<\/strong><\/td>\n<\/tr>\n<tr>\n<td width=\"141\"><strong>12.2023 bis heute<\/strong><\/td>\n<td width=\"463\"><strong>Wissenschaftlicher Laborleiter \/ Doktorand;<br \/>\n<\/strong><strong>Themengebiete:<br \/>\n<\/strong><strong>&#8211; Elektrische Traktionsantriebe mit hoher Leistungsdichte<br \/>\n<\/strong><strong>&#8211; Auslegung und Berechnung von flussschaltenden Maschinen mit Permanentmagneten im Stator<br \/>\n<\/strong><strong>&#8211; Windenergieanlagen mit supraleitender Erregerwicklung<br \/>\n<\/strong><strong>[Professur f\u00fcr Elektrische Maschinen und Antriebssysteme der Helmut-Schmidt-Universit\u00e4t, Hamburg]<\/strong><\/td>\n<\/tr>\n<tr>\n<td width=\"141\"><strong>07.2019 bis 11.2023<\/strong><\/td>\n<td width=\"463\"><strong>Wissenschaftlicher Mitarbeiter \/ Doktorand;<br \/>\nThemengebiete:<br \/>\n\u2013 Elektrische Kraftfahrzeugantriebe mit hoher Leistungsdichte<br \/>\n\u2013 Auslegung, Berechnung und Regelung von Hochdrehzahlantrieben<br \/>\n[Professur f\u00fcr Elektrische Maschinen und Antriebssysteme der Helmut-Schmidt-Universit\u00e4t, Hamburg]<\/strong><\/td>\n<\/tr>\n<tr>\n<td width=\"141\"><strong>01.2019 bis 06.2019<\/strong><\/td>\n<td width=\"463\"><strong>Studentischer Mitarbeiter<br \/>\n[Professur f\u00fcr Elektrische Maschinen und Antriebssysteme der Helmut-Schmidt-Universit\u00e4t, Hamburg]<\/strong><\/td>\n<\/tr>\n<tr>\n<td width=\"141\"><strong>02.2018 bis 12.2018<\/strong><\/td>\n<td width=\"463\"><strong>Studentischer Mitarbeiter<br \/>\n[Professur f\u00fcr Leistungselektronik der Helmut-Schmidt-Universit\u00e4t, Hamburg]<\/strong><\/td>\n<\/tr>\n<tr>\n<td width=\"141\"><strong>08.2013 bis 06.2017<\/strong><\/td>\n<td width=\"463\"><strong>Dualer Student<br \/>\nT\u00e4tigkeitsfelder: Mitarbeit in den Verbund-Forschungsprojekten EMiLE und netkoPs, Konzeption und Umsetzung von Kleinspannungselektronik und Stromrichtern kleiner Leistung, Hardwarenahe Elektronikentwicklung, Leiterplattenkonstruktion<br \/>\n[Innovation, Lenze SE, Aerzen]<\/strong><\/td>\n<\/tr>\n<tr>\n<td width=\"141\"><strong>08.2012 bis 07.2013<\/strong><\/td>\n<td width=\"463\"><strong>Dualer Student<br \/>\nGrundlagen der Elektrotechnik<br \/>\n[Education Center, Lenze Operations GmbH, Aerzen]<\/strong><\/td>\n<\/tr>\n<tr>\n<td colspan=\"2\" width=\"604\"><strong>Ausbildung<\/strong><\/td>\n<\/tr>\n<tr>\n<td width=\"141\"><strong>01.2018 bis 06.2019<\/strong><\/td>\n<td width=\"463\"><strong>Elektrische Energietechnik (<abbr title=\"Master of Science\">M.Sc.<\/abbr>) [Helmut-Schmidt-Universit\u00e4t]<br \/>\nThema der Abschlussarbeit:<br \/>\n<em>Entwurf und Implementierung einer feldorientierten Regelung\u00a0f\u00fcr Hochdrehzahl-Synchronmaschinen in MATLAB\u00ae Simulink\u00a0f\u00fcr ein dSpace\u00ae HIL-Testsystem<\/em><\/strong><\/td>\n<\/tr>\n<tr>\n<td width=\"141\"><strong>09.2013 bis 08.2017<\/strong><\/td>\n<td width=\"463\"><strong>Duales Studium der Elektrotechnik (B.Sc.) [Technische Hochschule Ostwestfalen-Lippe]<br \/>\nProfilbereich Antriebssysteme<br \/>\nThema der Abschlussarbeit:<br \/>\n<em>Entwicklung eines modularen Kleinspannungswechselrichters<\/em><\/strong><\/td>\n<\/tr>\n<tr>\n<td width=\"141\"><strong>08.2012 bis 01.2015<\/strong><\/td>\n<td width=\"463\"><strong>Berufsausbildung zum Elektroniker f\u00fcr Ger\u00e4te und Systeme [Lenze Operations GmbH, Aerzen]<\/strong><\/td>\n<\/tr>\n<tr>\n<td width=\"141\"><strong>08.2004 bis 07.2012<\/strong><\/td>\n<td width=\"463\"><strong>Allgemeine Hochschulreife (Abitur) [Gymnasium Sottrum]<\/strong><\/td>\n<\/tr>\n<\/tbody>\n<\/table>\n<h3>Lehrveranstaltungen:<\/h3>\n<table width=\"863\">\n<tbody>\n<tr>\n<td width=\"397\">Elektrische Maschinen und Antriebe I<\/td>\n<td width=\"460\"><strong>(EMA-1)<\/strong><\/td>\n<\/tr>\n<tr>\n<td width=\"397\">Theorie und Auslegung elektrischer Maschinen<\/td>\n<td width=\"460\"><strong>(EMA-2)<\/strong><\/td>\n<\/tr>\n<tr>\n<td width=\"397\">Praktikum im Elektromaschinenlabor<\/td>\n<td width=\"460\"><strong>(EMA-3)<\/strong><\/td>\n<\/tr>\n<tr>\n<td width=\"397\">Energietechnisches Projekt<\/td>\n<td width=\"460\"><strong>(ETP)<\/strong><\/td>\n<\/tr>\n<tr>\n<td width=\"397\">Elektrochemische Energiespeicher und -wandler<\/td>\n<td width=\"460\"><strong>(<abbr title=\"Elektrotechnik\">ET<\/abbr> EEE)<\/strong><\/td>\n<\/tr>\n<tr>\n<td width=\"397\">ISA Elektrische Maschinen<\/td>\n<td width=\"460\"><strong>(ISA EMA)<\/strong><\/td>\n<\/tr>\n<tr>\n<td width=\"397\">Practical Training (Engineering Science)<\/td>\n<td width=\"460\"><strong>(Eng. Sc. PT)<\/strong><\/td>\n<\/tr>\n<\/tbody>\n<\/table>\n<h3>Publikationen:<\/h3>\n<ul>\n<li>Steinacker L., Kreischer C., Woywode O.<br \/>\n<strong>Investigation of the Influence of the Gap Width on the Achievable Torque of Flux Switching Machines<br \/>\n<\/strong>EPNC 2022, 28. Juni &#8211; 1. Juli 2022<\/li>\n<li>Steinacker L., Kreischer C.<br \/>\n<strong>FEM Analysis of Demagnetization Risk of Flux-Switching Machine Under Short Circuit Condition Considering Machine Temperature<\/strong><br \/>\n2023 IEEE 14th International Symposium on Diagnostics for Electrical Machines, Power Electronics and Drives (SDEMPED)<br \/>\n28-31 August 2023<br \/>\nDOI: 10.1109\/SDEMPED54949.2023.10271500<br \/>\n<a href=\"https:\/\/ieeexplore.ieee.org\/document\/10271500\" rel='nofollow'>https:\/\/ieeexplore.ieee.org\/document\/10271500<\/a><\/li>\n<li>Steinacker, L.<br \/>\n<strong>Aktueller Stand zur Auslegung und Berechnung von Traktionsantrieben<\/strong><br \/>\nin Sammelband zum Workshop: Entwicklungen und Forschungsergebnisse der Professur f\u00fcr Elektrische Maschinen und Antriebssysteme 2023, Hamburg, 2024.<\/li>\n<li>Steinacker, L.<br \/>\n<strong>Vorteile f\u00fcnfphasiger flussschaltender Maschinen mit Permanentmagneten im Stator als Traktionsantrieb<\/strong><br \/>\nin Sammelband zum Workshop: Entwicklungen und Forschungsergebnisse der Professur f\u00fcr Elektrische Maschinen und Antriebssysteme 2024, Hamburg, 2025.<\/li>\n<\/ul>\n<h3>Patente:<\/h3>\n<ul>\n<li>Stromrichter und elektrisches Antriebssystem &#8211; DE102020200813A1 (2020)<\/li>\n<li>ROTARY ANODE X-RAY SOURCE &#8211; EP4243051A1 (2022)<\/li>\n<\/ul>\n<h3><\/h3>\n<h3>Betreute Abschlussarbeiten:<\/h3>\n<p>Bachelorarbeiten:<\/p>\n<ul>\n<li>Entwicklung eines Versuchsaufbaus f\u00fcr eine magnetische Lagerung (2019)<\/li>\n<li>Analytische und numerische Schwingungsanalyse von Hochdrehzahl Flux-Switching-Machines zur Pr\u00e4dikation von mechanischen Beanspruchungen (2020)<\/li>\n<li>Analytische und numerische Betrachtung des thermischen Verhaltens von fl\u00fcssigkeitsgek\u00fchlten Flux-Switching-Machines mit permanentmagnetischer Erregung (2020)<\/li>\n<\/ul>\n<hr \/>\n<p>Studienarbeiten:<\/p>\n<ul>\n<li>Identifikation des Potentials von fl\u00fcssigkeitsgek\u00fchlten Wicklungen in einer FSPM f\u00fcr Kraftfahrzeugantriebe (2022)<\/li>\n<li>Ableitung von Anforderungen an eine Flux-Switching-Machine anhand von Fahrzeugmodell und Fahrzyklen f\u00fcr den Ranger EV (2022)<\/li>\n<\/ul>\n<hr \/>\n<p>Masterarbeiten:<\/p>\n<ul>\n<li>Simulative und experimentelle Untersuchung von Hohlleiterwicklungen f\u00fcr Flux-Switching-Maschinen (2022)<\/li>\n<li>Entwurf und Simulation einer Flux-Switching-Maschine f\u00fcr einen Kraftfahrzeugantrieb (2022)<\/li>\n<\/ul>\n","protected":false},"excerpt":{"rendered":"<p>Raum: 1323 Telefon: +49 40 6541 3224 E-Mail: lucas.steinacker@hsu-hh.de Besucheranschrift Helmut-Schmidt-Universit\u00e4t Geb\u00e4ude H1 Holstenhofweg 85 22043 Hamburg Postanschrift Helmut-Schmidt-Universit\u00e4t Fakult\u00e4t f\u00fcr Elektrotechnik Elektrische Maschinen und Antriebssysteme Postfach 70 08 22 [&hellip;]<\/p>\n","protected":false},"author":2201,"featured_media":0,"parent":1029,"menu_order":0,"comment_status":"closed","ping_status":"closed","template":"","meta":{"footnotes":""},"categories":[8],"tags":[],"class_list":["post-1060","page","type-page","status-publish","hentry","category-team"],"_links":{"self":[{"href":"https:\/\/www.hsu-hh.de\/ema\/wp-json\/wp\/v2\/pages\/1060","targetHints":{"allow":["GET"]}}],"collection":[{"href":"https:\/\/www.hsu-hh.de\/ema\/wp-json\/wp\/v2\/pages"}],"about":[{"href":"https:\/\/www.hsu-hh.de\/ema\/wp-json\/wp\/v2\/types\/page"}],"author":[{"embeddable":true,"href":"https:\/\/www.hsu-hh.de\/ema\/wp-json\/wp\/v2\/users\/2201"}],"replies":[{"embeddable":true,"href":"https:\/\/www.hsu-hh.de\/ema\/wp-json\/wp\/v2\/comments?post=1060"}],"version-history":[{"count":42,"href":"https:\/\/www.hsu-hh.de\/ema\/wp-json\/wp\/v2\/pages\/1060\/revisions"}],"predecessor-version":[{"id":3646,"href":"https:\/\/www.hsu-hh.de\/ema\/wp-json\/wp\/v2\/pages\/1060\/revisions\/3646"}],"up":[{"embeddable":true,"href":"https:\/\/www.hsu-hh.de\/ema\/wp-json\/wp\/v2\/pages\/1029"}],"wp:attachment":[{"href":"https:\/\/www.hsu-hh.de\/ema\/wp-json\/wp\/v2\/media?parent=1060"}],"wp:term":[{"taxonomy":"category","embeddable":true,"href":"https:\/\/www.hsu-hh.de\/ema\/wp-json\/wp\/v2\/categories?post=1060"},{"taxonomy":"post_tag","embeddable":true,"href":"https:\/\/www.hsu-hh.de\/ema\/wp-json\/wp\/v2\/tags?post=1060"}],"curies":[{"name":"wp","href":"https:\/\/api.w.org\/{rel}","templated":true}]}}