{"id":1010,"date":"2018-11-02T08:59:15","date_gmt":"2018-11-02T07:59:15","guid":{"rendered":"https:\/\/www.hsu-hh.de\/ema\/?page_id=1010"},"modified":"2024-09-03T15:40:13","modified_gmt":"2024-09-03T13:40:13","slug":"m-sc-florian-dreishing","status":"publish","type":"page","link":"https:\/\/www.hsu-hh.de\/ema\/m-sc-florian-dreishing","title":{"rendered":"Florian Dreishing, M. Sc."},"content":{"rendered":"<div class=\"ansprechparter-container\">\n<div class=\"col-xs-8 col-lg-12\" style=\"margin-bottom: 30px\">\u00a0<\/div>\n<div class=\"row ansprechpartner-item ansprechparter-header\">\n<div class=\"col-md-4 col-lg-3 col-xs-4 ansprechpartner-item floatright img-circle center-block\" style=\"margin-bottom: 30px\">\n<div class=\"img-responsive-wrapper\"><img loading=\"lazy\" decoding=\"async\" class=\"img-circle img-responsive center-block aligncenter\" title=\"WMA Dreishing\" src=\"\/wp-content\/themes\/hsu\/img\/dummy\/dummy_ansprechpartner.png\" alt=\"\" width=\"161\" height=\"161\" \/><\/div>\n<\/div>\n<div class=\"col-md-12 col-lg-3 col-xs-12 ansprechpartner-item kontakt floatright\" style=\"margin-bottom: 30px\">\n<div class=\"row\">\n<div class=\"col-xs-12 col-sm-6 col-lg-12\">\n<div class=\"row\">\n<div class=\"col-xs-12 col-lg-4 row-text bold\">Raum:<\/div>\n<div class=\"col-xs-12 col-lg-8 row-text\">1326<\/div>\n<\/div>\n<\/div>\n<div class=\"col-xs-12 col-sm-6 col-lg-12\">\n<div class=\"row\">\n<div class=\"col-xs-12 col-lg-4 row-text bold\">Telefon:<\/div>\n<div class=\"col-xs-12 col-lg-8 row-text\">(040) 6541-2458<\/div>\n<\/div>\n<\/div>\n<div class=\"col-xs-12 col-sm-6 col-lg-12\">\n<div class=\"row\">\n<div class=\"col-xs-12 col-lg-8 row-text\"><span style=\"font-family: 'Meta Corr Offc W01 Bold', 'PT Sans', sans-serif;font-weight: bold\">E-Mail:<\/span><\/div>\n<\/div>\n<\/div>\n<div class=\"col-xs-12 col-sm-6 col-lg-12\">\n<div class=\"row\">\n<div class=\"col-xs-12 col-md-12 row-text\"><a href=\"mailto:forian.dreishing@hsu-hh.de\" rel='nofollow'>florian.dreishing@hsu-hh.de<\/a><\/div>\n<\/div>\n<\/div>\n<\/div>\n<\/div>\n<div class=\"col-md-6 col-lg-3 col-xs-12 ansprechpartner-item anschrift floatright\">\n<div class=\"row-headline\">Besucheranschrift<\/div>\n<div class=\"row-text\">Helmut-Schmidt-Universit\u00e4t<\/div>\n<div class=\"row-text\">Geb\u00e4ude H1<\/div>\n<div class=\"row-text\">Holstenhofweg 85<\/div>\n<div class=\"row-text\">22043 Hamburg<\/div>\n<\/div>\n<div class=\"col-md-6 col-lg-3 col-xs-12 ansprechpartner-item anschrift floatright\">\n<div class=\"row-headline\">Postanschrift<\/div>\n<div class=\"row-text\">Helmut-Schmidt-Universit\u00e4t<\/div>\n<div class=\"row-text\">Fakult\u00e4t f\u00fcr Elektrotechnik<\/div>\n<div class=\"row-text\">Elektrische Maschinen und Antriebssysteme<\/div>\n<div class=\"row-text\">Postfach 70 08 22<\/div>\n<div class=\"row-text\">22008 Hamburg<\/div>\n<\/div>\n<\/div>\n<\/div>\n<h2>Lebenslauf<\/h2>\n<table width=\"100%\">\n<tbody>\n<tr>\n<td colspan=\"2\" width=\"99%\"><strong>Berufserfahrung<\/strong><\/td>\n<\/tr>\n<tr>\n<td width=\"15%\">11.2018 bis heute<\/td>\n<td width=\"83%\">Wissenschaftlicher Mitarbeiter \/ Doktorand; Themengebiet <em>\u201eBerechnung und Auslegung von Linearmotoren\u201c <\/em>[Professur f\u00fcr Elektrische Maschinen und Antriebssysteme der Helmut-Schmidt-Universit\u00e4t, Hamburg]<\/td>\n<\/tr>\n<tr>\n<td width=\"15%\">10.2016 bis 06.2018<\/td>\n<td width=\"83%\">Studentische \/ Wissenschaftliche Hilfskraft [Lehrstuhl f\u00fcr Energiewandlung, Technische Universit\u00e4t Dortmund]<\/td>\n<\/tr>\n<tr>\n<td colspan=\"2\" width=\"99%\"><strong>Ausbildung<\/strong><\/td>\n<\/tr>\n<tr>\n<td width=\"15%\">04.2018 bis 09.2018<\/td>\n<td width=\"83%\">Masterarbeit <em>\u201eModellierung eines Siliziumkarbid Halbbr\u00fcckenmoduls mit parallelgeschalteten Transistoren\u201c <\/em>[Technische Universit\u00e4t Dortmund]<\/td>\n<\/tr>\n<tr>\n<td width=\"15%\">05.2016 bis 09.2018<\/td>\n<td width=\"83%\">Elektrotechnik- und Informationstechnik (<abbr title=\"Master of Science\">M.Sc.<\/abbr>) [Technische Universit\u00e4t Dortmund]<\/td>\n<\/tr>\n<tr>\n<td width=\"15%\">09.2017 bis 02.2018<\/td>\n<td width=\"83%\">Electrical and Computer Engineering (Auslandssemester) [Instituto Superior T\u00e9cnico Lisboa, Portugal]<\/td>\n<\/tr>\n<tr>\n<td width=\"15%\">10.2008 bis 09.2011<\/td>\n<td width=\"83%\">Bachelorarbeit <em>\u201eAnalyse von Schirmungskonzepten im Niederfrequenzbereich f\u00fcr HV-Leitungen im Elektrofahrzeug\u201c <\/em>[Technische Universit\u00e4t Dortmund]<\/td>\n<\/tr>\n<tr>\n<td width=\"15%\">10.2012 bis 05.2016<\/td>\n<td width=\"83%\">Elektrotechnik- und Informationstechnik (B.Sc.) [Technische Universit\u00e4t Dortmund]<\/td>\n<\/tr>\n<tr>\n<td width=\"15%\">07.2012<\/td>\n<td width=\"83%\">Allgemeine Hochschulreife (Abitur) [Gymnasium Georgianum Lingen]<\/td>\n<\/tr>\n<\/tbody>\n<\/table>\n\n\n<h2 class=\"wp-block-heading\">Publikationen<\/h2>\n\n\n\n<ul class=\"wp-block-list\">\n<li><em>Dreishing, F., Kreischer, C.:<\/em><br><strong>Saturation Model for Plastic-Iron Composites with Low Iron Concentration<\/strong><br>EPNC 2024, 18. &#8211; 21. Juni 2024, <br>18th Conference on Electromagnetic Phenomena in Nonlinear Circuits (EPNC)<\/li>\n\n\n\n<li><em>Dreishing, F.: <\/em><br><strong>Aufbau eines Pr\u00fcfstands zur experimentellen Analyse biegeflexibler Linearmotoren<\/strong> <br>in <em>Sammelband zum Workshop Entwicklungen und Forschungsergebnisse der Professur f\u00fcr Elektrische Maschinen und Antriebssysteme 2023<\/em>, <br>DOI: 10.24405\/15319, <br><a href=\"https:\/\/openhsu.ub.hsu-hh.de\/entities\/publication\/15319\" rel='nofollow'>https:\/\/openhsu.ub.hsu-hh.de\/entities\/publication\/15319<\/a><\/li>\n\n\n\n<li><em>Dreishing, F., Kreischer, C.:<\/em><br><strong>Hall-Effect Sensor Based Position Sensor for Force Control of a Bendable Tubular Linear Motor<\/strong><br>LDIA 2023, 28. \u2013 30. Juni 2023,<br>2023 14th International Symposium on Linear Drivers for Industry Applications (LDIA),<br>DOI: 10.1109\/LDIA59564.2023.10297541 <br><a href=\"https:\/\/ieeexplore.ieee.org\/document\/10297541 \" rel='nofollow'>https:\/\/ieeexplore.ieee.org\/document\/10297541 <\/a><\/li>\n\n\n\n<li>Dreishing, F., Kreischer, C.: <br><strong>Abschlussbericht zum ZIM\u2010Projekt \u201eIntellus \u2010 Polymer \/ Polymeraktuator \u2010 Elektromagnetische Simulation \u2010 Entwicklung eines Pr\u00fcfstandes und Durchf\u00fchrung von Testreihen\u201c<\/strong><br>Januar 2021, <br>DOI: 10.24405\/15285, <br><a href=\"https:\/\/openhsu.ub.hsu-hh.de\/entities\/publication\/15285\" rel='nofollow'>https:\/\/openhsu.ub.hsu-hh.de\/entities\/publication\/15285<\/a><span><a href=\"\" rel='nofollow'><\/a><\/span><\/li>\n\n\n\n<li>Dreishing, F., Kreischer, C.<br><strong>Optimization of Force-to-Weight-Ratio of Ironless Tubular Linear Motors Using an Analytical Field Calculation Approach<\/strong><br>COMPUMAG 2021, 16. &#8211; 20. Januar 2022.&nbsp;<br>IEEE Transactions on Magnetics, Print ISSN: 0018-9464, Electronic ISSN: 1941-0069, DOI: 10.1109\/TMAG.2022.3166771, <span>2022<\/span><br><a rel=\"noreferrer noopener\" href=\"https:\/\/ieeexplore.ieee.org\/document\/9755992\" target=\"_blank\">https:\/\/ieeexplore.ieee.org\/document\/9755992<\/a><\/li>\n\n\n\n<li><em>Dreishing, F., Kreischer, C.<\/em><br><strong>Experimental and Analytical Analysis of a Compact Ironless Permanent-Magnet Tubular Linear Motor (PM-TLSM)<\/strong><br>VDE Tagung Elektromechanische Antriebssysteme, 9. \u2013 10. November 2021. <br>Electromechanical Drive Systems 2021; ETG Symposium, Print&nbsp;<abbr title=\"International Standard Book Number\">ISBN<\/abbr>: 978-3-8007-5685-8 <br><a rel=\"noreferrer noopener\" href=\"https:\/\/ieeexplore.ieee.org\/document\/9735224\" target=\"_blank\">https:\/\/ieeexplore.ieee.org\/document\/9735224<\/a><\/li>\n<\/ul>\n\n\n\n<h2 class=\"wp-block-heading\">Lehrveranstaltungen<\/h2>\n\n\n\n<ul class=\"wp-block-list\">\n<li>Theorie und Auslegung elektrischer Maschinen&nbsp;(EMA II)<\/li>\n\n\n\n<li>Praktikum im Elektromaschinenlabor&nbsp;(EMA III)<\/li>\n\n\n\n<li>Drives and Propulsion&nbsp;\u2013 Part 1: Electrical Drives (Engineering Science)<\/li>\n\n\n\n<li>Elektrische Maschinen&nbsp;(ISA)<\/li>\n<\/ul>\n\n\n\n<h2 class=\"wp-block-heading\">Offene Seminararbeiten \/ Abschlussarbeiten<\/h2>\n\n\n\n<ul class=\"wp-block-list\">\n<li>Thermische Analyse biegeflexibler Synchron-Linearmotoren in tubularer Bauweise <\/li>\n\n\n\n<li>Analyse von K\u00fchlkonzepten f\u00fcr tubulare Linearmotoren <\/li>\n<\/ul>\n\n\n\n<p><\/p>\n","protected":false},"excerpt":{"rendered":"<p>\u00a0 Raum: 1326 Telefon: (040) 6541-2458 E-Mail: florian.dreishing@hsu-hh.de Besucheranschrift Helmut-Schmidt-Universit\u00e4t Geb\u00e4ude H1 Holstenhofweg 85 22043 Hamburg Postanschrift Helmut-Schmidt-Universit\u00e4t Fakult\u00e4t f\u00fcr Elektrotechnik Elektrische Maschinen und Antriebssysteme Postfach 70 08 22 22008 [&hellip;]<\/p>\n","protected":false},"author":53,"featured_media":0,"parent":0,"menu_order":0,"comment_status":"closed","ping_status":"closed","template":"","meta":{"footnotes":""},"categories":[8],"tags":[],"class_list":["post-1010","page","type-page","status-publish","hentry","category-team"],"_links":{"self":[{"href":"https:\/\/www.hsu-hh.de\/ema\/wp-json\/wp\/v2\/pages\/1010","targetHints":{"allow":["GET"]}}],"collection":[{"href":"https:\/\/www.hsu-hh.de\/ema\/wp-json\/wp\/v2\/pages"}],"about":[{"href":"https:\/\/www.hsu-hh.de\/ema\/wp-json\/wp\/v2\/types\/page"}],"author":[{"embeddable":true,"href":"https:\/\/www.hsu-hh.de\/ema\/wp-json\/wp\/v2\/users\/53"}],"replies":[{"embeddable":true,"href":"https:\/\/www.hsu-hh.de\/ema\/wp-json\/wp\/v2\/comments?post=1010"}],"version-history":[{"count":30,"href":"https:\/\/www.hsu-hh.de\/ema\/wp-json\/wp\/v2\/pages\/1010\/revisions"}],"predecessor-version":[{"id":3463,"href":"https:\/\/www.hsu-hh.de\/ema\/wp-json\/wp\/v2\/pages\/1010\/revisions\/3463"}],"wp:attachment":[{"href":"https:\/\/www.hsu-hh.de\/ema\/wp-json\/wp\/v2\/media?parent=1010"}],"wp:term":[{"taxonomy":"category","embeddable":true,"href":"https:\/\/www.hsu-hh.de\/ema\/wp-json\/wp\/v2\/categories?post=1010"},{"taxonomy":"post_tag","embeddable":true,"href":"https:\/\/www.hsu-hh.de\/ema\/wp-json\/wp\/v2\/tags?post=1010"}],"curies":[{"name":"wp","href":"https:\/\/api.w.org\/{rel}","templated":true}]}}