{"id":619,"date":"2018-01-23T19:18:03","date_gmt":"2018-01-23T18:18:03","guid":{"rendered":"https:\/\/www.hsu-hh.de\/elo\/?page_id=619"},"modified":"2024-02-28T13:02:09","modified_gmt":"2024-02-28T12:02:09","slug":"impressum","status":"publish","type":"page","link":"https:\/\/www.hsu-hh.de\/elo\/impressum","title":{"rendered":"Impressum"},"content":{"rendered":"<h2>Angaben gem. \u00a7 5 Telemediengesetz<\/h2>\n<p><strong>Herausgeber<\/strong><br \/>\nHelmut-Schmidt-Universit\u00e4t<br \/>\nUniversit\u00e4t der Bundeswehr Hamburg<br \/>\nHolstenhofweg 85<br \/>\n22043 Hamburg<\/p>\n<p><strong>Inhaltlich Verantwortliche gem\u00e4\u00df \u00a7 7 Telemediengesetz<br \/>\n<\/strong><abbr title=\"Universit\u00e4tsprofessor\">Univ.-Prof.<\/abbr>\u00a0<abbr title=\"Doktor\">Dr.<\/abbr>&#8211;<abbr title=\"Ingenieur\">Ing.<\/abbr>\u00a0Holger G\u00f6bel<br \/>\nGeb\u00e4ude H3, Raum 025<br \/>\nTel. (040) 6541-2752<br \/>\nEmail:\u00a0Holger.Goebel(at)<abbr title=\"Helmut-Schmidt-Universit\u00e4t\">HSU<\/abbr>&#8211;<abbr title=\"Hamburg\">HH<\/abbr>.DE<\/p>\n<hr \/>\n<h3>Haftungsausschluss<\/h3>\n<p>Trotz sorgf\u00e4ltiger inhaltlicher Kontrolle \u00fcbernehmen wir keine Haftung f\u00fcr die Richtigkeit, Vollst\u00e4ndigkeit und Aktualit\u00e4t unserer Webseiten sowie f\u00fcr die Inhalte externer Links. F\u00fcr den Inhalt der verlinkten Seiten sind ausschlie\u00dflich deren Betreiber verantwortlich.<\/p>\n<h3>Urheberrechtsvermerk<\/h3>\n<p>Das Layout, s\u00e4mtliche Grafiken und Fotos sowie die Textbeitr\u00e4ge sind urheberrechtlich gesch\u00fctzt. Es gelten die gesetzlichen Bestimmungen. \u00c4nderungen d\u00fcrfen nicht vorgenommen werden. Bei Anfragen wenden Sie sich an den auf den jeweiligen Seiten erkenntlichen Autor.<\/p>\n","protected":false},"excerpt":{"rendered":"<p>Angaben gem. \u00a7 5 Telemediengesetz Herausgeber Helmut-Schmidt-Universit\u00e4t Universit\u00e4t der Bundeswehr Hamburg Holstenhofweg 85 22043 Hamburg Inhaltlich Verantwortliche gem\u00e4\u00df \u00a7 7 Telemediengesetz Univ.-Prof.\u00a0Dr.&#8211;Ing.\u00a0Holger G\u00f6bel Geb\u00e4ude H3, Raum 025 Tel. (040) 6541-2752 [&hellip;]<\/p>\n","protected":false},"author":161,"featured_media":0,"parent":0,"menu_order":0,"comment_status":"closed","ping_status":"closed","template":"","meta":{"footnotes":""},"categories":[4],"tags":[],"class_list":["post-619","page","type-page","status-publish","hentry","category-forschung"],"_links":{"self":[{"href":"https:\/\/www.hsu-hh.de\/elo\/wp-json\/wp\/v2\/pages\/619","targetHints":{"allow":["GET"]}}],"collection":[{"href":"https:\/\/www.hsu-hh.de\/elo\/wp-json\/wp\/v2\/pages"}],"about":[{"href":"https:\/\/www.hsu-hh.de\/elo\/wp-json\/wp\/v2\/types\/page"}],"author":[{"embeddable":true,"href":"https:\/\/www.hsu-hh.de\/elo\/wp-json\/wp\/v2\/users\/161"}],"replies":[{"embeddable":true,"href":"https:\/\/www.hsu-hh.de\/elo\/wp-json\/wp\/v2\/comments?post=619"}],"version-history":[{"count":5,"href":"https:\/\/www.hsu-hh.de\/elo\/wp-json\/wp\/v2\/pages\/619\/revisions"}],"predecessor-version":[{"id":1494,"href":"https:\/\/www.hsu-hh.de\/elo\/wp-json\/wp\/v2\/pages\/619\/revisions\/1494"}],"wp:attachment":[{"href":"https:\/\/www.hsu-hh.de\/elo\/wp-json\/wp\/v2\/media?parent=619"}],"wp:term":[{"taxonomy":"category","embeddable":true,"href":"https:\/\/www.hsu-hh.de\/elo\/wp-json\/wp\/v2\/categories?post=619"},{"taxonomy":"post_tag","embeddable":true,"href":"https:\/\/www.hsu-hh.de\/elo\/wp-json\/wp\/v2\/tags?post=619"}],"curies":[{"name":"wp","href":"https:\/\/api.w.org\/{rel}","templated":true}]}}