{"id":1081,"date":"2020-05-27T10:31:51","date_gmt":"2020-05-27T08:31:51","guid":{"rendered":"https:\/\/www.hsu-hh.de\/elo\/?page_id=1081"},"modified":"2024-10-08T09:18:15","modified_gmt":"2024-10-08T07:18:15","slug":"join-us","status":"publish","type":"page","link":"https:\/\/www.hsu-hh.de\/elo\/join-us","title":{"rendered":"Join us!"},"content":{"rendered":"<div class=\"clearfix\"><\/div>\n<hr style=\"background-color: #a50034;height: 5px\" \/>\n<p><strong>Master-,\u00a0Bachelor-\u00a0und\u00a0Studienarbeiten<\/strong><\/p>\n<h3>Weiterentwicklung eines webbasierten Schaltplan-Editors<\/h3>\n<p><strong>Titel:<\/strong><\/p>\n<p>Weiterentwicklung eines webbasierten Schaltplan-Editors zur Bestimmung der \u00dcbertragungsfunktion<br \/>\nlinearer, zeitinvarianter Netzwerke<\/p>\n<p><strong>Typ:<\/strong><\/p>\n<p>Programmieraufgabe<\/p>\n<p><strong>Beschreibung:<\/strong><\/p>\n<p>An der Professur f\u00fcr Elektronik wurde ein webbasierter Schaltplan-Editor zur Bestimmung der<br \/>\n\u00dcbertragungsfunktion linearer, zeitinvarianter Netzwerke entwickelt:<\/p>\n<p><a href=\"https:\/\/lcapy.hsu-hh.de\/\" rel='nofollow'>https:\/\/lcapy.hsu-hh.de\/<\/a><\/p>\n<p>Dieses Programm soll in seiner Funktionalit\u00e4t erweitert werden, so dass dieses, neben der<br \/>\n\u00dcbertragungsfunktion selbst, k\u00fcnftig auch die Impuls- <abbr title=\"beziehungsweise\">bzw.<\/abbr> Sprungantwort des Netzwerks<br \/>\nbestimmen und grafisch darstellen kann. Zudem sollen das Bode-Diagramm sowie das Pol-<br \/>\nNullstellen-Diagramm der \u00dcbertragungsfunktion dargestellt werden k\u00f6nnen.<\/p>\n<p>Des Weiteren soll die Bedienerfreundlichkeit des Programms erh\u00f6ht werden, so dass dieses nicht nur<br \/>\nmittels Computermaus, sondern k\u00fcnftig auch mittels Eingabestift bedient werden kann.<\/p>\n<p>Bei diesem Programm handelt es sich um eine Client-Server-Anwendung. Der Client dient zur Eingabe<br \/>\ndes elektrischen Netzwerkes und der Server zur Berechnung der \u00dcbertragungsfunktion mit Hilfe des<br \/>\nProgrammpaketes <a href=\"https:\/\/lcapy.readthedocs.io\/en\/latest\/\" rel='nofollow'>LCapy<\/a>.<\/p>\n<p>Die Programmierung des Clients erfolgt in der Programmiersprache Dart und die des Servers in der<br \/>\nProgrammiersprache Python.<\/p>\n<p><strong>Anforderungen\u00a0\/\u00a0Voraussetzungen:<\/strong><\/p>\n<ul>\n<li>Grundkenntnisse der Systemtheorie, wie sie <abbr title=\"zum Beispiel\">z.B.<\/abbr> in der Elektronik-Vorlesung an der <abbr title=\"Helmut-Schmidt-Universit\u00e4t\">HSU<\/abbr><br \/>\nvermittelt werden (siehe <abbr title=\"zum Beispiel\">z.B.<\/abbr> Kap. 9 im Lehrbuch \u201eEinf\u00fchrung in die Halbleiter-<br \/>\nSchaltungstechnik\u201c von <abbr title=\"Professor\">Prof.<\/abbr> H. G\u00f6bel),<\/li>\n<li>Programmiererfahrung (idealerweise Dart und Python),<\/li>\n<li>Eigeninitiative, hohe Motivation sowie F\u00e4higkeit zum selbstst\u00e4ndigen Arbeiten.<\/li>\n<\/ul>\n<p><strong>Ansprechpartner:<\/strong><\/p>\n<p>\u2022\u00a0 \u00a0 <abbr title=\"Professor\">Prof.<\/abbr> G\u00f6bel<\/p>\n<p>\u2022\u00a0 \u00a0<abbr title=\"Diplom\">Dipl.<\/abbr>&#8211;<abbr title=\"Ingenieur\">Ing.<\/abbr> H.Siemund<\/p>\n<h3>Voruntersuchung zur Entwicklung eines lehrunterst\u00fctzenden, webbasierten Device-Simulators<\/h3>\n<p><strong>Titel:<\/strong><\/p>\n<p>Voruntersuchung zur Entwicklung eines lehrunterst\u00fctzenden, webbasierten Device-Simulators f\u00fcr<br \/>\nzweidimensionale Halbleiterstrukturen<\/p>\n<p><strong>Typ:<\/strong><\/p>\n<p>Programmieraufgabe<\/p>\n<p><strong>Beschreibung:<\/strong><\/p>\n<p>Zur Unterst\u00fctzung der Vorlesung \u201eIntegrierte Schaltungen\u201c wird an der Professur f\u00fcr Elektronik die<br \/>\nEntwicklung eines webbasierten Device-Simulators f\u00fcr zweidimensionale Halbleiterstrukturen<br \/>\nerwogen.<\/p>\n<p>Aufgrund des zu erwartenden, hohen Gesamtaufwandes soll die Entwicklung des Programms in<br \/>\nmehreren Etappen erfolgen. In der ersten Etappe, die den Charakter einer Voruntersuchung hat, soll<br \/>\nf\u00fcr ein rechteckiges Simulationsgebiet lediglich die Poisson-Gleichung gel\u00f6st werden, und zwar auf<br \/>\nnumerischem Wege, <abbr title=\"zum Beispiel\">z.B.<\/abbr> mittels der Finite-Differenzen-Methode. Randbedingungen f\u00fcr das<br \/>\nelektrostatische Potenzial (Dirichlet-Randbedingungen) sowie Materialparameter (in diesem Fall<br \/>\nlediglich die Permittivit\u00e4t) sollen ortsabh\u00e4ngig und interaktiv einstellbar sein. Das Ergebnis der<br \/>\nBerechnung ist in geeigneter Weise grafisch darzustellen (<abbr title=\"zum Beispiel\">z.B.<\/abbr> mittels Farbdiagramm).<\/p>\n<p>Die Programmierung soll in der Programmiersprache Dart erfolgen.<\/p>\n<p><strong>Anforderungen\u00a0\/\u00a0Voraussetzungen:<\/strong><\/p>\n<ul>\n<li>Grundkenntnisse der Elektrostatik, wie sie <abbr title=\"zum Beispiel\">z.B.<\/abbr> in der Vorlesung \u201eTheoretische<br \/>\nElektrotechnik\u201c vermittelt werden.<\/li>\n<li>Programmiererfahrung (idealerweise Dart, alternativ C++ oder Java),<\/li>\n<li>Eigeninitiative, hohe Motivation sowie F\u00e4higkeit zum selbstst\u00e4ndigen Arbeiten.<\/li>\n<\/ul>\n<p><strong>Ansprechpartner:<\/strong><\/p>\n<p>\u2022\u00a0 \u00a0 <abbr title=\"Professor\">Prof.<\/abbr> G\u00f6bel<\/p>\n<p>\u2022\u00a0 \u00a0 <abbr title=\"Diplom\">Dipl.<\/abbr>&#8211;<abbr title=\"Ingenieur\">Ing.<\/abbr> H.Siemund<\/p>\n<h3>Untersuchung von organischen photovoltaischen Bauelementeschichten<\/h3>\n<p><strong>Titel:<\/strong><\/p>\n<p>Untersuchung von organischen photovoltaischen Bauelementeschichten<\/p>\n<p><strong>Art:<\/strong><\/p>\n<p>Laborarbeit<\/p>\n<p><strong>Beschreibung:<\/strong><\/p>\n<p>Organische Bulk-Heterojunction Solarzellen sollen erzeugt werden durch sukzessive Schichtaufbringung mittels Spincoating und thermischer Verdampfung. Mittels mechanischer Oberfl\u00e4chenprofilierung sollen Dicke und Morphologie individueller Schichten untersucht werden, w\u00e4hrend die vollst\u00e4ndigen Solarzellen elektrisch charakterisiert werden.<\/p>\n<p><strong>Anforderungen\/Voraussetzungen:<\/strong><\/p>\n<p>&#8211; Grundkenntnisse in der Halbleiterelektronik<\/p>\n<p>&#8211; Grundlegendes Verst\u00e4ndnis der Physik von Solarzellen oder Interesse und hohe Lernbereitschaft<\/p>\n<p>&#8211; Hohe Motivation, Sorgfalt und F\u00e4higkeit zu selbst\u00e4ndigem Arbeiten<\/p>\n<p>&#8211; Gewissenhaftigkeit im Umgang mit empfindlichen Ger\u00e4ten<\/p>\n<p><strong>Kontaktperson:<\/strong><\/p>\n<p>&#8211; <abbr title=\"Professor\">Prof.<\/abbr> G\u00f6bel<\/p>\n<p>&#8211; <abbr title=\"Master of Science\">M.Sc.<\/abbr> Vincent Steininger<\/p>\n<h3>Adaption eines bestehenden Solarzellenherstellungsprozesses f\u00fcr flexible Substrate<\/h3>\n<p><strong>Titel:<\/strong><\/p>\n<p>Adaption eines bestehenden Solarzellenherstellungsprozesses f\u00fcr flexible Substrate<\/p>\n<p><strong>Art:<\/strong><\/p>\n<p>Laborarbeit<\/p>\n<p><strong>Beschreibung:<\/strong><\/p>\n<p>Ein bestehendes Verfahren zur Herstellung von Solarzellen auf Glas\u00adsubstraten soll f\u00fcr den Einsatz auf flexiblen PET-Substraten (Polyethylen\u00adterephthalat) angepasst werden. Dazu geh\u00f6ren Spincoating, thermisches Aufdampfen und elektrische Messungen der Strom-Spannungs-Kennlinien.<\/p>\n<p><strong>Anforderungen\/Voraussetzungen:<\/strong><\/p>\n<p>&#8211; Grundkenntnisse der Halbleiterelektronik<\/p>\n<p>&#8211; Verst\u00e4ndnis der Physik von Solarzellen oder Interesse und gro\u00dfe Lernbereitschaft<\/p>\n<p>&#8211; Hohe Motivation, Eigeninitiative und F\u00e4higkeit zu selbst\u00e4ndigem Arbeiten<\/p>\n<p>&#8211; Sorgfalt im Umgang mit empfindlichen Ger\u00e4ten<\/p>\n<p><strong>Kontaktperson:<\/strong><\/p>\n<p>&#8211; <abbr title=\"Professor\">Prof.<\/abbr> G\u00f6bel<\/p>\n<p>&#8211; <abbr title=\"Master of Science\">M.Sc.<\/abbr> Vincent Steininger<\/p>\n","protected":false},"excerpt":{"rendered":"<p>Master-,\u00a0Bachelor-\u00a0und\u00a0Studienarbeiten Weiterentwicklung eines webbasierten Schaltplan-Editors Titel: Weiterentwicklung eines webbasierten Schaltplan-Editors zur Bestimmung der \u00dcbertragungsfunktion linearer, zeitinvarianter Netzwerke Typ: Programmieraufgabe Beschreibung: An der Professur f\u00fcr Elektronik wurde ein webbasierter Schaltplan-Editor zur [&hellip;]<\/p>\n","protected":false},"author":954,"featured_media":0,"parent":0,"menu_order":0,"comment_status":"closed","ping_status":"closed","template":"","meta":{"footnotes":""},"categories":[4],"tags":[],"class_list":["post-1081","page","type-page","status-publish","hentry","category-forschung"],"_links":{"self":[{"href":"https:\/\/www.hsu-hh.de\/elo\/wp-json\/wp\/v2\/pages\/1081","targetHints":{"allow":["GET"]}}],"collection":[{"href":"https:\/\/www.hsu-hh.de\/elo\/wp-json\/wp\/v2\/pages"}],"about":[{"href":"https:\/\/www.hsu-hh.de\/elo\/wp-json\/wp\/v2\/types\/page"}],"author":[{"embeddable":true,"href":"https:\/\/www.hsu-hh.de\/elo\/wp-json\/wp\/v2\/users\/954"}],"replies":[{"embeddable":true,"href":"https:\/\/www.hsu-hh.de\/elo\/wp-json\/wp\/v2\/comments?post=1081"}],"version-history":[{"count":9,"href":"https:\/\/www.hsu-hh.de\/elo\/wp-json\/wp\/v2\/pages\/1081\/revisions"}],"predecessor-version":[{"id":1532,"href":"https:\/\/www.hsu-hh.de\/elo\/wp-json\/wp\/v2\/pages\/1081\/revisions\/1532"}],"wp:attachment":[{"href":"https:\/\/www.hsu-hh.de\/elo\/wp-json\/wp\/v2\/media?parent=1081"}],"wp:term":[{"taxonomy":"category","embeddable":true,"href":"https:\/\/www.hsu-hh.de\/elo\/wp-json\/wp\/v2\/categories?post=1081"},{"taxonomy":"post_tag","embeddable":true,"href":"https:\/\/www.hsu-hh.de\/elo\/wp-json\/wp\/v2\/tags?post=1081"}],"curies":[{"name":"wp","href":"https:\/\/api.w.org\/{rel}","templated":true}]}}