{"id":73,"date":"2017-07-03T15:52:08","date_gmt":"2017-07-03T13:52:08","guid":{"rendered":"https:\/\/www.hsu-hh.de\/vorlage\/?page_id=73"},"modified":"2020-03-05T14:24:39","modified_gmt":"2020-03-05T13:24:39","slug":"startseite","status":"publish","type":"page","link":"https:\/\/www.hsu-hh.de\/eineunieinbuch\/","title":{"rendered":""},"content":{"rendered":"<h3>Achtsamkeit und Resilienz in unsicheren Zeiten<\/h3>\n<p>Mit ihrem Wettbewerbsbeitrag \u201eAchtsamkeit und Resilienz in unsicheren Zeiten\u201c hat die Helmut Schmidt Universit\u00e4t \/ Universit\u00e4t der Bundeswehr Hamburg die diesj\u00e4hrige Ausschreibung <a href=\"https:\/\/www.stifterverband.org\/eine-uni-ein-buch\" rel='nofollow'>Eine Uni &#8211; ein Buch<\/a> des Stifterverbands deutsche Wissenschaft, des ZEIT-Verlags und der Klaus Tschira-Stiftung gewonnen. Die Helmut Schmidt Universit\u00e4t hat f\u00fcr ihre Bewerbung das Buch &#8222;Das Unerwartete managen. Wie Unternehmen aus Extremsituationen lernen&#8220; von Karl Weick und Kathleen Sutcliffe (2016) ausgew\u00e4hlt.<\/p>\n<p>Interdisziplin\u00e4r organisiert und in Kooperation mit verschiedenen Akteuren gestaltet, werden zum Buch von Weick\/Sutcliffe verschiedene \u00f6ffentliche Veranstaltungen und Leseereignisse durchgef\u00fchrt.<\/p>\n<p>Mit dem Projekt wollen wir zum Nachdenken und zur Diskussion anregen \u00fcber die Frage, wie Achtsamkeit f\u00fcr die Dynamiken der Gegenwartsgesellschaft aussehen k\u00f6nnte und diese gestaltet werden k\u00f6nnten.<\/p>\n<p>&nbsp;<\/p>\n<p>Eine \u00dcbersicht \u00fcber die gesamte Initiative finden Sie hier.<\/p>\n<div class=\"col-xs-12 downloads-item\">\n<div class=\"row border-line\">\n<div class=\"thumbnail-area\"><img decoding=\"async\" class=\"download-image\" src=\"\/wp-content\/themes\/hsu\/img\/dummy\/downloads_dummy.png\" alt=\"\" \/><\/div>\n<div class=\"text-area\">Abschlussbericht Eine Uni &#8211; Ein Buch<\/div>\n<div class=\"download-area\"><a class=\"download-link\" href=\"https:\/\/www.hsu-hh.de\/eineunieinbuch\/wp-content\/uploads\/sites\/821\/2020\/03\/AbschlussBericht-Eine-Uni-EIn-Buch-.pdf\"><span class=\"download-name\">pdf laden<\/span><span class=\"donwload-icon\"><img decoding=\"async\" class=\"download-icon\" src=\"\/wp-content\/themes\/hsu\/img\/icons\/download_icon.png\" alt=\"download icon\" \/><\/span><span class=\"download-size\">287 KB<\/span><\/a><\/div>\n<\/div>\n<\/div>\n<p>Den aktuellen Flyer zum Programm f\u00fcr das Herbsttrimester 2019 finden Sie hier.<\/p>\n<div class=\"col-xs-12 downloads-item\">\n<div class=\"row border-line\">\n<div class=\"thumbnail-area\"><img decoding=\"async\" class=\"download-image\" src=\"\/wp-content\/themes\/hsu\/img\/dummy\/downloads_dummy.png\" alt=\"\" \/><\/div>\n<div class=\"text-area\">Programm f\u00fcr Oktober bis November 2019<\/div>\n<div class=\"download-area\"><a class=\"download-link\" href=\"https:\/\/www.hsu-hh.de\/eineunieinbuch\/wp-content\/uploads\/sites\/821\/2019\/09\/Flyer-HT-19.pdf\"><span class=\"download-name\">pdf laden<\/span><span class=\"donwload-icon\"><img decoding=\"async\" class=\"download-icon\" src=\"\/wp-content\/themes\/hsu\/img\/icons\/download_icon.png\" alt=\"download icon\" \/><\/span><span class=\"download-size\">522 KB<\/span><\/a><\/div>\n<\/div>\n<\/div>\n<p>&nbsp;<\/p>\n<p>Den vergangenen Flyer zum Programm f\u00fcr April bis September 2019 finden Sie hier.<\/p>\n<div class=\"col-xs-12 downloads-item\">\n<div class=\"row border-line\">\n<div class=\"thumbnail-area\"><img decoding=\"async\" class=\"download-image\" src=\"\/wp-content\/themes\/hsu\/img\/dummy\/downloads_dummy.png\" alt=\"\" \/><\/div>\n<div class=\"text-area\">Programm f\u00fcr April bis September 2019<\/div>\n<div class=\"download-area\"><a class=\"download-link\" href=\"https:\/\/www.hsu-hh.de\/eineunieinbuch\/wp-content\/uploads\/sites\/821\/2019\/05\/Flyer_Eine-Uni-Ein-Buch.pdf\"><span class=\"download-name\">pdf laden<\/span><span class=\"donwload-icon\"><img decoding=\"async\" class=\"download-icon\" src=\"\/wp-content\/themes\/hsu\/img\/icons\/download_icon.png\" alt=\"download icon\" \/><\/span><span class=\"download-size\">509 KB<\/span><\/a><\/div>\n<\/div>\n<\/div>\n<p>&nbsp;<\/p>\n<p>&nbsp;<\/p>\n<p><img loading=\"lazy\" decoding=\"async\" class=\"alignnone wp-image-225 size-large\" src=\"https:\/\/www.hsu-hh.de\/eineunieinbuch\/wp-content\/uploads\/sites\/821\/2019\/04\/logos_gro\u00df-1024x138.png\" alt=\"Logos\" width=\"1024\" height=\"138\" data-credit=\"Sponsoren\" srcset=\"https:\/\/www.hsu-hh.de\/eineunieinbuch\/wp-content\/uploads\/sites\/821\/2019\/04\/logos_gro\u00df-1024x138.png 1024w, https:\/\/www.hsu-hh.de\/eineunieinbuch\/wp-content\/uploads\/sites\/821\/2019\/04\/logos_gro\u00df-300x40.png 300w, https:\/\/www.hsu-hh.de\/eineunieinbuch\/wp-content\/uploads\/sites\/821\/2019\/04\/logos_gro\u00df-768x103.png 768w, https:\/\/www.hsu-hh.de\/eineunieinbuch\/wp-content\/uploads\/sites\/821\/2019\/04\/logos_gro\u00df.png 1584w\" sizes=\"auto, (max-width: 1024px) 100vw, 1024px\" \/><\/p>\n","protected":false},"excerpt":{"rendered":"<p>Achtsamkeit und Resilienz in unsicheren Zeiten Mit ihrem Wettbewerbsbeitrag \u201eAchtsamkeit und Resilienz in unsicheren Zeiten\u201c hat die Helmut Schmidt Universit\u00e4t \/ Universit\u00e4t der Bundeswehr Hamburg die diesj\u00e4hrige Ausschreibung Eine Uni [&hellip;]<\/p>\n","protected":false},"author":26,"featured_media":179,"parent":0,"menu_order":0,"comment_status":"closed","ping_status":"closed","template":"","meta":{"footnotes":""},"categories":[35],"tags":[],"class_list":["post-73","page","type-page","status-publish","has-post-thumbnail","hentry","category-startseite"],"_links":{"self":[{"href":"https:\/\/www.hsu-hh.de\/eineunieinbuch\/wp-json\/wp\/v2\/pages\/73","targetHints":{"allow":["GET"]}}],"collection":[{"href":"https:\/\/www.hsu-hh.de\/eineunieinbuch\/wp-json\/wp\/v2\/pages"}],"about":[{"href":"https:\/\/www.hsu-hh.de\/eineunieinbuch\/wp-json\/wp\/v2\/types\/page"}],"author":[{"embeddable":true,"href":"https:\/\/www.hsu-hh.de\/eineunieinbuch\/wp-json\/wp\/v2\/users\/26"}],"replies":[{"embeddable":true,"href":"https:\/\/www.hsu-hh.de\/eineunieinbuch\/wp-json\/wp\/v2\/comments?post=73"}],"version-history":[{"count":22,"href":"https:\/\/www.hsu-hh.de\/eineunieinbuch\/wp-json\/wp\/v2\/pages\/73\/revisions"}],"predecessor-version":[{"id":291,"href":"https:\/\/www.hsu-hh.de\/eineunieinbuch\/wp-json\/wp\/v2\/pages\/73\/revisions\/291"}],"wp:featuredmedia":[{"embeddable":true,"href":"https:\/\/www.hsu-hh.de\/eineunieinbuch\/wp-json\/wp\/v2\/media\/179"}],"wp:attachment":[{"href":"https:\/\/www.hsu-hh.de\/eineunieinbuch\/wp-json\/wp\/v2\/media?parent=73"}],"wp:term":[{"taxonomy":"category","embeddable":true,"href":"https:\/\/www.hsu-hh.de\/eineunieinbuch\/wp-json\/wp\/v2\/categories?post=73"},{"taxonomy":"post_tag","embeddable":true,"href":"https:\/\/www.hsu-hh.de\/eineunieinbuch\/wp-json\/wp\/v2\/tags?post=73"}],"curies":[{"name":"wp","href":"https:\/\/api.w.org\/{rel}","templated":true}]}}