{"id":137,"date":"2019-04-11T20:30:47","date_gmt":"2019-04-11T18:30:47","guid":{"rendered":"https:\/\/www.hsu-hh.de\/eineunieinbuch\/?page_id=137"},"modified":"2019-04-11T20:35:27","modified_gmt":"2019-04-11T18:35:27","slug":"das-buch","status":"publish","type":"page","link":"https:\/\/www.hsu-hh.de\/eineunieinbuch\/das-buch\/","title":{"rendered":"Das Buch"},"content":{"rendered":"<h3>Das Buch: Das Unerwartete managen<\/h3>\n<p><img loading=\"lazy\" decoding=\"async\" class=\"alignright wp-image-204 size-medium\" src=\"https:\/\/www.hsu-hh.de\/eineunieinbuch\/wp-content\/uploads\/sites\/821\/2019\/04\/managing-the-unexpected-198x300.jpg\" alt=\"Buch - managing the unexpected\" width=\"198\" height=\"300\" data-credit=\"Wiley\" srcset=\"https:\/\/www.hsu-hh.de\/eineunieinbuch\/wp-content\/uploads\/sites\/821\/2019\/04\/managing-the-unexpected-198x300.jpg 198w, https:\/\/www.hsu-hh.de\/eineunieinbuch\/wp-content\/uploads\/sites\/821\/2019\/04\/managing-the-unexpected.jpg 329w\" sizes=\"auto, (max-width: 198px) 100vw, 198px\" \/>Im Buch \u201eDas Unerwartete managen\u201c werden sogenannte \u201eHigh Reliability Organizations\u201c (HROs) untersucht, zum Beispiel Kernkraftwerke,\u00a0 Feuerwehr, Schienenverkehr und Flugzeugtr\u00e4ger. Es ist gespickt mit vielen Fallbeispielen, an denen die beiden Autor_innen f\u00fcnf Prinzipien des Organisierens von Unternehmen und Institutionen herausarbeiten, die hochzuverl\u00e4ssig arbeiten m\u00fcssen, weil dort jeder Fehler katastrophale Folgen haben kann. Sie zeigen, was auch f\u00fcr andere Organisationen von entscheidender Bedeutung ist: Fehlerkultur, Differenzierungsverm\u00f6gen, Flexibilit\u00e4t, Anerkennung von Wissen \u00fcber die Hierarchien hinweg sowie Achtsamkeit. Achtsamkeit ist eine zentrale Voraussetzung um Anzeichen des Unerwarteten fr\u00fchzeitig erkennen zu k\u00f6nnen.<\/p>\n<p>Diese Analyse ist \u2013 so wollen wir zeigen und diskutieren \u2013 keinesfalls auf Unternehmen beschr\u00e4nkt. Denn in den globalisierten, sich schnell wandelnden und f\u00fcr Krisen anf\u00e4lligen (M\u00e4rkten und) Zeiten, ist es \u00fcberall erforderlich, mit Irrt\u00fcmern, \u00dcberraschungen und dem Unerwarteten zu rechnen.<\/p>\n<p>Das Buch biete eine mehrere Ebenen verbindende Perspektive auf Verhaltens- und Praxis-Ph\u00e4nomene, die dabei helfen kann, die Gegenwart der Organisationen Universit\u00e4t und Bundeswehr besser zu verstehen und Verbindungen und Verflechtungen neu zu durchdenken.<\/p>\n<p><img loading=\"lazy\" decoding=\"async\" class=\"size-medium wp-image-203 alignright\" src=\"https:\/\/www.hsu-hh.de\/eineunieinbuch\/wp-content\/uploads\/sites\/821\/2019\/04\/das-unerwartete-managen-198x300.jpg\" alt=\"Buchtitel\" width=\"198\" height=\"300\" data-credit=\"Buchtitel\" srcset=\"https:\/\/www.hsu-hh.de\/eineunieinbuch\/wp-content\/uploads\/sites\/821\/2019\/04\/das-unerwartete-managen-198x300.jpg 198w, https:\/\/www.hsu-hh.de\/eineunieinbuch\/wp-content\/uploads\/sites\/821\/2019\/04\/das-unerwartete-managen.jpg 474w\" sizes=\"auto, (max-width: 198px) 100vw, 198px\" \/><\/p>\n<h3>Wo kann ich das Buch lesen oder ausleihen?<\/h3>\n<p>Die gedruckten B\u00e4nde von \u201eDas Unerwartete managen\u201c k\u00f6nnen Sie\u00a0 sowohl in Deutsch als auch in Englisch mit einem g\u00fcltigen Bibliotheksausweis in der <a href=\"https:\/\/ub.hsu-hh.de\/\" rel='nofollow'>Universit\u00e4tsbibliothek<\/a> entleihen.<\/p>\n<p>Den Zugang zum E-Book \u201eManaging the Unexpected\u201c hat die<a href=\"https:\/\/ub.hsu-hh.de\/\" rel='nofollow'> <abbr title=\"Helmut-Schmidt-Universit\u00e4t\">HSU<\/abbr>-Bibliothek<\/a> lizensiert, allerdings gibt es das E-Book nur in Englisch.<\/p>\n<p>Externe Nutzung von E-Books f\u00fcr Angeh\u00f6rige der Helmut Schmidt Universit\u00e4t Mithilfe des <abbr title=\"Virtuelles privates Netzwerk\">VPN<\/abbr>-Dienstes des Zentrums f\u00fcr Netze k\u00f6nnen autorisierte Nutzer auch von au\u00dferhalb auf die zugangsbeschr\u00e4nkten elektronischen Ressourcen der Bibliothek zugreifen.F\u00fcr Nutzer aus dem Bereich der Helmut Schmidt Universit\u00e4t ist ein Nutzerkonto beim Rechenzentrum erforderlich.<\/p>\n<p>&nbsp;<\/p>\n","protected":false},"excerpt":{"rendered":"<p>Das Buch: Das Unerwartete managen Im Buch \u201eDas Unerwartete managen\u201c werden sogenannte \u201eHigh Reliability Organizations\u201c (HROs) untersucht, zum Beispiel Kernkraftwerke,\u00a0 Feuerwehr, Schienenverkehr und Flugzeugtr\u00e4ger. Es ist gespickt mit vielen Fallbeispielen, [&hellip;]<\/p>\n","protected":false},"author":1,"featured_media":236,"parent":0,"menu_order":0,"comment_status":"closed","ping_status":"closed","template":"","meta":{"footnotes":""},"categories":[41],"tags":[],"class_list":["post-137","page","type-page","status-publish","has-post-thumbnail","hentry","category-slider"],"_links":{"self":[{"href":"https:\/\/www.hsu-hh.de\/eineunieinbuch\/wp-json\/wp\/v2\/pages\/137","targetHints":{"allow":["GET"]}}],"collection":[{"href":"https:\/\/www.hsu-hh.de\/eineunieinbuch\/wp-json\/wp\/v2\/pages"}],"about":[{"href":"https:\/\/www.hsu-hh.de\/eineunieinbuch\/wp-json\/wp\/v2\/types\/page"}],"author":[{"embeddable":true,"href":"https:\/\/www.hsu-hh.de\/eineunieinbuch\/wp-json\/wp\/v2\/users\/1"}],"replies":[{"embeddable":true,"href":"https:\/\/www.hsu-hh.de\/eineunieinbuch\/wp-json\/wp\/v2\/comments?post=137"}],"version-history":[{"count":15,"href":"https:\/\/www.hsu-hh.de\/eineunieinbuch\/wp-json\/wp\/v2\/pages\/137\/revisions"}],"predecessor-version":[{"id":218,"href":"https:\/\/www.hsu-hh.de\/eineunieinbuch\/wp-json\/wp\/v2\/pages\/137\/revisions\/218"}],"wp:featuredmedia":[{"embeddable":true,"href":"https:\/\/www.hsu-hh.de\/eineunieinbuch\/wp-json\/wp\/v2\/media\/236"}],"wp:attachment":[{"href":"https:\/\/www.hsu-hh.de\/eineunieinbuch\/wp-json\/wp\/v2\/media?parent=137"}],"wp:term":[{"taxonomy":"category","embeddable":true,"href":"https:\/\/www.hsu-hh.de\/eineunieinbuch\/wp-json\/wp\/v2\/categories?post=137"},{"taxonomy":"post_tag","embeddable":true,"href":"https:\/\/www.hsu-hh.de\/eineunieinbuch\/wp-json\/wp\/v2\/tags?post=137"}],"curies":[{"name":"wp","href":"https:\/\/api.w.org\/{rel}","templated":true}]}}