{"id":135,"date":"2019-04-10T13:23:04","date_gmt":"2019-04-10T11:23:04","guid":{"rendered":"https:\/\/www.hsu-hh.de\/eineunieinbuch\/?page_id=135"},"modified":"2019-04-11T20:36:49","modified_gmt":"2019-04-11T18:36:49","slug":"bewerbung","status":"publish","type":"page","link":"https:\/\/www.hsu-hh.de\/eineunieinbuch\/bewerbung\/","title":{"rendered":"Die Bewerbung"},"content":{"rendered":"<h3>Der Wettbewerb \u201eEine Uni \u2013 ein Buch\u201c<\/h3>\n<p>Zum dritten Mal in Folge hat der Stifterverband deutsche Wissenschaft, gemeinsam mit dem ZEIT-Verlag und der Klaus Tschira-Stiftung den Wettbewerb \u201eEine Uni \u2013 ein Buch\u201c ausgeschrieben. Ausgezeichnet werden insgesamt die zehn besten Ideen mit einem Preisgeld von jeweils 10.000 Euro.<\/p>\n<p>Die Idee hinter dieser Ausschreibung ist, m\u00f6glichst viele Mitglieder einer Universit\u00e4t in einen Austausch \u00fcber ein gemeinsames Buch zu bringen. Dabei sollen in verschiedensten Formaten \u00fcber die einzelnen Disziplinen und Berufsgruppen hinweg an der Universit\u00e4t gelesen und diskutiert werden.<\/p>\n<p>Der Vorschlag \u201eDas Unerwartete managen\u201c wurde von Wissenschaftler_innen mehrerer Fakult\u00e4ten und Institute, die im Cluster OPAL zusammenarbeiten, gemeinsam entwickelt. Im Rahmen des monatlichen stattfindenden OPAL-Kolloquiums ist seit dem Fr\u00fchjahr 2018 die Idee zu einem Fakult\u00e4ten \u00fcbergreifenden Themenschwerpunkt \u201eAchtsamkeit und Resilienz in unsicheren Zeiten\u201c ausgearbeitet worden, der f\u00fcr den Vorschlag grundlegend ist.<\/p>\n<p>Die Entscheidung f\u00fcr Karl Weicks und Kathleen Sutcliffes \u201eManaging the Unexpected\u201c wurde vom Pr\u00e4sidenten der Helmut Schmidt Universit\u00e4t\/Universit\u00e4t der Bundeswehr Hamburg im Dezember 2018 auf der Grundlage eines schriftlichen Vorantrages und im Abgleich mit anderen Vorschl\u00e4gen getroffen.<\/p>\n<p>Neben der schriftlichen Projektbeschreibung musste ein 2-min\u00fctiges Bewerbungsvideo eingereicht werden. Antrag und Film wurden vom Cluster OPAL angeregt und von der die Fakult\u00e4ten \u00fcbergreifenden Arbeitsgruppe \u201eManaging the Unexpected\u201c umgesetzt.<\/p>\n<p>Alle Institute, Abteilungen und Einrichtungen der Universit\u00e4t sind ganz herzlich zur Mitarbeit bei der Planung weiterer Lese-Ereignisse und Veranstaltungen eingeladen.<br \/>\nBitte melden Sie sich mit Ideen und wenn Sie Interesse an der Zusammenarbeit haben bei Alexander Degel (degel@hsu-hh.de) vom Arbeitsbereich Mikrosoziologie, Fakult\u00e4t f\u00fcr Geistes- und Sozialwissenschaften.<\/p>\n<h3>Das Bewerbungsvideo<\/h3>\n<p><iframe loading=\"lazy\" title=\"Eine Uni   Ein Buch\" width=\"500\" height=\"281\" src=\"https:\/\/www.youtube.com\/embed\/7Ca0_9h0h9k?start=1&#038;feature=oembed\" frameborder=\"0\" allow=\"accelerometer; autoplay; clipboard-write; encrypted-media; gyroscope; picture-in-picture; web-share\" referrerpolicy=\"strict-origin-when-cross-origin\" allowfullscreen><\/iframe><\/p>\n<h3>Der Wettbewerbsbeitrag<\/h3>\n<p>Mit ihrem Wettbewerbsbeitrag \u201eAchtsamkeit und Resilienz in unsicheren Zeiten\u201c hat die Helmut Schmidt Universit\u00e4t \/ Universit\u00e4t der Bundeswehr Hamburg die diesj\u00e4hrige Ausschreibung Eine Uni &#8211; ein Buch des Stifterverbands deutsche Wissenschaft, des ZEIT-Verlags und der Klaus Tschira-Stiftung gewonnen. Die Helmut Schmidt Universit\u00e4t hat f\u00fcr ihre Bewerbung das Buch &#8222;Das Unerwartete managen. Wie Unternehmen aus Extremsituationen lernen&#8220; von Karl Weick und Kathleen Sutcliffe (2016) ausgew\u00e4hlt.<\/p>\n<p>Dieses Buch bietet vielf\u00e4ltige Ankn\u00fcpfungsm\u00f6glichkeiten f\u00fcr die verschiedenen Disziplinen der Universit\u00e4t. Dar\u00fcber hinaus gibt es auch f\u00fcr die Bundeswehr als eine Organisation, die sich auf \u201eExtremsituationen\u201c vorbereiten muss, wichtige konkrete und grundlegende Bez\u00fcge zur Frage nach dem Umgang mit dem Unerwarteten. In Karl Weicks und Kathleen Sutcliffes Buch kommt den <abbr title=\"sogenannt\">sog.<\/abbr> Hochsicherheitsorganisationen eine wichtige Rolle zu und sie fordern anhand vieler Beispiele die Leserinnen und Leser dazu auf, auch die eigene Organisation kritisch in den Blick zu nehmen, weshalb wir unserem Lese-Projekt das Motto \u201eAchtsamkeit und Resilienz in unsicheren Zeiten\u201c gegeben haben. Mit dieser thematischen Erweiterung wollen wir anhand der Lekt\u00fcre des Buches &#8222;Das Unerwartete managen. Wie Unternehmen aus Extremsituationen lernen&#8220; von Karl Weick und Kathleen Sutcliffe (2016) auch zur Selbstverst\u00e4ndigung \u00fcber unsere Universit\u00e4t als Universit\u00e4t der Bundeswehr beitragen.<\/p>\n<p>Interdisziplin\u00e4r organisiert und in Kooperation mit verschiedenen Akteuren gestaltet, werden zum Buch von Weick\/Sutcliffe verschiedene \u00f6ffentliche Veranstaltungen und Leseereignisse durchgef\u00fchrt.<\/p>\n<p>Mit dem Projekt wollen wir zum Nachdenken und zur Diskussion anregen \u00fcber die Frage, wie Achtsamkeit f\u00fcr die Dynamiken der Gegenwartsgesellschaft aussehen k\u00f6nnte und diese gestaltet werden k\u00f6nnten. Welche Rolle spielen Achtsamkeit und Resilienz in professionellen Organisationen, <abbr title=\"zum Beispiel\">z.B.<\/abbr> Universit\u00e4ten? Was bedeutet Achtsamkeit und Resilienz in milit\u00e4rischen Organisationen? Welche ihrer Formen k\u00f6nnen in der Politik relevant werden? Bieten sie geeignete Strategien, um mit der Komplexit\u00e4t der heutigen Welt zurechtzukommen?<\/p>\n<h3>Informationen zum Wettbewerb<\/h3>\n<p>Die Website des Stifterverbandes zum Wettbewerb finden Sie <a href=\"https:\/\/www.stifterverband.org\/eine-uni-ein-buch\" rel='nofollow'>hier<\/a>.<\/p>\n<h3>Unsere Kooperationspartner<\/h3>\n<ul>\n<li style=\"text-align: left\">Fakult\u00e4t f\u00fcr Geistes- und Sozialwissenschaften<\/li>\n<li style=\"text-align: left\">Fakult\u00e4t f\u00fcr Maschinenbau<\/li>\n<li style=\"text-align: left\">Fakult\u00e4t f\u00fcr Wirtschafts- und Sozialwissenschaften<\/li>\n<li style=\"text-align: left\">Cluster OPAL<\/li>\n<li style=\"text-align: left\">Betriebliches Gesundheitsmanagement<\/li>\n<li style=\"text-align: left\">Zentrum f\u00fcr Technologie gest\u00fctzte Bildung<\/li>\n<\/ul>\n","protected":false},"excerpt":{"rendered":"<p>Der Wettbewerb \u201eEine Uni \u2013 ein Buch\u201c Zum dritten Mal in Folge hat der Stifterverband deutsche Wissenschaft, gemeinsam mit dem ZEIT-Verlag und der Klaus Tschira-Stiftung den Wettbewerb \u201eEine Uni \u2013 [&hellip;]<\/p>\n","protected":false},"author":1,"featured_media":142,"parent":0,"menu_order":0,"comment_status":"closed","ping_status":"closed","template":"","meta":{"footnotes":""},"categories":[41],"tags":[],"class_list":["post-135","page","type-page","status-publish","has-post-thumbnail","hentry","category-slider"],"_links":{"self":[{"href":"https:\/\/www.hsu-hh.de\/eineunieinbuch\/wp-json\/wp\/v2\/pages\/135","targetHints":{"allow":["GET"]}}],"collection":[{"href":"https:\/\/www.hsu-hh.de\/eineunieinbuch\/wp-json\/wp\/v2\/pages"}],"about":[{"href":"https:\/\/www.hsu-hh.de\/eineunieinbuch\/wp-json\/wp\/v2\/types\/page"}],"author":[{"embeddable":true,"href":"https:\/\/www.hsu-hh.de\/eineunieinbuch\/wp-json\/wp\/v2\/users\/1"}],"replies":[{"embeddable":true,"href":"https:\/\/www.hsu-hh.de\/eineunieinbuch\/wp-json\/wp\/v2\/comments?post=135"}],"version-history":[{"count":9,"href":"https:\/\/www.hsu-hh.de\/eineunieinbuch\/wp-json\/wp\/v2\/pages\/135\/revisions"}],"predecessor-version":[{"id":237,"href":"https:\/\/www.hsu-hh.de\/eineunieinbuch\/wp-json\/wp\/v2\/pages\/135\/revisions\/237"}],"wp:featuredmedia":[{"embeddable":true,"href":"https:\/\/www.hsu-hh.de\/eineunieinbuch\/wp-json\/wp\/v2\/media\/142"}],"wp:attachment":[{"href":"https:\/\/www.hsu-hh.de\/eineunieinbuch\/wp-json\/wp\/v2\/media?parent=135"}],"wp:term":[{"taxonomy":"category","embeddable":true,"href":"https:\/\/www.hsu-hh.de\/eineunieinbuch\/wp-json\/wp\/v2\/categories?post=135"},{"taxonomy":"post_tag","embeddable":true,"href":"https:\/\/www.hsu-hh.de\/eineunieinbuch\/wp-json\/wp\/v2\/tags?post=135"}],"curies":[{"name":"wp","href":"https:\/\/api.w.org\/{rel}","templated":true}]}}