{"id":999,"date":"2018-02-12T07:55:33","date_gmt":"2018-02-12T06:55:33","guid":{"rendered":"https:\/\/www.hsu-hh.de\/ees\/?page_id=999"},"modified":"2019-10-18T14:14:26","modified_gmt":"2019-10-18T12:14:26","slug":"lff","status":"publish","type":"page","link":"https:\/\/www.hsu-hh.de\/ees\/lff","title":{"rendered":"Forschungscluster &#8211; Luftfahrtforschung"},"content":{"rendered":"<p>&nbsp;<\/p>\n<h3>\u00dcberblick<\/h3>\n<p>&nbsp;<\/p>\n<p>Das Forschungscluster \u201eLuftfahrtforschung\u201c der Helmut-Schmidt-Universit\u00e4t \/ Universit\u00e4t der Bundeswehr Hamburg bringt als zuverl\u00e4ssiger Partner der Luftfahrtindustrie seine ingenieurwissenschaftlichen Kompetenzen f\u00fcr innovative Probleml\u00f6sungen ein. Als Alleinstellungsmerkmale sind das hohe Fachwissen der beteiligten Wissenschaftler, deren hervorragend vernetzte wissenschaftliche Arbeitsweise sowie die ausgezeichnete Laborausstattung mit hochwertigen Pr\u00fcf- und Messst\u00e4nden zu nennen. Beispiele daf\u00fcr sind die neu errichtete A400M-Kabinentest-Laborhalle sowie verschiedene Labortestst\u00e4nde zur Untersuchung von Flugzeugbordnetzen.<\/p>\n<p><img loading=\"lazy\" decoding=\"async\" class=\"wp-image-1036 size-medium aligncenter\" src=\"https:\/\/www.hsu-hh.de\/ees\/wp-content\/uploads\/sites\/680\/2018\/02\/Airbus-300x300.jpg\" alt=\"Airbus\" width=\"300\" height=\"300\" srcset=\"https:\/\/www.hsu-hh.de\/ees\/wp-content\/uploads\/sites\/680\/2018\/02\/Airbus-300x300.jpg 300w, https:\/\/www.hsu-hh.de\/ees\/wp-content\/uploads\/sites\/680\/2018\/02\/Airbus-150x150.jpg 150w, https:\/\/www.hsu-hh.de\/ees\/wp-content\/uploads\/sites\/680\/2018\/02\/Airbus-768x768.jpg 768w, https:\/\/www.hsu-hh.de\/ees\/wp-content\/uploads\/sites\/680\/2018\/02\/Airbus-1024x1024.jpg 1024w, https:\/\/www.hsu-hh.de\/ees\/wp-content\/uploads\/sites\/680\/2018\/02\/Airbus-100x100.jpg 100w\" sizes=\"auto, (max-width: 300px) 100vw, 300px\" \/><\/p>\n<p>Die Helmut-Schmidt-Universit\u00e4t ist Gesellschafter von Hamburg Aviation und der ZAL <abbr title=\"Gesellschaft mit beschr\u00e4nkter Haftung\">GmbH<\/abbr>.\u00a0 Das Forschungscluster \u201eLuftfahrtforschung\u201c ist aktiver strategischer Partner dieser Einrichtungen. Wir kooperieren in Forschungsprojekten mit nationalen und internationalen Wissenschaftspartnern sowie der Luftfahrtindustrie, insbesondere der Airbus <abbr title=\"Gesellschaft mit beschr\u00e4nkter Haftung\">GmbH<\/abbr>, der Lufthansa Technik AG und weiteren Unternehmen der Luftfahrtbranche.<\/p>\n<p>Im vom <abbr title=\"Bundesministerium f\u00fcr Bildung und Forschung\">BMBF<\/abbr> und der Stadt Hamburg gef\u00f6rderten \u201eSpitzencluster Luftfahrt\u201c konnten die beteiligten Wissenschaftler wertvolle Beitr\u00e4ge im Bereich der multifunktionalen Nutzung von Brennstoffzellen in Passagierflugzeugen, der Optimierung zuk\u00fcnftiger Produktionsabl\u00e4ufe, f\u00fcr verbesserte Flugzeug-Akustik und f\u00fcr das Design zuk\u00fcnftiger Bordnetze liefern. Im Folgenden werden die Kompetenzen der beteiligten Professuren im Detail vorgestellt.<\/p>\n<h3>Projekte<\/h3>\n<p>Am interdisziplin\u00e4ren Forschungscluster \u201eLuftfahrtforschung\u201c arbeiten drei Fakult\u00e4ten der Helmut-Schmidt-Universit\u00e4t zusammen. Die folgende Liste zeigt eine \u00dcbersicht der bearbeiteten Luftfahrtprojekte:<\/p>\n<h3>Spitzencluster Luftfahrtstandort Metropolregion Hamburg<\/h3>\n<ul>\n<li>Ganzheitliche Echtzeittestumgebung zur Vermessung und Regelung der Akustik in Flugzeugkabinen<br \/>\nProf. <abbr title=\"Doktor der Ingenieurwissenschaften\">Dr.-Ing.<\/abbr> D. Sachau (Mechatronik, Fakult\u00e4t f\u00fcr Maschinenbau)<\/li>\n<li>Entschichten von Bauteilen<br \/>\nKooperationspartner: Lufthansa Technik<br \/>\nProf. <abbr title=\"Doktor der Ingenieurwissenschaften\">Dr.-Ing.<\/abbr> A. Fay (Automatisierungstechnik, Fakult\u00e4t f\u00fcr Maschinenbau)<\/li>\n<\/ul>\n<h3>Kabinentechnologie und multifunktionale Brennstoffzelle<\/h3>\n<ul>\n<li>Teilprojekt &#8222;Analyse und Entwurf von modularen, hocheffizienten Umrichtern f\u00fcr Brennstoffzellenanwendung&#8220;,<br \/>\nKooperationspartner: Airbus Operations <abbr title=\"Gesellschaft mit beschr\u00e4nkter Haftung\">GmbH<\/abbr><br \/>\nProf. <abbr title=\"Doktor der Ingenieurwissenschaften\">Dr.-Ing.<\/abbr> K. F. Hoffmann (Leistungselektronik, Fakult\u00e4t f\u00fcr Elektrotechnik)<\/li>\n<li>Teilprojekt &#8222;Architekturkonzepte f\u00fcr die Stromversorgung in der Flugzeugkabine&#8220;,<br \/>\nKooperationspartner: Airbus Operations\u00a0 <abbr title=\"Gesellschaft mit beschr\u00e4nkter Haftung\">GmbH<\/abbr><\/p>\n<ul>\n<li><a href=\"https:\/\/www.hsu-hh.de\/ees\/lff\/innovative-elektrische-flugzeugkabinennetze\" rel=\"noopener noreferrer\">Innovative elektrische Flugzeugkabinennetze f\u00fcr eine optimierte Bordnetzversorgung<\/a><br \/>\nProf. <abbr title=\"Doktor der Ingenieurwissenschaften\">Dr.-Ing.<\/abbr> <abbr title=\"habilitatus\">habil.<\/abbr> D. Schulz (Elektrische Energiesysteme, Fakult\u00e4t f\u00fcr Elektrotechnik)<\/li>\n<li><a href=\"https:\/\/www.hsu-hh.de\/ees\/lff\/optimierte-kabinenenergieversorgung\" rel=\"noopener noreferrer\">Optimierte Kabinenenergieversorgung in modernen Verkehrsflugzeugen durch den Einsatz h\u00f6herer Gleichspannungsebenen<\/a><br \/>\nProf. <abbr title=\"Doktor der Ingenieurwissenschaften\">Dr.-Ing.<\/abbr> <abbr title=\"habilitatus\">habil.<\/abbr> D. Schulz (Elektrische Energiesysteme, Fakult\u00e4t f\u00fcr Elektrotechnik)<\/li>\n<\/ul>\n<\/li>\n<li>Teilprojekt &#8222;Multifunktionale Brennstoffzelle f\u00fcr Luftfahrtanwendungen&#8220;<br \/>\nKooperationspartner: Airbus Operations\u00a0<abbr title=\"Gesellschaft mit beschr\u00e4nkter Haftung\">GmbH<\/abbr><br \/>\nProf. <abbr title=\"Doktor der Ingenieurwissenschaften\">Dr.-Ing.<\/abbr> J. Horn (Regelungtechnik, Fakult\u00e4t f\u00fcr Elektrotechnik)<\/li>\n<li>Teilprojekt &#8222;<a href=\"https:\/\/www.hsu-hh.de\/ees\/lff\/konzeptanalyse-integration-von-brennstoffzellen\" rel=\"noopener noreferrer\">Konzeptanalyse einer elektrischen Integration von Brennstoffzellen in modernen Verkehrsflugzeugen<\/a>&#8220;<br \/>\nKooperationspartner: Airbus Operations\u00a0<abbr title=\"Gesellschaft mit beschr\u00e4nkter Haftung\">GmbH<\/abbr><br \/>\nProf. <abbr title=\"Doktor der Ingenieurwissenschaften\">Dr.-Ing.<\/abbr> <abbr title=\"habilitatus\">habil.<\/abbr> D. Schulz (Elektrische Energiesysteme, Fakult\u00e4t f\u00fcr Elektrotechnik)<\/li>\n<\/ul>\n<h3>Forschungsverbund:\u00a0 E-Motion<\/h3>\n<p>Teilprojekt &#8222;Free-Flight Optimierung&#8220;<br \/>\n(Planung von Flugrouten unter Ber\u00fccksichtigung von Wetter und \u00dcberflugkosten im 4D-Raum)<br \/>\nKooperationspartner: Lufthansa Systems AG <abbr title=\"unter anderem\">u.a.<\/abbr><br \/>\nProf. <abbr title=\"Doktor\">Dr.<\/abbr> A. F\u00fcgenschuh (Angewandte Mathematik, Fakult\u00e4t f\u00fcr Maschinenbau)<\/p>\n<h3>DFG-Gemeinschaftsprojekt:\u00a0 Integrierte Bauteil\u00fcberwachung in Faserverbunden durch Lambwellenanalyse<\/h3>\n<p>Teilprojekt &#8222;Modellierung der Ausbreitung von Lambwellen in Faserverbundkonstruktionen und Untersuchungen an generischen Sch\u00e4den&#8220;<br \/>\nKooperationspartner:\u00a0Lufthansa Technik, EADS-Innovation Work und Novicos<br \/>\nProf. <abbr title=\"Doktor der Ingenieurwissenschaften\">Dr.-Ing.<\/abbr> R. Lammering (Mechanik, Fakult\u00e4t f\u00fcr Maschinenbau)<\/p>\n<h3>Intelligente Schaltungsknoten zur Lastsymmetrierung im Bordnetz von Verkehrsflugzeugen (ACAPONE)<\/h3>\n<p><a href=\"https:\/\/www.hsu-hh.de\/ees\/lff\/intelligente-schaltungsknoten-zur-lastsymmetrierung\" rel=\"noopener noreferrer\">Intelligente Schaltungsknoten zur Lastsymmetrierung im Bordnetz von Verkehrsflugzeugen (ACAPONE)<\/a><br \/>\nKooperationspartner: EADS \/ Airbus Operations\u00a0 <abbr title=\"Gesellschaft mit beschr\u00e4nkter Haftung\">GmbH<\/abbr><br \/>\nProf. <abbr title=\"Doktor der Ingenieurwissenschaften\">Dr.-Ing.<\/abbr> <abbr title=\"habilitatus\">habil.<\/abbr> D. Schulz (Elektrische Energiesysteme, Fakult\u00e4t f\u00fcr Elektrotechnik)<\/p>\n<h3>Audio Interior f\u00fcr Kleinflugzeuge<\/h3>\n<p>Prof. <abbr title=\"Doktor der Ingenieurwissenschaften\">Dr.-Ing.<\/abbr> D. Sachau (Mechatronik, Fakult\u00e4t f\u00fcr Maschinenbau)<\/p>\n<h3>Entwicklung einer flexiblen Stromversorgungsarchitektur mit intelligenten Schaltungsknoten f\u00fcr die Flugzeugkabine<\/h3>\n<p><a href=\"https:\/\/www.hsu-hh.de\/ees\/lff\/flexible-stromversorgungsarchitektur\" rel=\"noopener noreferrer\">Entwicklung einer flexiblen Stromversorgungsarchitektur mit intelligenten Schaltungsknoten f\u00fcr die Flugzeugkabine (FlexKab)<\/a><br \/>\nKooperationspartner: EADS \/ Airbus Operations <abbr title=\"Gesellschaft mit beschr\u00e4nkter Haftung\">GmbH<\/abbr><br \/>\nProf. <abbr title=\"Doktor der Ingenieurwissenschaften\">Dr.-Ing.<\/abbr> <abbr title=\"habilitatus\">habil.<\/abbr> D. Schulz (Elektrische Energiesysteme, Fakult\u00e4t f\u00fcr Elektrotechnik)<\/p>\n<h3>Entwicklung einer Secondary Power Distribution Box<\/h3>\n<p><a href=\"https:\/\/www.hsu-hh.de\/ees\/lff\/entwicklung-einer-secondary-power-distribution-box\" rel=\"noopener noreferrer\">Entwicklung einer Secondary Power Distribution Box<\/a><br \/>\nKooperationspartner: Airbus Operations <abbr title=\"Gesellschaft mit beschr\u00e4nkter Haftung\">GmbH<\/abbr><br \/>\nProf. <abbr title=\"Doktor der Ingenieurwissenschaften\">Dr.-Ing.<\/abbr> <abbr title=\"habilitatus\">habil.<\/abbr> D. Schulz (Elektrische Energiesysteme, Fakult\u00e4t f\u00fcr Elektrotechnik)<\/p>\n<h3>Pr\u00fcfstand f\u00fcr PEM-Brennstoffzellen<\/h3>\n<p>Prof. <abbr title=\"Doktor der Ingenieurwissenschaften\">Dr.-Ing.<\/abbr> J. Horn (Regelungstechnik, Fakult\u00e4t f\u00fcr Elektrotechnik)<\/p>\n<h3>Leistungselektronik f\u00fcr Brennstoffzellen<\/h3>\n<p>Kooperationspartner: Airbus Operations <abbr title=\"Gesellschaft mit beschr\u00e4nkter Haftung\">GmbH<\/abbr><br \/>\nProf. <abbr title=\"Doktor der Ingenieurwissenschaften\">Dr.-Ing.<\/abbr> K. F. Hoffmann (Leistungselektronik, Fakult\u00e4t f\u00fcr\u00a0Elektrotechnik)<\/p>\n<h3>Entwicklung eines Pr\u00fcfstands f\u00fcr die zuk\u00fcnftige elektrische Kabinenenergieversorgung in Flugzeugen<\/h3>\n<p><a href=\"https:\/\/www.hsu-hh.de\/ees\/lff\/pruefstand-fuer-zukuenftige-elektrische-kabinenenergieversorgung\" rel=\"noopener noreferrer\">Entwicklung eines Pr\u00fcfstands f\u00fcr die zuk\u00fcnftige elektrische Kabinenenergieversorgung in Flugzeugen<\/a><br \/>\nKooperationspartner: Airbus Operations <abbr title=\"Gesellschaft mit beschr\u00e4nkter Haftung\">GmbH<\/abbr><br \/>\nProf. <abbr title=\"Doktor der Ingenieurwissenschaften\">Dr.-Ing.<\/abbr> <abbr title=\"habilitatus\">habil.<\/abbr> D. Schulz (Elektrische Energiesysteme, Fakult\u00e4t f\u00fcr Elektrotechnik)<\/p>\n<h3>Entwicklung eines Demonstrators f\u00fcr Lastmanagement-Systeme<\/h3>\n<p><a href=\"https:\/\/www.hsu-hh.de\/ees\/lff\/demonstrator-fuer-lastmanagement-systeme\" rel=\"noopener noreferrer\">Entwicklung eines Demonstrators f\u00fcr Lastmanagement-Systeme<\/a><br \/>\nKooperationspartner: Airbus Operations <abbr title=\"Gesellschaft mit beschr\u00e4nkter Haftung\">GmbH<\/abbr><br \/>\nProf. <abbr title=\"Doktor der Ingenieurwissenschaften\">Dr.-Ing.<\/abbr> <abbr title=\"habilitatus\">habil.<\/abbr> D. Schulz (Elektrische Energiesysteme, Fakult\u00e4t f\u00fcr Elektrotechnik)<\/p>\n<h3>Erstellung einer iPad-Applikation zur Demonstratorsteuerung<\/h3>\n<p><a href=\"https:\/\/www.hsu-hh.de\/ees\/lff\/ipad-applikation-zur-demonstratorsteuerung\" rel=\"noopener noreferrer\">Erstellung einer iPad-Applikation zur Demonstratorsteuerung<\/a><br \/>\nKooperationspartner: Airbus Operations <abbr title=\"Gesellschaft mit beschr\u00e4nkter Haftung\">GmbH<\/abbr><br \/>\nProf. <abbr title=\"Doktor der Ingenieurwissenschaften\">Dr.-Ing.<\/abbr> <abbr title=\"habilitatus\">habil.<\/abbr> D. Schulz (Elektrische Energiesysteme, Fakult\u00e4t f\u00fcr Elektrotechnik)<\/p>\n<h3>Messungen in intelligenten Flugzeugbordnetzen<\/h3>\n<p><a href=\"https:\/\/www.hsu-hh.de\/ees\/lff\/messungen-in-intelligenten-flugzeugbordnetzen\" rel=\"noopener noreferrer\">Messungen in intelligenten Flugzeugbordnetzen<\/a><br \/>\nKooperationspartner: Airbus Operations <abbr title=\"Gesellschaft mit beschr\u00e4nkter Haftung\">GmbH<\/abbr><br \/>\nProf. <abbr title=\"Doktor der Ingenieurwissenschaften\">Dr.-Ing.<\/abbr> <abbr title=\"habilitatus\">habil.<\/abbr> D. Schulz (Elektrische Energiesysteme, Fakult\u00e4t f\u00fcr Elektrotechnik)<\/p>\n<h3>Load Balancing<\/h3>\n<p><a href=\"https:\/\/www.hsu-hh.de\/ees\/lff\/load-balancing\" rel=\"noopener noreferrer\">Load Balancing<\/a><br \/>\nKooperationspartner: Airbus Group Innovation<br \/>\nProf. <abbr title=\"Doktor der Ingenieurwissenschaften\">Dr.-Ing.<\/abbr> <abbr title=\"habilitatus\">habil.<\/abbr> D. Schulz (Elektrische Energiesysteme, Fakult\u00e4t f\u00fcr Elektrotechnik)<\/p>\n<h3>Vermaschte Netze im Kabinen- und Frachtbereich<\/h3>\n<p><a href=\"https:\/\/www.hsu-hh.de\/ees\/lff\/vermaschte-netze-im-kabinen-und-frachtraumbereich\" rel=\"noopener noreferrer\">Vermaschte Netze im Kabinen- und Frachtbereich<\/a><br \/>\nKooperationspartner: Airbus Operations <abbr title=\"Gesellschaft mit beschr\u00e4nkter Haftung\">GmbH<\/abbr><br \/>\nProf. <abbr title=\"Doktor der Ingenieurwissenschaften\">Dr.-Ing.<\/abbr> <abbr title=\"habilitatus\">habil.<\/abbr> D. Schulz (Elektrische Energiesysteme, Fakult\u00e4t f\u00fcr Elektrotechnik)<\/p>\n<h3>Beteiligte Fakult\u00e4ten und Professuren<\/h3>\n<p>Am interdisziplin\u00e4ren Forschungscluster \u201eLuftfahrtforschung\u201c arbeiten die Fakult\u00e4ten Elektrotechnik, Maschinenbau und Wirtschafts- und Sozialwissenschaften der Helmut-Schmidt-Universit\u00e4t zusammen. Die folgenden Angaben zeigen, welche Fachgebiete der drei Fakult\u00e4ten am Forschungscluster beteiligt sind. Die Links zeigen auf die Forschungsseite der jeweiligen Professur. Eine Beschreibung der Projekte finden Sie unter dem Men\u00fcpunkt &#8222;Projekte&#8220;.<\/p>\n<h3>Fakult\u00e4t f\u00fcr Elektrotechnik<\/h3>\n<ul>\n<li><a href=\"https:\/\/www.hsu-hh.de\/ant\/\" rel=\"noopener noreferrer\">Allgemeine Nachrichtentechnik<\/a><br \/>\n<abbr title=\"Universit\u00e4tsprofessor\">Univ.-Prof.<\/abbr>\u00a0<abbr title=\"Doktor der Ingenieurwissenschaften\">Dr.-Ing.<\/abbr>\u00a0<abbr title=\"habilitatus\">habil.<\/abbr>\u00a0U. Z\u00f6lzer<\/li>\n<li><a href=\"https:\/\/www.hsu-hh.de\/ees\/\" rel=\"noopener noreferrer\">Elektrische Energiesysteme<\/a><br \/>\n<abbr title=\"Universit\u00e4tsprofessor\">Univ.-Prof.<\/abbr>\u00a0<abbr title=\"Doktor der Ingenieurwissenschaften\">Dr.-Ing.<\/abbr>\u00a0<abbr title=\"habilitatus\">habil.<\/abbr>\u00a0D. Schulz<\/li>\n<li><a href=\"https:\/\/www.hsu-hh.de\/emt\/\" rel=\"noopener noreferrer\">Elektrische Messtechnik<\/a><br \/>\n<abbr title=\"Universit\u00e4tsprofessor\">Univ.-Prof.<\/abbr>\u00a0<abbr title=\"Doktor der Ingenieurwissenschaften\">Dr.-Ing.<\/abbr>\u00a0G. Scholl<\/li>\n<li><a href=\"https:\/\/www.hsu-hh.de\/get\/\" rel=\"noopener noreferrer\">Grundlagen der Elektrotechnik<\/a><br \/>\n<abbr title=\"Universit\u00e4tsprofessor\">Univ.-Prof.<\/abbr>\u00a0<abbr title=\"Doktor der Ingenieurwissenschaften\">Dr.-Ing.<\/abbr>\u00a0S. Dickmann<\/li>\n<li><a href=\"https:\/\/www.hsu-hh.de\/lek\/\" rel=\"noopener noreferrer\">Leistungselektronik<\/a><br \/>\n<abbr title=\"Universit\u00e4tsprofessor\">Univ.-Prof.<\/abbr>\u00a0<abbr title=\"Doktor der Ingenieurwissenschaften\">Dr.-Ing.<\/abbr>\u00a0K. Hoffmann<\/li>\n<li><a href=\"https:\/\/www.hsu-hh.de\/rt\/\" rel=\"noopener noreferrer\">Regelungstechnik<\/a><br \/>\n<abbr title=\"Universit\u00e4tsprofessor\">Univ.-Prof.<\/abbr>\u00a0<abbr title=\"Doktor der Ingenieurwissenschaften\">Dr.-Ing.<\/abbr>\u00a0J. Horn<\/li>\n<li><a href=\"https:\/\/www.hsu-hh.de\/ti\/\" rel=\"noopener noreferrer\">Technische Informatik<\/a><br \/>\n<abbr title=\"Universit\u00e4tsprofessor\">Univ.-Prof.<\/abbr>\u00a0<abbr title=\"Doktor\">Dr.<\/abbr>\u00a0phil. nat.\u00a0<abbr title=\"habilitatus\">habil.<\/abbr>\u00a0B. Klauer<\/li>\n<li><a href=\"https:\/\/www.hsu-hh.de\/tet\/\" rel=\"noopener noreferrer\">Theoretische Elektrotechnik und Numerische Feldberechnung<\/a><br \/>\n<abbr title=\"Universit\u00e4tsprofessor\">Univ.-Prof.<\/abbr>\u00a0<abbr title=\"Doktor\">Dr.<\/abbr>\u00a0<abbr title=\"rerum\">rer.<\/abbr>\u00a0nat. M. Stiemer<\/li>\n<\/ul>\n<h3>Fakult\u00e4t f\u00fcr Maschinenbau<\/h3>\n<ul>\n<li><a href=\"https:\/\/www.hsu-hh.de\/am\/\" rel=\"noopener noreferrer\">Angewandte Mathematik<\/a><br \/>\n<abbr title=\"Universit\u00e4tsprofessor\">Univ.-Prof.<\/abbr> <abbr title=\"Doktor\">Dr.<\/abbr> A. F\u00fcgenschuh<\/li>\n<li><a href=\"https:\/\/www.hsu-hh.de\/aut\/\" rel=\"noopener noreferrer\">Automatisierungstechnik<\/a><br \/>\n<abbr title=\"Universit\u00e4tsprofessor\">Univ.-Prof.<\/abbr> <abbr title=\"Doktor der Ingenieurwissenschaften\">Dr.-Ing.<\/abbr> A. Fay<\/li>\n<li><a href=\"https:\/\/www.hsu-hh.de\/laft\/\" rel=\"noopener noreferrer\">Fertigungstechnik<\/a><br \/>\n<abbr title=\"Universit\u00e4tsprofessor\">Univ.-Prof.<\/abbr> <abbr title=\"Doktor der Ingenieurwissenschaften\">Dr.-Ing.<\/abbr> J. Wulfsberg<\/li>\n<li><a href=\"https:\/\/www.hsu-hh.de\/mechanik\/\" rel=\"noopener noreferrer\">Mechanik<\/a><br \/>\n<abbr title=\"Universit\u00e4tsprofessor\">Univ.-Prof.<\/abbr> <abbr title=\"Doktor der Ingenieurwissenschaften\">Dr.-Ing.<\/abbr> R. Lammering<\/li>\n<li><a href=\"https:\/\/www.hsu-hh.de\/mechatronik\/\" rel=\"noopener noreferrer\">Mechatronik<\/a><br \/>\n<abbr title=\"Universit\u00e4tsprofessor\">Univ.-Prof.<\/abbr> <abbr title=\"Doktor der Ingenieurwissenschaften\">Dr.-Ing.<\/abbr> D. Sachau<\/li>\n<li><a href=\"https:\/\/www.hsu-hh.de\/mit\/\" rel=\"noopener noreferrer\">Mess- und Informationstechnik<\/a><br \/>\n<abbr title=\"Universit\u00e4tsprofessor\">Univ.-Prof.<\/abbr> <abbr title=\"Doktor der Ingenieurwissenschaften\">Dr.-Ing.<\/abbr> <abbr title=\"habilitatus\">habil.<\/abbr> H. Rothe<\/li>\n<li><a href=\"https:\/\/www.hsu-hh.de\/separations\/\" rel=\"noopener noreferrer\">Verfahrenstechnik insbes. Stofftrennung<\/a><br \/>\n<abbr title=\"Universit\u00e4tsprofessor\">Univ.-Prof.<\/abbr>\u00a0<abbr title=\"Doktor der Ingenieurwissenschaften\">Dr.-Ing.<\/abbr> B. Niemeyer<\/li>\n<\/ul>\n<h3>Fakult\u00e4t f\u00fcr Wirtschafts- und Sozialwissenschaften<\/h3>\n<ul>\n<li><a href=\"https:\/\/www.hsu-hh.de\/orga\/\" rel=\"noopener noreferrer\">Betriebswirtschaftslehre, insbesondere Organisationstheorie<\/a><br \/>\n<abbr title=\"Universit\u00e4tsprofessor\">Univ.-Prof.<\/abbr>\u00a0<abbr title=\"Doktor\">Dr.<\/abbr> Stephan Duschek<\/li>\n<\/ul>\n<h3>Strukturen und Organisationen<\/h3>\n<p>In der folgenden \u00dcbersicht finden Sie Informationen \u00fcber Organisationen und Einrichtungen aus dem Bereich der Luftfahrt und der Luftfahrtforschung:<\/p>\n<ul>\n<li><a href=\"https:\/\/www.hamburg.de\/bwvi\/luftfahrtindustrie\/\" target=\"_blank\" rel=\"noopener noreferrer\">Luftfahrtcluster der Metropolregion Hamburg<\/a> (Spitzencluster des Bundesministeriums f\u00fcr Bildung und Forschung)<\/li>\n<li><a href=\"https:\/\/www.hamburg.de\/bwvi\/\" target=\"_blank\" rel=\"noopener noreferrer\">Beh\u00f6rde f\u00fcr Wirtschaft, Verkehr und Innovation Hamburg<\/a> (BWVI)<\/li>\n<li><a href=\"https:\/\/www.hamburg-aviation.de\/\" target=\"_blank\" rel=\"noopener noreferrer\">Hamburg Aviation<\/a><\/li>\n<li><a href=\"https:\/\/www.zal.aero\/home\/\" target=\"_blank\" rel=\"noopener noreferrer\">ZAL Zentrum f\u00fcr angewandte Luftfahrtforschung <abbr title=\"Gesellschaft mit beschr\u00e4nkter Haftung\">GmbH<\/abbr><\/a><\/li>\n<li><a href=\"https:\/\/www.airbus.com\/\" target=\"_blank\" rel=\"noopener noreferrer\">Airbus<\/a><\/li>\n<li><a href=\"https:\/\/www.airbus.com\/\" target=\"_blank\" rel=\"noopener noreferrer\">Airbus Group<\/a> (&#8222;EADS&#8220; bis 01.01.2014)<\/li>\n<\/ul>\n<h3>Kontakt<\/h3>\n<p><a href=\"https:\/\/www.hsu-hh.de\/ees\/team\" rel=\"noopener noreferrer\">Prof. <abbr title=\"Doktor der Ingenieurwissenschaften\">Dr.-Ing.<\/abbr> <abbr title=\"habilitatus\">habil.<\/abbr> Detlef Schulz<\/a><\/p>\n<p>Helmut-Schmidt-Universit\u00e4t<br \/>\nUniversit\u00e4t der Bundeswehr Hamburg<br \/>\nElektrische Energiesysteme<br \/>\nHolstenhofweg 85<br \/>\n22043 Hamburg<\/p>\n<p>Telefon:<br \/>\n+49\u00a040\u00a06541-2757<br \/>\nFax:<br \/>\n+49 40 6541-3083 und -2822<\/p>\n<p>E-Mail:<br \/>\nDetlef.Schulz@hsu-hh.de<\/p>\n<p>Sekretariat:<br \/>\n+49\u00a040\u00a06541-2329 (Catja Wilkens)<\/p>\n","protected":false},"excerpt":{"rendered":"<p>&nbsp; \u00dcberblick &nbsp; Das Forschungscluster \u201eLuftfahrtforschung\u201c der Helmut-Schmidt-Universit\u00e4t \/ Universit\u00e4t der Bundeswehr Hamburg bringt als zuverl\u00e4ssiger Partner der Luftfahrtindustrie seine ingenieurwissenschaftlichen Kompetenzen f\u00fcr innovative Probleml\u00f6sungen ein. Als Alleinstellungsmerkmale sind das [&hellip;]<\/p>\n","protected":false},"author":57,"featured_media":0,"parent":0,"menu_order":0,"comment_status":"closed","ping_status":"closed","template":"","meta":{"footnotes":""},"categories":[352,4],"tags":[],"class_list":["post-999","page","type-page","status-publish","hentry","category-cluster-de","category-forschung"],"_links":{"self":[{"href":"https:\/\/www.hsu-hh.de\/ees\/wp-json\/wp\/v2\/pages\/999","targetHints":{"allow":["GET"]}}],"collection":[{"href":"https:\/\/www.hsu-hh.de\/ees\/wp-json\/wp\/v2\/pages"}],"about":[{"href":"https:\/\/www.hsu-hh.de\/ees\/wp-json\/wp\/v2\/types\/page"}],"author":[{"embeddable":true,"href":"https:\/\/www.hsu-hh.de\/ees\/wp-json\/wp\/v2\/users\/57"}],"replies":[{"embeddable":true,"href":"https:\/\/www.hsu-hh.de\/ees\/wp-json\/wp\/v2\/comments?post=999"}],"version-history":[{"count":57,"href":"https:\/\/www.hsu-hh.de\/ees\/wp-json\/wp\/v2\/pages\/999\/revisions"}],"predecessor-version":[{"id":2451,"href":"https:\/\/www.hsu-hh.de\/ees\/wp-json\/wp\/v2\/pages\/999\/revisions\/2451"}],"wp:attachment":[{"href":"https:\/\/www.hsu-hh.de\/ees\/wp-json\/wp\/v2\/media?parent=999"}],"wp:term":[{"taxonomy":"category","embeddable":true,"href":"https:\/\/www.hsu-hh.de\/ees\/wp-json\/wp\/v2\/categories?post=999"},{"taxonomy":"post_tag","embeddable":true,"href":"https:\/\/www.hsu-hh.de\/ees\/wp-json\/wp\/v2\/tags?post=999"}],"curies":[{"name":"wp","href":"https:\/\/api.w.org\/{rel}","templated":true}]}}