{"id":900,"date":"2018-02-05T07:11:06","date_gmt":"2018-02-05T06:11:06","guid":{"rendered":"https:\/\/www.hsu-hh.de\/ees\/?page_id=900"},"modified":"2021-05-27T13:39:50","modified_gmt":"2021-05-27T11:39:50","slug":"entwicklung-eines-messgeraetes-zur-bestimmung-der-zeit-und-frequenzabhaengigen-netzimpedanz-auf-der-mittelspannungsebene","status":"publish","type":"page","link":"https:\/\/www.hsu-hh.de\/ees\/forschung\/forschungsgebiete\/entwicklung-eines-messgeraetes-zur-bestimmung-der-zeit-und-frequenzabhaengigen-netzimpedanz-auf-der-mittelspannungsebene","title":{"rendered":"Entwicklung eines Messger\u00e4tes zur Bestimmung der zeit- und frequenzabh\u00e4ngigen Netzimpedanz auf der Mittelspannungsebene"},"content":{"rendered":"<h2>BMU-Projekt (FKZ 0325049)<\/h2>\n<p><img loading=\"lazy\" decoding=\"async\" class=\"size-full wp-image-1051 alignnone\" src=\"https:\/\/www.hsu-hh.de\/ees\/wp-content\/uploads\/sites\/680\/2018\/02\/Logo_BMU.jpg\" alt=\"Logo BMU\" width=\"338\" height=\"149\" srcset=\"https:\/\/www.hsu-hh.de\/ees\/wp-content\/uploads\/sites\/680\/2018\/02\/Logo_BMU.jpg 338w, https:\/\/www.hsu-hh.de\/ees\/wp-content\/uploads\/sites\/680\/2018\/02\/Logo_BMU-300x132.jpg 300w\" sizes=\"auto, (max-width: 338px) 100vw, 338px\" \/><\/p>\n<p>Die Netzimpedanz spielt eine zentrale Rolle bei der Absch\u00e4tzung der Anschlusskapazit\u00e4t von Netzanschlussknoten und bei der Bewertung der entstehenden Netzr\u00fcckwirkungen von Erzeugern\/Verbrauchern und der Einhaltung der damit verbundenen Normen. Insbesondere bei der Netzintegration von erneuerbaren Energieanlagen ist die frequenzabh\u00e4ngige Netzimpedanz von gro\u00dfem Interesse, da durch die enthaltene Leistungselektronik Oberschwingungsstr\u00f6me eingespeist werden, die an der Netzimpedanz zu unerw\u00fcnschten Oberschwingungsspannungen f\u00fchren. Die Entwicklung einer transportablen Messeinrichtung zur Bestimmung der zeit- und frequenzabh\u00e4ngigen Netzimpedanz auf der Mittelspannungsebene erlaubt eine bessere Anschlussbewertung als bisher, wodurch der Anschluss von erneuerbaren Energieanlagen ans Netz optimiert werden kann.<\/p>\n<h2>Messverfahren<\/h2>\n<p>Bei diesem Messverfahren wird das dreiphasige Dreileiternetz\u00a0durch Takten einer ohmschen Last mit einem leistungselektronischen Halbleiterschalter zwischen zwei Au\u00dfenleitern angeregt. Diese Messung wird durch zyklische Vertauschung f\u00fcr alle Leiterpaare durchgef\u00fchrt. Erfasst werden\u00a0die Leiterstr\u00f6me und -spannungen im Leerlauf\u00a0und\u00a0im Lastfall.\u00a0Aus dem Frequenzverlauf, der sich bei diesen asynchronen Schaltvorg\u00e4ngen zwischen jeweils zwei Leitern einstellt, wird die Netzimpedanz ermittelt. Die folgenden Bilder zeigen das Grundprinzip der Messschaltung sowie das Zusammenwirken der Messschaltung mit dem Netz.<\/p>\n<p><img loading=\"lazy\" decoding=\"async\" class=\"wp-image-903 aligncenter\" src=\"https:\/\/www.hsu-hh.de\/ees\/wp-content\/uploads\/sites\/680\/2018\/02\/Netzimpedanz10kV_Schaltung-1024x711.jpg\" alt=\"Schaltung\" width=\"600\" height=\"417\" srcset=\"https:\/\/www.hsu-hh.de\/ees\/wp-content\/uploads\/sites\/680\/2018\/02\/Netzimpedanz10kV_Schaltung-1024x711.jpg 1024w, https:\/\/www.hsu-hh.de\/ees\/wp-content\/uploads\/sites\/680\/2018\/02\/Netzimpedanz10kV_Schaltung-300x208.jpg 300w, https:\/\/www.hsu-hh.de\/ees\/wp-content\/uploads\/sites\/680\/2018\/02\/Netzimpedanz10kV_Schaltung-768x533.jpg 768w\" sizes=\"auto, (max-width: 600px) 100vw, 600px\" \/><\/p>\n<p>Die zugeh\u00f6rige Technik f\u00fcr dieses Messverfahren ist in einem mobilen Container implentiert, der als 3D-Modell und als Foto dargestellt ist:<\/p>\n<p><img loading=\"lazy\" decoding=\"async\" class=\"wp-image-905 size-large aligncenter\" src=\"https:\/\/www.hsu-hh.de\/ees\/wp-content\/uploads\/sites\/680\/2018\/02\/Netzimpedanz10kV_Solid_Foto-1024x331.jpg\" alt=\"Netzimpedanz\" width=\"1024\" height=\"331\" srcset=\"https:\/\/www.hsu-hh.de\/ees\/wp-content\/uploads\/sites\/680\/2018\/02\/Netzimpedanz10kV_Solid_Foto-1024x331.jpg 1024w, https:\/\/www.hsu-hh.de\/ees\/wp-content\/uploads\/sites\/680\/2018\/02\/Netzimpedanz10kV_Solid_Foto-300x97.jpg 300w, https:\/\/www.hsu-hh.de\/ees\/wp-content\/uploads\/sites\/680\/2018\/02\/Netzimpedanz10kV_Solid_Foto-768x248.jpg 768w\" sizes=\"auto, (max-width: 1024px) 100vw, 1024px\" \/><\/p>\n<p>Erste Testmessungen zeigen bereits eine gute \u00dcbereinstimmung zwischen simulierten und gemessenen Frequenzg\u00e4ngen in einem 10-kV-Netz:<\/p>\n<p><img loading=\"lazy\" decoding=\"async\" class=\"wp-image-904 aligncenter\" src=\"https:\/\/www.hsu-hh.de\/ees\/wp-content\/uploads\/sites\/680\/2018\/02\/Netzimpedanz10kV_Simulation-1024x666.jpg\" alt=\"Diagramm\" width=\"400\" height=\"260\" srcset=\"https:\/\/www.hsu-hh.de\/ees\/wp-content\/uploads\/sites\/680\/2018\/02\/Netzimpedanz10kV_Simulation-1024x666.jpg 1024w, https:\/\/www.hsu-hh.de\/ees\/wp-content\/uploads\/sites\/680\/2018\/02\/Netzimpedanz10kV_Simulation-300x195.jpg 300w, https:\/\/www.hsu-hh.de\/ees\/wp-content\/uploads\/sites\/680\/2018\/02\/Netzimpedanz10kV_Simulation-768x499.jpg 768w, https:\/\/www.hsu-hh.de\/ees\/wp-content\/uploads\/sites\/680\/2018\/02\/Netzimpedanz10kV_Simulation.jpg 1144w\" sizes=\"auto, (max-width: 400px) 100vw, 400px\" \/><\/p>\n<p>Weitere Informationen erhalten Sie in der <a href=\"https:\/\/www.hsu-hh.de\/ees\/wp-content\/uploads\/sites\/680\/2018\/02\/Poster_Impedanzmessung_neu.pdf\" target=\"_blank\" rel=\"noopener noreferrer\">ausf\u00fchrlichen Projektbeschreibung<\/a>.<\/p>\n<h2>Ansprechpartner:<\/h2>\n<p>Prof. <abbr title=\"Doktor der Ingenieurwissenschaften\">Dr.-Ing.<\/abbr> <abbr title=\"habilitatus\">habil.<\/abbr> Detlef Schulz (<u>Projektleiter<\/u>)<br \/>\nFakult\u00e4t f\u00fcr Elektrotechnik<br \/>\nElektrische Energiesysteme<\/p>\n","protected":false},"excerpt":{"rendered":"<p>BMU-Projekt (FKZ 0325049) Die Netzimpedanz spielt eine zentrale Rolle bei der Absch\u00e4tzung der Anschlusskapazit\u00e4t von Netzanschlussknoten und bei der Bewertung der entstehenden Netzr\u00fcckwirkungen von Erzeugern\/Verbrauchern und der Einhaltung der damit [&hellip;]<\/p>\n","protected":false},"author":57,"featured_media":0,"parent":3518,"menu_order":0,"comment_status":"closed","ping_status":"closed","template":"","meta":{"footnotes":""},"categories":[4,118],"tags":[142,140],"class_list":["post-900","page","type-page","status-publish","hentry","category-forschung","category-projekte","tag-mittelspannung","tag-netzimpedanzmessung"],"_links":{"self":[{"href":"https:\/\/www.hsu-hh.de\/ees\/wp-json\/wp\/v2\/pages\/900","targetHints":{"allow":["GET"]}}],"collection":[{"href":"https:\/\/www.hsu-hh.de\/ees\/wp-json\/wp\/v2\/pages"}],"about":[{"href":"https:\/\/www.hsu-hh.de\/ees\/wp-json\/wp\/v2\/types\/page"}],"author":[{"embeddable":true,"href":"https:\/\/www.hsu-hh.de\/ees\/wp-json\/wp\/v2\/users\/57"}],"replies":[{"embeddable":true,"href":"https:\/\/www.hsu-hh.de\/ees\/wp-json\/wp\/v2\/comments?post=900"}],"version-history":[{"count":20,"href":"https:\/\/www.hsu-hh.de\/ees\/wp-json\/wp\/v2\/pages\/900\/revisions"}],"predecessor-version":[{"id":4655,"href":"https:\/\/www.hsu-hh.de\/ees\/wp-json\/wp\/v2\/pages\/900\/revisions\/4655"}],"up":[{"embeddable":true,"href":"https:\/\/www.hsu-hh.de\/ees\/wp-json\/wp\/v2\/pages\/3518"}],"wp:attachment":[{"href":"https:\/\/www.hsu-hh.de\/ees\/wp-json\/wp\/v2\/media?parent=900"}],"wp:term":[{"taxonomy":"category","embeddable":true,"href":"https:\/\/www.hsu-hh.de\/ees\/wp-json\/wp\/v2\/categories?post=900"},{"taxonomy":"post_tag","embeddable":true,"href":"https:\/\/www.hsu-hh.de\/ees\/wp-json\/wp\/v2\/tags?post=900"}],"curies":[{"name":"wp","href":"https:\/\/api.w.org\/{rel}","templated":true}]}}