{"id":858,"date":"2018-01-22T14:16:18","date_gmt":"2018-01-22T13:16:18","guid":{"rendered":"https:\/\/www.hsu-hh.de\/ees\/?page_id=858"},"modified":"2021-05-27T13:30:27","modified_gmt":"2021-05-27T11:30:27","slug":"pruefstaende-zur-optimierung-der-netzintegration-von-windenergieanlagen","status":"publish","type":"page","link":"https:\/\/www.hsu-hh.de\/ees\/forschung\/forschungsgebiete\/pruefstaende-zur-optimierung-der-netzintegration-von-windenergieanlagen","title":{"rendered":"Pr\u00fcfst\u00e4nde zur Optimierung der Netzintegration von Windenergieanlagen"},"content":{"rendered":"<p>F\u00fcr den Anschluss von Windenergieanlagen an das \u00f6ffentliche Energieversorgungsnetz m\u00fcssen eine Reihe von technischen Anforderungen erf\u00fcllt werden. Dazu geh\u00f6ren die Einhaltung von Grenzwerten f\u00fcr Oberschwingungen sowie Bedingungen f\u00fcr den Netzbetrieb. Zwei besonders h\u00e4ufig in Windenergieanlagen eingesetzte Generatortypen arbeiten mit einem doppelt gespeisten Asynchrongenerator <abbr title=\"beziehungsweise\">bzw.<\/abbr> mit einem permanent erregten Synchrongenerator. Ihr Verhalten am Netz wird im Labor mithilfe von Pr\u00fcfst\u00e4nden untersucht. Die dort erhaltenen Ergebnisse liefern Aussagen \u00fcber das Anlagenverhalten am idealen sowie am realen Netz und sind Voraussetzung f\u00fcr die Entwicklung und \u00dcberpr\u00fcfung der erforderlichen Regelalgorithmen.<\/p>\n<figure id=\"attachment_861\" aria-describedby=\"caption-attachment-861\" style=\"width: 300px\" class=\"wp-caption alignleft\"><img loading=\"lazy\" decoding=\"async\" class=\"wp-image-861\" src=\"https:\/\/www.hsu-hh.de\/ees\/wp-content\/uploads\/sites\/680\/2018\/01\/Windenergieanlagenpr\u00fcffstandDGASM.jpg\" alt=\"DGASM\" width=\"300\" height=\"225\" \/><figcaption id=\"caption-attachment-861\" class=\"wp-caption-text\"><strong>Pr\u00fcfstand mit doppelt gespeistem<\/strong><br \/><strong> Asynchrongenerator<\/strong><\/figcaption><\/figure>\n<figure id=\"attachment_862\" aria-describedby=\"caption-attachment-862\" style=\"width: 300px\" class=\"wp-caption alignright\"><img loading=\"lazy\" decoding=\"async\" class=\"wp-image-862\" src=\"https:\/\/www.hsu-hh.de\/ees\/wp-content\/uploads\/sites\/680\/2018\/01\/Windenergieanlagenpr\u00fcfstandSynchron.jpg\" alt=\"Synchrongenerator\" width=\"300\" height=\"225\" \/><figcaption id=\"caption-attachment-862\" class=\"wp-caption-text\"><strong>Pr\u00fcfstand mit permant erregtem<\/strong><br \/><strong> Synchrongenerator<\/strong><\/figcaption><\/figure>\n<p>\u00a0<\/p>\n<p>\u00a0<\/p>\n<p>\u00a0<\/p>\n<p>\u00a0<\/p>\n<p>\u00a0<\/p>\n<p>\u00a0<\/p>\n<p>\u00a0<\/p>\n<p>\u00a0<\/p>\n<p><a id=\"x\" rel='nofollow'><\/a>Weitere Informationen erhalten Sie in der <a href=\"https:\/\/www.hsu-hh.de\/ees\/wp-content\/uploads\/sites\/680\/2018\/01\/Poster_Pruefstaende.pdf\" target=\"_blank\" rel=\"noopener noreferrer\">ausf\u00fchrlichen Projektbeschreibung<\/a>.<\/p>\n<h3>Ansprechpartner:<\/h3>\n<p>Prof. <abbr title=\"Doktor der Ingenieurwissenschaften\">Dr.-Ing.<\/abbr> <abbr title=\"habilitatus\">habil.<\/abbr> Detlef Schulz (<u>Projektleiter<\/u>)<br \/>Fakult\u00e4t f\u00fcr Elektrotechnik<br \/>Elektrische Energiesysteme<\/p>\n\n\n<p><\/p>\n","protected":false},"excerpt":{"rendered":"<p>F\u00fcr den Anschluss von Windenergieanlagen an das \u00f6ffentliche Energieversorgungsnetz m\u00fcssen eine Reihe von technischen Anforderungen erf\u00fcllt werden. Dazu geh\u00f6ren die Einhaltung von Grenzwerten f\u00fcr Oberschwingungen sowie Bedingungen f\u00fcr den Netzbetrieb. [&hellip;]<\/p>\n","protected":false},"author":57,"featured_media":0,"parent":3518,"menu_order":0,"comment_status":"closed","ping_status":"closed","template":"","meta":{"footnotes":""},"categories":[4],"tags":[],"class_list":["post-858","page","type-page","status-publish","hentry","category-forschung"],"_links":{"self":[{"href":"https:\/\/www.hsu-hh.de\/ees\/wp-json\/wp\/v2\/pages\/858","targetHints":{"allow":["GET"]}}],"collection":[{"href":"https:\/\/www.hsu-hh.de\/ees\/wp-json\/wp\/v2\/pages"}],"about":[{"href":"https:\/\/www.hsu-hh.de\/ees\/wp-json\/wp\/v2\/types\/page"}],"author":[{"embeddable":true,"href":"https:\/\/www.hsu-hh.de\/ees\/wp-json\/wp\/v2\/users\/57"}],"replies":[{"embeddable":true,"href":"https:\/\/www.hsu-hh.de\/ees\/wp-json\/wp\/v2\/comments?post=858"}],"version-history":[{"count":16,"href":"https:\/\/www.hsu-hh.de\/ees\/wp-json\/wp\/v2\/pages\/858\/revisions"}],"predecessor-version":[{"id":4646,"href":"https:\/\/www.hsu-hh.de\/ees\/wp-json\/wp\/v2\/pages\/858\/revisions\/4646"}],"up":[{"embeddable":true,"href":"https:\/\/www.hsu-hh.de\/ees\/wp-json\/wp\/v2\/pages\/3518"}],"wp:attachment":[{"href":"https:\/\/www.hsu-hh.de\/ees\/wp-json\/wp\/v2\/media?parent=858"}],"wp:term":[{"taxonomy":"category","embeddable":true,"href":"https:\/\/www.hsu-hh.de\/ees\/wp-json\/wp\/v2\/categories?post=858"},{"taxonomy":"post_tag","embeddable":true,"href":"https:\/\/www.hsu-hh.de\/ees\/wp-json\/wp\/v2\/tags?post=858"}],"curies":[{"name":"wp","href":"https:\/\/api.w.org\/{rel}","templated":true}]}}