{"id":8229,"date":"2026-04-01T11:27:50","date_gmt":"2026-04-01T09:27:50","guid":{"rendered":"https:\/\/www.hsu-hh.de\/ees\/?page_id=8229"},"modified":"2026-04-01T11:27:50","modified_gmt":"2026-04-01T09:27:50","slug":"messungen-an-bord-des-feuerloeschbootes-dresden-beitrag-zu-resilienten-maritimen-energiesystemen","status":"publish","type":"page","link":"https:\/\/www.hsu-hh.de\/ees\/messungen-an-bord-des-feuerloeschbootes-dresden-beitrag-zu-resilienten-maritimen-energiesystemen","title":{"rendered":"Messungen an Bord des Feuerl\u00f6schbootes Dresden: Beitrag zu resilienten maritimen Energiesystemen"},"content":{"rendered":"\n<p>Am 11. M\u00e4rz f\u00fchrte die Professur f\u00fcr Elektrische Energiesysteme der Helmut\u2011Schmidt\u2011Universit\u00e4t Messungen an Bord des Feuerl\u00f6schbootes <em>Dresden<\/em> der Flotte Hamburg durch. Ziel der Kampagne war es, elektrische Betriebszust\u00e4nde unter realen Einsatzbedingungen zu erfassen und Grundlagen f\u00fcr die Bewertung der Netzresilienz von DC-Schiffen zu schaffen.<\/p>\n\n\n\n<figure class=\"wp-block-image size-large\"><img loading=\"lazy\" decoding=\"async\" width=\"1024\" height=\"576\" src=\"https:\/\/www.hsu-hh.de\/ees\/wp-content\/uploads\/sites\/680\/2026\/04\/PXL_20260311_150024318.MP_-1024x576.jpg\" data-credit=\"\" alt=\"\" class=\"wp-image-8230\" srcset=\"https:\/\/www.hsu-hh.de\/ees\/wp-content\/uploads\/sites\/680\/2026\/04\/PXL_20260311_150024318.MP_-1024x576.jpg 1024w, https:\/\/www.hsu-hh.de\/ees\/wp-content\/uploads\/sites\/680\/2026\/04\/PXL_20260311_150024318.MP_-300x169.jpg 300w, https:\/\/www.hsu-hh.de\/ees\/wp-content\/uploads\/sites\/680\/2026\/04\/PXL_20260311_150024318.MP_-768x432.jpg 768w, https:\/\/www.hsu-hh.de\/ees\/wp-content\/uploads\/sites\/680\/2026\/04\/PXL_20260311_150024318.MP_-1536x864.jpg 1536w, https:\/\/www.hsu-hh.de\/ees\/wp-content\/uploads\/sites\/680\/2026\/04\/PXL_20260311_150024318.MP_-2048x1152.jpg 2048w, https:\/\/www.hsu-hh.de\/ees\/wp-content\/uploads\/sites\/680\/2026\/04\/PXL_20260311_150024318.MP_-1100x619.jpg 1100w\" sizes=\"auto, (max-width: 1024px) 100vw, 1024px\" \/><figcaption class=\"wp-element-caption\">Liegeplatz der Dresden an der Jan-Fedder-Promenade in Hamburg<\/figcaption><\/figure>\n\n\n\n<h2 class=\"wp-block-heading\">Messaufbau und Ablauf<\/h2>\n\n\n\n<p>Der Messaufbau umfasste sowohl kontinuierliche Aufzeichnungen als auch gezielte Einzelmessungen. Neben Spannungs\u2011 und Stromverl\u00e4ufen auf der AC\u2011 und DC\u2011Sammelschiene wurden Lastprofile unterschiedlicher Verbraucher, Betriebszust\u00e4nde w\u00e4hrend Hafen\u2011 und Fahrtbetrieb sowie dynamische Wechselwirkungen zwischen Landanschluss, Wechselrichtern und leistungselektronischen Komponenten erfasst.<\/p>\n\n\n\n<p>Die Messungen fanden sowohl am Liegeplatz als auch w\u00e4hrend der Fahrt statt, um ein breites Spektrum typischer Betriebszust\u00e4nde abzudecken.<\/p>\n\n\n\n<h2 class=\"wp-block-heading\">Zusammenarbeit an Bord<\/h2>\n\n\n\n<p>Die Durchf\u00fchrung wurde durch die enge und professionelle Unterst\u00fctzung der Besatzung erm\u00f6glicht. Der Aufbau des Messsystems im Maschinenraum und im Schaltschrankbereich konnte effizient umgesetzt werden, sodass die geplanten Messabschnitte, Grundlastanalyse, dynamische Man\u00f6ver und Verbrauchercharakterisierung, ohne Verz\u00f6gerungen durchgef\u00fchrt werden konnten.<\/p>\n\n\n\n<p>Die Gespr\u00e4che mit der Mannschaft boten zudem wertvolle Einblicke in Betriebserfahrungen, technische Besonderheiten und die praktischen Anforderungen an Energieversorgungssysteme im t\u00e4glichen Einsatz der Feuerwehr.<\/p>\n\n\n\n<figure class=\"wp-block-image size-large\"><img loading=\"lazy\" decoding=\"async\" width=\"1024\" height=\"576\" src=\"https:\/\/www.hsu-hh.de\/ees\/wp-content\/uploads\/sites\/680\/2026\/04\/PXL_20260311_130505096.MP_-1024x576.jpg\" data-credit=\"\" alt=\"\" class=\"wp-image-8231\" srcset=\"https:\/\/www.hsu-hh.de\/ees\/wp-content\/uploads\/sites\/680\/2026\/04\/PXL_20260311_130505096.MP_-1024x576.jpg 1024w, https:\/\/www.hsu-hh.de\/ees\/wp-content\/uploads\/sites\/680\/2026\/04\/PXL_20260311_130505096.MP_-300x169.jpg 300w, https:\/\/www.hsu-hh.de\/ees\/wp-content\/uploads\/sites\/680\/2026\/04\/PXL_20260311_130505096.MP_-768x432.jpg 768w, https:\/\/www.hsu-hh.de\/ees\/wp-content\/uploads\/sites\/680\/2026\/04\/PXL_20260311_130505096.MP_-1536x864.jpg 1536w, https:\/\/www.hsu-hh.de\/ees\/wp-content\/uploads\/sites\/680\/2026\/04\/PXL_20260311_130505096.MP_-2048x1152.jpg 2048w, https:\/\/www.hsu-hh.de\/ees\/wp-content\/uploads\/sites\/680\/2026\/04\/PXL_20260311_130505096.MP_-1100x619.jpg 1100w\" sizes=\"auto, (max-width: 1024px) 100vw, 1024px\" \/><figcaption class=\"wp-element-caption\">Test des Feuerl\u00f6schmonitors auf dem R\u00fcckweg \u2013 180 m Wurfweite<\/figcaption><\/figure>\n\n\n\n<h2 class=\"wp-block-heading\">Ausblick<\/h2>\n\n\n\n<p>Im Mittelpunkt der weiteren Arbeiten steht die Analyse charakteristischer Muster und Betriebszust\u00e4nde, die Hinweise auf Belastungsverhalten, Regelungsdynamik und m\u00f6gliche Schwachstellen des Bordnetzes liefern. Darauf aufbauend sollen konkrete Ableitungen f\u00fcr einen robusten und verl\u00e4sslichen Betrieb elektrischer Anlagen auf Arbeits\u2011 und Einsatzbooten entwickelt werden, sowohl mit Blick auf Optimierungen bestehender Systeme als auch hinsichtlich Anforderungen an zuk\u00fcnftige technische Entw\u00fcrfe.<br>Die Messkampagne leistet damit einen substanziellen Beitrag zur Weiterentwicklung widerstandsf\u00e4higer maritimer Energiesysteme und f\u00fcgt sich nahtlos in die laufenden Forschungsarbeiten der Professur zu Netzstabilit\u00e4t und Resilienz ein.<\/p>\n\n\n\n<p><\/p>\n","protected":false},"excerpt":{"rendered":"<p>Am 11. M\u00e4rz f\u00fchrte die Professur f\u00fcr Elektrische Energiesysteme der Helmut\u2011Schmidt\u2011Universit\u00e4t Messungen an Bord des Feuerl\u00f6schbootes Dresden der Flotte Hamburg durch. Ziel der Kampagne war es, elektrische Betriebszust\u00e4nde unter realen [&hellip;]<\/p>\n","protected":false},"author":1434,"featured_media":0,"parent":0,"menu_order":0,"comment_status":"closed","ping_status":"closed","template":"","meta":{"footnotes":""},"categories":[4],"tags":[],"class_list":["post-8229","page","type-page","status-publish","hentry","category-forschung"],"_links":{"self":[{"href":"https:\/\/www.hsu-hh.de\/ees\/wp-json\/wp\/v2\/pages\/8229","targetHints":{"allow":["GET"]}}],"collection":[{"href":"https:\/\/www.hsu-hh.de\/ees\/wp-json\/wp\/v2\/pages"}],"about":[{"href":"https:\/\/www.hsu-hh.de\/ees\/wp-json\/wp\/v2\/types\/page"}],"author":[{"embeddable":true,"href":"https:\/\/www.hsu-hh.de\/ees\/wp-json\/wp\/v2\/users\/1434"}],"replies":[{"embeddable":true,"href":"https:\/\/www.hsu-hh.de\/ees\/wp-json\/wp\/v2\/comments?post=8229"}],"version-history":[{"count":1,"href":"https:\/\/www.hsu-hh.de\/ees\/wp-json\/wp\/v2\/pages\/8229\/revisions"}],"predecessor-version":[{"id":8232,"href":"https:\/\/www.hsu-hh.de\/ees\/wp-json\/wp\/v2\/pages\/8229\/revisions\/8232"}],"wp:attachment":[{"href":"https:\/\/www.hsu-hh.de\/ees\/wp-json\/wp\/v2\/media?parent=8229"}],"wp:term":[{"taxonomy":"category","embeddable":true,"href":"https:\/\/www.hsu-hh.de\/ees\/wp-json\/wp\/v2\/categories?post=8229"},{"taxonomy":"post_tag","embeddable":true,"href":"https:\/\/www.hsu-hh.de\/ees\/wp-json\/wp\/v2\/tags?post=8229"}],"curies":[{"name":"wp","href":"https:\/\/api.w.org\/{rel}","templated":true}]}}