{"id":8222,"date":"2026-04-01T10:55:14","date_gmt":"2026-04-01T08:55:14","guid":{"rendered":"https:\/\/www.hsu-hh.de\/ees\/?page_id=8222"},"modified":"2026-04-01T10:59:53","modified_gmt":"2026-04-01T08:59:53","slug":"gemeinsame-forschung-fuer-eine-resiliente-bundeswehr-und-gesamtgesellschaft","status":"publish","type":"page","link":"https:\/\/www.hsu-hh.de\/ees\/gemeinsame-forschung-fuer-eine-resiliente-bundeswehr-und-gesamtgesellschaft","title":{"rendered":"Gemeinsame Forschung f\u00fcr eine resiliente Bundeswehr und Gesamtgesellschaft"},"content":{"rendered":"\n<p>Ende Februar besuchte der Inspekteur der Marine, Vizeadmiral Jan Christian Kaack, die Helmut\u2011Schmidt\u2011Universit\u00e4t\/Universit\u00e4t der Bundeswehr Hamburg. Bei seinem Besuch informierte er sich \u00fcber aktuelle Forschungsschwerpunkte, die zur St\u00e4rkung maritimer F\u00e4higkeiten und zur Weiterentwicklung sicherheitsrelevanter Energiesysteme beitragen.<\/p>\n\n\n\n<h2 class=\"wp-block-heading\">Forschung an der Professur f\u00fcr Elektrische Energiesysteme<\/h2>\n\n\n\n<p>FKpt Philipp Wagner stellte f\u00fcr die Professur zentrale Arbeitsfelder vor, die zur Resilienz kritischer Infrastrukturen beitragen. Dabei ging es um moderne Energie\u2011 und Netzsysteme, Fragen systemischer Stabilit\u00e4t sowie um Methoden f\u00fcr ein verl\u00e4ssliches Zusammenspiel verschiedener Erzeugungs\u2011, Speicher\u2011 und Lastkomponenten. Neben Aspekten wie Netzmodellierung, Monitoring und automatisierten Regelsystemen wurden auch die \u00fcbergeordneten \u00dcberlegungen zur k\u00fcnftigen Energieversorgung der Bundeswehr diskutiert. Dazu z\u00e4hlt insbesondere die Entwicklung eines integrierten Energie\u2011 und Netzmodells f\u00fcr die geplante Modellliegenschaft des Bundes. Dieses soll als Grundlage dienen, um Konzepte f\u00fcr resilient ausgelegte Bundesliegenschaften zu erproben \u2013 von der Reduktion der Abh\u00e4ngigkeit vom \u00f6ffentlichen Stromnetz \u00fcber autarke Not\u2011 und Inselnetze bis hin zur Einbindung dezentraler Erzeuger, Speicher und Wasserstoffsysteme.<\/p>\n\n\n\n<figure class=\"wp-block-image size-large\"><img loading=\"lazy\" decoding=\"async\" width=\"1024\" height=\"683\" src=\"https:\/\/www.hsu-hh.de\/ees\/wp-content\/uploads\/sites\/680\/2026\/04\/DSC00024-Kopie-1024x683.jpg\" data-credit=\"Philipp Wagner\" alt=\"\" class=\"wp-image-8227\" srcset=\"https:\/\/www.hsu-hh.de\/ees\/wp-content\/uploads\/sites\/680\/2026\/04\/DSC00024-Kopie-1024x683.jpg 1024w, https:\/\/www.hsu-hh.de\/ees\/wp-content\/uploads\/sites\/680\/2026\/04\/DSC00024-Kopie-300x200.jpg 300w, https:\/\/www.hsu-hh.de\/ees\/wp-content\/uploads\/sites\/680\/2026\/04\/DSC00024-Kopie-768x512.jpg 768w, https:\/\/www.hsu-hh.de\/ees\/wp-content\/uploads\/sites\/680\/2026\/04\/DSC00024-Kopie-1536x1024.jpg 1536w, https:\/\/www.hsu-hh.de\/ees\/wp-content\/uploads\/sites\/680\/2026\/04\/DSC00024-Kopie-2048x1365.jpg 2048w, https:\/\/www.hsu-hh.de\/ees\/wp-content\/uploads\/sites\/680\/2026\/04\/DSC00024-Kopie-1100x733.jpg 1100w\" sizes=\"auto, (max-width: 1024px) 100vw, 1024px\" \/><figcaption class=\"wp-element-caption\">Pr\u00e4sentation der Professurthemen auf dem roten Platz<\/figcaption><\/figure>\n\n\n\n<p>Ein Schwerpunkt der Vorstellung blieb die Untersuchung elektrischer Bordnetze von Schiffen. Betrachtet werden das Verhalten von AC\u2011 und DC\u2011Netzen unter realen Betriebsbedingungen, typische St\u00f6rungen sowie Ableitungen f\u00fcr widerstandsf\u00e4hige maritime Energiesysteme. Damit verbinden sich die Forschungslinien an Land und auf See zu einem gemeinsamen Ziel: robuste, zukunftsf\u00e4hige elektrische Systeme, die sowohl zivile als auch milit\u00e4rische Anwendungen unterst\u00fctzen.<\/p>\n\n\n\n<p><\/p>\n","protected":false},"excerpt":{"rendered":"<p>Ende Februar besuchte der Inspekteur der Marine, Vizeadmiral Jan Christian Kaack, die Helmut\u2011Schmidt\u2011Universit\u00e4t\/Universit\u00e4t der Bundeswehr Hamburg. Bei seinem Besuch informierte er sich \u00fcber aktuelle Forschungsschwerpunkte, die zur St\u00e4rkung maritimer F\u00e4higkeiten [&hellip;]<\/p>\n","protected":false},"author":1434,"featured_media":0,"parent":0,"menu_order":0,"comment_status":"closed","ping_status":"closed","template":"","meta":{"footnotes":""},"categories":[4],"tags":[],"class_list":["post-8222","page","type-page","status-publish","hentry","category-forschung"],"_links":{"self":[{"href":"https:\/\/www.hsu-hh.de\/ees\/wp-json\/wp\/v2\/pages\/8222","targetHints":{"allow":["GET"]}}],"collection":[{"href":"https:\/\/www.hsu-hh.de\/ees\/wp-json\/wp\/v2\/pages"}],"about":[{"href":"https:\/\/www.hsu-hh.de\/ees\/wp-json\/wp\/v2\/types\/page"}],"author":[{"embeddable":true,"href":"https:\/\/www.hsu-hh.de\/ees\/wp-json\/wp\/v2\/users\/1434"}],"replies":[{"embeddable":true,"href":"https:\/\/www.hsu-hh.de\/ees\/wp-json\/wp\/v2\/comments?post=8222"}],"version-history":[{"count":2,"href":"https:\/\/www.hsu-hh.de\/ees\/wp-json\/wp\/v2\/pages\/8222\/revisions"}],"predecessor-version":[{"id":8228,"href":"https:\/\/www.hsu-hh.de\/ees\/wp-json\/wp\/v2\/pages\/8222\/revisions\/8228"}],"wp:attachment":[{"href":"https:\/\/www.hsu-hh.de\/ees\/wp-json\/wp\/v2\/media?parent=8222"}],"wp:term":[{"taxonomy":"category","embeddable":true,"href":"https:\/\/www.hsu-hh.de\/ees\/wp-json\/wp\/v2\/categories?post=8222"},{"taxonomy":"post_tag","embeddable":true,"href":"https:\/\/www.hsu-hh.de\/ees\/wp-json\/wp\/v2\/tags?post=8222"}],"curies":[{"name":"wp","href":"https:\/\/api.w.org\/{rel}","templated":true}]}}